{"id":51104,"date":"2017-01-26T12:47:43","date_gmt":"2017-01-26T11:47:43","guid":{"rendered":"https:\/\/staging.lucky-hunter.com\/product\/oak-leaves-camo-stencil\/"},"modified":"2023-02-02T00:49:06","modified_gmt":"2023-02-01T23:49:06","slug":"oak-leaves-camo-stencil","status":"publish","type":"product","link":"https:\/\/staging.lucky-hunter.com\/fr\/product\/oak-leaves-camo-stencil\/","title":{"rendered":"Pochoir \u00e0 Motifs de Feuilles de Ch\u00eane pour Camouflage"},"content":{"rendered":"<h2><strong>Pochoir \u00e0 Motifs de Feuilles de Ch\u00eane pour Camouflage<\/strong><\/h2>\n<p>Ce pochoir est id\u00e9al pour ceux qui souhaitent appliquer un camouflage sur leur \u00e9quipement. Les motifs de feuilles de ch\u00eane de ce pochoir sont id\u00e9aux pour de nombreuses r\u00e9gions partout en Europe.<\/p>\n<p>Vous pouvez utiliser n&#8217;importe quelle couleur de peinture selon la saison durant laquelle vous allez chasser. Ces pochoirs sont r\u00e9utilisables, vous pouvez donc vous en servir \u00e0 chaque fois qu\u2019un \u00e9l\u00e9ment de votre \u00e9quipement n\u00e9cessite plus de camouflage pour mieux se fondre dans le d\u00e9cor. Ils sont donc tr\u00e8s rentables car ils vous permettront de r\u00e9aliser de nombreuses s\u00e9ances de peinture.<\/p>\n<p>Id\u00e9alement, utilisez des peintures en a\u00e9rosol car elles sont rapides et faciles \u00e0 utiliser sur de nombreuses surfaces diff\u00e9rentes.<\/p>\n","protected":false},"excerpt":{"rendered":"<p>Pochoir \u00e0 Motifs de Feuilles de Ch\u00eane pour Camouflage &#8211; parfait pour ajouter des effets de camouflage suppl\u00e9mentaires \u00e0 votre \u00e9quipement tout au long de l&#8217;ann\u00e9e. R\u00e9utilisable et \u00e9conomique.<\/p>\n","protected":false},"featured_media":29281,"template":"","meta":[],"product_brand":[],"product_cat":[8164],"product_tag":[],"yoast_head":"<!-- This site is optimized with the Yoast SEO plugin v24.3 - https:\/\/yoast.com\/wordpress\/plugins\/seo\/ -->\n<title>Pochoir \u00e0 Motifs de Feuilles de Ch\u00eane pour Camouflage<\/title>\n<meta name=\"description\" content=\"Oak Leaves Camo Stencil est parfait pour ajouter un camouflage suppl\u00e9mentaire \u00e0 votre \u00e9quipement de chasse existant. Peut \u00eatre utilis\u00e9 avec une vari\u00e9t\u00e9 de couleurs pour une utilisation toute l&#039;ann\u00e9e.\" \/>\n<meta name=\"robots\" content=\"noindex, follow, max-snippet:-1, max-image-preview:large, max-video-preview:-1\" \/>\n<meta property=\"og:locale\" content=\"fr_FR\" \/>\n<meta property=\"og:type\" content=\"article\" \/>\n<meta property=\"og:title\" content=\"Pochoir \u00e0 Motifs de Feuilles de Ch\u00eane pour Camouflage\" \/>\n<meta property=\"og:description\" content=\"Oak Leaves Camo Stencil est parfait pour ajouter un camouflage suppl\u00e9mentaire \u00e0 votre \u00e9quipement de chasse existant. Peut \u00eatre utilis\u00e9 avec une vari\u00e9t\u00e9 de couleurs pour une utilisation toute l&#039;ann\u00e9e.\" \/>\n<meta property=\"og:url\" content=\"https:\/\/staging.lucky-hunter.com\/product\/oak-leaves-camo-stencil\/\" \/>\n<meta property=\"og:site_name\" content=\"Lucky-Hunter\" \/>\n<meta property=\"article:modified_time\" content=\"2023-02-01T23:49:06+00:00\" \/>\n<meta property=\"og:image\" content=\"https:\/\/staging.lucky-hunter.com\/wp-content\/uploads\/2017\/01\/CA-10.png\" \/>\n\t<meta property=\"og:image:width\" content=\"1000\" \/>\n\t<meta property=\"og:image:height\" content=\"1000\" \/>\n\t<meta property=\"og:image:type\" content=\"image\/png\" \/>\n<meta name=\"twitter:card\" content=\"summary_large_image\" \/>\n<meta name=\"twitter:title\" content=\"Pochoir \u00e0 Motifs de Feuilles de Ch\u00eane pour Camouflage\" \/>\n<meta name=\"twitter:description\" content=\"Oak Leaves Camo Stencil est parfait pour ajouter un camouflage suppl\u00e9mentaire \u00e0 votre \u00e9quipement de chasse existant. Peut \u00eatre utilis\u00e9 avec une vari\u00e9t\u00e9 de couleurs pour une utilisation toute l&#039;ann\u00e9e.\" \/>\n<meta name=\"twitter:label1\" content=\"Dur\u00e9e de lecture estim\u00e9e\" \/>\n\t<meta name=\"twitter:data1\" content=\"1 minute\" \/>\n<script type=\"application\/ld+json\" class=\"yoast-schema-graph\">{\"@context\":\"https:\/\/schema.org\",\"@graph\":[{\"@type\":\"WebPage\",\"@id\":\"https:\/\/staging.lucky-hunter.com\/product\/oak-leaves-camo-stencil\/\",\"url\":\"https:\/\/staging.lucky-hunter.com\/product\/oak-leaves-camo-stencil\/\",\"name\":\"Pochoir \u00e0 Motifs de Feuilles de Ch\u00eane pour Camouflage\",\"isPartOf\":{\"@id\":\"https:\/\/staging.lucky-hunter.com\/#website\"},\"primaryImageOfPage\":{\"@id\":\"https:\/\/staging.lucky-hunter.com\/product\/oak-leaves-camo-stencil\/#primaryimage\"},\"image\":{\"@id\":\"https:\/\/staging.lucky-hunter.com\/product\/oak-leaves-camo-stencil\/#primaryimage\"},\"thumbnailUrl\":\"https:\/\/staging.lucky-hunter.com\/wp-content\/uploads\/2017\/01\/CA-10.png\",\"datePublished\":\"2017-01-26T11:47:43+00:00\",\"dateModified\":\"2023-02-01T23:49:06+00:00\",\"description\":\"Oak Leaves Camo Stencil est parfait pour ajouter un camouflage suppl\u00e9mentaire \u00e0 votre \u00e9quipement de chasse existant. Peut \u00eatre utilis\u00e9 avec une vari\u00e9t\u00e9 de couleurs pour une utilisation toute l'ann\u00e9e.\",\"breadcrumb\":{\"@id\":\"https:\/\/staging.lucky-hunter.com\/product\/oak-leaves-camo-stencil\/#breadcrumb\"},\"inLanguage\":\"fr-FR\",\"potentialAction\":[{\"@type\":\"ReadAction\",\"target\":[\"https:\/\/staging.lucky-hunter.com\/product\/oak-leaves-camo-stencil\/\"]}]},{\"@type\":\"ImageObject\",\"inLanguage\":\"fr-FR\",\"@id\":\"https:\/\/staging.lucky-hunter.com\/product\/oak-leaves-camo-stencil\/#primaryimage\",\"url\":\"https:\/\/staging.lucky-hunter.com\/wp-content\/uploads\/2017\/01\/CA-10.png\",\"contentUrl\":\"https:\/\/staging.lucky-hunter.com\/wp-content\/uploads\/2017\/01\/CA-10.png\",\"width\":1000,\"height\":1000},{\"@type\":\"BreadcrumbList\",\"@id\":\"https:\/\/staging.lucky-hunter.com\/product\/oak-leaves-camo-stencil\/#breadcrumb\",\"itemListElement\":[{\"@type\":\"ListItem\",\"position\":1,\"name\":\"Home\",\"item\":\"https:\/\/staging.lucky-hunter.com\/fr\/\"},{\"@type\":\"ListItem\",\"position\":2,\"name\":\"Boutique\",\"item\":\"https:\/\/staging.lucky-hunter.com\/fr\/shop\/\"},{\"@type\":\"ListItem\",\"position\":3,\"name\":\"Pochoir \u00e0 Motifs de Feuilles de Ch\u00eane pour Camouflage\"}]},{\"@type\":\"WebSite\",\"@id\":\"https:\/\/staging.lucky-hunter.com\/#website\",\"url\":\"https:\/\/staging.lucky-hunter.com\/\",\"name\":\"Lucky-Hunter\",\"description\":\"Gear Up or Give Up\",\"potentialAction\":[{\"@type\":\"SearchAction\",\"target\":{\"@type\":\"EntryPoint\",\"urlTemplate\":\"https:\/\/staging.lucky-hunter.com\/?s={search_term_string}\"},\"query-input\":{\"@type\":\"PropertyValueSpecification\",\"valueRequired\":true,\"valueName\":\"search_term_string\"}}],\"inLanguage\":\"fr-FR\"}]}<\/script>\n<!-- \/ Yoast SEO plugin. -->","yoast_head_json":{"title":"Pochoir \u00e0 Motifs de Feuilles de Ch\u00eane pour Camouflage","description":"Oak Leaves Camo Stencil est parfait pour ajouter un camouflage suppl\u00e9mentaire \u00e0 votre \u00e9quipement de chasse existant. Peut \u00eatre utilis\u00e9 avec une vari\u00e9t\u00e9 de couleurs pour une utilisation toute l'ann\u00e9e.","robots":{"index":"noindex","follow":"follow","max-snippet":"max-snippet:-1","max-image-preview":"max-image-preview:large","max-video-preview":"max-video-preview:-1"},"og_locale":"fr_FR","og_type":"article","og_title":"Pochoir \u00e0 Motifs de Feuilles de Ch\u00eane pour Camouflage","og_description":"Oak Leaves Camo Stencil est parfait pour ajouter un camouflage suppl\u00e9mentaire \u00e0 votre \u00e9quipement de chasse existant. Peut \u00eatre utilis\u00e9 avec une vari\u00e9t\u00e9 de couleurs pour une utilisation toute l'ann\u00e9e.","og_url":"https:\/\/staging.lucky-hunter.com\/product\/oak-leaves-camo-stencil\/","og_site_name":"Lucky-Hunter","article_modified_time":"2023-02-01T23:49:06+00:00","og_image":[{"width":1000,"height":1000,"url":"https:\/\/staging.lucky-hunter.com\/wp-content\/uploads\/2017\/01\/CA-10.png","type":"image\/png"}],"twitter_card":"summary_large_image","twitter_title":"Pochoir \u00e0 Motifs de Feuilles de Ch\u00eane pour Camouflage","twitter_description":"Oak Leaves Camo Stencil est parfait pour ajouter un camouflage suppl\u00e9mentaire \u00e0 votre \u00e9quipement de chasse existant. Peut \u00eatre utilis\u00e9 avec une vari\u00e9t\u00e9 de couleurs pour une utilisation toute l'ann\u00e9e.","twitter_misc":{"Dur\u00e9e de lecture estim\u00e9e":"1 minute"},"schema":{"@context":"https:\/\/schema.org","@graph":[{"@type":"WebPage","@id":"https:\/\/staging.lucky-hunter.com\/product\/oak-leaves-camo-stencil\/","url":"https:\/\/staging.lucky-hunter.com\/product\/oak-leaves-camo-stencil\/","name":"Pochoir \u00e0 Motifs de Feuilles de Ch\u00eane pour Camouflage","isPartOf":{"@id":"https:\/\/staging.lucky-hunter.com\/#website"},"primaryImageOfPage":{"@id":"https:\/\/staging.lucky-hunter.com\/product\/oak-leaves-camo-stencil\/#primaryimage"},"image":{"@id":"https:\/\/staging.lucky-hunter.com\/product\/oak-leaves-camo-stencil\/#primaryimage"},"thumbnailUrl":"https:\/\/staging.lucky-hunter.com\/wp-content\/uploads\/2017\/01\/CA-10.png","datePublished":"2017-01-26T11:47:43+00:00","dateModified":"2023-02-01T23:49:06+00:00","description":"Oak Leaves Camo Stencil est parfait pour ajouter un camouflage suppl\u00e9mentaire \u00e0 votre \u00e9quipement de chasse existant. Peut \u00eatre utilis\u00e9 avec une vari\u00e9t\u00e9 de couleurs pour une utilisation toute l'ann\u00e9e.","breadcrumb":{"@id":"https:\/\/staging.lucky-hunter.com\/product\/oak-leaves-camo-stencil\/#breadcrumb"},"inLanguage":"fr-FR","potentialAction":[{"@type":"ReadAction","target":["https:\/\/staging.lucky-hunter.com\/product\/oak-leaves-camo-stencil\/"]}]},{"@type":"ImageObject","inLanguage":"fr-FR","@id":"https:\/\/staging.lucky-hunter.com\/product\/oak-leaves-camo-stencil\/#primaryimage","url":"https:\/\/staging.lucky-hunter.com\/wp-content\/uploads\/2017\/01\/CA-10.png","contentUrl":"https:\/\/staging.lucky-hunter.com\/wp-content\/uploads\/2017\/01\/CA-10.png","width":1000,"height":1000},{"@type":"BreadcrumbList","@id":"https:\/\/staging.lucky-hunter.com\/product\/oak-leaves-camo-stencil\/#breadcrumb","itemListElement":[{"@type":"ListItem","position":1,"name":"Home","item":"https:\/\/staging.lucky-hunter.com\/fr\/"},{"@type":"ListItem","position":2,"name":"Boutique","item":"https:\/\/staging.lucky-hunter.com\/fr\/shop\/"},{"@type":"ListItem","position":3,"name":"Pochoir \u00e0 Motifs de Feuilles de Ch\u00eane pour Camouflage"}]},{"@type":"WebSite","@id":"https:\/\/staging.lucky-hunter.com\/#website","url":"https:\/\/staging.lucky-hunter.com\/","name":"Lucky-Hunter","description":"Gear Up or Give Up","potentialAction":[{"@type":"SearchAction","target":{"@type":"EntryPoint","urlTemplate":"https:\/\/staging.lucky-hunter.com\/?s={search_term_string}"},"query-input":{"@type":"PropertyValueSpecification","valueRequired":true,"valueName":"search_term_string"}}],"inLanguage":"fr-FR"}]}},"_links":{"self":[{"href":"https:\/\/staging.lucky-hunter.com\/fr\/wp-json\/wp\/v2\/product\/51104"}],"collection":[{"href":"https:\/\/staging.lucky-hunter.com\/fr\/wp-json\/wp\/v2\/product"}],"about":[{"href":"https:\/\/staging.lucky-hunter.com\/fr\/wp-json\/wp\/v2\/types\/product"}],"wp:featuredmedia":[{"embeddable":true,"href":"https:\/\/staging.lucky-hunter.com\/fr\/wp-json\/wp\/v2\/media\/29281"}],"wp:attachment":[{"href":"https:\/\/staging.lucky-hunter.com\/fr\/wp-json\/wp\/v2\/media?parent=51104"}],"wp:term":[{"taxonomy":"product_brand","embeddable":true,"href":"https:\/\/staging.lucky-hunter.com\/fr\/wp-json\/wp\/v2\/product_brand?post=51104"},{"taxonomy":"product_cat","embeddable":true,"href":"https:\/\/staging.lucky-hunter.com\/fr\/wp-json\/wp\/v2\/product_cat?post=51104"},{"taxonomy":"product_tag","embeddable":true,"href":"https:\/\/staging.lucky-hunter.com\/fr\/wp-json\/wp\/v2\/product_tag?post=51104"}],"curies":[{"name":"wp","href":"https:\/\/api.w.org\/{rel}","templated":true}]}}