{"id":51101,"date":"2016-11-07T16:17:35","date_gmt":"2016-11-07T15:17:35","guid":{"rendered":"https:\/\/staging.lucky-hunter.com\/product\/araceae-quick-fix-hunting-lure\/"},"modified":"2022-11-16T11:25:22","modified_gmt":"2022-11-16T10:25:22","slug":"araceae-quick-fix-hunting-lure","status":"publish","type":"product","link":"https:\/\/staging.lucky-hunter.com\/fr\/product\/araceae-quick-fix-hunting-lure\/","title":{"rendered":"App\u00e2t pour la Chasse Araceae Quick Fix"},"content":{"rendered":"<h2><strong>Best-seller su\u00e9dois<\/strong><\/h2>\n<p>Les app\u00e2ts pour la chasse produits par l\u2019entreprise su\u00e9doise Araceae sont parmi les plus efficaces sur le march\u00e9.<\/p>\n<p>Lorsqu&#8217;un animal cherche de la nourriture, il utilise un odorat bien d\u00e9velopp\u00e9 dont le fonctionnement est instinctif. Les attractifs d\u00e9velopp\u00e9s par Araceae visent \u00e0 stimuler ce sens chez l\u2019animal.<\/p>\n<p>Quick Fix est un app\u00e2t \u00e0 action rapide, \u00e0 base d&#8217;eau et avec un ar\u00f4me d&#8217;anis extr\u00eamement intense.<\/p>\n<p>Le produit peut \u00eatre m\u00e9lang\u00e9 avec de l&#8217;eau, car l&#8217;odeur est parfois si intense qu&#8217;elle peut avoir l&#8217;effet inverse et effrayer les animaux. Appliquez petit \u00e0 petit et exp\u00e9rimentez.<\/p>\n<p>Le jour o\u00f9 vous partez \u00e0 la chasse, utilisez Quick Fix pour diffuser rapidement une odeur attractive.<\/p>\n<p>100\u00a0% biod\u00e9gradable, le produit est fabriqu\u00e9 \u00e0 partir d&#8217;huiles v\u00e9g\u00e9tales et du meilleur goudron de pin su\u00e9dois riche en r\u00e9sine.<\/p>\n<p>Il reste fluide m\u00eame par temps froid et il a un effet plus durable que le goudron de h\u00eatre conventionnel.<\/p>\n<p>Le produit ne s\u00e8che pas et r\u00e9siste \u00e0 la pluie, il est donc tr\u00e8s utile pour attirer les sangliers, les cerfs, les \u00e9lans, les ours et les blaireaux vers la zone d\u2019agrainage.<\/p>\n<p>Tous les produits Araceae sont d\u00e9velopp\u00e9s, fabriqu\u00e9s et rigoureusement test\u00e9s en Su\u00e8de.<\/p>\n<p>La bouteille contient 1 litre.<\/p>\n","protected":false},"excerpt":{"rendered":"<p>Le jour o\u00f9 vous partez \u00e0 la chasse, utilisez Quick Fix pour diffuser rapidement une odeur attractive.\u00a0100\u00a0% biod\u00e9gradable, le produit est fabriqu\u00e9 \u00e0 partir d&#8217;huiles v\u00e9g\u00e9tales et du meilleur goudron de pin su\u00e9dois riche en r\u00e9sine.<\/p>\n","protected":false},"featured_media":28465,"template":"","meta":[],"product_brand":[8215],"product_cat":[8253],"product_tag":[9151,9444,9442],"yoast_head":"<!-- This site is optimized with the Yoast SEO plugin v24.3 - https:\/\/yoast.com\/wordpress\/plugins\/seo\/ -->\n<title>Quick Fix est un app\u00e2t \u00e0 action rapide, \u00e0 base d&#039;eau et avec un ar\u00f4me d&#039;anis extr\u00eamement intense.<\/title>\n<meta name=\"description\" content=\"Le jour o\u00f9 vous partez \u00e0 la chasse, utilisez Quick Fix pour diffuser rapidement une odeur attractive. 100% biod\u00e9gradable et fabriqu\u00e9 \u00e0 partir d&#039;huiles v\u00e9g\u00e9tales.\" \/>\n<meta name=\"robots\" content=\"noindex, follow, max-snippet:-1, max-image-preview:large, max-video-preview:-1\" \/>\n<meta property=\"og:locale\" content=\"fr_FR\" \/>\n<meta property=\"og:type\" content=\"article\" \/>\n<meta property=\"og:title\" content=\"Quick Fix est un app\u00e2t \u00e0 action rapide, \u00e0 base d&#039;eau et avec un ar\u00f4me d&#039;anis extr\u00eamement intense.\" \/>\n<meta property=\"og:description\" content=\"Le jour o\u00f9 vous partez \u00e0 la chasse, utilisez Quick Fix pour diffuser rapidement une odeur attractive. 100% biod\u00e9gradable et fabriqu\u00e9 \u00e0 partir d&#039;huiles v\u00e9g\u00e9tales.\" \/>\n<meta property=\"og:url\" content=\"https:\/\/staging.lucky-hunter.com\/product\/araceae-quick-fix-hunting-lure\/\" \/>\n<meta property=\"og:site_name\" content=\"Lucky-Hunter\" \/>\n<meta property=\"article:modified_time\" content=\"2022-11-16T10:25:22+00:00\" \/>\n<meta property=\"og:image\" content=\"https:\/\/staging.lucky-hunter.com\/wp-content\/uploads\/2016\/11\/LM-320.png\" \/>\n\t<meta property=\"og:image:width\" content=\"1000\" \/>\n\t<meta property=\"og:image:height\" content=\"1000\" \/>\n\t<meta property=\"og:image:type\" content=\"image\/png\" \/>\n<meta name=\"twitter:card\" content=\"summary_large_image\" \/>\n<meta name=\"twitter:label1\" content=\"Dur\u00e9e de lecture estim\u00e9e\" \/>\n\t<meta name=\"twitter:data1\" content=\"1 minute\" \/>\n<script type=\"application\/ld+json\" class=\"yoast-schema-graph\">{\"@context\":\"https:\/\/schema.org\",\"@graph\":[{\"@type\":\"WebPage\",\"@id\":\"https:\/\/staging.lucky-hunter.com\/product\/araceae-quick-fix-hunting-lure\/\",\"url\":\"https:\/\/staging.lucky-hunter.com\/product\/araceae-quick-fix-hunting-lure\/\",\"name\":\"Quick Fix est un app\u00e2t \u00e0 action rapide, \u00e0 base d'eau et avec un ar\u00f4me d'anis extr\u00eamement intense.\",\"isPartOf\":{\"@id\":\"https:\/\/staging.lucky-hunter.com\/#website\"},\"primaryImageOfPage\":{\"@id\":\"https:\/\/staging.lucky-hunter.com\/product\/araceae-quick-fix-hunting-lure\/#primaryimage\"},\"image\":{\"@id\":\"https:\/\/staging.lucky-hunter.com\/product\/araceae-quick-fix-hunting-lure\/#primaryimage\"},\"thumbnailUrl\":\"https:\/\/staging.lucky-hunter.com\/wp-content\/uploads\/2016\/11\/LM-320.png\",\"datePublished\":\"2016-11-07T15:17:35+00:00\",\"dateModified\":\"2022-11-16T10:25:22+00:00\",\"description\":\"Le jour o\u00f9 vous partez \u00e0 la chasse, utilisez Quick Fix pour diffuser rapidement une odeur attractive. 100% biod\u00e9gradable et fabriqu\u00e9 \u00e0 partir d'huiles v\u00e9g\u00e9tales.\",\"breadcrumb\":{\"@id\":\"https:\/\/staging.lucky-hunter.com\/product\/araceae-quick-fix-hunting-lure\/#breadcrumb\"},\"inLanguage\":\"fr-FR\",\"potentialAction\":[{\"@type\":\"ReadAction\",\"target\":[\"https:\/\/staging.lucky-hunter.com\/product\/araceae-quick-fix-hunting-lure\/\"]}]},{\"@type\":\"ImageObject\",\"inLanguage\":\"fr-FR\",\"@id\":\"https:\/\/staging.lucky-hunter.com\/product\/araceae-quick-fix-hunting-lure\/#primaryimage\",\"url\":\"https:\/\/staging.lucky-hunter.com\/wp-content\/uploads\/2016\/11\/LM-320.png\",\"contentUrl\":\"https:\/\/staging.lucky-hunter.com\/wp-content\/uploads\/2016\/11\/LM-320.png\",\"width\":1000,\"height\":1000},{\"@type\":\"BreadcrumbList\",\"@id\":\"https:\/\/staging.lucky-hunter.com\/product\/araceae-quick-fix-hunting-lure\/#breadcrumb\",\"itemListElement\":[{\"@type\":\"ListItem\",\"position\":1,\"name\":\"Home\",\"item\":\"https:\/\/staging.lucky-hunter.com\/fr\/\"},{\"@type\":\"ListItem\",\"position\":2,\"name\":\"Boutique\",\"item\":\"https:\/\/staging.lucky-hunter.com\/fr\/shop\/\"},{\"@type\":\"ListItem\",\"position\":3,\"name\":\"App\u00e2t pour la Chasse Araceae Quick Fix\"}]},{\"@type\":\"WebSite\",\"@id\":\"https:\/\/staging.lucky-hunter.com\/#website\",\"url\":\"https:\/\/staging.lucky-hunter.com\/\",\"name\":\"Lucky-Hunter\",\"description\":\"Gear Up or Give Up\",\"potentialAction\":[{\"@type\":\"SearchAction\",\"target\":{\"@type\":\"EntryPoint\",\"urlTemplate\":\"https:\/\/staging.lucky-hunter.com\/?s={search_term_string}\"},\"query-input\":{\"@type\":\"PropertyValueSpecification\",\"valueRequired\":true,\"valueName\":\"search_term_string\"}}],\"inLanguage\":\"fr-FR\"}]}<\/script>\n<!-- \/ Yoast SEO plugin. -->","yoast_head_json":{"title":"Quick Fix est un app\u00e2t \u00e0 action rapide, \u00e0 base d'eau et avec un ar\u00f4me d'anis extr\u00eamement intense.","description":"Le jour o\u00f9 vous partez \u00e0 la chasse, utilisez Quick Fix pour diffuser rapidement une odeur attractive. 100% biod\u00e9gradable et fabriqu\u00e9 \u00e0 partir d'huiles v\u00e9g\u00e9tales.","robots":{"index":"noindex","follow":"follow","max-snippet":"max-snippet:-1","max-image-preview":"max-image-preview:large","max-video-preview":"max-video-preview:-1"},"og_locale":"fr_FR","og_type":"article","og_title":"Quick Fix est un app\u00e2t \u00e0 action rapide, \u00e0 base d'eau et avec un ar\u00f4me d'anis extr\u00eamement intense.","og_description":"Le jour o\u00f9 vous partez \u00e0 la chasse, utilisez Quick Fix pour diffuser rapidement une odeur attractive. 100% biod\u00e9gradable et fabriqu\u00e9 \u00e0 partir d'huiles v\u00e9g\u00e9tales.","og_url":"https:\/\/staging.lucky-hunter.com\/product\/araceae-quick-fix-hunting-lure\/","og_site_name":"Lucky-Hunter","article_modified_time":"2022-11-16T10:25:22+00:00","og_image":[{"width":1000,"height":1000,"url":"https:\/\/staging.lucky-hunter.com\/wp-content\/uploads\/2016\/11\/LM-320.png","type":"image\/png"}],"twitter_card":"summary_large_image","twitter_misc":{"Dur\u00e9e de lecture estim\u00e9e":"1 minute"},"schema":{"@context":"https:\/\/schema.org","@graph":[{"@type":"WebPage","@id":"https:\/\/staging.lucky-hunter.com\/product\/araceae-quick-fix-hunting-lure\/","url":"https:\/\/staging.lucky-hunter.com\/product\/araceae-quick-fix-hunting-lure\/","name":"Quick Fix est un app\u00e2t \u00e0 action rapide, \u00e0 base d'eau et avec un ar\u00f4me d'anis extr\u00eamement intense.","isPartOf":{"@id":"https:\/\/staging.lucky-hunter.com\/#website"},"primaryImageOfPage":{"@id":"https:\/\/staging.lucky-hunter.com\/product\/araceae-quick-fix-hunting-lure\/#primaryimage"},"image":{"@id":"https:\/\/staging.lucky-hunter.com\/product\/araceae-quick-fix-hunting-lure\/#primaryimage"},"thumbnailUrl":"https:\/\/staging.lucky-hunter.com\/wp-content\/uploads\/2016\/11\/LM-320.png","datePublished":"2016-11-07T15:17:35+00:00","dateModified":"2022-11-16T10:25:22+00:00","description":"Le jour o\u00f9 vous partez \u00e0 la chasse, utilisez Quick Fix pour diffuser rapidement une odeur attractive. 100% biod\u00e9gradable et fabriqu\u00e9 \u00e0 partir d'huiles v\u00e9g\u00e9tales.","breadcrumb":{"@id":"https:\/\/staging.lucky-hunter.com\/product\/araceae-quick-fix-hunting-lure\/#breadcrumb"},"inLanguage":"fr-FR","potentialAction":[{"@type":"ReadAction","target":["https:\/\/staging.lucky-hunter.com\/product\/araceae-quick-fix-hunting-lure\/"]}]},{"@type":"ImageObject","inLanguage":"fr-FR","@id":"https:\/\/staging.lucky-hunter.com\/product\/araceae-quick-fix-hunting-lure\/#primaryimage","url":"https:\/\/staging.lucky-hunter.com\/wp-content\/uploads\/2016\/11\/LM-320.png","contentUrl":"https:\/\/staging.lucky-hunter.com\/wp-content\/uploads\/2016\/11\/LM-320.png","width":1000,"height":1000},{"@type":"BreadcrumbList","@id":"https:\/\/staging.lucky-hunter.com\/product\/araceae-quick-fix-hunting-lure\/#breadcrumb","itemListElement":[{"@type":"ListItem","position":1,"name":"Home","item":"https:\/\/staging.lucky-hunter.com\/fr\/"},{"@type":"ListItem","position":2,"name":"Boutique","item":"https:\/\/staging.lucky-hunter.com\/fr\/shop\/"},{"@type":"ListItem","position":3,"name":"App\u00e2t pour la Chasse Araceae Quick Fix"}]},{"@type":"WebSite","@id":"https:\/\/staging.lucky-hunter.com\/#website","url":"https:\/\/staging.lucky-hunter.com\/","name":"Lucky-Hunter","description":"Gear Up or Give Up","potentialAction":[{"@type":"SearchAction","target":{"@type":"EntryPoint","urlTemplate":"https:\/\/staging.lucky-hunter.com\/?s={search_term_string}"},"query-input":{"@type":"PropertyValueSpecification","valueRequired":true,"valueName":"search_term_string"}}],"inLanguage":"fr-FR"}]}},"_links":{"self":[{"href":"https:\/\/staging.lucky-hunter.com\/fr\/wp-json\/wp\/v2\/product\/51101"}],"collection":[{"href":"https:\/\/staging.lucky-hunter.com\/fr\/wp-json\/wp\/v2\/product"}],"about":[{"href":"https:\/\/staging.lucky-hunter.com\/fr\/wp-json\/wp\/v2\/types\/product"}],"wp:featuredmedia":[{"embeddable":true,"href":"https:\/\/staging.lucky-hunter.com\/fr\/wp-json\/wp\/v2\/media\/28465"}],"wp:attachment":[{"href":"https:\/\/staging.lucky-hunter.com\/fr\/wp-json\/wp\/v2\/media?parent=51101"}],"wp:term":[{"taxonomy":"product_brand","embeddable":true,"href":"https:\/\/staging.lucky-hunter.com\/fr\/wp-json\/wp\/v2\/product_brand?post=51101"},{"taxonomy":"product_cat","embeddable":true,"href":"https:\/\/staging.lucky-hunter.com\/fr\/wp-json\/wp\/v2\/product_cat?post=51101"},{"taxonomy":"product_tag","embeddable":true,"href":"https:\/\/staging.lucky-hunter.com\/fr\/wp-json\/wp\/v2\/product_tag?post=51101"}],"curies":[{"name":"wp","href":"https:\/\/api.w.org\/{rel}","templated":true}]}}