{"id":51099,"date":"2016-11-07T16:10:00","date_gmt":"2016-11-07T15:10:00","guid":{"rendered":"https:\/\/staging.lucky-hunter.com\/product\/beech-tar-spray\/"},"modified":"2022-11-16T13:23:47","modified_gmt":"2022-11-16T12:23:47","slug":"beech-tar-spray","status":"publish","type":"product","link":"https:\/\/staging.lucky-hunter.com\/fr\/product\/beech-tar-spray\/","title":{"rendered":"Goudron de H\u00eatre en A\u00e9rosol 500 ml"},"content":{"rendered":"<h2><strong>Goudron de H\u00eatre en A\u00e9rosol &#8211; renforce l&#8217;odeur du goudron de h\u00eatre pour attirer les sangliers et les cerfs\u00a0<\/strong><\/h2>\n<p>Ce goudron de haute qualit\u00e9 est d\u00e9riv\u00e9 du bois de h\u00eatre. Il est obtenu pendant la production de charbon de bois pour barbecue.<\/p>\n<p>Le goudron en a\u00e9rosol est \u00e0 utiliser lorsque vous arrivez sur la zone de chasse, pour renforcer et renouveler l&#8217;odeur de vos app\u00e2ts \u00e0 base de goudron.<\/p>\n<p>L&#8217;exp\u00e9rience nous a appris que le goudron de h\u00eatre est le plus attractif pour le sanglier. D&#8217;autres produits \u00e0 base de goudron peuvent \u00e9galement \u00eatre utilis\u00e9s, mais ils n&#8217;ont pas un effet aussi prononc\u00e9.<\/p>\n<p>Disponible sous forme de bombe a\u00e9rosol pratique de 500 ml, facile \u00e0 emporter dans votre poche ou dans votre sac \u00e0 dos.<\/p>\n","protected":false},"excerpt":{"rendered":"<p>D\u00e9riv\u00e9 du bois de h\u00eatre, ce goudron de haute qualit\u00e9 est obtenu lors de la production de charbon de bois pour barbecue. Le goudron en a\u00e9rosol est \u00e0 utiliser lorsque vous arrivez sur la zone de chasse, pour renforcer et renouveler l&#8217;odeur de vos app\u00e2ts \u00e0 base de goudron.<\/p>\n","protected":false},"featured_media":28684,"template":"","meta":[],"product_brand":[8196],"product_cat":[8253],"product_tag":[9442],"yoast_head":"<!-- This site is optimized with the Yoast SEO plugin v24.3 - https:\/\/yoast.com\/wordpress\/plugins\/seo\/ -->\n<title>A\u00e9rosol de goudron de h\u00eatre - Goudron de haute qualit\u00e9 | Chasseur chanceux<\/title>\n<meta name=\"description\" content=\"La bombe de goudron de h\u00eatre est parfaite pour rafra\u00eechir vos zones de chasse avec un parfum. Facile \u00e0 transporter avec vous car il est parfait pour le ranger dans votre poche ou votre sac \u00e0 dos.\" \/>\n<meta name=\"robots\" content=\"noindex, follow, max-snippet:-1, max-image-preview:large, max-video-preview:-1\" \/>\n<meta property=\"og:locale\" content=\"fr_FR\" \/>\n<meta property=\"og:type\" content=\"article\" \/>\n<meta property=\"og:title\" content=\"A\u00e9rosol de goudron de h\u00eatre - Goudron de haute qualit\u00e9 | Chasseur chanceux\" \/>\n<meta property=\"og:description\" content=\"La bombe de goudron de h\u00eatre est parfaite pour rafra\u00eechir vos zones de chasse avec un parfum. Facile \u00e0 transporter avec vous car il est parfait pour le ranger dans votre poche ou votre sac \u00e0 dos.\" \/>\n<meta property=\"og:url\" content=\"https:\/\/staging.lucky-hunter.com\/product\/beech-tar-spray\/\" \/>\n<meta property=\"og:site_name\" content=\"Lucky-Hunter\" \/>\n<meta property=\"article:modified_time\" content=\"2022-11-16T12:23:47+00:00\" \/>\n<meta property=\"og:image\" content=\"https:\/\/staging.lucky-hunter.com\/wp-content\/uploads\/2017\/06\/590257.png\" \/>\n\t<meta property=\"og:image:width\" content=\"1000\" \/>\n\t<meta property=\"og:image:height\" content=\"1000\" \/>\n\t<meta property=\"og:image:type\" content=\"image\/png\" \/>\n<meta name=\"twitter:card\" content=\"summary_large_image\" \/>\n<meta name=\"twitter:title\" content=\"A\u00e9rosol de goudron de h\u00eatre - Goudron de haute qualit\u00e9 | Chasseur chanceux\" \/>\n<meta name=\"twitter:description\" content=\"La bombe de goudron de h\u00eatre est parfaite pour rafra\u00eechir vos zones de chasse avec un parfum. Facile \u00e0 transporter avec vous car il est parfait pour le ranger dans votre poche ou votre sac \u00e0 dos.\" \/>\n<meta name=\"twitter:label1\" content=\"Dur\u00e9e de lecture estim\u00e9e\" \/>\n\t<meta name=\"twitter:data1\" content=\"1 minute\" \/>\n<script type=\"application\/ld+json\" class=\"yoast-schema-graph\">{\"@context\":\"https:\/\/schema.org\",\"@graph\":[{\"@type\":\"WebPage\",\"@id\":\"https:\/\/staging.lucky-hunter.com\/product\/beech-tar-spray\/\",\"url\":\"https:\/\/staging.lucky-hunter.com\/product\/beech-tar-spray\/\",\"name\":\"A\u00e9rosol de goudron de h\u00eatre - Goudron de haute qualit\u00e9 | Chasseur chanceux\",\"isPartOf\":{\"@id\":\"https:\/\/staging.lucky-hunter.com\/#website\"},\"primaryImageOfPage\":{\"@id\":\"https:\/\/staging.lucky-hunter.com\/product\/beech-tar-spray\/#primaryimage\"},\"image\":{\"@id\":\"https:\/\/staging.lucky-hunter.com\/product\/beech-tar-spray\/#primaryimage\"},\"thumbnailUrl\":\"https:\/\/staging.lucky-hunter.com\/wp-content\/uploads\/2017\/06\/590257.png\",\"datePublished\":\"2016-11-07T15:10:00+00:00\",\"dateModified\":\"2022-11-16T12:23:47+00:00\",\"description\":\"La bombe de goudron de h\u00eatre est parfaite pour rafra\u00eechir vos zones de chasse avec un parfum. Facile \u00e0 transporter avec vous car il est parfait pour le ranger dans votre poche ou votre sac \u00e0 dos.\",\"breadcrumb\":{\"@id\":\"https:\/\/staging.lucky-hunter.com\/product\/beech-tar-spray\/#breadcrumb\"},\"inLanguage\":\"fr-FR\",\"potentialAction\":[{\"@type\":\"ReadAction\",\"target\":[\"https:\/\/staging.lucky-hunter.com\/product\/beech-tar-spray\/\"]}]},{\"@type\":\"ImageObject\",\"inLanguage\":\"fr-FR\",\"@id\":\"https:\/\/staging.lucky-hunter.com\/product\/beech-tar-spray\/#primaryimage\",\"url\":\"https:\/\/staging.lucky-hunter.com\/wp-content\/uploads\/2017\/06\/590257.png\",\"contentUrl\":\"https:\/\/staging.lucky-hunter.com\/wp-content\/uploads\/2017\/06\/590257.png\",\"width\":1000,\"height\":1000},{\"@type\":\"BreadcrumbList\",\"@id\":\"https:\/\/staging.lucky-hunter.com\/product\/beech-tar-spray\/#breadcrumb\",\"itemListElement\":[{\"@type\":\"ListItem\",\"position\":1,\"name\":\"Home\",\"item\":\"https:\/\/staging.lucky-hunter.com\/fr\/\"},{\"@type\":\"ListItem\",\"position\":2,\"name\":\"Boutique\",\"item\":\"https:\/\/staging.lucky-hunter.com\/fr\/shop\/\"},{\"@type\":\"ListItem\",\"position\":3,\"name\":\"Goudron de H\u00eatre en A\u00e9rosol 500 ml\"}]},{\"@type\":\"WebSite\",\"@id\":\"https:\/\/staging.lucky-hunter.com\/#website\",\"url\":\"https:\/\/staging.lucky-hunter.com\/\",\"name\":\"Lucky-Hunter\",\"description\":\"Gear Up or Give Up\",\"potentialAction\":[{\"@type\":\"SearchAction\",\"target\":{\"@type\":\"EntryPoint\",\"urlTemplate\":\"https:\/\/staging.lucky-hunter.com\/?s={search_term_string}\"},\"query-input\":{\"@type\":\"PropertyValueSpecification\",\"valueRequired\":true,\"valueName\":\"search_term_string\"}}],\"inLanguage\":\"fr-FR\"}]}<\/script>\n<!-- \/ Yoast SEO plugin. -->","yoast_head_json":{"title":"A\u00e9rosol de goudron de h\u00eatre - Goudron de haute qualit\u00e9 | Chasseur chanceux","description":"La bombe de goudron de h\u00eatre est parfaite pour rafra\u00eechir vos zones de chasse avec un parfum. Facile \u00e0 transporter avec vous car il est parfait pour le ranger dans votre poche ou votre sac \u00e0 dos.","robots":{"index":"noindex","follow":"follow","max-snippet":"max-snippet:-1","max-image-preview":"max-image-preview:large","max-video-preview":"max-video-preview:-1"},"og_locale":"fr_FR","og_type":"article","og_title":"A\u00e9rosol de goudron de h\u00eatre - Goudron de haute qualit\u00e9 | Chasseur chanceux","og_description":"La bombe de goudron de h\u00eatre est parfaite pour rafra\u00eechir vos zones de chasse avec un parfum. Facile \u00e0 transporter avec vous car il est parfait pour le ranger dans votre poche ou votre sac \u00e0 dos.","og_url":"https:\/\/staging.lucky-hunter.com\/product\/beech-tar-spray\/","og_site_name":"Lucky-Hunter","article_modified_time":"2022-11-16T12:23:47+00:00","og_image":[{"width":1000,"height":1000,"url":"https:\/\/staging.lucky-hunter.com\/wp-content\/uploads\/2017\/06\/590257.png","type":"image\/png"}],"twitter_card":"summary_large_image","twitter_title":"A\u00e9rosol de goudron de h\u00eatre - Goudron de haute qualit\u00e9 | Chasseur chanceux","twitter_description":"La bombe de goudron de h\u00eatre est parfaite pour rafra\u00eechir vos zones de chasse avec un parfum. Facile \u00e0 transporter avec vous car il est parfait pour le ranger dans votre poche ou votre sac \u00e0 dos.","twitter_misc":{"Dur\u00e9e de lecture estim\u00e9e":"1 minute"},"schema":{"@context":"https:\/\/schema.org","@graph":[{"@type":"WebPage","@id":"https:\/\/staging.lucky-hunter.com\/product\/beech-tar-spray\/","url":"https:\/\/staging.lucky-hunter.com\/product\/beech-tar-spray\/","name":"A\u00e9rosol de goudron de h\u00eatre - Goudron de haute qualit\u00e9 | Chasseur chanceux","isPartOf":{"@id":"https:\/\/staging.lucky-hunter.com\/#website"},"primaryImageOfPage":{"@id":"https:\/\/staging.lucky-hunter.com\/product\/beech-tar-spray\/#primaryimage"},"image":{"@id":"https:\/\/staging.lucky-hunter.com\/product\/beech-tar-spray\/#primaryimage"},"thumbnailUrl":"https:\/\/staging.lucky-hunter.com\/wp-content\/uploads\/2017\/06\/590257.png","datePublished":"2016-11-07T15:10:00+00:00","dateModified":"2022-11-16T12:23:47+00:00","description":"La bombe de goudron de h\u00eatre est parfaite pour rafra\u00eechir vos zones de chasse avec un parfum. Facile \u00e0 transporter avec vous car il est parfait pour le ranger dans votre poche ou votre sac \u00e0 dos.","breadcrumb":{"@id":"https:\/\/staging.lucky-hunter.com\/product\/beech-tar-spray\/#breadcrumb"},"inLanguage":"fr-FR","potentialAction":[{"@type":"ReadAction","target":["https:\/\/staging.lucky-hunter.com\/product\/beech-tar-spray\/"]}]},{"@type":"ImageObject","inLanguage":"fr-FR","@id":"https:\/\/staging.lucky-hunter.com\/product\/beech-tar-spray\/#primaryimage","url":"https:\/\/staging.lucky-hunter.com\/wp-content\/uploads\/2017\/06\/590257.png","contentUrl":"https:\/\/staging.lucky-hunter.com\/wp-content\/uploads\/2017\/06\/590257.png","width":1000,"height":1000},{"@type":"BreadcrumbList","@id":"https:\/\/staging.lucky-hunter.com\/product\/beech-tar-spray\/#breadcrumb","itemListElement":[{"@type":"ListItem","position":1,"name":"Home","item":"https:\/\/staging.lucky-hunter.com\/fr\/"},{"@type":"ListItem","position":2,"name":"Boutique","item":"https:\/\/staging.lucky-hunter.com\/fr\/shop\/"},{"@type":"ListItem","position":3,"name":"Goudron de H\u00eatre en A\u00e9rosol 500 ml"}]},{"@type":"WebSite","@id":"https:\/\/staging.lucky-hunter.com\/#website","url":"https:\/\/staging.lucky-hunter.com\/","name":"Lucky-Hunter","description":"Gear Up or Give Up","potentialAction":[{"@type":"SearchAction","target":{"@type":"EntryPoint","urlTemplate":"https:\/\/staging.lucky-hunter.com\/?s={search_term_string}"},"query-input":{"@type":"PropertyValueSpecification","valueRequired":true,"valueName":"search_term_string"}}],"inLanguage":"fr-FR"}]}},"_links":{"self":[{"href":"https:\/\/staging.lucky-hunter.com\/fr\/wp-json\/wp\/v2\/product\/51099"}],"collection":[{"href":"https:\/\/staging.lucky-hunter.com\/fr\/wp-json\/wp\/v2\/product"}],"about":[{"href":"https:\/\/staging.lucky-hunter.com\/fr\/wp-json\/wp\/v2\/types\/product"}],"wp:featuredmedia":[{"embeddable":true,"href":"https:\/\/staging.lucky-hunter.com\/fr\/wp-json\/wp\/v2\/media\/28684"}],"wp:attachment":[{"href":"https:\/\/staging.lucky-hunter.com\/fr\/wp-json\/wp\/v2\/media?parent=51099"}],"wp:term":[{"taxonomy":"product_brand","embeddable":true,"href":"https:\/\/staging.lucky-hunter.com\/fr\/wp-json\/wp\/v2\/product_brand?post=51099"},{"taxonomy":"product_cat","embeddable":true,"href":"https:\/\/staging.lucky-hunter.com\/fr\/wp-json\/wp\/v2\/product_cat?post=51099"},{"taxonomy":"product_tag","embeddable":true,"href":"https:\/\/staging.lucky-hunter.com\/fr\/wp-json\/wp\/v2\/product_tag?post=51099"}],"curies":[{"name":"wp","href":"https:\/\/api.w.org\/{rel}","templated":true}]}}