{"id":51098,"date":"2017-04-11T16:52:53","date_gmt":"2017-04-11T14:52:53","guid":{"rendered":"https:\/\/staging.lucky-hunter.com\/product\/molygold-arma-m1-oil\/"},"modified":"2023-03-14T15:25:26","modified_gmt":"2023-03-14T14:25:26","slug":"molygold-arma-m1-oil","status":"publish","type":"product","link":"https:\/\/staging.lucky-hunter.com\/fr\/product\/molygold-arma-m1-oil\/","title":{"rendered":"Huile Molygold ARMA M1"},"content":{"rendered":"<h2><strong>Huile Molygold ARMA M1 &#8211; prot\u00e9gez vos armes contre les \u00e9l\u00e9ments<\/strong><\/h2>\n<p>100 ml d&#8217;huile de nettoyage fabriqu\u00e9e en Allemagne.<\/p>\n<p>Nettoyage et entretien efficaces de tous les types d&#8217;armes \u00e0 feu. Garde vos armes comme neuves. Vous aide \u00e0 prot\u00e9ger vos armes contre les \u00e9l\u00e9ments lorsque vous \u00eates \u00e0 la chasse. La bombe a\u00e9rosol est plaisante \u00e0 utiliser et elle permet d\u2019appliquer facilement un rev\u00eatement fin sur vos armes.<\/p>\n<p>ARMA M1 de Molygold emp\u00eache la formation d&#8217;humidit\u00e9. Une caract\u00e9ristique qui aidera \u00e0 prolonger la dur\u00e9e de vie de votre arme \u00e0 feu, car l&#8217;humidit\u00e9 peut entra\u00eener l\u2019apparition de rouille si elle n&#8217;est pas trait\u00e9e efficacement.<\/p>\n<p>Rev\u00eatement anticorrosion.<\/p>\n<p>Vendu sous forme de bombe a\u00e9rosol permettant un dosage pr\u00e9cis.<\/p>\n","protected":false},"excerpt":{"rendered":"<p>100 ml d&#8217;huile de nettoyage de qualit\u00e9 allemande. Nettoyage et entretien efficaces de tous les types d&#8217;armes \u00e0 feu. ARMA M1 de Molygold emp\u00eache la formation d&#8217;humidit\u00e9<\/p>\n","protected":false},"featured_media":30270,"template":"","meta":[],"product_brand":[8196],"product_cat":[9368],"product_tag":[],"yoast_head":"<!-- This site is optimized with the Yoast SEO plugin v24.3 - https:\/\/yoast.com\/wordpress\/plugins\/seo\/ -->\n<title>Huile Molygold ARMA M1 - Rev\u00eatement anti-corrosion | Chasseur chanceux<\/title>\n<meta name=\"description\" content=\"Pr\u00e9venir la corrosion et l&#039;humidit\u00e9. L&#039;huile Molygold ARMA M1, fabriqu\u00e9e en Allemagne, est parfaite pour prot\u00e9ger vos armes \u00e0 feu des intemp\u00e9ries.\" \/>\n<meta name=\"robots\" content=\"noindex, follow, max-snippet:-1, max-image-preview:large, max-video-preview:-1\" \/>\n<meta property=\"og:locale\" content=\"fr_FR\" \/>\n<meta property=\"og:type\" content=\"article\" \/>\n<meta property=\"og:title\" content=\"Huile Molygold ARMA M1 - Rev\u00eatement anti-corrosion | Chasseur chanceux\" \/>\n<meta property=\"og:description\" content=\"Pr\u00e9venir la corrosion et l&#039;humidit\u00e9. L&#039;huile Molygold ARMA M1, fabriqu\u00e9e en Allemagne, est parfaite pour prot\u00e9ger vos armes \u00e0 feu des intemp\u00e9ries.\" \/>\n<meta property=\"og:url\" content=\"https:\/\/staging.lucky-hunter.com\/product\/molygold-arma-m1-oil\/\" \/>\n<meta property=\"og:site_name\" content=\"Lucky-Hunter\" \/>\n<meta property=\"article:modified_time\" content=\"2023-03-14T14:25:26+00:00\" \/>\n<meta property=\"og:image\" content=\"https:\/\/staging.lucky-hunter.com\/wp-content\/uploads\/2017\/04\/520090.png\" \/>\n\t<meta property=\"og:image:width\" content=\"1000\" \/>\n\t<meta property=\"og:image:height\" content=\"1000\" \/>\n\t<meta property=\"og:image:type\" content=\"image\/png\" \/>\n<meta name=\"twitter:card\" content=\"summary_large_image\" \/>\n<meta name=\"twitter:title\" content=\"Huile Molygold ARMA M1 - Rev\u00eatement anti-corrosion | Chasseur chanceux\" \/>\n<meta name=\"twitter:description\" content=\"Pr\u00e9venir la corrosion et l&#039;humidit\u00e9. L&#039;huile Molygold ARMA M1, fabriqu\u00e9e en Allemagne, est parfaite pour prot\u00e9ger vos armes \u00e0 feu des intemp\u00e9ries.\" \/>\n<meta name=\"twitter:label1\" content=\"Dur\u00e9e de lecture estim\u00e9e\" \/>\n\t<meta name=\"twitter:data1\" content=\"1 minute\" \/>\n<script type=\"application\/ld+json\" class=\"yoast-schema-graph\">{\"@context\":\"https:\/\/schema.org\",\"@graph\":[{\"@type\":\"WebPage\",\"@id\":\"https:\/\/staging.lucky-hunter.com\/product\/molygold-arma-m1-oil\/\",\"url\":\"https:\/\/staging.lucky-hunter.com\/product\/molygold-arma-m1-oil\/\",\"name\":\"Huile Molygold ARMA M1 - Rev\u00eatement anti-corrosion | Chasseur chanceux\",\"isPartOf\":{\"@id\":\"https:\/\/staging.lucky-hunter.com\/#website\"},\"primaryImageOfPage\":{\"@id\":\"https:\/\/staging.lucky-hunter.com\/product\/molygold-arma-m1-oil\/#primaryimage\"},\"image\":{\"@id\":\"https:\/\/staging.lucky-hunter.com\/product\/molygold-arma-m1-oil\/#primaryimage\"},\"thumbnailUrl\":\"https:\/\/staging.lucky-hunter.com\/wp-content\/uploads\/2017\/04\/520090.png\",\"datePublished\":\"2017-04-11T14:52:53+00:00\",\"dateModified\":\"2023-03-14T14:25:26+00:00\",\"description\":\"Pr\u00e9venir la corrosion et l'humidit\u00e9. L'huile Molygold ARMA M1, fabriqu\u00e9e en Allemagne, est parfaite pour prot\u00e9ger vos armes \u00e0 feu des intemp\u00e9ries.\",\"breadcrumb\":{\"@id\":\"https:\/\/staging.lucky-hunter.com\/product\/molygold-arma-m1-oil\/#breadcrumb\"},\"inLanguage\":\"fr-FR\",\"potentialAction\":[{\"@type\":\"ReadAction\",\"target\":[\"https:\/\/staging.lucky-hunter.com\/product\/molygold-arma-m1-oil\/\"]}]},{\"@type\":\"ImageObject\",\"inLanguage\":\"fr-FR\",\"@id\":\"https:\/\/staging.lucky-hunter.com\/product\/molygold-arma-m1-oil\/#primaryimage\",\"url\":\"https:\/\/staging.lucky-hunter.com\/wp-content\/uploads\/2017\/04\/520090.png\",\"contentUrl\":\"https:\/\/staging.lucky-hunter.com\/wp-content\/uploads\/2017\/04\/520090.png\",\"width\":1000,\"height\":1000},{\"@type\":\"BreadcrumbList\",\"@id\":\"https:\/\/staging.lucky-hunter.com\/product\/molygold-arma-m1-oil\/#breadcrumb\",\"itemListElement\":[{\"@type\":\"ListItem\",\"position\":1,\"name\":\"Home\",\"item\":\"https:\/\/staging.lucky-hunter.com\/fr\/\"},{\"@type\":\"ListItem\",\"position\":2,\"name\":\"Boutique\",\"item\":\"https:\/\/staging.lucky-hunter.com\/fr\/shop\/\"},{\"@type\":\"ListItem\",\"position\":3,\"name\":\"Huile Molygold ARMA M1\"}]},{\"@type\":\"WebSite\",\"@id\":\"https:\/\/staging.lucky-hunter.com\/#website\",\"url\":\"https:\/\/staging.lucky-hunter.com\/\",\"name\":\"Lucky-Hunter\",\"description\":\"Gear Up or Give Up\",\"potentialAction\":[{\"@type\":\"SearchAction\",\"target\":{\"@type\":\"EntryPoint\",\"urlTemplate\":\"https:\/\/staging.lucky-hunter.com\/?s={search_term_string}\"},\"query-input\":{\"@type\":\"PropertyValueSpecification\",\"valueRequired\":true,\"valueName\":\"search_term_string\"}}],\"inLanguage\":\"fr-FR\"}]}<\/script>\n<!-- \/ Yoast SEO plugin. -->","yoast_head_json":{"title":"Huile Molygold ARMA M1 - Rev\u00eatement anti-corrosion | Chasseur chanceux","description":"Pr\u00e9venir la corrosion et l'humidit\u00e9. L'huile Molygold ARMA M1, fabriqu\u00e9e en Allemagne, est parfaite pour prot\u00e9ger vos armes \u00e0 feu des intemp\u00e9ries.","robots":{"index":"noindex","follow":"follow","max-snippet":"max-snippet:-1","max-image-preview":"max-image-preview:large","max-video-preview":"max-video-preview:-1"},"og_locale":"fr_FR","og_type":"article","og_title":"Huile Molygold ARMA M1 - Rev\u00eatement anti-corrosion | Chasseur chanceux","og_description":"Pr\u00e9venir la corrosion et l'humidit\u00e9. L'huile Molygold ARMA M1, fabriqu\u00e9e en Allemagne, est parfaite pour prot\u00e9ger vos armes \u00e0 feu des intemp\u00e9ries.","og_url":"https:\/\/staging.lucky-hunter.com\/product\/molygold-arma-m1-oil\/","og_site_name":"Lucky-Hunter","article_modified_time":"2023-03-14T14:25:26+00:00","og_image":[{"width":1000,"height":1000,"url":"https:\/\/staging.lucky-hunter.com\/wp-content\/uploads\/2017\/04\/520090.png","type":"image\/png"}],"twitter_card":"summary_large_image","twitter_title":"Huile Molygold ARMA M1 - Rev\u00eatement anti-corrosion | Chasseur chanceux","twitter_description":"Pr\u00e9venir la corrosion et l'humidit\u00e9. L'huile Molygold ARMA M1, fabriqu\u00e9e en Allemagne, est parfaite pour prot\u00e9ger vos armes \u00e0 feu des intemp\u00e9ries.","twitter_misc":{"Dur\u00e9e de lecture estim\u00e9e":"1 minute"},"schema":{"@context":"https:\/\/schema.org","@graph":[{"@type":"WebPage","@id":"https:\/\/staging.lucky-hunter.com\/product\/molygold-arma-m1-oil\/","url":"https:\/\/staging.lucky-hunter.com\/product\/molygold-arma-m1-oil\/","name":"Huile Molygold ARMA M1 - Rev\u00eatement anti-corrosion | Chasseur chanceux","isPartOf":{"@id":"https:\/\/staging.lucky-hunter.com\/#website"},"primaryImageOfPage":{"@id":"https:\/\/staging.lucky-hunter.com\/product\/molygold-arma-m1-oil\/#primaryimage"},"image":{"@id":"https:\/\/staging.lucky-hunter.com\/product\/molygold-arma-m1-oil\/#primaryimage"},"thumbnailUrl":"https:\/\/staging.lucky-hunter.com\/wp-content\/uploads\/2017\/04\/520090.png","datePublished":"2017-04-11T14:52:53+00:00","dateModified":"2023-03-14T14:25:26+00:00","description":"Pr\u00e9venir la corrosion et l'humidit\u00e9. L'huile Molygold ARMA M1, fabriqu\u00e9e en Allemagne, est parfaite pour prot\u00e9ger vos armes \u00e0 feu des intemp\u00e9ries.","breadcrumb":{"@id":"https:\/\/staging.lucky-hunter.com\/product\/molygold-arma-m1-oil\/#breadcrumb"},"inLanguage":"fr-FR","potentialAction":[{"@type":"ReadAction","target":["https:\/\/staging.lucky-hunter.com\/product\/molygold-arma-m1-oil\/"]}]},{"@type":"ImageObject","inLanguage":"fr-FR","@id":"https:\/\/staging.lucky-hunter.com\/product\/molygold-arma-m1-oil\/#primaryimage","url":"https:\/\/staging.lucky-hunter.com\/wp-content\/uploads\/2017\/04\/520090.png","contentUrl":"https:\/\/staging.lucky-hunter.com\/wp-content\/uploads\/2017\/04\/520090.png","width":1000,"height":1000},{"@type":"BreadcrumbList","@id":"https:\/\/staging.lucky-hunter.com\/product\/molygold-arma-m1-oil\/#breadcrumb","itemListElement":[{"@type":"ListItem","position":1,"name":"Home","item":"https:\/\/staging.lucky-hunter.com\/fr\/"},{"@type":"ListItem","position":2,"name":"Boutique","item":"https:\/\/staging.lucky-hunter.com\/fr\/shop\/"},{"@type":"ListItem","position":3,"name":"Huile Molygold ARMA M1"}]},{"@type":"WebSite","@id":"https:\/\/staging.lucky-hunter.com\/#website","url":"https:\/\/staging.lucky-hunter.com\/","name":"Lucky-Hunter","description":"Gear Up or Give Up","potentialAction":[{"@type":"SearchAction","target":{"@type":"EntryPoint","urlTemplate":"https:\/\/staging.lucky-hunter.com\/?s={search_term_string}"},"query-input":{"@type":"PropertyValueSpecification","valueRequired":true,"valueName":"search_term_string"}}],"inLanguage":"fr-FR"}]}},"_links":{"self":[{"href":"https:\/\/staging.lucky-hunter.com\/fr\/wp-json\/wp\/v2\/product\/51098"}],"collection":[{"href":"https:\/\/staging.lucky-hunter.com\/fr\/wp-json\/wp\/v2\/product"}],"about":[{"href":"https:\/\/staging.lucky-hunter.com\/fr\/wp-json\/wp\/v2\/types\/product"}],"wp:featuredmedia":[{"embeddable":true,"href":"https:\/\/staging.lucky-hunter.com\/fr\/wp-json\/wp\/v2\/media\/30270"}],"wp:attachment":[{"href":"https:\/\/staging.lucky-hunter.com\/fr\/wp-json\/wp\/v2\/media?parent=51098"}],"wp:term":[{"taxonomy":"product_brand","embeddable":true,"href":"https:\/\/staging.lucky-hunter.com\/fr\/wp-json\/wp\/v2\/product_brand?post=51098"},{"taxonomy":"product_cat","embeddable":true,"href":"https:\/\/staging.lucky-hunter.com\/fr\/wp-json\/wp\/v2\/product_cat?post=51098"},{"taxonomy":"product_tag","embeddable":true,"href":"https:\/\/staging.lucky-hunter.com\/fr\/wp-json\/wp\/v2\/product_tag?post=51098"}],"curies":[{"name":"wp","href":"https:\/\/api.w.org\/{rel}","templated":true}]}}