{"id":51031,"date":"2016-11-07T16:10:05","date_gmt":"2016-11-07T15:10:05","guid":{"rendered":"https:\/\/staging.lucky-hunter.com\/product\/salt-stone-holder\/"},"modified":"2023-07-03T15:38:38","modified_gmt":"2023-07-03T13:38:38","slug":"salt-stone-holder","status":"publish","type":"product","link":"https:\/\/staging.lucky-hunter.com\/fr\/product\/salt-stone-holder\/","title":{"rendered":"Support pour Pierre \u00e0 Sel"},"content":{"rendered":"<h2><strong>Prolonge la dur\u00e9e de vie des pierres \u00e0 sel pour les animaux sauvages et domestiques<\/strong><\/h2>\n<p>L&#8217;acc\u00e8s \u00e0 une pierre \u00e0 sel permet au gibier de disposer d\u2019un apport important en sels et min\u00e9raux.<\/p>\n<p>La pierre lui permet de pr\u00e9lever facilement la quantit\u00e9 dont il a besoin.<\/p>\n<p>Le plus souvent, la pluie dissout la majeure partie des pierres \u00e0 sel. Avec ce support, vous avez la garantie que c\u2019est le gibier &#8211; et non la pluie &#8211; qui b\u00e9n\u00e9ficiera de la pierre \u00e0 sel.<\/p>\n<p>Le support est \u00e0 monter sur un piquet cylindrique et les trous de drainage assurent l\u2019\u00e9vacuation de l\u2019eau vers le bas, prot\u00e9geant ainsi la pierre \u00e0 sel.<\/p>\n<ul>\n<li>Hauteur : 370 mm<\/li>\n<li>Diam\u00e8tre : 280 mm.<\/li>\n<li>Fabriqu\u00e9 dans un mat\u00e9riau plastique noir r\u00e9sistant aux intemp\u00e9ries.<\/li>\n<\/ul>\n","protected":false},"excerpt":{"rendered":"<p>Le plus souvent, la pluie dissout la majeure partie des pierres \u00e0 sel. Avec ce support, vous avez la garantie que c\u2019est le gibier &#8211; et non la pluie &#8211; qui b\u00e9n\u00e9ficiera de la pierre \u00e0 sel.<\/p>\n","protected":false},"featured_media":28473,"template":"","meta":[],"product_brand":[],"product_cat":[8233],"product_tag":[9151],"yoast_head":"<!-- This site is optimized with the Yoast SEO plugin v24.3 - https:\/\/yoast.com\/wordpress\/plugins\/seo\/ -->\n<title>Porte-pierres \u00e0 sel - Prolonge la dur\u00e9e de vie des pierres \u00e0 sel pour les animaux sauvages et domestiques<\/title>\n<meta name=\"description\" content=\"Le plus souvent, la pluie dissout la majeure partie des pierres \u00e0 sel. Avec ce support, il est garanti que le gibier - et non la pluie - b\u00e9n\u00e9ficiera de la pierre de sel.\" \/>\n<meta name=\"robots\" content=\"noindex, follow, max-snippet:-1, max-image-preview:large, max-video-preview:-1\" \/>\n<meta property=\"og:locale\" content=\"fr_FR\" \/>\n<meta property=\"og:type\" content=\"article\" \/>\n<meta property=\"og:title\" content=\"Porte-pierres \u00e0 sel - Prolonge la dur\u00e9e de vie des pierres \u00e0 sel pour les animaux sauvages et domestiques\" \/>\n<meta property=\"og:description\" content=\"Le plus souvent, la pluie dissout la majeure partie des pierres \u00e0 sel. Avec ce support, il est garanti que le gibier - et non la pluie - b\u00e9n\u00e9ficiera de la pierre de sel.\" \/>\n<meta property=\"og:url\" content=\"https:\/\/staging.lucky-hunter.com\/product\/salt-stone-holder\/\" \/>\n<meta property=\"og:site_name\" content=\"Lucky-Hunter\" \/>\n<meta property=\"article:modified_time\" content=\"2023-07-03T13:38:38+00:00\" \/>\n<meta property=\"og:image\" content=\"https:\/\/staging.lucky-hunter.com\/wp-content\/uploads\/2016\/11\/WF-180.png\" \/>\n\t<meta property=\"og:image:width\" content=\"1000\" \/>\n\t<meta property=\"og:image:height\" content=\"1000\" \/>\n\t<meta property=\"og:image:type\" content=\"image\/png\" \/>\n<meta name=\"twitter:card\" content=\"summary_large_image\" \/>\n<meta name=\"twitter:label1\" content=\"Dur\u00e9e de lecture estim\u00e9e\" \/>\n\t<meta name=\"twitter:data1\" content=\"1 minute\" \/>\n<script type=\"application\/ld+json\" class=\"yoast-schema-graph\">{\"@context\":\"https:\/\/schema.org\",\"@graph\":[{\"@type\":\"WebPage\",\"@id\":\"https:\/\/staging.lucky-hunter.com\/product\/salt-stone-holder\/\",\"url\":\"https:\/\/staging.lucky-hunter.com\/product\/salt-stone-holder\/\",\"name\":\"Porte-pierres \u00e0 sel - Prolonge la dur\u00e9e de vie des pierres \u00e0 sel pour les animaux sauvages et domestiques\",\"isPartOf\":{\"@id\":\"https:\/\/staging.lucky-hunter.com\/#website\"},\"primaryImageOfPage\":{\"@id\":\"https:\/\/staging.lucky-hunter.com\/product\/salt-stone-holder\/#primaryimage\"},\"image\":{\"@id\":\"https:\/\/staging.lucky-hunter.com\/product\/salt-stone-holder\/#primaryimage\"},\"thumbnailUrl\":\"https:\/\/staging.lucky-hunter.com\/wp-content\/uploads\/2016\/11\/WF-180.png\",\"datePublished\":\"2016-11-07T15:10:05+00:00\",\"dateModified\":\"2023-07-03T13:38:38+00:00\",\"description\":\"Le plus souvent, la pluie dissout la majeure partie des pierres \u00e0 sel. Avec ce support, il est garanti que le gibier - et non la pluie - b\u00e9n\u00e9ficiera de la pierre de sel.\",\"breadcrumb\":{\"@id\":\"https:\/\/staging.lucky-hunter.com\/product\/salt-stone-holder\/#breadcrumb\"},\"inLanguage\":\"fr-FR\",\"potentialAction\":[{\"@type\":\"ReadAction\",\"target\":[\"https:\/\/staging.lucky-hunter.com\/product\/salt-stone-holder\/\"]}]},{\"@type\":\"ImageObject\",\"inLanguage\":\"fr-FR\",\"@id\":\"https:\/\/staging.lucky-hunter.com\/product\/salt-stone-holder\/#primaryimage\",\"url\":\"https:\/\/staging.lucky-hunter.com\/wp-content\/uploads\/2016\/11\/WF-180.png\",\"contentUrl\":\"https:\/\/staging.lucky-hunter.com\/wp-content\/uploads\/2016\/11\/WF-180.png\",\"width\":1000,\"height\":1000},{\"@type\":\"BreadcrumbList\",\"@id\":\"https:\/\/staging.lucky-hunter.com\/product\/salt-stone-holder\/#breadcrumb\",\"itemListElement\":[{\"@type\":\"ListItem\",\"position\":1,\"name\":\"Home\",\"item\":\"https:\/\/staging.lucky-hunter.com\/fr\/\"},{\"@type\":\"ListItem\",\"position\":2,\"name\":\"Boutique\",\"item\":\"https:\/\/staging.lucky-hunter.com\/fr\/shop\/\"},{\"@type\":\"ListItem\",\"position\":3,\"name\":\"Support pour Pierre \u00e0 Sel\"}]},{\"@type\":\"WebSite\",\"@id\":\"https:\/\/staging.lucky-hunter.com\/#website\",\"url\":\"https:\/\/staging.lucky-hunter.com\/\",\"name\":\"Lucky-Hunter\",\"description\":\"Gear Up or Give Up\",\"potentialAction\":[{\"@type\":\"SearchAction\",\"target\":{\"@type\":\"EntryPoint\",\"urlTemplate\":\"https:\/\/staging.lucky-hunter.com\/?s={search_term_string}\"},\"query-input\":{\"@type\":\"PropertyValueSpecification\",\"valueRequired\":true,\"valueName\":\"search_term_string\"}}],\"inLanguage\":\"fr-FR\"}]}<\/script>\n<!-- \/ Yoast SEO plugin. -->","yoast_head_json":{"title":"Porte-pierres \u00e0 sel - Prolonge la dur\u00e9e de vie des pierres \u00e0 sel pour les animaux sauvages et domestiques","description":"Le plus souvent, la pluie dissout la majeure partie des pierres \u00e0 sel. Avec ce support, il est garanti que le gibier - et non la pluie - b\u00e9n\u00e9ficiera de la pierre de sel.","robots":{"index":"noindex","follow":"follow","max-snippet":"max-snippet:-1","max-image-preview":"max-image-preview:large","max-video-preview":"max-video-preview:-1"},"og_locale":"fr_FR","og_type":"article","og_title":"Porte-pierres \u00e0 sel - Prolonge la dur\u00e9e de vie des pierres \u00e0 sel pour les animaux sauvages et domestiques","og_description":"Le plus souvent, la pluie dissout la majeure partie des pierres \u00e0 sel. Avec ce support, il est garanti que le gibier - et non la pluie - b\u00e9n\u00e9ficiera de la pierre de sel.","og_url":"https:\/\/staging.lucky-hunter.com\/product\/salt-stone-holder\/","og_site_name":"Lucky-Hunter","article_modified_time":"2023-07-03T13:38:38+00:00","og_image":[{"width":1000,"height":1000,"url":"https:\/\/staging.lucky-hunter.com\/wp-content\/uploads\/2016\/11\/WF-180.png","type":"image\/png"}],"twitter_card":"summary_large_image","twitter_misc":{"Dur\u00e9e de lecture estim\u00e9e":"1 minute"},"schema":{"@context":"https:\/\/schema.org","@graph":[{"@type":"WebPage","@id":"https:\/\/staging.lucky-hunter.com\/product\/salt-stone-holder\/","url":"https:\/\/staging.lucky-hunter.com\/product\/salt-stone-holder\/","name":"Porte-pierres \u00e0 sel - Prolonge la dur\u00e9e de vie des pierres \u00e0 sel pour les animaux sauvages et domestiques","isPartOf":{"@id":"https:\/\/staging.lucky-hunter.com\/#website"},"primaryImageOfPage":{"@id":"https:\/\/staging.lucky-hunter.com\/product\/salt-stone-holder\/#primaryimage"},"image":{"@id":"https:\/\/staging.lucky-hunter.com\/product\/salt-stone-holder\/#primaryimage"},"thumbnailUrl":"https:\/\/staging.lucky-hunter.com\/wp-content\/uploads\/2016\/11\/WF-180.png","datePublished":"2016-11-07T15:10:05+00:00","dateModified":"2023-07-03T13:38:38+00:00","description":"Le plus souvent, la pluie dissout la majeure partie des pierres \u00e0 sel. Avec ce support, il est garanti que le gibier - et non la pluie - b\u00e9n\u00e9ficiera de la pierre de sel.","breadcrumb":{"@id":"https:\/\/staging.lucky-hunter.com\/product\/salt-stone-holder\/#breadcrumb"},"inLanguage":"fr-FR","potentialAction":[{"@type":"ReadAction","target":["https:\/\/staging.lucky-hunter.com\/product\/salt-stone-holder\/"]}]},{"@type":"ImageObject","inLanguage":"fr-FR","@id":"https:\/\/staging.lucky-hunter.com\/product\/salt-stone-holder\/#primaryimage","url":"https:\/\/staging.lucky-hunter.com\/wp-content\/uploads\/2016\/11\/WF-180.png","contentUrl":"https:\/\/staging.lucky-hunter.com\/wp-content\/uploads\/2016\/11\/WF-180.png","width":1000,"height":1000},{"@type":"BreadcrumbList","@id":"https:\/\/staging.lucky-hunter.com\/product\/salt-stone-holder\/#breadcrumb","itemListElement":[{"@type":"ListItem","position":1,"name":"Home","item":"https:\/\/staging.lucky-hunter.com\/fr\/"},{"@type":"ListItem","position":2,"name":"Boutique","item":"https:\/\/staging.lucky-hunter.com\/fr\/shop\/"},{"@type":"ListItem","position":3,"name":"Support pour Pierre \u00e0 Sel"}]},{"@type":"WebSite","@id":"https:\/\/staging.lucky-hunter.com\/#website","url":"https:\/\/staging.lucky-hunter.com\/","name":"Lucky-Hunter","description":"Gear Up or Give Up","potentialAction":[{"@type":"SearchAction","target":{"@type":"EntryPoint","urlTemplate":"https:\/\/staging.lucky-hunter.com\/?s={search_term_string}"},"query-input":{"@type":"PropertyValueSpecification","valueRequired":true,"valueName":"search_term_string"}}],"inLanguage":"fr-FR"}]}},"_links":{"self":[{"href":"https:\/\/staging.lucky-hunter.com\/fr\/wp-json\/wp\/v2\/product\/51031"}],"collection":[{"href":"https:\/\/staging.lucky-hunter.com\/fr\/wp-json\/wp\/v2\/product"}],"about":[{"href":"https:\/\/staging.lucky-hunter.com\/fr\/wp-json\/wp\/v2\/types\/product"}],"wp:featuredmedia":[{"embeddable":true,"href":"https:\/\/staging.lucky-hunter.com\/fr\/wp-json\/wp\/v2\/media\/28473"}],"wp:attachment":[{"href":"https:\/\/staging.lucky-hunter.com\/fr\/wp-json\/wp\/v2\/media?parent=51031"}],"wp:term":[{"taxonomy":"product_brand","embeddable":true,"href":"https:\/\/staging.lucky-hunter.com\/fr\/wp-json\/wp\/v2\/product_brand?post=51031"},{"taxonomy":"product_cat","embeddable":true,"href":"https:\/\/staging.lucky-hunter.com\/fr\/wp-json\/wp\/v2\/product_cat?post=51031"},{"taxonomy":"product_tag","embeddable":true,"href":"https:\/\/staging.lucky-hunter.com\/fr\/wp-json\/wp\/v2\/product_tag?post=51031"}],"curies":[{"name":"wp","href":"https:\/\/api.w.org\/{rel}","templated":true}]}}