{"id":51030,"date":"2016-11-07T16:03:23","date_gmt":"2016-11-07T15:03:23","guid":{"rendered":"https:\/\/staging.lucky-hunter.com\/product\/bird-guard-for-automatic-feeder\/"},"modified":"2023-07-03T15:37:48","modified_gmt":"2023-07-03T13:37:48","slug":"bird-guard-for-automatic-feeder","status":"publish","type":"product","link":"https:\/\/staging.lucky-hunter.com\/fr\/product\/bird-guard-for-automatic-feeder\/","title":{"rendered":"Pare-Oiseaux pour Agrainoir Automatique"},"content":{"rendered":"<p>Avec ce dispositif pare-oiseaux mont\u00e9 sur votre agrainoir automatique, vous pourrez \u00e9viter que les oiseaux ne se servent directement dans l\u2019agrainoir.<\/p>\n<p>Ainsi, c\u2019est vous qui contr\u00f4lerez l\u2019heure \u00e0 laquelle la nourriture est distribu\u00e9e.<\/p>\n<p>Montage simple, rapide et sans outils.<\/p>\n","protected":false},"excerpt":{"rendered":"<p>Avec ce dispositif pare-oiseaux mont\u00e9 sur votre agrainoir automatique, vous pourrez \u00e9viter que les oiseaux ne se servent directement dans l\u2019agrainoir.\u00a0Ainsi, c\u2019est vous qui contr\u00f4lerez l\u2019heure \u00e0 laquelle la nourriture est distribu\u00e9e.<\/p>\n","protected":false},"featured_media":29907,"template":"","meta":[],"product_brand":[],"product_cat":[8233],"product_tag":[9151,9442],"yoast_head":"<!-- This site is optimized with the Yoast SEO plugin v24.3 - https:\/\/yoast.com\/wordpress\/plugins\/seo\/ -->\n<title>Bird Guard pour mangeoire automatique - Montage rapide et facile sans outils<\/title>\n<meta name=\"description\" content=\"Avec un pare-oiseaux mont\u00e9 autour de votre mangeoire automatique, vous \u00e9vitez que les oiseaux mangent directement pr\u00e8s de la mangeoire. Ainsi, c\u2019est vous qui contr\u00f4lerez l\u2019heure \u00e0 laquelle la nourriture est distribu\u00e9e.\" \/>\n<meta name=\"robots\" content=\"noindex, follow, max-snippet:-1, max-image-preview:large, max-video-preview:-1\" \/>\n<meta property=\"og:locale\" content=\"fr_FR\" \/>\n<meta property=\"og:type\" content=\"article\" \/>\n<meta property=\"og:title\" content=\"Bird Guard pour mangeoire automatique - Montage rapide et facile sans outils\" \/>\n<meta property=\"og:description\" content=\"Avec un pare-oiseaux mont\u00e9 autour de votre mangeoire automatique, vous \u00e9vitez que les oiseaux mangent directement pr\u00e8s de la mangeoire. Ainsi, c\u2019est vous qui contr\u00f4lerez l\u2019heure \u00e0 laquelle la nourriture est distribu\u00e9e.\" \/>\n<meta property=\"og:url\" content=\"https:\/\/staging.lucky-hunter.com\/fr\/product\/bird-guard-for-automatic-feeder\/\" \/>\n<meta property=\"og:site_name\" content=\"Lucky-Hunter\" \/>\n<meta property=\"article:modified_time\" content=\"2023-07-03T13:37:48+00:00\" \/>\n<meta property=\"og:image\" content=\"https:\/\/staging.lucky-hunter.com\/wp-content\/uploads\/2016\/11\/WF-135-Fugle-sk_rm.png\" \/>\n\t<meta property=\"og:image:width\" content=\"1000\" \/>\n\t<meta property=\"og:image:height\" content=\"1000\" \/>\n\t<meta property=\"og:image:type\" content=\"image\/png\" \/>\n<meta name=\"twitter:card\" content=\"summary_large_image\" \/>\n<meta name=\"twitter:label1\" content=\"Dur\u00e9e de lecture estim\u00e9e\" \/>\n\t<meta name=\"twitter:data1\" content=\"1 minute\" \/>\n<script type=\"application\/ld+json\" class=\"yoast-schema-graph\">{\"@context\":\"https:\/\/schema.org\",\"@graph\":[{\"@type\":\"WebPage\",\"@id\":\"https:\/\/staging.lucky-hunter.com\/fr\/product\/bird-guard-for-automatic-feeder\/\",\"url\":\"https:\/\/staging.lucky-hunter.com\/fr\/product\/bird-guard-for-automatic-feeder\/\",\"name\":\"Bird Guard pour mangeoire automatique - Montage rapide et facile sans outils\",\"isPartOf\":{\"@id\":\"https:\/\/staging.lucky-hunter.com\/#website\"},\"primaryImageOfPage\":{\"@id\":\"https:\/\/staging.lucky-hunter.com\/fr\/product\/bird-guard-for-automatic-feeder\/#primaryimage\"},\"image\":{\"@id\":\"https:\/\/staging.lucky-hunter.com\/fr\/product\/bird-guard-for-automatic-feeder\/#primaryimage\"},\"thumbnailUrl\":\"https:\/\/staging.lucky-hunter.com\/wp-content\/uploads\/2016\/11\/WF-135-Fugle-sk_rm.png\",\"datePublished\":\"2016-11-07T15:03:23+00:00\",\"dateModified\":\"2023-07-03T13:37:48+00:00\",\"description\":\"Avec un pare-oiseaux mont\u00e9 autour de votre mangeoire automatique, vous \u00e9vitez que les oiseaux mangent directement pr\u00e8s de la mangeoire. Ainsi, c\u2019est vous qui contr\u00f4lerez l\u2019heure \u00e0 laquelle la nourriture est distribu\u00e9e.\",\"breadcrumb\":{\"@id\":\"https:\/\/staging.lucky-hunter.com\/fr\/product\/bird-guard-for-automatic-feeder\/#breadcrumb\"},\"inLanguage\":\"fr-FR\",\"potentialAction\":[{\"@type\":\"ReadAction\",\"target\":[\"https:\/\/staging.lucky-hunter.com\/fr\/product\/bird-guard-for-automatic-feeder\/\"]}]},{\"@type\":\"ImageObject\",\"inLanguage\":\"fr-FR\",\"@id\":\"https:\/\/staging.lucky-hunter.com\/fr\/product\/bird-guard-for-automatic-feeder\/#primaryimage\",\"url\":\"https:\/\/staging.lucky-hunter.com\/wp-content\/uploads\/2016\/11\/WF-135-Fugle-sk_rm.png\",\"contentUrl\":\"https:\/\/staging.lucky-hunter.com\/wp-content\/uploads\/2016\/11\/WF-135-Fugle-sk_rm.png\",\"width\":1000,\"height\":1000},{\"@type\":\"BreadcrumbList\",\"@id\":\"https:\/\/staging.lucky-hunter.com\/fr\/product\/bird-guard-for-automatic-feeder\/#breadcrumb\",\"itemListElement\":[{\"@type\":\"ListItem\",\"position\":1,\"name\":\"Home\",\"item\":\"https:\/\/staging.lucky-hunter.com\/fr\/\"},{\"@type\":\"ListItem\",\"position\":2,\"name\":\"Boutique\",\"item\":\"https:\/\/staging.lucky-hunter.com\/fr\/shop\/\"},{\"@type\":\"ListItem\",\"position\":3,\"name\":\"Pare-Oiseaux pour Agrainoir Automatique\"}]},{\"@type\":\"WebSite\",\"@id\":\"https:\/\/staging.lucky-hunter.com\/#website\",\"url\":\"https:\/\/staging.lucky-hunter.com\/\",\"name\":\"Lucky-Hunter\",\"description\":\"Gear Up or Give Up\",\"potentialAction\":[{\"@type\":\"SearchAction\",\"target\":{\"@type\":\"EntryPoint\",\"urlTemplate\":\"https:\/\/staging.lucky-hunter.com\/?s={search_term_string}\"},\"query-input\":{\"@type\":\"PropertyValueSpecification\",\"valueRequired\":true,\"valueName\":\"search_term_string\"}}],\"inLanguage\":\"fr-FR\"}]}<\/script>\n<!-- \/ Yoast SEO plugin. -->","yoast_head_json":{"title":"Bird Guard pour mangeoire automatique - Montage rapide et facile sans outils","description":"Avec un pare-oiseaux mont\u00e9 autour de votre mangeoire automatique, vous \u00e9vitez que les oiseaux mangent directement pr\u00e8s de la mangeoire. Ainsi, c\u2019est vous qui contr\u00f4lerez l\u2019heure \u00e0 laquelle la nourriture est distribu\u00e9e.","robots":{"index":"noindex","follow":"follow","max-snippet":"max-snippet:-1","max-image-preview":"max-image-preview:large","max-video-preview":"max-video-preview:-1"},"og_locale":"fr_FR","og_type":"article","og_title":"Bird Guard pour mangeoire automatique - Montage rapide et facile sans outils","og_description":"Avec un pare-oiseaux mont\u00e9 autour de votre mangeoire automatique, vous \u00e9vitez que les oiseaux mangent directement pr\u00e8s de la mangeoire. Ainsi, c\u2019est vous qui contr\u00f4lerez l\u2019heure \u00e0 laquelle la nourriture est distribu\u00e9e.","og_url":"https:\/\/staging.lucky-hunter.com\/fr\/product\/bird-guard-for-automatic-feeder\/","og_site_name":"Lucky-Hunter","article_modified_time":"2023-07-03T13:37:48+00:00","og_image":[{"width":1000,"height":1000,"url":"https:\/\/staging.lucky-hunter.com\/wp-content\/uploads\/2016\/11\/WF-135-Fugle-sk_rm.png","type":"image\/png"}],"twitter_card":"summary_large_image","twitter_misc":{"Dur\u00e9e de lecture estim\u00e9e":"1 minute"},"schema":{"@context":"https:\/\/schema.org","@graph":[{"@type":"WebPage","@id":"https:\/\/staging.lucky-hunter.com\/fr\/product\/bird-guard-for-automatic-feeder\/","url":"https:\/\/staging.lucky-hunter.com\/fr\/product\/bird-guard-for-automatic-feeder\/","name":"Bird Guard pour mangeoire automatique - Montage rapide et facile sans outils","isPartOf":{"@id":"https:\/\/staging.lucky-hunter.com\/#website"},"primaryImageOfPage":{"@id":"https:\/\/staging.lucky-hunter.com\/fr\/product\/bird-guard-for-automatic-feeder\/#primaryimage"},"image":{"@id":"https:\/\/staging.lucky-hunter.com\/fr\/product\/bird-guard-for-automatic-feeder\/#primaryimage"},"thumbnailUrl":"https:\/\/staging.lucky-hunter.com\/wp-content\/uploads\/2016\/11\/WF-135-Fugle-sk_rm.png","datePublished":"2016-11-07T15:03:23+00:00","dateModified":"2023-07-03T13:37:48+00:00","description":"Avec un pare-oiseaux mont\u00e9 autour de votre mangeoire automatique, vous \u00e9vitez que les oiseaux mangent directement pr\u00e8s de la mangeoire. Ainsi, c\u2019est vous qui contr\u00f4lerez l\u2019heure \u00e0 laquelle la nourriture est distribu\u00e9e.","breadcrumb":{"@id":"https:\/\/staging.lucky-hunter.com\/fr\/product\/bird-guard-for-automatic-feeder\/#breadcrumb"},"inLanguage":"fr-FR","potentialAction":[{"@type":"ReadAction","target":["https:\/\/staging.lucky-hunter.com\/fr\/product\/bird-guard-for-automatic-feeder\/"]}]},{"@type":"ImageObject","inLanguage":"fr-FR","@id":"https:\/\/staging.lucky-hunter.com\/fr\/product\/bird-guard-for-automatic-feeder\/#primaryimage","url":"https:\/\/staging.lucky-hunter.com\/wp-content\/uploads\/2016\/11\/WF-135-Fugle-sk_rm.png","contentUrl":"https:\/\/staging.lucky-hunter.com\/wp-content\/uploads\/2016\/11\/WF-135-Fugle-sk_rm.png","width":1000,"height":1000},{"@type":"BreadcrumbList","@id":"https:\/\/staging.lucky-hunter.com\/fr\/product\/bird-guard-for-automatic-feeder\/#breadcrumb","itemListElement":[{"@type":"ListItem","position":1,"name":"Home","item":"https:\/\/staging.lucky-hunter.com\/fr\/"},{"@type":"ListItem","position":2,"name":"Boutique","item":"https:\/\/staging.lucky-hunter.com\/fr\/shop\/"},{"@type":"ListItem","position":3,"name":"Pare-Oiseaux pour Agrainoir Automatique"}]},{"@type":"WebSite","@id":"https:\/\/staging.lucky-hunter.com\/#website","url":"https:\/\/staging.lucky-hunter.com\/","name":"Lucky-Hunter","description":"Gear Up or Give Up","potentialAction":[{"@type":"SearchAction","target":{"@type":"EntryPoint","urlTemplate":"https:\/\/staging.lucky-hunter.com\/?s={search_term_string}"},"query-input":{"@type":"PropertyValueSpecification","valueRequired":true,"valueName":"search_term_string"}}],"inLanguage":"fr-FR"}]}},"_links":{"self":[{"href":"https:\/\/staging.lucky-hunter.com\/fr\/wp-json\/wp\/v2\/product\/51030"}],"collection":[{"href":"https:\/\/staging.lucky-hunter.com\/fr\/wp-json\/wp\/v2\/product"}],"about":[{"href":"https:\/\/staging.lucky-hunter.com\/fr\/wp-json\/wp\/v2\/types\/product"}],"wp:featuredmedia":[{"embeddable":true,"href":"https:\/\/staging.lucky-hunter.com\/fr\/wp-json\/wp\/v2\/media\/29907"}],"wp:attachment":[{"href":"https:\/\/staging.lucky-hunter.com\/fr\/wp-json\/wp\/v2\/media?parent=51030"}],"wp:term":[{"taxonomy":"product_brand","embeddable":true,"href":"https:\/\/staging.lucky-hunter.com\/fr\/wp-json\/wp\/v2\/product_brand?post=51030"},{"taxonomy":"product_cat","embeddable":true,"href":"https:\/\/staging.lucky-hunter.com\/fr\/wp-json\/wp\/v2\/product_cat?post=51030"},{"taxonomy":"product_tag","embeddable":true,"href":"https:\/\/staging.lucky-hunter.com\/fr\/wp-json\/wp\/v2\/product_tag?post=51030"}],"curies":[{"name":"wp","href":"https:\/\/api.w.org\/{rel}","templated":true}]}}