{"id":51028,"date":"2016-11-07T16:10:38","date_gmt":"2016-11-07T15:10:38","guid":{"rendered":"https:\/\/staging.lucky-hunter.com\/product\/feeder-cup-for-corn-and-pellets\/"},"modified":"2024-05-01T08:39:00","modified_gmt":"2024-05-01T06:39:00","slug":"feeder-cup-for-corn-and-pellets","status":"publish","type":"product","link":"https:\/\/staging.lucky-hunter.com\/fr\/product\/feeder-cup-for-corn-and-pellets\/","title":{"rendered":"Mangeoire d\u2019Agrainoir pour Ma\u00efs et Granul\u00e9s"},"content":{"rendered":"<p>Cette mangeoire \u00e0 monter sous le bidon en plastique \/ le seau de votre agrainoir constitue une solution simple pour nourrir le gibier avec du ma\u00efs et des granul\u00e9s.<\/p>\n<p>Le ma\u00efs glisse dans la mangeoire et le gibier peut y acc\u00e9der facilement.<\/p>\n<p>Particuli\u00e8rement adapt\u00e9e pour nourrir les faisans, les cerfs et les canards.<\/p>\n<p>Fabriqu\u00e9e en plastique r\u00e9sistant.<\/p>\n<p>Vis de montage incluses.<\/p>\n<p>Dimensions\u00a0: 150 mm\u00a0x\u00a0105 mm.<\/p>\n","protected":false},"excerpt":{"rendered":"<p>Cette mangeoire \u00e0 monter sous le bidon en plastique \/ le seau de votre agrainoir constitue une solution simple pour nourrir le gibier avec du ma\u00efs et des granul\u00e9s.<\/p>\n","protected":false},"featured_media":28476,"template":"","meta":[],"product_brand":[],"product_cat":[8233],"product_tag":[9235,9151],"yoast_head":"<!-- This site is optimized with the Yoast SEO plugin v24.3 - https:\/\/yoast.com\/wordpress\/plugins\/seo\/ -->\n<title>Gobelet d&#039;alimentation pour ma\u00efs et granul\u00e9s Particuli\u00e8rement adapt\u00e9 pour l&#039;alimentation des faisans, des cerfs et des canards<\/title>\n<meta name=\"description\" content=\"Cette mangeoire \u00e0 monter sous le bidon en plastique \/ le seau de votre agrainoir constitue une solution simple pour nourrir le gibier avec du ma\u00efs et des granul\u00e9s.\" \/>\n<meta name=\"robots\" content=\"noindex, follow, max-snippet:-1, max-image-preview:large, max-video-preview:-1\" \/>\n<meta property=\"og:locale\" content=\"fr_FR\" \/>\n<meta property=\"og:type\" content=\"article\" \/>\n<meta property=\"og:title\" content=\"Gobelet d&#039;alimentation pour ma\u00efs et granul\u00e9s Particuli\u00e8rement adapt\u00e9 pour l&#039;alimentation des faisans, des cerfs et des canards\" \/>\n<meta property=\"og:description\" content=\"Cette mangeoire \u00e0 monter sous le bidon en plastique \/ le seau de votre agrainoir constitue une solution simple pour nourrir le gibier avec du ma\u00efs et des granul\u00e9s.\" \/>\n<meta property=\"og:url\" content=\"https:\/\/staging.lucky-hunter.com\/fr\/product\/feeder-cup-for-corn-and-pellets\/\" \/>\n<meta property=\"og:site_name\" content=\"Lucky-Hunter\" \/>\n<meta property=\"article:modified_time\" content=\"2024-05-01T06:39:00+00:00\" \/>\n<meta property=\"og:image\" content=\"https:\/\/staging.lucky-hunter.com\/wp-content\/uploads\/2016\/11\/WF-185.png\" \/>\n\t<meta property=\"og:image:width\" content=\"1000\" \/>\n\t<meta property=\"og:image:height\" content=\"1000\" \/>\n\t<meta property=\"og:image:type\" content=\"image\/png\" \/>\n<meta name=\"twitter:card\" content=\"summary_large_image\" \/>\n<script type=\"application\/ld+json\" class=\"yoast-schema-graph\">{\"@context\":\"https:\/\/schema.org\",\"@graph\":[{\"@type\":\"WebPage\",\"@id\":\"https:\/\/staging.lucky-hunter.com\/fr\/product\/feeder-cup-for-corn-and-pellets\/\",\"url\":\"https:\/\/staging.lucky-hunter.com\/fr\/product\/feeder-cup-for-corn-and-pellets\/\",\"name\":\"Gobelet d'alimentation pour ma\u00efs et granul\u00e9s Particuli\u00e8rement adapt\u00e9 pour l'alimentation des faisans, des cerfs et des canards\",\"isPartOf\":{\"@id\":\"https:\/\/staging.lucky-hunter.com\/#website\"},\"primaryImageOfPage\":{\"@id\":\"https:\/\/staging.lucky-hunter.com\/fr\/product\/feeder-cup-for-corn-and-pellets\/#primaryimage\"},\"image\":{\"@id\":\"https:\/\/staging.lucky-hunter.com\/fr\/product\/feeder-cup-for-corn-and-pellets\/#primaryimage\"},\"thumbnailUrl\":\"https:\/\/staging.lucky-hunter.com\/wp-content\/uploads\/2016\/11\/WF-185.png\",\"datePublished\":\"2016-11-07T15:10:38+00:00\",\"dateModified\":\"2024-05-01T06:39:00+00:00\",\"description\":\"Cette mangeoire \u00e0 monter sous le bidon en plastique \/ le seau de votre agrainoir constitue une solution simple pour nourrir le gibier avec du ma\u00efs et des granul\u00e9s.\",\"breadcrumb\":{\"@id\":\"https:\/\/staging.lucky-hunter.com\/fr\/product\/feeder-cup-for-corn-and-pellets\/#breadcrumb\"},\"inLanguage\":\"fr-FR\",\"potentialAction\":[{\"@type\":\"ReadAction\",\"target\":[\"https:\/\/staging.lucky-hunter.com\/fr\/product\/feeder-cup-for-corn-and-pellets\/\"]}]},{\"@type\":\"ImageObject\",\"inLanguage\":\"fr-FR\",\"@id\":\"https:\/\/staging.lucky-hunter.com\/fr\/product\/feeder-cup-for-corn-and-pellets\/#primaryimage\",\"url\":\"https:\/\/staging.lucky-hunter.com\/wp-content\/uploads\/2016\/11\/WF-185.png\",\"contentUrl\":\"https:\/\/staging.lucky-hunter.com\/wp-content\/uploads\/2016\/11\/WF-185.png\",\"width\":1000,\"height\":1000},{\"@type\":\"BreadcrumbList\",\"@id\":\"https:\/\/staging.lucky-hunter.com\/fr\/product\/feeder-cup-for-corn-and-pellets\/#breadcrumb\",\"itemListElement\":[{\"@type\":\"ListItem\",\"position\":1,\"name\":\"Home\",\"item\":\"https:\/\/staging.lucky-hunter.com\/fr\/\"},{\"@type\":\"ListItem\",\"position\":2,\"name\":\"Boutique\",\"item\":\"https:\/\/staging.lucky-hunter.com\/fr\/shop\/\"},{\"@type\":\"ListItem\",\"position\":3,\"name\":\"Mangeoire d\u2019Agrainoir pour Ma\u00efs et Granul\u00e9s\"}]},{\"@type\":\"WebSite\",\"@id\":\"https:\/\/staging.lucky-hunter.com\/#website\",\"url\":\"https:\/\/staging.lucky-hunter.com\/\",\"name\":\"Lucky-Hunter\",\"description\":\"Gear Up or Give Up\",\"potentialAction\":[{\"@type\":\"SearchAction\",\"target\":{\"@type\":\"EntryPoint\",\"urlTemplate\":\"https:\/\/staging.lucky-hunter.com\/?s={search_term_string}\"},\"query-input\":{\"@type\":\"PropertyValueSpecification\",\"valueRequired\":true,\"valueName\":\"search_term_string\"}}],\"inLanguage\":\"fr-FR\"}]}<\/script>\n<!-- \/ Yoast SEO plugin. -->","yoast_head_json":{"title":"Gobelet d'alimentation pour ma\u00efs et granul\u00e9s Particuli\u00e8rement adapt\u00e9 pour l'alimentation des faisans, des cerfs et des canards","description":"Cette mangeoire \u00e0 monter sous le bidon en plastique \/ le seau de votre agrainoir constitue une solution simple pour nourrir le gibier avec du ma\u00efs et des granul\u00e9s.","robots":{"index":"noindex","follow":"follow","max-snippet":"max-snippet:-1","max-image-preview":"max-image-preview:large","max-video-preview":"max-video-preview:-1"},"og_locale":"fr_FR","og_type":"article","og_title":"Gobelet d'alimentation pour ma\u00efs et granul\u00e9s Particuli\u00e8rement adapt\u00e9 pour l'alimentation des faisans, des cerfs et des canards","og_description":"Cette mangeoire \u00e0 monter sous le bidon en plastique \/ le seau de votre agrainoir constitue une solution simple pour nourrir le gibier avec du ma\u00efs et des granul\u00e9s.","og_url":"https:\/\/staging.lucky-hunter.com\/fr\/product\/feeder-cup-for-corn-and-pellets\/","og_site_name":"Lucky-Hunter","article_modified_time":"2024-05-01T06:39:00+00:00","og_image":[{"width":1000,"height":1000,"url":"https:\/\/staging.lucky-hunter.com\/wp-content\/uploads\/2016\/11\/WF-185.png","type":"image\/png"}],"twitter_card":"summary_large_image","schema":{"@context":"https:\/\/schema.org","@graph":[{"@type":"WebPage","@id":"https:\/\/staging.lucky-hunter.com\/fr\/product\/feeder-cup-for-corn-and-pellets\/","url":"https:\/\/staging.lucky-hunter.com\/fr\/product\/feeder-cup-for-corn-and-pellets\/","name":"Gobelet d'alimentation pour ma\u00efs et granul\u00e9s Particuli\u00e8rement adapt\u00e9 pour l'alimentation des faisans, des cerfs et des canards","isPartOf":{"@id":"https:\/\/staging.lucky-hunter.com\/#website"},"primaryImageOfPage":{"@id":"https:\/\/staging.lucky-hunter.com\/fr\/product\/feeder-cup-for-corn-and-pellets\/#primaryimage"},"image":{"@id":"https:\/\/staging.lucky-hunter.com\/fr\/product\/feeder-cup-for-corn-and-pellets\/#primaryimage"},"thumbnailUrl":"https:\/\/staging.lucky-hunter.com\/wp-content\/uploads\/2016\/11\/WF-185.png","datePublished":"2016-11-07T15:10:38+00:00","dateModified":"2024-05-01T06:39:00+00:00","description":"Cette mangeoire \u00e0 monter sous le bidon en plastique \/ le seau de votre agrainoir constitue une solution simple pour nourrir le gibier avec du ma\u00efs et des granul\u00e9s.","breadcrumb":{"@id":"https:\/\/staging.lucky-hunter.com\/fr\/product\/feeder-cup-for-corn-and-pellets\/#breadcrumb"},"inLanguage":"fr-FR","potentialAction":[{"@type":"ReadAction","target":["https:\/\/staging.lucky-hunter.com\/fr\/product\/feeder-cup-for-corn-and-pellets\/"]}]},{"@type":"ImageObject","inLanguage":"fr-FR","@id":"https:\/\/staging.lucky-hunter.com\/fr\/product\/feeder-cup-for-corn-and-pellets\/#primaryimage","url":"https:\/\/staging.lucky-hunter.com\/wp-content\/uploads\/2016\/11\/WF-185.png","contentUrl":"https:\/\/staging.lucky-hunter.com\/wp-content\/uploads\/2016\/11\/WF-185.png","width":1000,"height":1000},{"@type":"BreadcrumbList","@id":"https:\/\/staging.lucky-hunter.com\/fr\/product\/feeder-cup-for-corn-and-pellets\/#breadcrumb","itemListElement":[{"@type":"ListItem","position":1,"name":"Home","item":"https:\/\/staging.lucky-hunter.com\/fr\/"},{"@type":"ListItem","position":2,"name":"Boutique","item":"https:\/\/staging.lucky-hunter.com\/fr\/shop\/"},{"@type":"ListItem","position":3,"name":"Mangeoire d\u2019Agrainoir pour Ma\u00efs et Granul\u00e9s"}]},{"@type":"WebSite","@id":"https:\/\/staging.lucky-hunter.com\/#website","url":"https:\/\/staging.lucky-hunter.com\/","name":"Lucky-Hunter","description":"Gear Up or Give Up","potentialAction":[{"@type":"SearchAction","target":{"@type":"EntryPoint","urlTemplate":"https:\/\/staging.lucky-hunter.com\/?s={search_term_string}"},"query-input":{"@type":"PropertyValueSpecification","valueRequired":true,"valueName":"search_term_string"}}],"inLanguage":"fr-FR"}]}},"_links":{"self":[{"href":"https:\/\/staging.lucky-hunter.com\/fr\/wp-json\/wp\/v2\/product\/51028"}],"collection":[{"href":"https:\/\/staging.lucky-hunter.com\/fr\/wp-json\/wp\/v2\/product"}],"about":[{"href":"https:\/\/staging.lucky-hunter.com\/fr\/wp-json\/wp\/v2\/types\/product"}],"wp:featuredmedia":[{"embeddable":true,"href":"https:\/\/staging.lucky-hunter.com\/fr\/wp-json\/wp\/v2\/media\/28476"}],"wp:attachment":[{"href":"https:\/\/staging.lucky-hunter.com\/fr\/wp-json\/wp\/v2\/media?parent=51028"}],"wp:term":[{"taxonomy":"product_brand","embeddable":true,"href":"https:\/\/staging.lucky-hunter.com\/fr\/wp-json\/wp\/v2\/product_brand?post=51028"},{"taxonomy":"product_cat","embeddable":true,"href":"https:\/\/staging.lucky-hunter.com\/fr\/wp-json\/wp\/v2\/product_cat?post=51028"},{"taxonomy":"product_tag","embeddable":true,"href":"https:\/\/staging.lucky-hunter.com\/fr\/wp-json\/wp\/v2\/product_tag?post=51028"}],"curies":[{"name":"wp","href":"https:\/\/api.w.org\/{rel}","templated":true}]}}