{"id":51027,"date":"2016-11-07T16:09:58","date_gmt":"2016-11-07T15:09:58","guid":{"rendered":"https:\/\/staging.lucky-hunter.com\/product\/warm-look-out-bag\/"},"modified":"2022-11-16T13:24:07","modified_gmt":"2022-11-16T12:24:07","slug":"warm-look-out-bag","status":"publish","type":"product","link":"https:\/\/staging.lucky-hunter.com\/fr\/product\/warm-look-out-bag\/","title":{"rendered":"Sac Chaud pour l\u2019Aff\u00fbt"},"content":{"rendered":"<p>Sac d\u2019aff\u00fbt chaud et confortable pour chasser jour et nuit malgr\u00e9 le froid hivernal.<\/p>\n<p>Le sac vous enveloppe jusqu\u2019aux \u00e9paules et s\u2019attache \u00e0 l\u2019aide de bretelles int\u00e9gr\u00e9es.<\/p>\n<p>Une double fermeture \u00e9clair sur le pourtour permet de l\u2019ouvrir enti\u00e8rement. Vous pouvez donc vous y glisser facilement.<\/p>\n<p>Le sac peut \u00eatre ouvert par le bas si vous ne voulez pas que vos bottes soient \u00e0 l\u2019int\u00e9rieur, mais il dispose \u00e9galement d\u2019une poche interne amovible pr\u00e9vue \u00e0 cet effet et qui peut \u00eatre lav\u00e9e s\u00e9par\u00e9ment.<\/p>\n<p>Il comporte une couche d\u2019isolant thermique de haute qualit\u00e9 et une doublure en fourrure synth\u00e9tique. Il offre donc une isolation thermique optimale m\u00eame face aux temp\u00e9ratures les plus basses. Dossier haut avec boucles \u00e0 d\u00e9gagement rapide.<\/p>\n<p>La longueur depuis l&#8217;\u00e9paule est de 175 cm, la largeur ferm\u00e9e de 70 cm, et ouverte (circonf\u00e9rence) de 145 cm.<\/p>\n<p>\u00a0<\/p>\n","protected":false},"excerpt":{"rendered":"<p>Ce sac chaud vous enveloppe jusqu\u2019aux \u00e9paules et s\u2019attache \u00e0 l\u2019aide de bretelles int\u00e9gr\u00e9es.\u00a0Une double fermeture \u00e9clair sur le pourtour permet de l\u2019ouvrir enti\u00e8rement.<\/p>\n","protected":false},"featured_media":28447,"template":"","meta":[],"product_brand":[8196],"product_cat":[9383],"product_tag":[9151,9442],"yoast_head":"<!-- This site is optimized with the Yoast SEO plugin v24.3 - https:\/\/yoast.com\/wordpress\/plugins\/seo\/ -->\n<title>Sac d\u2019aff\u00fbt chaud et confortable pour chasser jour et nuit malgr\u00e9 le froid hivernal.<\/title>\n<meta name=\"description\" content=\"Ce sac chaud vous enveloppe jusqu\u2019aux \u00e9paules et s\u2019attache \u00e0 l\u2019aide de bretelles int\u00e9gr\u00e9es. Une double fermeture \u00e9clair sur le pourtour permet de l\u2019ouvrir enti\u00e8rement.\" \/>\n<meta name=\"robots\" content=\"noindex, follow, max-snippet:-1, max-image-preview:large, max-video-preview:-1\" \/>\n<meta property=\"og:locale\" content=\"fr_FR\" \/>\n<meta property=\"og:type\" content=\"article\" \/>\n<meta property=\"og:title\" content=\"Sac d\u2019aff\u00fbt chaud et confortable pour chasser jour et nuit malgr\u00e9 le froid hivernal.\" \/>\n<meta property=\"og:description\" content=\"Ce sac chaud vous enveloppe jusqu\u2019aux \u00e9paules et s\u2019attache \u00e0 l\u2019aide de bretelles int\u00e9gr\u00e9es. Une double fermeture \u00e9clair sur le pourtour permet de l\u2019ouvrir enti\u00e8rement.\" \/>\n<meta property=\"og:url\" content=\"https:\/\/staging.lucky-hunter.com\/product\/warm-look-out-bag\/\" \/>\n<meta property=\"og:site_name\" content=\"Lucky-Hunter\" \/>\n<meta property=\"article:modified_time\" content=\"2022-11-16T12:24:07+00:00\" \/>\n<meta property=\"og:image\" content=\"https:\/\/staging.lucky-hunter.com\/wp-content\/uploads\/2016\/11\/690783.png\" \/>\n\t<meta property=\"og:image:width\" content=\"1000\" \/>\n\t<meta property=\"og:image:height\" content=\"1000\" \/>\n\t<meta property=\"og:image:type\" content=\"image\/png\" \/>\n<meta name=\"twitter:card\" content=\"summary_large_image\" \/>\n<meta name=\"twitter:label1\" content=\"Dur\u00e9e de lecture estim\u00e9e\" \/>\n\t<meta name=\"twitter:data1\" content=\"1 minute\" \/>\n<script type=\"application\/ld+json\" class=\"yoast-schema-graph\">{\"@context\":\"https:\/\/schema.org\",\"@graph\":[{\"@type\":\"WebPage\",\"@id\":\"https:\/\/staging.lucky-hunter.com\/product\/warm-look-out-bag\/\",\"url\":\"https:\/\/staging.lucky-hunter.com\/product\/warm-look-out-bag\/\",\"name\":\"Sac d\u2019aff\u00fbt chaud et confortable pour chasser jour et nuit malgr\u00e9 le froid hivernal.\",\"isPartOf\":{\"@id\":\"https:\/\/staging.lucky-hunter.com\/#website\"},\"primaryImageOfPage\":{\"@id\":\"https:\/\/staging.lucky-hunter.com\/product\/warm-look-out-bag\/#primaryimage\"},\"image\":{\"@id\":\"https:\/\/staging.lucky-hunter.com\/product\/warm-look-out-bag\/#primaryimage\"},\"thumbnailUrl\":\"https:\/\/staging.lucky-hunter.com\/wp-content\/uploads\/2016\/11\/690783.png\",\"datePublished\":\"2016-11-07T15:09:58+00:00\",\"dateModified\":\"2022-11-16T12:24:07+00:00\",\"description\":\"Ce sac chaud vous enveloppe jusqu\u2019aux \u00e9paules et s\u2019attache \u00e0 l\u2019aide de bretelles int\u00e9gr\u00e9es. Une double fermeture \u00e9clair sur le pourtour permet de l\u2019ouvrir enti\u00e8rement.\",\"breadcrumb\":{\"@id\":\"https:\/\/staging.lucky-hunter.com\/product\/warm-look-out-bag\/#breadcrumb\"},\"inLanguage\":\"fr-FR\",\"potentialAction\":[{\"@type\":\"ReadAction\",\"target\":[\"https:\/\/staging.lucky-hunter.com\/product\/warm-look-out-bag\/\"]}]},{\"@type\":\"ImageObject\",\"inLanguage\":\"fr-FR\",\"@id\":\"https:\/\/staging.lucky-hunter.com\/product\/warm-look-out-bag\/#primaryimage\",\"url\":\"https:\/\/staging.lucky-hunter.com\/wp-content\/uploads\/2016\/11\/690783.png\",\"contentUrl\":\"https:\/\/staging.lucky-hunter.com\/wp-content\/uploads\/2016\/11\/690783.png\",\"width\":1000,\"height\":1000},{\"@type\":\"BreadcrumbList\",\"@id\":\"https:\/\/staging.lucky-hunter.com\/product\/warm-look-out-bag\/#breadcrumb\",\"itemListElement\":[{\"@type\":\"ListItem\",\"position\":1,\"name\":\"Home\",\"item\":\"https:\/\/staging.lucky-hunter.com\/fr\/\"},{\"@type\":\"ListItem\",\"position\":2,\"name\":\"Boutique\",\"item\":\"https:\/\/staging.lucky-hunter.com\/fr\/shop\/\"},{\"@type\":\"ListItem\",\"position\":3,\"name\":\"Sac Chaud pour l\u2019Aff\u00fbt\"}]},{\"@type\":\"WebSite\",\"@id\":\"https:\/\/staging.lucky-hunter.com\/#website\",\"url\":\"https:\/\/staging.lucky-hunter.com\/\",\"name\":\"Lucky-Hunter\",\"description\":\"Gear Up or Give Up\",\"potentialAction\":[{\"@type\":\"SearchAction\",\"target\":{\"@type\":\"EntryPoint\",\"urlTemplate\":\"https:\/\/staging.lucky-hunter.com\/?s={search_term_string}\"},\"query-input\":{\"@type\":\"PropertyValueSpecification\",\"valueRequired\":true,\"valueName\":\"search_term_string\"}}],\"inLanguage\":\"fr-FR\"}]}<\/script>\n<!-- \/ Yoast SEO plugin. -->","yoast_head_json":{"title":"Sac d\u2019aff\u00fbt chaud et confortable pour chasser jour et nuit malgr\u00e9 le froid hivernal.","description":"Ce sac chaud vous enveloppe jusqu\u2019aux \u00e9paules et s\u2019attache \u00e0 l\u2019aide de bretelles int\u00e9gr\u00e9es. Une double fermeture \u00e9clair sur le pourtour permet de l\u2019ouvrir enti\u00e8rement.","robots":{"index":"noindex","follow":"follow","max-snippet":"max-snippet:-1","max-image-preview":"max-image-preview:large","max-video-preview":"max-video-preview:-1"},"og_locale":"fr_FR","og_type":"article","og_title":"Sac d\u2019aff\u00fbt chaud et confortable pour chasser jour et nuit malgr\u00e9 le froid hivernal.","og_description":"Ce sac chaud vous enveloppe jusqu\u2019aux \u00e9paules et s\u2019attache \u00e0 l\u2019aide de bretelles int\u00e9gr\u00e9es. Une double fermeture \u00e9clair sur le pourtour permet de l\u2019ouvrir enti\u00e8rement.","og_url":"https:\/\/staging.lucky-hunter.com\/product\/warm-look-out-bag\/","og_site_name":"Lucky-Hunter","article_modified_time":"2022-11-16T12:24:07+00:00","og_image":[{"width":1000,"height":1000,"url":"https:\/\/staging.lucky-hunter.com\/wp-content\/uploads\/2016\/11\/690783.png","type":"image\/png"}],"twitter_card":"summary_large_image","twitter_misc":{"Dur\u00e9e de lecture estim\u00e9e":"1 minute"},"schema":{"@context":"https:\/\/schema.org","@graph":[{"@type":"WebPage","@id":"https:\/\/staging.lucky-hunter.com\/product\/warm-look-out-bag\/","url":"https:\/\/staging.lucky-hunter.com\/product\/warm-look-out-bag\/","name":"Sac d\u2019aff\u00fbt chaud et confortable pour chasser jour et nuit malgr\u00e9 le froid hivernal.","isPartOf":{"@id":"https:\/\/staging.lucky-hunter.com\/#website"},"primaryImageOfPage":{"@id":"https:\/\/staging.lucky-hunter.com\/product\/warm-look-out-bag\/#primaryimage"},"image":{"@id":"https:\/\/staging.lucky-hunter.com\/product\/warm-look-out-bag\/#primaryimage"},"thumbnailUrl":"https:\/\/staging.lucky-hunter.com\/wp-content\/uploads\/2016\/11\/690783.png","datePublished":"2016-11-07T15:09:58+00:00","dateModified":"2022-11-16T12:24:07+00:00","description":"Ce sac chaud vous enveloppe jusqu\u2019aux \u00e9paules et s\u2019attache \u00e0 l\u2019aide de bretelles int\u00e9gr\u00e9es. Une double fermeture \u00e9clair sur le pourtour permet de l\u2019ouvrir enti\u00e8rement.","breadcrumb":{"@id":"https:\/\/staging.lucky-hunter.com\/product\/warm-look-out-bag\/#breadcrumb"},"inLanguage":"fr-FR","potentialAction":[{"@type":"ReadAction","target":["https:\/\/staging.lucky-hunter.com\/product\/warm-look-out-bag\/"]}]},{"@type":"ImageObject","inLanguage":"fr-FR","@id":"https:\/\/staging.lucky-hunter.com\/product\/warm-look-out-bag\/#primaryimage","url":"https:\/\/staging.lucky-hunter.com\/wp-content\/uploads\/2016\/11\/690783.png","contentUrl":"https:\/\/staging.lucky-hunter.com\/wp-content\/uploads\/2016\/11\/690783.png","width":1000,"height":1000},{"@type":"BreadcrumbList","@id":"https:\/\/staging.lucky-hunter.com\/product\/warm-look-out-bag\/#breadcrumb","itemListElement":[{"@type":"ListItem","position":1,"name":"Home","item":"https:\/\/staging.lucky-hunter.com\/fr\/"},{"@type":"ListItem","position":2,"name":"Boutique","item":"https:\/\/staging.lucky-hunter.com\/fr\/shop\/"},{"@type":"ListItem","position":3,"name":"Sac Chaud pour l\u2019Aff\u00fbt"}]},{"@type":"WebSite","@id":"https:\/\/staging.lucky-hunter.com\/#website","url":"https:\/\/staging.lucky-hunter.com\/","name":"Lucky-Hunter","description":"Gear Up or Give Up","potentialAction":[{"@type":"SearchAction","target":{"@type":"EntryPoint","urlTemplate":"https:\/\/staging.lucky-hunter.com\/?s={search_term_string}"},"query-input":{"@type":"PropertyValueSpecification","valueRequired":true,"valueName":"search_term_string"}}],"inLanguage":"fr-FR"}]}},"_links":{"self":[{"href":"https:\/\/staging.lucky-hunter.com\/fr\/wp-json\/wp\/v2\/product\/51027"}],"collection":[{"href":"https:\/\/staging.lucky-hunter.com\/fr\/wp-json\/wp\/v2\/product"}],"about":[{"href":"https:\/\/staging.lucky-hunter.com\/fr\/wp-json\/wp\/v2\/types\/product"}],"wp:featuredmedia":[{"embeddable":true,"href":"https:\/\/staging.lucky-hunter.com\/fr\/wp-json\/wp\/v2\/media\/28447"}],"wp:attachment":[{"href":"https:\/\/staging.lucky-hunter.com\/fr\/wp-json\/wp\/v2\/media?parent=51027"}],"wp:term":[{"taxonomy":"product_brand","embeddable":true,"href":"https:\/\/staging.lucky-hunter.com\/fr\/wp-json\/wp\/v2\/product_brand?post=51027"},{"taxonomy":"product_cat","embeddable":true,"href":"https:\/\/staging.lucky-hunter.com\/fr\/wp-json\/wp\/v2\/product_cat?post=51027"},{"taxonomy":"product_tag","embeddable":true,"href":"https:\/\/staging.lucky-hunter.com\/fr\/wp-json\/wp\/v2\/product_tag?post=51027"}],"curies":[{"name":"wp","href":"https:\/\/api.w.org\/{rel}","templated":true}]}}