{"id":51026,"date":"2016-11-07T16:10:31","date_gmt":"2016-11-07T15:10:31","guid":{"rendered":"https:\/\/staging.lucky-hunter.com\/product\/car-seat-cover\/"},"modified":"2025-07-08T13:10:25","modified_gmt":"2025-07-08T11:10:25","slug":"housse-de-siege-auto","status":"publish","type":"product","link":"https:\/\/staging.lucky-hunter.com\/fr\/product\/housse-de-siege-auto\/","title":{"rendered":"Housse de Si\u00e8ge Auto"},"content":{"rendered":"<p>Housse de si\u00e8ge universelle.<\/p>\n<p>Tr\u00e8s r\u00e9sistante, d\u00e9perlante et anti-salissures.<\/p>\n<p>Dimensions : Longueur sans appui-t\u00eate : 100 cm<\/p>\n<p>Largeur : 50 cm<\/p>\n<p>Couleur : Vert<\/p>\n<p>Mat\u00e9riau : 100\u00a0% polyester<\/p>\n","protected":false},"excerpt":{"rendered":"<p>Housse de si\u00e8ge universelle.\u00a0Tr\u00e8s r\u00e9sistante, d\u00e9perlante et anti-salissures.<\/p>\n","protected":false},"featured_media":28568,"template":"","meta":[],"product_brand":[8196],"product_cat":[9383],"product_tag":[],"yoast_head":"<!-- This site is optimized with the Yoast SEO plugin v24.3 - https:\/\/yoast.com\/wordpress\/plugins\/seo\/ -->\n<title>Housse de Si\u00e8ge Auto<\/title>\n<meta name=\"description\" content=\"Housse de si\u00e8ge universelle. Tr\u00e8s r\u00e9sistante, d\u00e9perlante et anti-salissures.\" \/>\n<meta name=\"robots\" content=\"noindex, follow, max-snippet:-1, max-image-preview:large, max-video-preview:-1\" \/>\n<meta property=\"og:locale\" content=\"fr_FR\" \/>\n<meta property=\"og:type\" content=\"article\" \/>\n<meta property=\"og:title\" content=\"Housse de Si\u00e8ge Auto\" \/>\n<meta property=\"og:description\" content=\"Housse de si\u00e8ge universelle. Tr\u00e8s r\u00e9sistante, d\u00e9perlante et anti-salissures.\" \/>\n<meta property=\"og:url\" content=\"https:\/\/staging.lucky-hunter.com\/product\/car-seat-cover-front-seat\/\" \/>\n<meta property=\"og:site_name\" content=\"Lucky-Hunter\" \/>\n<meta property=\"article:modified_time\" content=\"2025-07-08T11:10:25+00:00\" \/>\n<meta property=\"og:image\" content=\"https:\/\/staging.lucky-hunter.com\/wp-content\/uploads\/2017\/06\/220703.png\" \/>\n\t<meta property=\"og:image:width\" content=\"1000\" \/>\n\t<meta property=\"og:image:height\" content=\"1000\" \/>\n\t<meta property=\"og:image:type\" content=\"image\/png\" \/>\n<meta name=\"twitter:card\" content=\"summary_large_image\" \/>\n<meta name=\"twitter:label1\" content=\"Dur\u00e9e de lecture estim\u00e9e\" \/>\n\t<meta name=\"twitter:data1\" content=\"1 minute\" \/>\n<script type=\"application\/ld+json\" class=\"yoast-schema-graph\">{\"@context\":\"https:\/\/schema.org\",\"@graph\":[{\"@type\":\"WebPage\",\"@id\":\"https:\/\/staging.lucky-hunter.com\/product\/car-seat-cover-front-seat\/\",\"url\":\"https:\/\/staging.lucky-hunter.com\/product\/car-seat-cover-front-seat\/\",\"name\":\"Housse de Si\u00e8ge Auto\",\"isPartOf\":{\"@id\":\"https:\/\/staging.lucky-hunter.com\/#website\"},\"primaryImageOfPage\":{\"@id\":\"https:\/\/staging.lucky-hunter.com\/product\/car-seat-cover-front-seat\/#primaryimage\"},\"image\":{\"@id\":\"https:\/\/staging.lucky-hunter.com\/product\/car-seat-cover-front-seat\/#primaryimage\"},\"thumbnailUrl\":\"https:\/\/staging.lucky-hunter.com\/wp-content\/uploads\/2017\/06\/220703.png\",\"datePublished\":\"2016-11-07T15:10:31+00:00\",\"dateModified\":\"2025-07-08T11:10:25+00:00\",\"description\":\"Housse de si\u00e8ge universelle. Tr\u00e8s r\u00e9sistante, d\u00e9perlante et anti-salissures.\",\"breadcrumb\":{\"@id\":\"https:\/\/staging.lucky-hunter.com\/product\/car-seat-cover-front-seat\/#breadcrumb\"},\"inLanguage\":\"fr-FR\",\"potentialAction\":[{\"@type\":\"ReadAction\",\"target\":[\"https:\/\/staging.lucky-hunter.com\/product\/car-seat-cover-front-seat\/\"]}]},{\"@type\":\"ImageObject\",\"inLanguage\":\"fr-FR\",\"@id\":\"https:\/\/staging.lucky-hunter.com\/product\/car-seat-cover-front-seat\/#primaryimage\",\"url\":\"https:\/\/staging.lucky-hunter.com\/wp-content\/uploads\/2017\/06\/220703.png\",\"contentUrl\":\"https:\/\/staging.lucky-hunter.com\/wp-content\/uploads\/2017\/06\/220703.png\",\"width\":1000,\"height\":1000},{\"@type\":\"BreadcrumbList\",\"@id\":\"https:\/\/staging.lucky-hunter.com\/product\/car-seat-cover-front-seat\/#breadcrumb\",\"itemListElement\":[{\"@type\":\"ListItem\",\"position\":1,\"name\":\"Home\",\"item\":\"https:\/\/staging.lucky-hunter.com\/fr\/\"},{\"@type\":\"ListItem\",\"position\":2,\"name\":\"Boutique\",\"item\":\"https:\/\/staging.lucky-hunter.com\/fr\/shop\/\"},{\"@type\":\"ListItem\",\"position\":3,\"name\":\"Housse de Si\u00e8ge Auto\"}]},{\"@type\":\"WebSite\",\"@id\":\"https:\/\/staging.lucky-hunter.com\/#website\",\"url\":\"https:\/\/staging.lucky-hunter.com\/\",\"name\":\"Lucky-Hunter\",\"description\":\"Gear Up or Give Up\",\"potentialAction\":[{\"@type\":\"SearchAction\",\"target\":{\"@type\":\"EntryPoint\",\"urlTemplate\":\"https:\/\/staging.lucky-hunter.com\/?s={search_term_string}\"},\"query-input\":{\"@type\":\"PropertyValueSpecification\",\"valueRequired\":true,\"valueName\":\"search_term_string\"}}],\"inLanguage\":\"fr-FR\"}]}<\/script>\n<!-- \/ Yoast SEO plugin. -->","yoast_head_json":{"title":"Housse de Si\u00e8ge Auto","description":"Housse de si\u00e8ge universelle. Tr\u00e8s r\u00e9sistante, d\u00e9perlante et anti-salissures.","robots":{"index":"noindex","follow":"follow","max-snippet":"max-snippet:-1","max-image-preview":"max-image-preview:large","max-video-preview":"max-video-preview:-1"},"og_locale":"fr_FR","og_type":"article","og_title":"Housse de Si\u00e8ge Auto","og_description":"Housse de si\u00e8ge universelle. Tr\u00e8s r\u00e9sistante, d\u00e9perlante et anti-salissures.","og_url":"https:\/\/staging.lucky-hunter.com\/product\/car-seat-cover-front-seat\/","og_site_name":"Lucky-Hunter","article_modified_time":"2025-07-08T11:10:25+00:00","og_image":[{"width":1000,"height":1000,"url":"https:\/\/staging.lucky-hunter.com\/wp-content\/uploads\/2017\/06\/220703.png","type":"image\/png"}],"twitter_card":"summary_large_image","twitter_misc":{"Dur\u00e9e de lecture estim\u00e9e":"1 minute"},"schema":{"@context":"https:\/\/schema.org","@graph":[{"@type":"WebPage","@id":"https:\/\/staging.lucky-hunter.com\/product\/car-seat-cover-front-seat\/","url":"https:\/\/staging.lucky-hunter.com\/product\/car-seat-cover-front-seat\/","name":"Housse de Si\u00e8ge Auto","isPartOf":{"@id":"https:\/\/staging.lucky-hunter.com\/#website"},"primaryImageOfPage":{"@id":"https:\/\/staging.lucky-hunter.com\/product\/car-seat-cover-front-seat\/#primaryimage"},"image":{"@id":"https:\/\/staging.lucky-hunter.com\/product\/car-seat-cover-front-seat\/#primaryimage"},"thumbnailUrl":"https:\/\/staging.lucky-hunter.com\/wp-content\/uploads\/2017\/06\/220703.png","datePublished":"2016-11-07T15:10:31+00:00","dateModified":"2025-07-08T11:10:25+00:00","description":"Housse de si\u00e8ge universelle. Tr\u00e8s r\u00e9sistante, d\u00e9perlante et anti-salissures.","breadcrumb":{"@id":"https:\/\/staging.lucky-hunter.com\/product\/car-seat-cover-front-seat\/#breadcrumb"},"inLanguage":"fr-FR","potentialAction":[{"@type":"ReadAction","target":["https:\/\/staging.lucky-hunter.com\/product\/car-seat-cover-front-seat\/"]}]},{"@type":"ImageObject","inLanguage":"fr-FR","@id":"https:\/\/staging.lucky-hunter.com\/product\/car-seat-cover-front-seat\/#primaryimage","url":"https:\/\/staging.lucky-hunter.com\/wp-content\/uploads\/2017\/06\/220703.png","contentUrl":"https:\/\/staging.lucky-hunter.com\/wp-content\/uploads\/2017\/06\/220703.png","width":1000,"height":1000},{"@type":"BreadcrumbList","@id":"https:\/\/staging.lucky-hunter.com\/product\/car-seat-cover-front-seat\/#breadcrumb","itemListElement":[{"@type":"ListItem","position":1,"name":"Home","item":"https:\/\/staging.lucky-hunter.com\/fr\/"},{"@type":"ListItem","position":2,"name":"Boutique","item":"https:\/\/staging.lucky-hunter.com\/fr\/shop\/"},{"@type":"ListItem","position":3,"name":"Housse de Si\u00e8ge Auto"}]},{"@type":"WebSite","@id":"https:\/\/staging.lucky-hunter.com\/#website","url":"https:\/\/staging.lucky-hunter.com\/","name":"Lucky-Hunter","description":"Gear Up or Give Up","potentialAction":[{"@type":"SearchAction","target":{"@type":"EntryPoint","urlTemplate":"https:\/\/staging.lucky-hunter.com\/?s={search_term_string}"},"query-input":{"@type":"PropertyValueSpecification","valueRequired":true,"valueName":"search_term_string"}}],"inLanguage":"fr-FR"}]}},"_links":{"self":[{"href":"https:\/\/staging.lucky-hunter.com\/fr\/wp-json\/wp\/v2\/product\/51026"}],"collection":[{"href":"https:\/\/staging.lucky-hunter.com\/fr\/wp-json\/wp\/v2\/product"}],"about":[{"href":"https:\/\/staging.lucky-hunter.com\/fr\/wp-json\/wp\/v2\/types\/product"}],"wp:featuredmedia":[{"embeddable":true,"href":"https:\/\/staging.lucky-hunter.com\/fr\/wp-json\/wp\/v2\/media\/28568"}],"wp:attachment":[{"href":"https:\/\/staging.lucky-hunter.com\/fr\/wp-json\/wp\/v2\/media?parent=51026"}],"wp:term":[{"taxonomy":"product_brand","embeddable":true,"href":"https:\/\/staging.lucky-hunter.com\/fr\/wp-json\/wp\/v2\/product_brand?post=51026"},{"taxonomy":"product_cat","embeddable":true,"href":"https:\/\/staging.lucky-hunter.com\/fr\/wp-json\/wp\/v2\/product_cat?post=51026"},{"taxonomy":"product_tag","embeddable":true,"href":"https:\/\/staging.lucky-hunter.com\/fr\/wp-json\/wp\/v2\/product_tag?post=51026"}],"curies":[{"name":"wp","href":"https:\/\/api.w.org\/{rel}","templated":true}]}}