{"id":50955,"date":"2016-11-07T16:17:40","date_gmt":"2016-11-07T15:17:40","guid":{"rendered":"https:\/\/staging.lucky-hunter.com\/product\/portable-tea-light-heater\/"},"modified":"2025-07-02T12:20:19","modified_gmt":"2025-07-02T10:20:19","slug":"radiateur-a-bougies-chauffe-plat","status":"publish","type":"product","link":"https:\/\/staging.lucky-hunter.com\/fr\/product\/radiateur-a-bougies-chauffe-plat\/","title":{"rendered":"Radiateur \u00e0 Bougies Chauffe-plat"},"content":{"rendered":"<h2><strong>Chauffage pour mirador et pavillon de chasse<\/strong><\/h2>\n<p>Ce radiateur portatif est parfait pour vous tenir chaud.<\/p>\n<p>Vous aussi vous en avez marre de vous geler pendant la chasse au sanglier ou \u00e0 l&#8217;\u00e9lan ?<\/p>\n<p>Placez jusqu&#8217;\u00e0 3 bougies chauffe-plat \u00e0 l\u2019int\u00e9rieur. Utilisez de pr\u00e9f\u00e9rence des bougies de bonne qualit\u00e9 avec une longue capacit\u00e9 de combustion.<\/p>\n<p>Le radiateur est en m\u00e9tal et poss\u00e8de une poign\u00e9e pratique pour un transport facile.<\/p>\n<p>Veillez \u00e0 laisser s\u00e9cher les bougies avant de les sortir ou de refermer le radiateur. Si elles n\u2019ont pas durci, la st\u00e9arine risque de couler et vous aurez beaucoup de mal \u00e0 le nettoyer.<\/p>\n<p>Les bougies chauffe-plat ne sont pas incluses.<\/p>\n<p>Couleur : Vert.<\/p>\n","protected":false},"excerpt":{"rendered":"<p>Ce radiateur portatif est parfait pour vous tenir chaud. Placez jusqu&#8217;\u00e0 3 bougies chauffe-plat \u00e0 l\u2019int\u00e9rieur. Utilisez de pr\u00e9f\u00e9rence des bougies de bonne qualit\u00e9 avec une longue capacit\u00e9 de combustion.<\/p>\n","protected":false},"featured_media":644862,"template":"","meta":[],"product_brand":[8196],"product_cat":[9383],"product_tag":[9442],"yoast_head":"<!-- This site is optimized with the Yoast SEO plugin v24.3 - https:\/\/yoast.com\/wordpress\/plugins\/seo\/ -->\n<title>Radiateur \u00e0 Bougies Chauffe-plat<\/title>\n<meta name=\"description\" content=\"Ce radiateur portatif est parfait pour vous tenir chaud. Mettez jusqu&#039;\u00e0 3 bougies chauffe-plat dans le four de bonne qualit\u00e9 avec une longue capacit\u00e9 de combustion.\" \/>\n<meta name=\"robots\" content=\"noindex, follow, max-snippet:-1, max-image-preview:large, max-video-preview:-1\" \/>\n<meta property=\"og:locale\" content=\"fr_FR\" \/>\n<meta property=\"og:type\" content=\"article\" \/>\n<meta property=\"og:title\" content=\"Radiateur \u00e0 Bougies Chauffe-plat\" \/>\n<meta property=\"og:description\" content=\"Ce radiateur portatif est parfait pour vous tenir chaud. Mettez jusqu&#039;\u00e0 3 bougies chauffe-plat dans le four de bonne qualit\u00e9 avec une longue capacit\u00e9 de combustion.\" \/>\n<meta property=\"og:url\" content=\"https:\/\/staging.lucky-hunter.com\/product\/portable-tealight-heater\/\" \/>\n<meta property=\"og:site_name\" content=\"Lucky-Hunter\" \/>\n<meta property=\"article:modified_time\" content=\"2025-07-02T10:20:19+00:00\" \/>\n<meta property=\"og:image\" content=\"https:\/\/staging.lucky-hunter.com\/wp-content\/uploads\/2016\/11\/560616-removebg-e1744289620505.png\" \/>\n\t<meta property=\"og:image:width\" content=\"1800\" \/>\n\t<meta property=\"og:image:height\" content=\"1800\" \/>\n\t<meta property=\"og:image:type\" content=\"image\/png\" \/>\n<meta name=\"twitter:card\" content=\"summary_large_image\" \/>\n<meta name=\"twitter:label1\" content=\"Dur\u00e9e de lecture estim\u00e9e\" \/>\n\t<meta name=\"twitter:data1\" content=\"1 minute\" \/>\n<script type=\"application\/ld+json\" class=\"yoast-schema-graph\">{\"@context\":\"https:\/\/schema.org\",\"@graph\":[{\"@type\":\"WebPage\",\"@id\":\"https:\/\/staging.lucky-hunter.com\/product\/portable-tealight-heater\/\",\"url\":\"https:\/\/staging.lucky-hunter.com\/product\/portable-tealight-heater\/\",\"name\":\"Radiateur \u00e0 Bougies Chauffe-plat\",\"isPartOf\":{\"@id\":\"https:\/\/staging.lucky-hunter.com\/#website\"},\"primaryImageOfPage\":{\"@id\":\"https:\/\/staging.lucky-hunter.com\/product\/portable-tealight-heater\/#primaryimage\"},\"image\":{\"@id\":\"https:\/\/staging.lucky-hunter.com\/product\/portable-tealight-heater\/#primaryimage\"},\"thumbnailUrl\":\"https:\/\/staging.lucky-hunter.com\/wp-content\/uploads\/2016\/11\/560616-removebg-e1744289620505.png\",\"datePublished\":\"2016-11-07T15:17:40+00:00\",\"dateModified\":\"2025-07-02T10:20:19+00:00\",\"description\":\"Ce radiateur portatif est parfait pour vous tenir chaud. Mettez jusqu'\u00e0 3 bougies chauffe-plat dans le four de bonne qualit\u00e9 avec une longue capacit\u00e9 de combustion.\",\"breadcrumb\":{\"@id\":\"https:\/\/staging.lucky-hunter.com\/product\/portable-tealight-heater\/#breadcrumb\"},\"inLanguage\":\"fr-FR\",\"potentialAction\":[{\"@type\":\"ReadAction\",\"target\":[\"https:\/\/staging.lucky-hunter.com\/product\/portable-tealight-heater\/\"]}]},{\"@type\":\"ImageObject\",\"inLanguage\":\"fr-FR\",\"@id\":\"https:\/\/staging.lucky-hunter.com\/product\/portable-tealight-heater\/#primaryimage\",\"url\":\"https:\/\/staging.lucky-hunter.com\/wp-content\/uploads\/2016\/11\/560616-removebg-e1744289620505.png\",\"contentUrl\":\"https:\/\/staging.lucky-hunter.com\/wp-content\/uploads\/2016\/11\/560616-removebg-e1744289620505.png\",\"width\":1800,\"height\":1800},{\"@type\":\"BreadcrumbList\",\"@id\":\"https:\/\/staging.lucky-hunter.com\/product\/portable-tealight-heater\/#breadcrumb\",\"itemListElement\":[{\"@type\":\"ListItem\",\"position\":1,\"name\":\"Home\",\"item\":\"https:\/\/staging.lucky-hunter.com\/fr\/\"},{\"@type\":\"ListItem\",\"position\":2,\"name\":\"Boutique\",\"item\":\"https:\/\/staging.lucky-hunter.com\/fr\/shop\/\"},{\"@type\":\"ListItem\",\"position\":3,\"name\":\"Radiateur \u00e0 Bougies Chauffe-plat\"}]},{\"@type\":\"WebSite\",\"@id\":\"https:\/\/staging.lucky-hunter.com\/#website\",\"url\":\"https:\/\/staging.lucky-hunter.com\/\",\"name\":\"Lucky-Hunter\",\"description\":\"Gear Up or Give Up\",\"potentialAction\":[{\"@type\":\"SearchAction\",\"target\":{\"@type\":\"EntryPoint\",\"urlTemplate\":\"https:\/\/staging.lucky-hunter.com\/?s={search_term_string}\"},\"query-input\":{\"@type\":\"PropertyValueSpecification\",\"valueRequired\":true,\"valueName\":\"search_term_string\"}}],\"inLanguage\":\"fr-FR\"}]}<\/script>\n<!-- \/ Yoast SEO plugin. -->","yoast_head_json":{"title":"Radiateur \u00e0 Bougies Chauffe-plat","description":"Ce radiateur portatif est parfait pour vous tenir chaud. Mettez jusqu'\u00e0 3 bougies chauffe-plat dans le four de bonne qualit\u00e9 avec une longue capacit\u00e9 de combustion.","robots":{"index":"noindex","follow":"follow","max-snippet":"max-snippet:-1","max-image-preview":"max-image-preview:large","max-video-preview":"max-video-preview:-1"},"og_locale":"fr_FR","og_type":"article","og_title":"Radiateur \u00e0 Bougies Chauffe-plat","og_description":"Ce radiateur portatif est parfait pour vous tenir chaud. Mettez jusqu'\u00e0 3 bougies chauffe-plat dans le four de bonne qualit\u00e9 avec une longue capacit\u00e9 de combustion.","og_url":"https:\/\/staging.lucky-hunter.com\/product\/portable-tealight-heater\/","og_site_name":"Lucky-Hunter","article_modified_time":"2025-07-02T10:20:19+00:00","og_image":[{"width":1800,"height":1800,"url":"https:\/\/staging.lucky-hunter.com\/wp-content\/uploads\/2016\/11\/560616-removebg-e1744289620505.png","type":"image\/png"}],"twitter_card":"summary_large_image","twitter_misc":{"Dur\u00e9e de lecture estim\u00e9e":"1 minute"},"schema":{"@context":"https:\/\/schema.org","@graph":[{"@type":"WebPage","@id":"https:\/\/staging.lucky-hunter.com\/product\/portable-tealight-heater\/","url":"https:\/\/staging.lucky-hunter.com\/product\/portable-tealight-heater\/","name":"Radiateur \u00e0 Bougies Chauffe-plat","isPartOf":{"@id":"https:\/\/staging.lucky-hunter.com\/#website"},"primaryImageOfPage":{"@id":"https:\/\/staging.lucky-hunter.com\/product\/portable-tealight-heater\/#primaryimage"},"image":{"@id":"https:\/\/staging.lucky-hunter.com\/product\/portable-tealight-heater\/#primaryimage"},"thumbnailUrl":"https:\/\/staging.lucky-hunter.com\/wp-content\/uploads\/2016\/11\/560616-removebg-e1744289620505.png","datePublished":"2016-11-07T15:17:40+00:00","dateModified":"2025-07-02T10:20:19+00:00","description":"Ce radiateur portatif est parfait pour vous tenir chaud. Mettez jusqu'\u00e0 3 bougies chauffe-plat dans le four de bonne qualit\u00e9 avec une longue capacit\u00e9 de combustion.","breadcrumb":{"@id":"https:\/\/staging.lucky-hunter.com\/product\/portable-tealight-heater\/#breadcrumb"},"inLanguage":"fr-FR","potentialAction":[{"@type":"ReadAction","target":["https:\/\/staging.lucky-hunter.com\/product\/portable-tealight-heater\/"]}]},{"@type":"ImageObject","inLanguage":"fr-FR","@id":"https:\/\/staging.lucky-hunter.com\/product\/portable-tealight-heater\/#primaryimage","url":"https:\/\/staging.lucky-hunter.com\/wp-content\/uploads\/2016\/11\/560616-removebg-e1744289620505.png","contentUrl":"https:\/\/staging.lucky-hunter.com\/wp-content\/uploads\/2016\/11\/560616-removebg-e1744289620505.png","width":1800,"height":1800},{"@type":"BreadcrumbList","@id":"https:\/\/staging.lucky-hunter.com\/product\/portable-tealight-heater\/#breadcrumb","itemListElement":[{"@type":"ListItem","position":1,"name":"Home","item":"https:\/\/staging.lucky-hunter.com\/fr\/"},{"@type":"ListItem","position":2,"name":"Boutique","item":"https:\/\/staging.lucky-hunter.com\/fr\/shop\/"},{"@type":"ListItem","position":3,"name":"Radiateur \u00e0 Bougies Chauffe-plat"}]},{"@type":"WebSite","@id":"https:\/\/staging.lucky-hunter.com\/#website","url":"https:\/\/staging.lucky-hunter.com\/","name":"Lucky-Hunter","description":"Gear Up or Give Up","potentialAction":[{"@type":"SearchAction","target":{"@type":"EntryPoint","urlTemplate":"https:\/\/staging.lucky-hunter.com\/?s={search_term_string}"},"query-input":{"@type":"PropertyValueSpecification","valueRequired":true,"valueName":"search_term_string"}}],"inLanguage":"fr-FR"}]}},"_links":{"self":[{"href":"https:\/\/staging.lucky-hunter.com\/fr\/wp-json\/wp\/v2\/product\/50955"}],"collection":[{"href":"https:\/\/staging.lucky-hunter.com\/fr\/wp-json\/wp\/v2\/product"}],"about":[{"href":"https:\/\/staging.lucky-hunter.com\/fr\/wp-json\/wp\/v2\/types\/product"}],"wp:featuredmedia":[{"embeddable":true,"href":"https:\/\/staging.lucky-hunter.com\/fr\/wp-json\/wp\/v2\/media\/644862"}],"wp:attachment":[{"href":"https:\/\/staging.lucky-hunter.com\/fr\/wp-json\/wp\/v2\/media?parent=50955"}],"wp:term":[{"taxonomy":"product_brand","embeddable":true,"href":"https:\/\/staging.lucky-hunter.com\/fr\/wp-json\/wp\/v2\/product_brand?post=50955"},{"taxonomy":"product_cat","embeddable":true,"href":"https:\/\/staging.lucky-hunter.com\/fr\/wp-json\/wp\/v2\/product_cat?post=50955"},{"taxonomy":"product_tag","embeddable":true,"href":"https:\/\/staging.lucky-hunter.com\/fr\/wp-json\/wp\/v2\/product_tag?post=50955"}],"curies":[{"name":"wp","href":"https:\/\/api.w.org\/{rel}","templated":true}]}}