{"id":50954,"date":"2016-11-07T16:18:39","date_gmt":"2016-11-07T15:18:39","guid":{"rendered":"https:\/\/staging.lucky-hunter.com\/product\/face-mask-from-hunters-specialities\/"},"modified":"2025-07-01T15:45:07","modified_gmt":"2025-07-01T13:45:07","slug":"masque-hunters-specialties","status":"publish","type":"product","link":"https:\/\/staging.lucky-hunter.com\/fr\/product\/masque-hunters-specialties\/","title":{"rendered":"Masque Hunters Specialties"},"content":{"rendered":"<h2><strong>Masque Hunters Specialties : Respirant et l\u00e9ger<\/strong><\/h2>\n<p>Ce masque Hunters Specialties est maintenu en place par deux bandes \u00e9lastiques int\u00e9gr\u00e9es. Il ne risque donc pas de tomber, m\u00eame en cas de progression entre des arbustes ou \u00e0 travers un terrain accident\u00e9.<\/p>\n<p>Gr\u00e2ce au tissu l\u00e9ger et respirant, l&#8217;humidit\u00e9 de votre respiration est facilement \u00e9vacu\u00e9e. C&#8217;est particuli\u00e8rement utile pour \u00e9viter d\u2019avoir le visage en sueur lorsque vous passez des heures sur le terrain par une journ\u00e9e chaude.<\/p>\n<p>Comme on peut le voir sur l&#8217;image, le masque ne couvre que la moiti\u00e9 inf\u00e9rieure de votre visage, il peut donc \u00eatre port\u00e9 avec des lunettes. Si vous portez des lunettes, sachez qu&#8217;elles peuvent produire des reflets pendant que vous chassez.<\/p>\n<p>Le masque est \u00e9galement facile \u00e0 porter sous votre chapeau de chasse pour camoufler encore mieux votre pr\u00e9sence.<\/p>\n<p>Taille unique.<\/p>\n","protected":false},"excerpt":{"rendered":"<p>Ce masque Hunters Specialties est maintenu en place par deux bandes \u00e9lastiques int\u00e9gr\u00e9es, il ne risque donc pas de tomber, m\u00eame en cas de progression entre des arbustes.<\/p>\n","protected":false},"featured_media":28435,"template":"","meta":[],"product_brand":[8193],"product_cat":[9383],"product_tag":[],"yoast_head":"<!-- This site is optimized with the Yoast SEO plugin v24.3 - https:\/\/yoast.com\/wordpress\/plugins\/seo\/ -->\n<title>Masque Hunters Specialties Convient aux porteurs de lunettes<\/title>\n<meta name=\"description\" content=\"Taille unique. Ce masque facial est parfait pour la chasse et est \u00e9galement compatible avec les lunettes. Maintien en place en toute s\u00e9curit\u00e9 avec 2 \u00e9lastiques.\" \/>\n<meta name=\"robots\" content=\"noindex, follow, max-snippet:-1, max-image-preview:large, max-video-preview:-1\" \/>\n<meta property=\"og:locale\" content=\"fr_FR\" \/>\n<meta property=\"og:type\" content=\"article\" \/>\n<meta property=\"og:title\" content=\"Masque Hunters Specialties Convient aux porteurs de lunettes | Chasseur chanceux\" \/>\n<meta property=\"og:description\" content=\"Taille unique. Ce masque facial est parfait pour la chasse et est \u00e9galement compatible avec les lunettes. Maintien en place en toute s\u00e9curit\u00e9 avec 2 \u00e9lastiques.\" \/>\n<meta property=\"og:url\" content=\"https:\/\/staging.lucky-hunter.com\/product\/face-mask-from-hunters-specialities\/\" \/>\n<meta property=\"og:site_name\" content=\"Lucky-Hunter\" \/>\n<meta property=\"article:modified_time\" content=\"2025-07-01T13:45:07+00:00\" \/>\n<meta property=\"og:image\" content=\"https:\/\/staging.lucky-hunter.com\/wp-content\/uploads\/2016\/11\/7207146.png\" \/>\n\t<meta property=\"og:image:width\" content=\"800\" \/>\n\t<meta property=\"og:image:height\" content=\"800\" \/>\n\t<meta property=\"og:image:type\" content=\"image\/png\" \/>\n<meta name=\"twitter:card\" content=\"summary_large_image\" \/>\n<meta name=\"twitter:title\" content=\"Masque Hunters Specialties Convient aux porteurs de lunettes | Chasseur chanceux\" \/>\n<meta name=\"twitter:description\" content=\"Taille unique. Ce masque facial est parfait pour la chasse et est \u00e9galement compatible avec les lunettes. Maintien en place en toute s\u00e9curit\u00e9 avec 2 \u00e9lastiques.\" \/>\n<meta name=\"twitter:label1\" content=\"Dur\u00e9e de lecture estim\u00e9e\" \/>\n\t<meta name=\"twitter:data1\" content=\"1 minute\" \/>\n<script type=\"application\/ld+json\" class=\"yoast-schema-graph\">{\"@context\":\"https:\/\/schema.org\",\"@graph\":[{\"@type\":\"WebPage\",\"@id\":\"https:\/\/staging.lucky-hunter.com\/product\/face-mask-from-hunters-specialities\/\",\"url\":\"https:\/\/staging.lucky-hunter.com\/product\/face-mask-from-hunters-specialities\/\",\"name\":\"Masque Hunters Specialties Convient aux porteurs de lunettes\",\"isPartOf\":{\"@id\":\"https:\/\/staging.lucky-hunter.com\/#website\"},\"primaryImageOfPage\":{\"@id\":\"https:\/\/staging.lucky-hunter.com\/product\/face-mask-from-hunters-specialities\/#primaryimage\"},\"image\":{\"@id\":\"https:\/\/staging.lucky-hunter.com\/product\/face-mask-from-hunters-specialities\/#primaryimage\"},\"thumbnailUrl\":\"https:\/\/staging.lucky-hunter.com\/wp-content\/uploads\/2016\/11\/7207146.png\",\"datePublished\":\"2016-11-07T15:18:39+00:00\",\"dateModified\":\"2025-07-01T13:45:07+00:00\",\"description\":\"Taille unique. Ce masque facial est parfait pour la chasse et est \u00e9galement compatible avec les lunettes. Maintien en place en toute s\u00e9curit\u00e9 avec 2 \u00e9lastiques.\",\"breadcrumb\":{\"@id\":\"https:\/\/staging.lucky-hunter.com\/product\/face-mask-from-hunters-specialities\/#breadcrumb\"},\"inLanguage\":\"fr-FR\",\"potentialAction\":[{\"@type\":\"ReadAction\",\"target\":[\"https:\/\/staging.lucky-hunter.com\/product\/face-mask-from-hunters-specialities\/\"]}]},{\"@type\":\"ImageObject\",\"inLanguage\":\"fr-FR\",\"@id\":\"https:\/\/staging.lucky-hunter.com\/product\/face-mask-from-hunters-specialities\/#primaryimage\",\"url\":\"https:\/\/staging.lucky-hunter.com\/wp-content\/uploads\/2016\/11\/7207146.png\",\"contentUrl\":\"https:\/\/staging.lucky-hunter.com\/wp-content\/uploads\/2016\/11\/7207146.png\",\"width\":800,\"height\":800},{\"@type\":\"BreadcrumbList\",\"@id\":\"https:\/\/staging.lucky-hunter.com\/product\/face-mask-from-hunters-specialities\/#breadcrumb\",\"itemListElement\":[{\"@type\":\"ListItem\",\"position\":1,\"name\":\"Home\",\"item\":\"https:\/\/staging.lucky-hunter.com\/fr\/\"},{\"@type\":\"ListItem\",\"position\":2,\"name\":\"Boutique\",\"item\":\"https:\/\/staging.lucky-hunter.com\/fr\/shop\/\"},{\"@type\":\"ListItem\",\"position\":3,\"name\":\"Masque Hunters Specialties\"}]},{\"@type\":\"WebSite\",\"@id\":\"https:\/\/staging.lucky-hunter.com\/#website\",\"url\":\"https:\/\/staging.lucky-hunter.com\/\",\"name\":\"Lucky-Hunter\",\"description\":\"Gear Up or Give Up\",\"potentialAction\":[{\"@type\":\"SearchAction\",\"target\":{\"@type\":\"EntryPoint\",\"urlTemplate\":\"https:\/\/staging.lucky-hunter.com\/?s={search_term_string}\"},\"query-input\":{\"@type\":\"PropertyValueSpecification\",\"valueRequired\":true,\"valueName\":\"search_term_string\"}}],\"inLanguage\":\"fr-FR\"}]}<\/script>\n<!-- \/ Yoast SEO plugin. -->","yoast_head_json":{"title":"Masque Hunters Specialties Convient aux porteurs de lunettes","description":"Taille unique. Ce masque facial est parfait pour la chasse et est \u00e9galement compatible avec les lunettes. Maintien en place en toute s\u00e9curit\u00e9 avec 2 \u00e9lastiques.","robots":{"index":"noindex","follow":"follow","max-snippet":"max-snippet:-1","max-image-preview":"max-image-preview:large","max-video-preview":"max-video-preview:-1"},"og_locale":"fr_FR","og_type":"article","og_title":"Masque Hunters Specialties Convient aux porteurs de lunettes | Chasseur chanceux","og_description":"Taille unique. Ce masque facial est parfait pour la chasse et est \u00e9galement compatible avec les lunettes. Maintien en place en toute s\u00e9curit\u00e9 avec 2 \u00e9lastiques.","og_url":"https:\/\/staging.lucky-hunter.com\/product\/face-mask-from-hunters-specialities\/","og_site_name":"Lucky-Hunter","article_modified_time":"2025-07-01T13:45:07+00:00","og_image":[{"width":800,"height":800,"url":"https:\/\/staging.lucky-hunter.com\/wp-content\/uploads\/2016\/11\/7207146.png","type":"image\/png"}],"twitter_card":"summary_large_image","twitter_title":"Masque Hunters Specialties Convient aux porteurs de lunettes | Chasseur chanceux","twitter_description":"Taille unique. Ce masque facial est parfait pour la chasse et est \u00e9galement compatible avec les lunettes. Maintien en place en toute s\u00e9curit\u00e9 avec 2 \u00e9lastiques.","twitter_misc":{"Dur\u00e9e de lecture estim\u00e9e":"1 minute"},"schema":{"@context":"https:\/\/schema.org","@graph":[{"@type":"WebPage","@id":"https:\/\/staging.lucky-hunter.com\/product\/face-mask-from-hunters-specialities\/","url":"https:\/\/staging.lucky-hunter.com\/product\/face-mask-from-hunters-specialities\/","name":"Masque Hunters Specialties Convient aux porteurs de lunettes","isPartOf":{"@id":"https:\/\/staging.lucky-hunter.com\/#website"},"primaryImageOfPage":{"@id":"https:\/\/staging.lucky-hunter.com\/product\/face-mask-from-hunters-specialities\/#primaryimage"},"image":{"@id":"https:\/\/staging.lucky-hunter.com\/product\/face-mask-from-hunters-specialities\/#primaryimage"},"thumbnailUrl":"https:\/\/staging.lucky-hunter.com\/wp-content\/uploads\/2016\/11\/7207146.png","datePublished":"2016-11-07T15:18:39+00:00","dateModified":"2025-07-01T13:45:07+00:00","description":"Taille unique. Ce masque facial est parfait pour la chasse et est \u00e9galement compatible avec les lunettes. Maintien en place en toute s\u00e9curit\u00e9 avec 2 \u00e9lastiques.","breadcrumb":{"@id":"https:\/\/staging.lucky-hunter.com\/product\/face-mask-from-hunters-specialities\/#breadcrumb"},"inLanguage":"fr-FR","potentialAction":[{"@type":"ReadAction","target":["https:\/\/staging.lucky-hunter.com\/product\/face-mask-from-hunters-specialities\/"]}]},{"@type":"ImageObject","inLanguage":"fr-FR","@id":"https:\/\/staging.lucky-hunter.com\/product\/face-mask-from-hunters-specialities\/#primaryimage","url":"https:\/\/staging.lucky-hunter.com\/wp-content\/uploads\/2016\/11\/7207146.png","contentUrl":"https:\/\/staging.lucky-hunter.com\/wp-content\/uploads\/2016\/11\/7207146.png","width":800,"height":800},{"@type":"BreadcrumbList","@id":"https:\/\/staging.lucky-hunter.com\/product\/face-mask-from-hunters-specialities\/#breadcrumb","itemListElement":[{"@type":"ListItem","position":1,"name":"Home","item":"https:\/\/staging.lucky-hunter.com\/fr\/"},{"@type":"ListItem","position":2,"name":"Boutique","item":"https:\/\/staging.lucky-hunter.com\/fr\/shop\/"},{"@type":"ListItem","position":3,"name":"Masque Hunters Specialties"}]},{"@type":"WebSite","@id":"https:\/\/staging.lucky-hunter.com\/#website","url":"https:\/\/staging.lucky-hunter.com\/","name":"Lucky-Hunter","description":"Gear Up or Give Up","potentialAction":[{"@type":"SearchAction","target":{"@type":"EntryPoint","urlTemplate":"https:\/\/staging.lucky-hunter.com\/?s={search_term_string}"},"query-input":{"@type":"PropertyValueSpecification","valueRequired":true,"valueName":"search_term_string"}}],"inLanguage":"fr-FR"}]}},"_links":{"self":[{"href":"https:\/\/staging.lucky-hunter.com\/fr\/wp-json\/wp\/v2\/product\/50954"}],"collection":[{"href":"https:\/\/staging.lucky-hunter.com\/fr\/wp-json\/wp\/v2\/product"}],"about":[{"href":"https:\/\/staging.lucky-hunter.com\/fr\/wp-json\/wp\/v2\/types\/product"}],"wp:featuredmedia":[{"embeddable":true,"href":"https:\/\/staging.lucky-hunter.com\/fr\/wp-json\/wp\/v2\/media\/28435"}],"wp:attachment":[{"href":"https:\/\/staging.lucky-hunter.com\/fr\/wp-json\/wp\/v2\/media?parent=50954"}],"wp:term":[{"taxonomy":"product_brand","embeddable":true,"href":"https:\/\/staging.lucky-hunter.com\/fr\/wp-json\/wp\/v2\/product_brand?post=50954"},{"taxonomy":"product_cat","embeddable":true,"href":"https:\/\/staging.lucky-hunter.com\/fr\/wp-json\/wp\/v2\/product_cat?post=50954"},{"taxonomy":"product_tag","embeddable":true,"href":"https:\/\/staging.lucky-hunter.com\/fr\/wp-json\/wp\/v2\/product_tag?post=50954"}],"curies":[{"name":"wp","href":"https:\/\/api.w.org\/{rel}","templated":true}]}}