{"id":50953,"date":"2016-11-04T12:19:36","date_gmt":"2016-11-04T11:19:36","guid":{"rendered":"https:\/\/staging.lucky-hunter.com\/product\/lupus-newcomer-cleaning-kit\/"},"modified":"2023-03-14T15:25:36","modified_gmt":"2023-03-14T14:25:36","slug":"lupus-newcomer-cleaning-kit","status":"publish","type":"product","link":"https:\/\/staging.lucky-hunter.com\/fr\/product\/lupus-newcomer-cleaning-kit\/","title":{"rendered":"Kit de Nettoyage pour D\u00e9butant Lupus"},"content":{"rendered":"<p>Un kit de nettoyage \u00e0 base de t\u00e9flon avec un bon rapport qualit\u00e9-prix. Parfait pour les d\u00e9butants.\u00a0Prot\u00e9gez vos pistolets et vos fusils.<\/p>\n<p>En les traitant \u00e0 sec, l\u2019arme et sa crosse deviendront r\u00e9sistantes \u00e0 l&#8217;humidit\u00e9 et \u00e0 la transpiration des mains. De plus, toutes les pi\u00e8ces m\u00e9caniques coulisseront parfaitement<br \/>\ngr\u00e2ce aux particules sph\u00e9riques de t\u00e9flon.<\/p>\n<p><strong>Contenu :<\/strong><\/p>\n<ul>\n<li>10 g de graisse<\/li>\n<li>20 ml d&#8217;huile<\/li>\n<li>20 ml de nettoyant<\/li>\n<li>Imperm\u00e9able et r\u00e9sistant \u00e0 l\u2019eau de mer<\/li>\n<li>Protection anticorrosion fiable<\/li>\n<li>R\u00e9sistant au froid et \u00e0 la chaleur (-50\u00b0C \u00e0 +230\u00b0C)<\/li>\n<li>Non r\u00e9sineux et sans acide<\/li>\n<li>Grand pouvoir antirouille<\/li>\n<li>Emp\u00eache les pi\u00e8ces mobiles de s\u2019enrayer<\/li>\n<li>Dissout efficacement les huiles et graisses anciennes et r\u00e9sinifi\u00e9es.<\/li>\n<\/ul>\n<p><strong>Danger :<\/strong><\/p>\n<ul>\n<li>Peut \u00eatre mortel en cas d&#8217;ingestion et de p\u00e9n\u00e9tration dans les voies respiratoires.<\/li>\n<li>Garder hors de port\u00e9e des enfants.<\/li>\n<li>Ne pas respirer les poussi\u00e8res \/ fum\u00e9es \/ gaz \/ brouillards \/ vapeurs \/ a\u00e9rosols.<\/li>\n<li>EN CAS D&#8217;INGESTION : Appelez imm\u00e9diatement un m\u00e9decin.<\/li>\n<li>EN CAS D&#8217;INGESTION\u00a0: rincer la bouche. NE PAS faire vomir.<\/li>\n<li>\u00c9liminer le contenu \/ r\u00e9cipient dans un centre de collecte des d\u00e9chets dangereux ou sp\u00e9ciaux.<\/li>\n<\/ul>\n<p><strong>Avertissements :<\/strong><\/p>\n<ul>\n<li>Provoque une s\u00e9v\u00e8re irritation des yeux.<\/li>\n<li>Garder hors de port\u00e9e des enfants.<\/li>\n<li>Porter des gants de protection\/des v\u00eatements de protection \/ un \u00e9quipement de protection des yeux \/ du visage.<\/li>\n<li>EN CAS DE CONTACT AVEC LES YEUX\u00a0: Rincer avec pr\u00e9caution \u00e0 l&#8217;eau pendant plusieurs minutes. Enlever les lentilles de contact si la victime en porte et si elles peuvent \u00eatre facilement enlev\u00e9es. Continuer \u00e0 rincer.<\/li>\n<li>Si l&#8217;irritation oculaire persiste : demander un avis m\u00e9dical \/ consulter un m\u00e9decin.<\/li>\n<li>\u00c9liminer le contenu \/ r\u00e9cipient dans un centre de collecte des d\u00e9chets dangereux ou sp\u00e9ciaux.<\/li>\n<\/ul>\n","protected":false},"excerpt":{"rendered":"<p>Produit de qualit\u00e9 allemande par Lupus En les traitant \u00e0 sec, l\u2019arme et sa crosse deviendront r\u00e9sistantes \u00e0 l&#8217;humidit\u00e9 et \u00e0 la transpiration des mains. Contenu : graisse, huile et nettoyant.<\/p>\n","protected":false},"featured_media":30672,"template":"","meta":[],"product_brand":[8220],"product_cat":[9368],"product_tag":[],"yoast_head":"<!-- This site is optimized with the Yoast SEO plugin v24.3 - https:\/\/yoast.com\/wordpress\/plugins\/seo\/ -->\n<title>Kit de nettoyage Lupus Newcomer pour les nouveaux arrivants avec un bon rapport qualit\u00e9-prix. Prot\u00e9gez vos pistolets et vos fusils.<\/title>\n<meta name=\"description\" content=\"Produit de qualit\u00e9 allemande par Lupus En les traitant \u00e0 sec, l\u2019arme et sa crosse deviendront r\u00e9sistantes \u00e0 l&#039;humidit\u00e9 et \u00e0 la transpiration des mains.\" \/>\n<meta name=\"robots\" content=\"noindex, follow, max-snippet:-1, max-image-preview:large, max-video-preview:-1\" \/>\n<meta property=\"og:locale\" content=\"fr_FR\" \/>\n<meta property=\"og:type\" content=\"article\" \/>\n<meta property=\"og:title\" content=\"Kit de nettoyage Lupus Newcomer pour les nouveaux arrivants avec un bon rapport qualit\u00e9-prix. Prot\u00e9gez vos pistolets et vos fusils.\" \/>\n<meta property=\"og:description\" content=\"Produit de qualit\u00e9 allemande par Lupus En les traitant \u00e0 sec, l\u2019arme et sa crosse deviendront r\u00e9sistantes \u00e0 l&#039;humidit\u00e9 et \u00e0 la transpiration des mains.\" \/>\n<meta property=\"og:url\" content=\"https:\/\/staging.lucky-hunter.com\/fr\/product\/lupus-newcomer-cleaning-kit\/\" \/>\n<meta property=\"og:site_name\" content=\"Lucky-Hunter\" \/>\n<meta property=\"article:modified_time\" content=\"2023-03-14T14:25:36+00:00\" \/>\n<meta property=\"og:image\" content=\"https:\/\/staging.lucky-hunter.com\/wp-content\/uploads\/2016\/11\/520016.png\" \/>\n\t<meta property=\"og:image:width\" content=\"1157\" \/>\n\t<meta property=\"og:image:height\" content=\"1500\" \/>\n\t<meta property=\"og:image:type\" content=\"image\/png\" \/>\n<meta name=\"twitter:card\" content=\"summary_large_image\" \/>\n<meta name=\"twitter:label1\" content=\"Dur\u00e9e de lecture estim\u00e9e\" \/>\n\t<meta name=\"twitter:data1\" content=\"2 minutes\" \/>\n<script type=\"application\/ld+json\" class=\"yoast-schema-graph\">{\"@context\":\"https:\/\/schema.org\",\"@graph\":[{\"@type\":\"WebPage\",\"@id\":\"https:\/\/staging.lucky-hunter.com\/fr\/product\/lupus-newcomer-cleaning-kit\/\",\"url\":\"https:\/\/staging.lucky-hunter.com\/fr\/product\/lupus-newcomer-cleaning-kit\/\",\"name\":\"Kit de nettoyage Lupus Newcomer pour les nouveaux arrivants avec un bon rapport qualit\u00e9-prix. Prot\u00e9gez vos pistolets et vos fusils.\",\"isPartOf\":{\"@id\":\"https:\/\/staging.lucky-hunter.com\/#website\"},\"primaryImageOfPage\":{\"@id\":\"https:\/\/staging.lucky-hunter.com\/fr\/product\/lupus-newcomer-cleaning-kit\/#primaryimage\"},\"image\":{\"@id\":\"https:\/\/staging.lucky-hunter.com\/fr\/product\/lupus-newcomer-cleaning-kit\/#primaryimage\"},\"thumbnailUrl\":\"https:\/\/staging.lucky-hunter.com\/wp-content\/uploads\/2016\/11\/520016.png\",\"datePublished\":\"2016-11-04T11:19:36+00:00\",\"dateModified\":\"2023-03-14T14:25:36+00:00\",\"description\":\"Produit de qualit\u00e9 allemande par Lupus En les traitant \u00e0 sec, l\u2019arme et sa crosse deviendront r\u00e9sistantes \u00e0 l'humidit\u00e9 et \u00e0 la transpiration des mains.\",\"breadcrumb\":{\"@id\":\"https:\/\/staging.lucky-hunter.com\/fr\/product\/lupus-newcomer-cleaning-kit\/#breadcrumb\"},\"inLanguage\":\"fr-FR\",\"potentialAction\":[{\"@type\":\"ReadAction\",\"target\":[\"https:\/\/staging.lucky-hunter.com\/fr\/product\/lupus-newcomer-cleaning-kit\/\"]}]},{\"@type\":\"ImageObject\",\"inLanguage\":\"fr-FR\",\"@id\":\"https:\/\/staging.lucky-hunter.com\/fr\/product\/lupus-newcomer-cleaning-kit\/#primaryimage\",\"url\":\"https:\/\/staging.lucky-hunter.com\/wp-content\/uploads\/2016\/11\/520016.png\",\"contentUrl\":\"https:\/\/staging.lucky-hunter.com\/wp-content\/uploads\/2016\/11\/520016.png\",\"width\":1157,\"height\":1500},{\"@type\":\"BreadcrumbList\",\"@id\":\"https:\/\/staging.lucky-hunter.com\/fr\/product\/lupus-newcomer-cleaning-kit\/#breadcrumb\",\"itemListElement\":[{\"@type\":\"ListItem\",\"position\":1,\"name\":\"Home\",\"item\":\"https:\/\/staging.lucky-hunter.com\/fr\/\"},{\"@type\":\"ListItem\",\"position\":2,\"name\":\"Boutique\",\"item\":\"https:\/\/staging.lucky-hunter.com\/fr\/shop\/\"},{\"@type\":\"ListItem\",\"position\":3,\"name\":\"Kit de Nettoyage pour D\u00e9butant Lupus\"}]},{\"@type\":\"WebSite\",\"@id\":\"https:\/\/staging.lucky-hunter.com\/#website\",\"url\":\"https:\/\/staging.lucky-hunter.com\/\",\"name\":\"Lucky-Hunter\",\"description\":\"Gear Up or Give Up\",\"potentialAction\":[{\"@type\":\"SearchAction\",\"target\":{\"@type\":\"EntryPoint\",\"urlTemplate\":\"https:\/\/staging.lucky-hunter.com\/?s={search_term_string}\"},\"query-input\":{\"@type\":\"PropertyValueSpecification\",\"valueRequired\":true,\"valueName\":\"search_term_string\"}}],\"inLanguage\":\"fr-FR\"}]}<\/script>\n<!-- \/ Yoast SEO plugin. -->","yoast_head_json":{"title":"Kit de nettoyage Lupus Newcomer pour les nouveaux arrivants avec un bon rapport qualit\u00e9-prix. Prot\u00e9gez vos pistolets et vos fusils.","description":"Produit de qualit\u00e9 allemande par Lupus En les traitant \u00e0 sec, l\u2019arme et sa crosse deviendront r\u00e9sistantes \u00e0 l'humidit\u00e9 et \u00e0 la transpiration des mains.","robots":{"index":"noindex","follow":"follow","max-snippet":"max-snippet:-1","max-image-preview":"max-image-preview:large","max-video-preview":"max-video-preview:-1"},"og_locale":"fr_FR","og_type":"article","og_title":"Kit de nettoyage Lupus Newcomer pour les nouveaux arrivants avec un bon rapport qualit\u00e9-prix. Prot\u00e9gez vos pistolets et vos fusils.","og_description":"Produit de qualit\u00e9 allemande par Lupus En les traitant \u00e0 sec, l\u2019arme et sa crosse deviendront r\u00e9sistantes \u00e0 l'humidit\u00e9 et \u00e0 la transpiration des mains.","og_url":"https:\/\/staging.lucky-hunter.com\/fr\/product\/lupus-newcomer-cleaning-kit\/","og_site_name":"Lucky-Hunter","article_modified_time":"2023-03-14T14:25:36+00:00","og_image":[{"width":1157,"height":1500,"url":"https:\/\/staging.lucky-hunter.com\/wp-content\/uploads\/2016\/11\/520016.png","type":"image\/png"}],"twitter_card":"summary_large_image","twitter_misc":{"Dur\u00e9e de lecture estim\u00e9e":"2 minutes"},"schema":{"@context":"https:\/\/schema.org","@graph":[{"@type":"WebPage","@id":"https:\/\/staging.lucky-hunter.com\/fr\/product\/lupus-newcomer-cleaning-kit\/","url":"https:\/\/staging.lucky-hunter.com\/fr\/product\/lupus-newcomer-cleaning-kit\/","name":"Kit de nettoyage Lupus Newcomer pour les nouveaux arrivants avec un bon rapport qualit\u00e9-prix. Prot\u00e9gez vos pistolets et vos fusils.","isPartOf":{"@id":"https:\/\/staging.lucky-hunter.com\/#website"},"primaryImageOfPage":{"@id":"https:\/\/staging.lucky-hunter.com\/fr\/product\/lupus-newcomer-cleaning-kit\/#primaryimage"},"image":{"@id":"https:\/\/staging.lucky-hunter.com\/fr\/product\/lupus-newcomer-cleaning-kit\/#primaryimage"},"thumbnailUrl":"https:\/\/staging.lucky-hunter.com\/wp-content\/uploads\/2016\/11\/520016.png","datePublished":"2016-11-04T11:19:36+00:00","dateModified":"2023-03-14T14:25:36+00:00","description":"Produit de qualit\u00e9 allemande par Lupus En les traitant \u00e0 sec, l\u2019arme et sa crosse deviendront r\u00e9sistantes \u00e0 l'humidit\u00e9 et \u00e0 la transpiration des mains.","breadcrumb":{"@id":"https:\/\/staging.lucky-hunter.com\/fr\/product\/lupus-newcomer-cleaning-kit\/#breadcrumb"},"inLanguage":"fr-FR","potentialAction":[{"@type":"ReadAction","target":["https:\/\/staging.lucky-hunter.com\/fr\/product\/lupus-newcomer-cleaning-kit\/"]}]},{"@type":"ImageObject","inLanguage":"fr-FR","@id":"https:\/\/staging.lucky-hunter.com\/fr\/product\/lupus-newcomer-cleaning-kit\/#primaryimage","url":"https:\/\/staging.lucky-hunter.com\/wp-content\/uploads\/2016\/11\/520016.png","contentUrl":"https:\/\/staging.lucky-hunter.com\/wp-content\/uploads\/2016\/11\/520016.png","width":1157,"height":1500},{"@type":"BreadcrumbList","@id":"https:\/\/staging.lucky-hunter.com\/fr\/product\/lupus-newcomer-cleaning-kit\/#breadcrumb","itemListElement":[{"@type":"ListItem","position":1,"name":"Home","item":"https:\/\/staging.lucky-hunter.com\/fr\/"},{"@type":"ListItem","position":2,"name":"Boutique","item":"https:\/\/staging.lucky-hunter.com\/fr\/shop\/"},{"@type":"ListItem","position":3,"name":"Kit de Nettoyage pour D\u00e9butant Lupus"}]},{"@type":"WebSite","@id":"https:\/\/staging.lucky-hunter.com\/#website","url":"https:\/\/staging.lucky-hunter.com\/","name":"Lucky-Hunter","description":"Gear Up or Give Up","potentialAction":[{"@type":"SearchAction","target":{"@type":"EntryPoint","urlTemplate":"https:\/\/staging.lucky-hunter.com\/?s={search_term_string}"},"query-input":{"@type":"PropertyValueSpecification","valueRequired":true,"valueName":"search_term_string"}}],"inLanguage":"fr-FR"}]}},"_links":{"self":[{"href":"https:\/\/staging.lucky-hunter.com\/fr\/wp-json\/wp\/v2\/product\/50953"}],"collection":[{"href":"https:\/\/staging.lucky-hunter.com\/fr\/wp-json\/wp\/v2\/product"}],"about":[{"href":"https:\/\/staging.lucky-hunter.com\/fr\/wp-json\/wp\/v2\/types\/product"}],"wp:featuredmedia":[{"embeddable":true,"href":"https:\/\/staging.lucky-hunter.com\/fr\/wp-json\/wp\/v2\/media\/30672"}],"wp:attachment":[{"href":"https:\/\/staging.lucky-hunter.com\/fr\/wp-json\/wp\/v2\/media?parent=50953"}],"wp:term":[{"taxonomy":"product_brand","embeddable":true,"href":"https:\/\/staging.lucky-hunter.com\/fr\/wp-json\/wp\/v2\/product_brand?post=50953"},{"taxonomy":"product_cat","embeddable":true,"href":"https:\/\/staging.lucky-hunter.com\/fr\/wp-json\/wp\/v2\/product_cat?post=50953"},{"taxonomy":"product_tag","embeddable":true,"href":"https:\/\/staging.lucky-hunter.com\/fr\/wp-json\/wp\/v2\/product_tag?post=50953"}],"curies":[{"name":"wp","href":"https:\/\/api.w.org\/{rel}","templated":true}]}}