{"id":50946,"date":"2016-11-07T16:15:15","date_gmt":"2016-11-07T15:15:15","guid":{"rendered":"https:\/\/staging.lucky-hunter.com\/product\/truffle-oil\/"},"modified":"2025-07-02T12:35:11","modified_gmt":"2025-07-02T10:35:11","slug":"huile-de-truffe","status":"publish","type":"product","link":"https:\/\/staging.lucky-hunter.com\/fr\/product\/huile-de-truffe\/","title":{"rendered":"Huile de Truffe"},"content":{"rendered":"<p>Huile de Truffe &#8211; App\u00e2t pour sangliers avec un ar\u00f4me intense et irr\u00e9sistible de truffe.<\/p>\n<p>Pr\u00e9sent\u00e9 sous forme de flacon de 100 ml avec pulv\u00e9risateur, le produit peut \u00eatre pulv\u00e9ris\u00e9 directement sur les aliments du site d\u2019agrainage ou sur les arbres et arbustes.<\/p>\n<p>Tous les app\u00e2ts EuroHunt sont test\u00e9s par des chasseurs exp\u00e9riment\u00e9s pendant au moins 2 ans avant d\u2019\u00eatre commercialis\u00e9s.<\/p>\n<p>L&#8217;effet de l\u2019app\u00e2t est bien document\u00e9.<\/p>\n","protected":false},"excerpt":{"rendered":"<p>App\u00e2t pour sangliers avec un ar\u00f4me intense et irr\u00e9sistible de truffe.\u00a0Pr\u00e9sent\u00e9 sous forme de flacon de 100 ml avec pulv\u00e9risateur, le produit peut \u00eatre pulv\u00e9ris\u00e9 directement sur les aliments du site d\u2019agrainage ou sur les arbres et arbustes.<\/p>\n","protected":false},"featured_media":28491,"template":"","meta":[],"product_brand":[8196],"product_cat":[8253],"product_tag":[9442],"yoast_head":"<!-- This site is optimized with the Yoast SEO plugin v24.3 - https:\/\/yoast.com\/wordpress\/plugins\/seo\/ -->\n<title>Huile de Truffe - App\u00e2t pour sangliers avec un ar\u00f4me intense<\/title>\n<meta name=\"description\" content=\"App\u00e2t pour sangliers avec un ar\u00f4me intense et irr\u00e9sistible de truffe.\u00a0Pr\u00e9sent\u00e9 sous forme de flacon de 100 ml.\" \/>\n<meta name=\"robots\" content=\"noindex, follow, max-snippet:-1, max-image-preview:large, max-video-preview:-1\" \/>\n<meta property=\"og:locale\" content=\"fr_FR\" \/>\n<meta property=\"og:type\" content=\"article\" \/>\n<meta property=\"og:title\" content=\"Huile de Truffe - App\u00e2t pour sangliers avec un ar\u00f4me intense\" \/>\n<meta property=\"og:description\" content=\"App\u00e2t pour sangliers avec un ar\u00f4me intense et irr\u00e9sistible de truffe.\u00a0Pr\u00e9sent\u00e9 sous forme de flacon de 100 ml.\" \/>\n<meta property=\"og:url\" content=\"https:\/\/staging.lucky-hunter.com\/fr\/product\/huile-de-truffe\/\" \/>\n<meta property=\"og:site_name\" content=\"Lucky-Hunter\" \/>\n<meta property=\"article:modified_time\" content=\"2025-07-02T10:35:11+00:00\" \/>\n<meta property=\"og:image\" content=\"https:\/\/staging.lucky-hunter.com\/wp-content\/uploads\/2016\/11\/590229.png\" \/>\n\t<meta property=\"og:image:width\" content=\"1000\" \/>\n\t<meta property=\"og:image:height\" content=\"1000\" \/>\n\t<meta property=\"og:image:type\" content=\"image\/png\" \/>\n<meta name=\"twitter:card\" content=\"summary_large_image\" \/>\n<meta name=\"twitter:label1\" content=\"Dur\u00e9e de lecture estim\u00e9e\" \/>\n\t<meta name=\"twitter:data1\" content=\"1 minute\" \/>\n<script type=\"application\/ld+json\" class=\"yoast-schema-graph\">{\"@context\":\"https:\/\/schema.org\",\"@graph\":[{\"@type\":\"WebPage\",\"@id\":\"https:\/\/staging.lucky-hunter.com\/fr\/product\/huile-de-truffe\/\",\"url\":\"https:\/\/staging.lucky-hunter.com\/fr\/product\/huile-de-truffe\/\",\"name\":\"Huile de Truffe - App\u00e2t pour sangliers avec un ar\u00f4me intense\",\"isPartOf\":{\"@id\":\"https:\/\/staging.lucky-hunter.com\/#website\"},\"primaryImageOfPage\":{\"@id\":\"https:\/\/staging.lucky-hunter.com\/fr\/product\/huile-de-truffe\/#primaryimage\"},\"image\":{\"@id\":\"https:\/\/staging.lucky-hunter.com\/fr\/product\/huile-de-truffe\/#primaryimage\"},\"thumbnailUrl\":\"https:\/\/staging.lucky-hunter.com\/wp-content\/uploads\/2016\/11\/590229.png\",\"datePublished\":\"2016-11-07T15:15:15+00:00\",\"dateModified\":\"2025-07-02T10:35:11+00:00\",\"description\":\"App\u00e2t pour sangliers avec un ar\u00f4me intense et irr\u00e9sistible de truffe.\u00a0Pr\u00e9sent\u00e9 sous forme de flacon de 100 ml.\",\"breadcrumb\":{\"@id\":\"https:\/\/staging.lucky-hunter.com\/fr\/product\/huile-de-truffe\/#breadcrumb\"},\"inLanguage\":\"fr-FR\",\"potentialAction\":[{\"@type\":\"ReadAction\",\"target\":[\"https:\/\/staging.lucky-hunter.com\/fr\/product\/huile-de-truffe\/\"]}]},{\"@type\":\"ImageObject\",\"inLanguage\":\"fr-FR\",\"@id\":\"https:\/\/staging.lucky-hunter.com\/fr\/product\/huile-de-truffe\/#primaryimage\",\"url\":\"https:\/\/staging.lucky-hunter.com\/wp-content\/uploads\/2016\/11\/590229.png\",\"contentUrl\":\"https:\/\/staging.lucky-hunter.com\/wp-content\/uploads\/2016\/11\/590229.png\",\"width\":1000,\"height\":1000},{\"@type\":\"BreadcrumbList\",\"@id\":\"https:\/\/staging.lucky-hunter.com\/fr\/product\/huile-de-truffe\/#breadcrumb\",\"itemListElement\":[{\"@type\":\"ListItem\",\"position\":1,\"name\":\"Home\",\"item\":\"https:\/\/staging.lucky-hunter.com\/fr\/\"},{\"@type\":\"ListItem\",\"position\":2,\"name\":\"Boutique\",\"item\":\"https:\/\/staging.lucky-hunter.com\/fr\/shop\/\"},{\"@type\":\"ListItem\",\"position\":3,\"name\":\"Huile de Truffe\"}]},{\"@type\":\"WebSite\",\"@id\":\"https:\/\/staging.lucky-hunter.com\/#website\",\"url\":\"https:\/\/staging.lucky-hunter.com\/\",\"name\":\"Lucky-Hunter\",\"description\":\"Gear Up or Give Up\",\"potentialAction\":[{\"@type\":\"SearchAction\",\"target\":{\"@type\":\"EntryPoint\",\"urlTemplate\":\"https:\/\/staging.lucky-hunter.com\/?s={search_term_string}\"},\"query-input\":{\"@type\":\"PropertyValueSpecification\",\"valueRequired\":true,\"valueName\":\"search_term_string\"}}],\"inLanguage\":\"fr-FR\"}]}<\/script>\n<!-- \/ Yoast SEO plugin. -->","yoast_head_json":{"title":"Huile de Truffe - App\u00e2t pour sangliers avec un ar\u00f4me intense","description":"App\u00e2t pour sangliers avec un ar\u00f4me intense et irr\u00e9sistible de truffe.\u00a0Pr\u00e9sent\u00e9 sous forme de flacon de 100 ml.","robots":{"index":"noindex","follow":"follow","max-snippet":"max-snippet:-1","max-image-preview":"max-image-preview:large","max-video-preview":"max-video-preview:-1"},"og_locale":"fr_FR","og_type":"article","og_title":"Huile de Truffe - App\u00e2t pour sangliers avec un ar\u00f4me intense","og_description":"App\u00e2t pour sangliers avec un ar\u00f4me intense et irr\u00e9sistible de truffe.\u00a0Pr\u00e9sent\u00e9 sous forme de flacon de 100 ml.","og_url":"https:\/\/staging.lucky-hunter.com\/fr\/product\/huile-de-truffe\/","og_site_name":"Lucky-Hunter","article_modified_time":"2025-07-02T10:35:11+00:00","og_image":[{"width":1000,"height":1000,"url":"https:\/\/staging.lucky-hunter.com\/wp-content\/uploads\/2016\/11\/590229.png","type":"image\/png"}],"twitter_card":"summary_large_image","twitter_misc":{"Dur\u00e9e de lecture estim\u00e9e":"1 minute"},"schema":{"@context":"https:\/\/schema.org","@graph":[{"@type":"WebPage","@id":"https:\/\/staging.lucky-hunter.com\/fr\/product\/huile-de-truffe\/","url":"https:\/\/staging.lucky-hunter.com\/fr\/product\/huile-de-truffe\/","name":"Huile de Truffe - App\u00e2t pour sangliers avec un ar\u00f4me intense","isPartOf":{"@id":"https:\/\/staging.lucky-hunter.com\/#website"},"primaryImageOfPage":{"@id":"https:\/\/staging.lucky-hunter.com\/fr\/product\/huile-de-truffe\/#primaryimage"},"image":{"@id":"https:\/\/staging.lucky-hunter.com\/fr\/product\/huile-de-truffe\/#primaryimage"},"thumbnailUrl":"https:\/\/staging.lucky-hunter.com\/wp-content\/uploads\/2016\/11\/590229.png","datePublished":"2016-11-07T15:15:15+00:00","dateModified":"2025-07-02T10:35:11+00:00","description":"App\u00e2t pour sangliers avec un ar\u00f4me intense et irr\u00e9sistible de truffe.\u00a0Pr\u00e9sent\u00e9 sous forme de flacon de 100 ml.","breadcrumb":{"@id":"https:\/\/staging.lucky-hunter.com\/fr\/product\/huile-de-truffe\/#breadcrumb"},"inLanguage":"fr-FR","potentialAction":[{"@type":"ReadAction","target":["https:\/\/staging.lucky-hunter.com\/fr\/product\/huile-de-truffe\/"]}]},{"@type":"ImageObject","inLanguage":"fr-FR","@id":"https:\/\/staging.lucky-hunter.com\/fr\/product\/huile-de-truffe\/#primaryimage","url":"https:\/\/staging.lucky-hunter.com\/wp-content\/uploads\/2016\/11\/590229.png","contentUrl":"https:\/\/staging.lucky-hunter.com\/wp-content\/uploads\/2016\/11\/590229.png","width":1000,"height":1000},{"@type":"BreadcrumbList","@id":"https:\/\/staging.lucky-hunter.com\/fr\/product\/huile-de-truffe\/#breadcrumb","itemListElement":[{"@type":"ListItem","position":1,"name":"Home","item":"https:\/\/staging.lucky-hunter.com\/fr\/"},{"@type":"ListItem","position":2,"name":"Boutique","item":"https:\/\/staging.lucky-hunter.com\/fr\/shop\/"},{"@type":"ListItem","position":3,"name":"Huile de Truffe"}]},{"@type":"WebSite","@id":"https:\/\/staging.lucky-hunter.com\/#website","url":"https:\/\/staging.lucky-hunter.com\/","name":"Lucky-Hunter","description":"Gear Up or Give Up","potentialAction":[{"@type":"SearchAction","target":{"@type":"EntryPoint","urlTemplate":"https:\/\/staging.lucky-hunter.com\/?s={search_term_string}"},"query-input":{"@type":"PropertyValueSpecification","valueRequired":true,"valueName":"search_term_string"}}],"inLanguage":"fr-FR"}]}},"_links":{"self":[{"href":"https:\/\/staging.lucky-hunter.com\/fr\/wp-json\/wp\/v2\/product\/50946"}],"collection":[{"href":"https:\/\/staging.lucky-hunter.com\/fr\/wp-json\/wp\/v2\/product"}],"about":[{"href":"https:\/\/staging.lucky-hunter.com\/fr\/wp-json\/wp\/v2\/types\/product"}],"wp:featuredmedia":[{"embeddable":true,"href":"https:\/\/staging.lucky-hunter.com\/fr\/wp-json\/wp\/v2\/media\/28491"}],"wp:attachment":[{"href":"https:\/\/staging.lucky-hunter.com\/fr\/wp-json\/wp\/v2\/media?parent=50946"}],"wp:term":[{"taxonomy":"product_brand","embeddable":true,"href":"https:\/\/staging.lucky-hunter.com\/fr\/wp-json\/wp\/v2\/product_brand?post=50946"},{"taxonomy":"product_cat","embeddable":true,"href":"https:\/\/staging.lucky-hunter.com\/fr\/wp-json\/wp\/v2\/product_cat?post=50946"},{"taxonomy":"product_tag","embeddable":true,"href":"https:\/\/staging.lucky-hunter.com\/fr\/wp-json\/wp\/v2\/product_tag?post=50946"}],"curies":[{"name":"wp","href":"https:\/\/api.w.org\/{rel}","templated":true}]}}