{"id":50943,"date":"2016-11-07T16:10:04","date_gmt":"2016-11-07T15:10:04","guid":{"rendered":"https:\/\/staging.lucky-hunter.com\/product\/tripod-feeding-system\/"},"modified":"2023-01-30T11:18:38","modified_gmt":"2023-01-30T10:18:38","slug":"tripod-feeding-system","status":"publish","type":"product","link":"https:\/\/staging.lucky-hunter.com\/fr\/product\/tripod-feeding-system\/","title":{"rendered":"Syst\u00e8me d&#8217;Agrainage sur Tr\u00e9pied"},"content":{"rendered":"<h2><strong>Syst\u00e8me d&#8217;agrainage pour utilisateur exigeant<\/strong><\/h2>\n<p>La solution parfaite pour le chasseur \u00e0 la recherche d\u2019un syst\u00e8me d\u2019agrainage sur lequel il puisse compter pendant des ann\u00e9es.<\/p>\n<p>Le tr\u00e9pied en fer \u00e9lectro-galvanis\u00e9 et enduit de poudre est tr\u00e8s solide.<\/p>\n<p>Commencez par installer les 3 supports sur le bidon (non inclus), puis montez les pieds dans les supports.<\/p>\n<p>Le syst\u00e8me est tr\u00e8s flexible, c\u2019est vous qui choisissez la taille du bidon.<\/p>\n<p>Un palan \u00e0 c\u00e2ble permet de soulever et d\u2019abaisser le bidon &#8211; en partie pour positionner le bidon \u00e0 la bonne hauteur, mais aussi pour en faciliter consid\u00e9rablement le remplissage.<\/p>\n<p><strong>Comprend\u00a0:<\/strong><\/p>\n<ul>\n<li>3 supports pour le bidon<\/li>\n<li>Pieds<\/li>\n<li>Agrainoir automatique professionnel (12 volts)<\/li>\n<li>Batterie de 12 volts<\/li>\n<\/ul>\n<p><strong>Accessoires (vendus s\u00e9par\u00e9ment) :<\/strong><\/p>\n<ul>\n<li>Panneau solaire<\/li>\n<li>Syst\u00e8me d\u2019alerte<\/li>\n<\/ul>\n<p>\u00a0<\/p>\n","protected":false},"excerpt":{"rendered":"<p>La solution parfaite pour le chasseur \u00e0 la recherche d\u2019un syst\u00e8me d\u2019agrainage sur lequel il puisse compter pendant des ann\u00e9es.\u00a0Un palan \u00e0 c\u00e2ble permet de soulever et d\u2019abaisser le bidon &#8211; en partie pour positionner le bidon \u00e0 la bonne hauteur, mais aussi pour en faciliter consid\u00e9rablement le remplissage.<\/p>\n","protected":false},"featured_media":107725,"template":"","meta":[],"product_brand":[],"product_cat":[8233],"product_tag":[9151,9442],"yoast_head":"<!-- This site is optimized with the Yoast SEO plugin v24.3 - https:\/\/yoast.com\/wordpress\/plugins\/seo\/ -->\n<title>Syst\u00e8me d&#039;alimentation tripode - Syst\u00e8me d&#039;alimentation pour l&#039;utilisateur exigeant<\/title>\n<meta name=\"description\" content=\"La solution parfaite pour le chasseur \u00e0 la recherche d\u2019un syst\u00e8me d\u2019agrainage sur lequel il puisse compter pendant des ann\u00e9es. Palan \u00e0 c\u00e2ble pour soulever et abaisser le baril d&#039;alimentation.\" \/>\n<meta name=\"robots\" content=\"noindex, follow, max-snippet:-1, max-image-preview:large, max-video-preview:-1\" \/>\n<meta property=\"og:locale\" content=\"fr_FR\" \/>\n<meta property=\"og:type\" content=\"article\" \/>\n<meta property=\"og:title\" content=\"Syst\u00e8me d&#039;alimentation tripode - Syst\u00e8me d&#039;alimentation pour l&#039;utilisateur exigeant\" \/>\n<meta property=\"og:description\" content=\"La solution parfaite pour le chasseur \u00e0 la recherche d\u2019un syst\u00e8me d\u2019agrainage sur lequel il puisse compter pendant des ann\u00e9es. Palan \u00e0 c\u00e2ble pour soulever et abaisser le baril d&#039;alimentation.\" \/>\n<meta property=\"og:url\" content=\"https:\/\/staging.lucky-hunter.com\/fr\/product\/tripod-feeding-system\/\" \/>\n<meta property=\"og:site_name\" content=\"Lucky-Hunter\" \/>\n<meta property=\"article:modified_time\" content=\"2023-01-30T10:18:38+00:00\" \/>\n<meta property=\"og:image\" content=\"https:\/\/staging.lucky-hunter.com\/wp-content\/uploads\/2016\/11\/KF-50-removebg-preview.png\" \/>\n\t<meta property=\"og:image:width\" content=\"462\" \/>\n\t<meta property=\"og:image:height\" content=\"541\" \/>\n\t<meta property=\"og:image:type\" content=\"image\/png\" \/>\n<meta name=\"twitter:card\" content=\"summary_large_image\" \/>\n<meta name=\"twitter:label1\" content=\"Dur\u00e9e de lecture estim\u00e9e\" \/>\n\t<meta name=\"twitter:data1\" content=\"1 minute\" \/>\n<script type=\"application\/ld+json\" class=\"yoast-schema-graph\">{\"@context\":\"https:\/\/schema.org\",\"@graph\":[{\"@type\":\"WebPage\",\"@id\":\"https:\/\/staging.lucky-hunter.com\/fr\/product\/tripod-feeding-system\/\",\"url\":\"https:\/\/staging.lucky-hunter.com\/fr\/product\/tripod-feeding-system\/\",\"name\":\"Syst\u00e8me d'alimentation tripode - Syst\u00e8me d'alimentation pour l'utilisateur exigeant\",\"isPartOf\":{\"@id\":\"https:\/\/staging.lucky-hunter.com\/#website\"},\"primaryImageOfPage\":{\"@id\":\"https:\/\/staging.lucky-hunter.com\/fr\/product\/tripod-feeding-system\/#primaryimage\"},\"image\":{\"@id\":\"https:\/\/staging.lucky-hunter.com\/fr\/product\/tripod-feeding-system\/#primaryimage\"},\"thumbnailUrl\":\"https:\/\/staging.lucky-hunter.com\/wp-content\/uploads\/2016\/11\/KF-50-removebg-preview.png\",\"datePublished\":\"2016-11-07T15:10:04+00:00\",\"dateModified\":\"2023-01-30T10:18:38+00:00\",\"description\":\"La solution parfaite pour le chasseur \u00e0 la recherche d\u2019un syst\u00e8me d\u2019agrainage sur lequel il puisse compter pendant des ann\u00e9es. Palan \u00e0 c\u00e2ble pour soulever et abaisser le baril d'alimentation.\",\"breadcrumb\":{\"@id\":\"https:\/\/staging.lucky-hunter.com\/fr\/product\/tripod-feeding-system\/#breadcrumb\"},\"inLanguage\":\"fr-FR\",\"potentialAction\":[{\"@type\":\"ReadAction\",\"target\":[\"https:\/\/staging.lucky-hunter.com\/fr\/product\/tripod-feeding-system\/\"]}]},{\"@type\":\"ImageObject\",\"inLanguage\":\"fr-FR\",\"@id\":\"https:\/\/staging.lucky-hunter.com\/fr\/product\/tripod-feeding-system\/#primaryimage\",\"url\":\"https:\/\/staging.lucky-hunter.com\/wp-content\/uploads\/2016\/11\/KF-50-removebg-preview.png\",\"contentUrl\":\"https:\/\/staging.lucky-hunter.com\/wp-content\/uploads\/2016\/11\/KF-50-removebg-preview.png\",\"width\":462,\"height\":541},{\"@type\":\"BreadcrumbList\",\"@id\":\"https:\/\/staging.lucky-hunter.com\/fr\/product\/tripod-feeding-system\/#breadcrumb\",\"itemListElement\":[{\"@type\":\"ListItem\",\"position\":1,\"name\":\"Home\",\"item\":\"https:\/\/staging.lucky-hunter.com\/fr\/\"},{\"@type\":\"ListItem\",\"position\":2,\"name\":\"Boutique\",\"item\":\"https:\/\/staging.lucky-hunter.com\/fr\/shop\/\"},{\"@type\":\"ListItem\",\"position\":3,\"name\":\"Syst\u00e8me d&#8217;Agrainage sur Tr\u00e9pied\"}]},{\"@type\":\"WebSite\",\"@id\":\"https:\/\/staging.lucky-hunter.com\/#website\",\"url\":\"https:\/\/staging.lucky-hunter.com\/\",\"name\":\"Lucky-Hunter\",\"description\":\"Gear Up or Give Up\",\"potentialAction\":[{\"@type\":\"SearchAction\",\"target\":{\"@type\":\"EntryPoint\",\"urlTemplate\":\"https:\/\/staging.lucky-hunter.com\/?s={search_term_string}\"},\"query-input\":{\"@type\":\"PropertyValueSpecification\",\"valueRequired\":true,\"valueName\":\"search_term_string\"}}],\"inLanguage\":\"fr-FR\"}]}<\/script>\n<!-- \/ Yoast SEO plugin. -->","yoast_head_json":{"title":"Syst\u00e8me d'alimentation tripode - Syst\u00e8me d'alimentation pour l'utilisateur exigeant","description":"La solution parfaite pour le chasseur \u00e0 la recherche d\u2019un syst\u00e8me d\u2019agrainage sur lequel il puisse compter pendant des ann\u00e9es. Palan \u00e0 c\u00e2ble pour soulever et abaisser le baril d'alimentation.","robots":{"index":"noindex","follow":"follow","max-snippet":"max-snippet:-1","max-image-preview":"max-image-preview:large","max-video-preview":"max-video-preview:-1"},"og_locale":"fr_FR","og_type":"article","og_title":"Syst\u00e8me d'alimentation tripode - Syst\u00e8me d'alimentation pour l'utilisateur exigeant","og_description":"La solution parfaite pour le chasseur \u00e0 la recherche d\u2019un syst\u00e8me d\u2019agrainage sur lequel il puisse compter pendant des ann\u00e9es. Palan \u00e0 c\u00e2ble pour soulever et abaisser le baril d'alimentation.","og_url":"https:\/\/staging.lucky-hunter.com\/fr\/product\/tripod-feeding-system\/","og_site_name":"Lucky-Hunter","article_modified_time":"2023-01-30T10:18:38+00:00","og_image":[{"width":462,"height":541,"url":"https:\/\/staging.lucky-hunter.com\/wp-content\/uploads\/2016\/11\/KF-50-removebg-preview.png","type":"image\/png"}],"twitter_card":"summary_large_image","twitter_misc":{"Dur\u00e9e de lecture estim\u00e9e":"1 minute"},"schema":{"@context":"https:\/\/schema.org","@graph":[{"@type":"WebPage","@id":"https:\/\/staging.lucky-hunter.com\/fr\/product\/tripod-feeding-system\/","url":"https:\/\/staging.lucky-hunter.com\/fr\/product\/tripod-feeding-system\/","name":"Syst\u00e8me d'alimentation tripode - Syst\u00e8me d'alimentation pour l'utilisateur exigeant","isPartOf":{"@id":"https:\/\/staging.lucky-hunter.com\/#website"},"primaryImageOfPage":{"@id":"https:\/\/staging.lucky-hunter.com\/fr\/product\/tripod-feeding-system\/#primaryimage"},"image":{"@id":"https:\/\/staging.lucky-hunter.com\/fr\/product\/tripod-feeding-system\/#primaryimage"},"thumbnailUrl":"https:\/\/staging.lucky-hunter.com\/wp-content\/uploads\/2016\/11\/KF-50-removebg-preview.png","datePublished":"2016-11-07T15:10:04+00:00","dateModified":"2023-01-30T10:18:38+00:00","description":"La solution parfaite pour le chasseur \u00e0 la recherche d\u2019un syst\u00e8me d\u2019agrainage sur lequel il puisse compter pendant des ann\u00e9es. Palan \u00e0 c\u00e2ble pour soulever et abaisser le baril d'alimentation.","breadcrumb":{"@id":"https:\/\/staging.lucky-hunter.com\/fr\/product\/tripod-feeding-system\/#breadcrumb"},"inLanguage":"fr-FR","potentialAction":[{"@type":"ReadAction","target":["https:\/\/staging.lucky-hunter.com\/fr\/product\/tripod-feeding-system\/"]}]},{"@type":"ImageObject","inLanguage":"fr-FR","@id":"https:\/\/staging.lucky-hunter.com\/fr\/product\/tripod-feeding-system\/#primaryimage","url":"https:\/\/staging.lucky-hunter.com\/wp-content\/uploads\/2016\/11\/KF-50-removebg-preview.png","contentUrl":"https:\/\/staging.lucky-hunter.com\/wp-content\/uploads\/2016\/11\/KF-50-removebg-preview.png","width":462,"height":541},{"@type":"BreadcrumbList","@id":"https:\/\/staging.lucky-hunter.com\/fr\/product\/tripod-feeding-system\/#breadcrumb","itemListElement":[{"@type":"ListItem","position":1,"name":"Home","item":"https:\/\/staging.lucky-hunter.com\/fr\/"},{"@type":"ListItem","position":2,"name":"Boutique","item":"https:\/\/staging.lucky-hunter.com\/fr\/shop\/"},{"@type":"ListItem","position":3,"name":"Syst\u00e8me d&#8217;Agrainage sur Tr\u00e9pied"}]},{"@type":"WebSite","@id":"https:\/\/staging.lucky-hunter.com\/#website","url":"https:\/\/staging.lucky-hunter.com\/","name":"Lucky-Hunter","description":"Gear Up or Give Up","potentialAction":[{"@type":"SearchAction","target":{"@type":"EntryPoint","urlTemplate":"https:\/\/staging.lucky-hunter.com\/?s={search_term_string}"},"query-input":{"@type":"PropertyValueSpecification","valueRequired":true,"valueName":"search_term_string"}}],"inLanguage":"fr-FR"}]}},"_links":{"self":[{"href":"https:\/\/staging.lucky-hunter.com\/fr\/wp-json\/wp\/v2\/product\/50943"}],"collection":[{"href":"https:\/\/staging.lucky-hunter.com\/fr\/wp-json\/wp\/v2\/product"}],"about":[{"href":"https:\/\/staging.lucky-hunter.com\/fr\/wp-json\/wp\/v2\/types\/product"}],"wp:featuredmedia":[{"embeddable":true,"href":"https:\/\/staging.lucky-hunter.com\/fr\/wp-json\/wp\/v2\/media\/107725"}],"wp:attachment":[{"href":"https:\/\/staging.lucky-hunter.com\/fr\/wp-json\/wp\/v2\/media?parent=50943"}],"wp:term":[{"taxonomy":"product_brand","embeddable":true,"href":"https:\/\/staging.lucky-hunter.com\/fr\/wp-json\/wp\/v2\/product_brand?post=50943"},{"taxonomy":"product_cat","embeddable":true,"href":"https:\/\/staging.lucky-hunter.com\/fr\/wp-json\/wp\/v2\/product_cat?post=50943"},{"taxonomy":"product_tag","embeddable":true,"href":"https:\/\/staging.lucky-hunter.com\/fr\/wp-json\/wp\/v2\/product_tag?post=50943"}],"curies":[{"name":"wp","href":"https:\/\/api.w.org\/{rel}","templated":true}]}}