{"id":50938,"date":"2016-11-07T16:10:00","date_gmt":"2016-11-07T15:10:00","guid":{"rendered":"https:\/\/staging.lucky-hunter.com\/product\/beech-tar-25-liter\/"},"modified":"2022-11-16T13:23:23","modified_gmt":"2022-11-16T12:23:23","slug":"beech-tar-25-liter","status":"publish","type":"product","link":"https:\/\/staging.lucky-hunter.com\/fr\/product\/beech-tar-25-liter\/","title":{"rendered":"Goudron de H\u00eatre 2,5 L"},"content":{"rendered":"<h2><strong>Goudron de H\u00eatre 2,5 L &#8211; Id\u00e9al pour vos zones de chasse \/ d\u2019agrainage<\/strong><\/h2>\n<p>Goudron \u00e0 sanglier 100% naturel et non dilu\u00e9, extrait des h\u00eatres pendant la production de charbon de bois.<\/p>\n<p>Dot\u00e9 d\u2019une odeur forte, ce goudron attire efficacement les sangliers, les cerfs et les chevreuils m\u00eame \u00e0 longue distance.<\/p>\n<p>Appliquez le produit sur les arbres de votre choix &#8211; son efficacit\u00e9 vous surprendra.<\/p>\n<p>Bouteille de 2,5 litres.<\/p>\n<p>Dans une zone abritant des sangliers, vous pouvez appliquer ce goudron sur des rondins et il d\u00e9gagera une odeur forte. La prochaine fois que vous v\u00e9rifierez le rondin, il y aura tr\u00e8s probablement des poils de sanglier sur le goudron.<\/p>\n<p>REMARQUE &#8211; Il existe plusieurs types de goudrons sur le march\u00e9. Certains goudrons sont extraits de pins ou d&#8217;autres feuillus. Un goudron non dilu\u00e9 b\u00e9n\u00e9ficie d\u2019un temps de s\u00e9chage tr\u00e8s long et restera collant pendant 1 \u00e0 6 semaines selon le type de bois et son pouvoir absorbant. Certains goudrons sont \u00e9galement dilu\u00e9s avec des produits chimiques tels que la t\u00e9r\u00e9benthine, le k\u00e9ros\u00e8ne ou l&#8217;huile de lin. Non seulement ce n&#8217;est pas respectueux de l&#8217;environnement, mais en plus le goudron dilu\u00e9 sera rapidement absorb\u00e9 par l&#8217;arbre et son temps de s\u00e9chage sera consid\u00e9rablement r\u00e9duit, il ne sera que d\u2019un ou deux jours.<\/p>\n<p>Les tests d\u00e9montrent que le goudron naturel non dilu\u00e9 produit \u00e0 partir de h\u00eatres a le meilleur effet attractif sur les sangliers. D&#8217;autres produits \u00e0 base de goudron peuvent \u00e9videmment \u00eatre utilis\u00e9s, mais ils sont loin d\u2019avoir le m\u00eame effet.<\/p>\n<p>Produit en Allemagne.<\/p>\n","protected":false},"excerpt":{"rendered":"<p>Goudron \u00e0 sanglier 100% naturel et non dilu\u00e9, extrait des h\u00eatres pendant la production de charbon de bois. Dot\u00e9 d\u2019une odeur forte, ce goudron attire efficacement les sangliers, les cerfs et les chevreuils m\u00eame \u00e0 longue distance.<\/p>\n","protected":false},"featured_media":28443,"template":"","meta":[],"product_brand":[8196],"product_cat":[8253],"product_tag":[9151,9442],"yoast_head":"<!-- This site is optimized with the Yoast SEO plugin v24.3 - https:\/\/yoast.com\/wordpress\/plugins\/seo\/ -->\n<title>Beech Tar 2.5L - Leurre tr\u00e8s efficace | Chasseur chanceux<\/title>\n<meta name=\"description\" content=\"Beech Tar 2.5L - Goudron de h\u00eatre 100% naturel, non dilu\u00e9. Parfait pour attirer les sangliers, les cerfs et les chevreuils dans vos zones de chasse\/alimentation.\" \/>\n<meta name=\"robots\" content=\"noindex, follow, max-snippet:-1, max-image-preview:large, max-video-preview:-1\" \/>\n<meta property=\"og:locale\" content=\"fr_FR\" \/>\n<meta property=\"og:type\" content=\"article\" \/>\n<meta property=\"og:title\" content=\"Beech Tar 2.5L - Leurre tr\u00e8s efficace | Chasseur chanceux\" \/>\n<meta property=\"og:description\" content=\"Beech Tar 2.5L - Goudron de h\u00eatre 100% naturel, non dilu\u00e9. Parfait pour attirer les sangliers, les cerfs et les chevreuils dans vos zones de chasse\/alimentation.\" \/>\n<meta property=\"og:url\" content=\"https:\/\/staging.lucky-hunter.com\/product\/beech-tar-25-liter\/\" \/>\n<meta property=\"og:site_name\" content=\"Lucky-Hunter\" \/>\n<meta property=\"article:modified_time\" content=\"2022-11-16T12:23:23+00:00\" \/>\n<meta property=\"og:image\" content=\"https:\/\/staging.lucky-hunter.com\/wp-content\/uploads\/2016\/11\/590201.png\" \/>\n\t<meta property=\"og:image:width\" content=\"1000\" \/>\n\t<meta property=\"og:image:height\" content=\"1000\" \/>\n\t<meta property=\"og:image:type\" content=\"image\/png\" \/>\n<meta name=\"twitter:card\" content=\"summary_large_image\" \/>\n<meta name=\"twitter:title\" content=\"Beech Tar 2.5L - Leurre tr\u00e8s efficace | Chasseur chanceux\" \/>\n<meta name=\"twitter:description\" content=\"Beech Tar 2.5L - Goudron de h\u00eatre 100% naturel, non dilu\u00e9. Parfait pour attirer les sangliers, les cerfs et les chevreuils dans vos zones de chasse\/alimentation.\" \/>\n<meta name=\"twitter:label1\" content=\"Dur\u00e9e de lecture estim\u00e9e\" \/>\n\t<meta name=\"twitter:data1\" content=\"1 minute\" \/>\n<script type=\"application\/ld+json\" class=\"yoast-schema-graph\">{\"@context\":\"https:\/\/schema.org\",\"@graph\":[{\"@type\":\"WebPage\",\"@id\":\"https:\/\/staging.lucky-hunter.com\/product\/beech-tar-25-liter\/\",\"url\":\"https:\/\/staging.lucky-hunter.com\/product\/beech-tar-25-liter\/\",\"name\":\"Beech Tar 2.5L - Leurre tr\u00e8s efficace | Chasseur chanceux\",\"isPartOf\":{\"@id\":\"https:\/\/staging.lucky-hunter.com\/#website\"},\"primaryImageOfPage\":{\"@id\":\"https:\/\/staging.lucky-hunter.com\/product\/beech-tar-25-liter\/#primaryimage\"},\"image\":{\"@id\":\"https:\/\/staging.lucky-hunter.com\/product\/beech-tar-25-liter\/#primaryimage\"},\"thumbnailUrl\":\"https:\/\/staging.lucky-hunter.com\/wp-content\/uploads\/2016\/11\/590201.png\",\"datePublished\":\"2016-11-07T15:10:00+00:00\",\"dateModified\":\"2022-11-16T12:23:23+00:00\",\"description\":\"Beech Tar 2.5L - Goudron de h\u00eatre 100% naturel, non dilu\u00e9. Parfait pour attirer les sangliers, les cerfs et les chevreuils dans vos zones de chasse\/alimentation.\",\"breadcrumb\":{\"@id\":\"https:\/\/staging.lucky-hunter.com\/product\/beech-tar-25-liter\/#breadcrumb\"},\"inLanguage\":\"fr-FR\",\"potentialAction\":[{\"@type\":\"ReadAction\",\"target\":[\"https:\/\/staging.lucky-hunter.com\/product\/beech-tar-25-liter\/\"]}]},{\"@type\":\"ImageObject\",\"inLanguage\":\"fr-FR\",\"@id\":\"https:\/\/staging.lucky-hunter.com\/product\/beech-tar-25-liter\/#primaryimage\",\"url\":\"https:\/\/staging.lucky-hunter.com\/wp-content\/uploads\/2016\/11\/590201.png\",\"contentUrl\":\"https:\/\/staging.lucky-hunter.com\/wp-content\/uploads\/2016\/11\/590201.png\",\"width\":1000,\"height\":1000},{\"@type\":\"BreadcrumbList\",\"@id\":\"https:\/\/staging.lucky-hunter.com\/product\/beech-tar-25-liter\/#breadcrumb\",\"itemListElement\":[{\"@type\":\"ListItem\",\"position\":1,\"name\":\"Home\",\"item\":\"https:\/\/staging.lucky-hunter.com\/fr\/\"},{\"@type\":\"ListItem\",\"position\":2,\"name\":\"Boutique\",\"item\":\"https:\/\/staging.lucky-hunter.com\/fr\/shop\/\"},{\"@type\":\"ListItem\",\"position\":3,\"name\":\"Goudron de H\u00eatre 2,5 L\"}]},{\"@type\":\"WebSite\",\"@id\":\"https:\/\/staging.lucky-hunter.com\/#website\",\"url\":\"https:\/\/staging.lucky-hunter.com\/\",\"name\":\"Lucky-Hunter\",\"description\":\"Gear Up or Give Up\",\"potentialAction\":[{\"@type\":\"SearchAction\",\"target\":{\"@type\":\"EntryPoint\",\"urlTemplate\":\"https:\/\/staging.lucky-hunter.com\/?s={search_term_string}\"},\"query-input\":{\"@type\":\"PropertyValueSpecification\",\"valueRequired\":true,\"valueName\":\"search_term_string\"}}],\"inLanguage\":\"fr-FR\"}]}<\/script>\n<!-- \/ Yoast SEO plugin. -->","yoast_head_json":{"title":"Beech Tar 2.5L - Leurre tr\u00e8s efficace | Chasseur chanceux","description":"Beech Tar 2.5L - Goudron de h\u00eatre 100% naturel, non dilu\u00e9. Parfait pour attirer les sangliers, les cerfs et les chevreuils dans vos zones de chasse\/alimentation.","robots":{"index":"noindex","follow":"follow","max-snippet":"max-snippet:-1","max-image-preview":"max-image-preview:large","max-video-preview":"max-video-preview:-1"},"og_locale":"fr_FR","og_type":"article","og_title":"Beech Tar 2.5L - Leurre tr\u00e8s efficace | Chasseur chanceux","og_description":"Beech Tar 2.5L - Goudron de h\u00eatre 100% naturel, non dilu\u00e9. Parfait pour attirer les sangliers, les cerfs et les chevreuils dans vos zones de chasse\/alimentation.","og_url":"https:\/\/staging.lucky-hunter.com\/product\/beech-tar-25-liter\/","og_site_name":"Lucky-Hunter","article_modified_time":"2022-11-16T12:23:23+00:00","og_image":[{"width":1000,"height":1000,"url":"https:\/\/staging.lucky-hunter.com\/wp-content\/uploads\/2016\/11\/590201.png","type":"image\/png"}],"twitter_card":"summary_large_image","twitter_title":"Beech Tar 2.5L - Leurre tr\u00e8s efficace | Chasseur chanceux","twitter_description":"Beech Tar 2.5L - Goudron de h\u00eatre 100% naturel, non dilu\u00e9. Parfait pour attirer les sangliers, les cerfs et les chevreuils dans vos zones de chasse\/alimentation.","twitter_misc":{"Dur\u00e9e de lecture estim\u00e9e":"1 minute"},"schema":{"@context":"https:\/\/schema.org","@graph":[{"@type":"WebPage","@id":"https:\/\/staging.lucky-hunter.com\/product\/beech-tar-25-liter\/","url":"https:\/\/staging.lucky-hunter.com\/product\/beech-tar-25-liter\/","name":"Beech Tar 2.5L - Leurre tr\u00e8s efficace | Chasseur chanceux","isPartOf":{"@id":"https:\/\/staging.lucky-hunter.com\/#website"},"primaryImageOfPage":{"@id":"https:\/\/staging.lucky-hunter.com\/product\/beech-tar-25-liter\/#primaryimage"},"image":{"@id":"https:\/\/staging.lucky-hunter.com\/product\/beech-tar-25-liter\/#primaryimage"},"thumbnailUrl":"https:\/\/staging.lucky-hunter.com\/wp-content\/uploads\/2016\/11\/590201.png","datePublished":"2016-11-07T15:10:00+00:00","dateModified":"2022-11-16T12:23:23+00:00","description":"Beech Tar 2.5L - Goudron de h\u00eatre 100% naturel, non dilu\u00e9. Parfait pour attirer les sangliers, les cerfs et les chevreuils dans vos zones de chasse\/alimentation.","breadcrumb":{"@id":"https:\/\/staging.lucky-hunter.com\/product\/beech-tar-25-liter\/#breadcrumb"},"inLanguage":"fr-FR","potentialAction":[{"@type":"ReadAction","target":["https:\/\/staging.lucky-hunter.com\/product\/beech-tar-25-liter\/"]}]},{"@type":"ImageObject","inLanguage":"fr-FR","@id":"https:\/\/staging.lucky-hunter.com\/product\/beech-tar-25-liter\/#primaryimage","url":"https:\/\/staging.lucky-hunter.com\/wp-content\/uploads\/2016\/11\/590201.png","contentUrl":"https:\/\/staging.lucky-hunter.com\/wp-content\/uploads\/2016\/11\/590201.png","width":1000,"height":1000},{"@type":"BreadcrumbList","@id":"https:\/\/staging.lucky-hunter.com\/product\/beech-tar-25-liter\/#breadcrumb","itemListElement":[{"@type":"ListItem","position":1,"name":"Home","item":"https:\/\/staging.lucky-hunter.com\/fr\/"},{"@type":"ListItem","position":2,"name":"Boutique","item":"https:\/\/staging.lucky-hunter.com\/fr\/shop\/"},{"@type":"ListItem","position":3,"name":"Goudron de H\u00eatre 2,5 L"}]},{"@type":"WebSite","@id":"https:\/\/staging.lucky-hunter.com\/#website","url":"https:\/\/staging.lucky-hunter.com\/","name":"Lucky-Hunter","description":"Gear Up or Give Up","potentialAction":[{"@type":"SearchAction","target":{"@type":"EntryPoint","urlTemplate":"https:\/\/staging.lucky-hunter.com\/?s={search_term_string}"},"query-input":{"@type":"PropertyValueSpecification","valueRequired":true,"valueName":"search_term_string"}}],"inLanguage":"fr-FR"}]}},"_links":{"self":[{"href":"https:\/\/staging.lucky-hunter.com\/fr\/wp-json\/wp\/v2\/product\/50938"}],"collection":[{"href":"https:\/\/staging.lucky-hunter.com\/fr\/wp-json\/wp\/v2\/product"}],"about":[{"href":"https:\/\/staging.lucky-hunter.com\/fr\/wp-json\/wp\/v2\/types\/product"}],"wp:featuredmedia":[{"embeddable":true,"href":"https:\/\/staging.lucky-hunter.com\/fr\/wp-json\/wp\/v2\/media\/28443"}],"wp:attachment":[{"href":"https:\/\/staging.lucky-hunter.com\/fr\/wp-json\/wp\/v2\/media?parent=50938"}],"wp:term":[{"taxonomy":"product_brand","embeddable":true,"href":"https:\/\/staging.lucky-hunter.com\/fr\/wp-json\/wp\/v2\/product_brand?post=50938"},{"taxonomy":"product_cat","embeddable":true,"href":"https:\/\/staging.lucky-hunter.com\/fr\/wp-json\/wp\/v2\/product_cat?post=50938"},{"taxonomy":"product_tag","embeddable":true,"href":"https:\/\/staging.lucky-hunter.com\/fr\/wp-json\/wp\/v2\/product_tag?post=50938"}],"curies":[{"name":"wp","href":"https:\/\/api.w.org\/{rel}","templated":true}]}}