{"id":50936,"date":"2016-11-07T16:10:57","date_gmt":"2016-11-07T15:10:57","guid":{"rendered":"https:\/\/staging.lucky-hunter.com\/product\/nordik-plain-pain\/"},"modified":"2023-01-30T11:27:04","modified_gmt":"2023-01-30T10:27:04","slug":"nordik-plain-pain","status":"publish","type":"product","link":"https:\/\/staging.lucky-hunter.com\/fr\/product\/nordik-plain-pain\/","title":{"rendered":"Appeau Nordik Plain Pain"},"content":{"rendered":"<p>Cet appeau \u00e0 renards Nordik Predator peut \u00eatre utilis\u00e9 sans les mains, pour que vous puissiez tenir votre fusil et r\u00e9agir rapidement si besoin.<\/p>\n<p>Sa membrane unique permet de reproduire des cris de douleur et de d\u00e9tresse \u00e0 l\u2019intensit\u00e9 accrue. En mordant et en soufflant dans les extr\u00e9mit\u00e9s de l\u2019appeau, vous pourrez produire pratiquement n&#8217;importe quel cri de d\u00e9tresse dont vous pouvez avoir besoin pour chasser des pr\u00e9dateurs efficacement.<\/p>\n<p>La membrane est large d&#8217;un c\u00f4t\u00e9 et \u00e9troite de l&#8217;autre, vous produirez donc des tons diff\u00e9rents selon le c\u00f4t\u00e9 o\u00f9 vous soufflez.<\/p>\n<p>Soufflez du c\u00f4t\u00e9 large de la membrane pour obtenir un cri de d\u00e9tresse plus grave. Soufflez du c\u00f4t\u00e9 \u00e9troit de la membrane pour obtenir un cri de d\u00e9tresse plus aigu.<\/p>\n<p>Il y a trois emplacements de chaque c\u00f4t\u00e9. Si vous mordez en plein milieu, vous produirez un cri apeur\u00e9 avec un son grave. Vous pouvez r\u00e9gler le son\/la tonalit\u00e9 comme vous le souhaitez en changeant d\u2019emplacement vers l\u2019une ou l\u2019autre des extr\u00e9mit\u00e9s.<\/p>\n<p>Le volume d\u00e9pend de la force avec laquelle vous soufflez dans l\u2019appeau \u00e0 renards.<\/p>\n","protected":false},"excerpt":{"rendered":"<p>Cet appeau \u00e0 renards Nordik Predator peut \u00eatre utilis\u00e9 sans les mains, pour que vous puissiez tenir votre fusil et r\u00e9agir rapidement si besoin.<\/p>\n","protected":false},"featured_media":29513,"template":"","meta":[],"product_brand":[8201],"product_cat":[8234],"product_tag":[],"yoast_head":"<!-- This site is optimized with the Yoast SEO plugin v24.3 - https:\/\/yoast.com\/wordpress\/plugins\/seo\/ -->\n<title>Le volume d\u00e9pend de la force avec laquelle vous soufflez dans l\u2019appeau \u00e0 renards.<\/title>\n<meta name=\"description\" content=\"Cet appeau \u00e0 renards Nordik Predator peut \u00eatre utilis\u00e9 sans les mains, pour que vous puissiez tenir votre fusil et r\u00e9agir rapidement si besoin.\" \/>\n<meta name=\"robots\" content=\"noindex, follow, max-snippet:-1, max-image-preview:large, max-video-preview:-1\" \/>\n<meta property=\"og:locale\" content=\"fr_FR\" \/>\n<meta property=\"og:type\" content=\"article\" \/>\n<meta property=\"og:title\" content=\"Le volume d\u00e9pend de la force avec laquelle vous soufflez dans l\u2019appeau \u00e0 renards.\" \/>\n<meta property=\"og:description\" content=\"Cet appeau \u00e0 renards Nordik Predator peut \u00eatre utilis\u00e9 sans les mains, pour que vous puissiez tenir votre fusil et r\u00e9agir rapidement si besoin.\" \/>\n<meta property=\"og:url\" content=\"https:\/\/staging.lucky-hunter.com\/product\/nordik-plain-pain\/\" \/>\n<meta property=\"og:site_name\" content=\"Lucky-Hunter\" \/>\n<meta property=\"article:modified_time\" content=\"2023-01-30T10:27:04+00:00\" \/>\n<meta property=\"og:image\" content=\"https:\/\/staging.lucky-hunter.com\/wp-content\/uploads\/2016\/11\/LK-45.png\" \/>\n\t<meta property=\"og:image:width\" content=\"1000\" \/>\n\t<meta property=\"og:image:height\" content=\"1000\" \/>\n\t<meta property=\"og:image:type\" content=\"image\/png\" \/>\n<meta name=\"twitter:card\" content=\"summary_large_image\" \/>\n<meta name=\"twitter:label1\" content=\"Dur\u00e9e de lecture estim\u00e9e\" \/>\n\t<meta name=\"twitter:data1\" content=\"1 minute\" \/>\n<script type=\"application\/ld+json\" class=\"yoast-schema-graph\">{\"@context\":\"https:\/\/schema.org\",\"@graph\":[{\"@type\":\"WebPage\",\"@id\":\"https:\/\/staging.lucky-hunter.com\/product\/nordik-plain-pain\/\",\"url\":\"https:\/\/staging.lucky-hunter.com\/product\/nordik-plain-pain\/\",\"name\":\"Le volume d\u00e9pend de la force avec laquelle vous soufflez dans l\u2019appeau \u00e0 renards.\",\"isPartOf\":{\"@id\":\"https:\/\/staging.lucky-hunter.com\/#website\"},\"primaryImageOfPage\":{\"@id\":\"https:\/\/staging.lucky-hunter.com\/product\/nordik-plain-pain\/#primaryimage\"},\"image\":{\"@id\":\"https:\/\/staging.lucky-hunter.com\/product\/nordik-plain-pain\/#primaryimage\"},\"thumbnailUrl\":\"https:\/\/staging.lucky-hunter.com\/wp-content\/uploads\/2016\/11\/LK-45.png\",\"datePublished\":\"2016-11-07T15:10:57+00:00\",\"dateModified\":\"2023-01-30T10:27:04+00:00\",\"description\":\"Cet appeau \u00e0 renards Nordik Predator peut \u00eatre utilis\u00e9 sans les mains, pour que vous puissiez tenir votre fusil et r\u00e9agir rapidement si besoin.\",\"breadcrumb\":{\"@id\":\"https:\/\/staging.lucky-hunter.com\/product\/nordik-plain-pain\/#breadcrumb\"},\"inLanguage\":\"fr-FR\",\"potentialAction\":[{\"@type\":\"ReadAction\",\"target\":[\"https:\/\/staging.lucky-hunter.com\/product\/nordik-plain-pain\/\"]}]},{\"@type\":\"ImageObject\",\"inLanguage\":\"fr-FR\",\"@id\":\"https:\/\/staging.lucky-hunter.com\/product\/nordik-plain-pain\/#primaryimage\",\"url\":\"https:\/\/staging.lucky-hunter.com\/wp-content\/uploads\/2016\/11\/LK-45.png\",\"contentUrl\":\"https:\/\/staging.lucky-hunter.com\/wp-content\/uploads\/2016\/11\/LK-45.png\",\"width\":1000,\"height\":1000},{\"@type\":\"BreadcrumbList\",\"@id\":\"https:\/\/staging.lucky-hunter.com\/product\/nordik-plain-pain\/#breadcrumb\",\"itemListElement\":[{\"@type\":\"ListItem\",\"position\":1,\"name\":\"Home\",\"item\":\"https:\/\/staging.lucky-hunter.com\/fr\/\"},{\"@type\":\"ListItem\",\"position\":2,\"name\":\"Boutique\",\"item\":\"https:\/\/staging.lucky-hunter.com\/fr\/shop\/\"},{\"@type\":\"ListItem\",\"position\":3,\"name\":\"Appeau Nordik Plain Pain\"}]},{\"@type\":\"WebSite\",\"@id\":\"https:\/\/staging.lucky-hunter.com\/#website\",\"url\":\"https:\/\/staging.lucky-hunter.com\/\",\"name\":\"Lucky-Hunter\",\"description\":\"Gear Up or Give Up\",\"potentialAction\":[{\"@type\":\"SearchAction\",\"target\":{\"@type\":\"EntryPoint\",\"urlTemplate\":\"https:\/\/staging.lucky-hunter.com\/?s={search_term_string}\"},\"query-input\":{\"@type\":\"PropertyValueSpecification\",\"valueRequired\":true,\"valueName\":\"search_term_string\"}}],\"inLanguage\":\"fr-FR\"}]}<\/script>\n<!-- \/ Yoast SEO plugin. -->","yoast_head_json":{"title":"Le volume d\u00e9pend de la force avec laquelle vous soufflez dans l\u2019appeau \u00e0 renards.","description":"Cet appeau \u00e0 renards Nordik Predator peut \u00eatre utilis\u00e9 sans les mains, pour que vous puissiez tenir votre fusil et r\u00e9agir rapidement si besoin.","robots":{"index":"noindex","follow":"follow","max-snippet":"max-snippet:-1","max-image-preview":"max-image-preview:large","max-video-preview":"max-video-preview:-1"},"og_locale":"fr_FR","og_type":"article","og_title":"Le volume d\u00e9pend de la force avec laquelle vous soufflez dans l\u2019appeau \u00e0 renards.","og_description":"Cet appeau \u00e0 renards Nordik Predator peut \u00eatre utilis\u00e9 sans les mains, pour que vous puissiez tenir votre fusil et r\u00e9agir rapidement si besoin.","og_url":"https:\/\/staging.lucky-hunter.com\/product\/nordik-plain-pain\/","og_site_name":"Lucky-Hunter","article_modified_time":"2023-01-30T10:27:04+00:00","og_image":[{"width":1000,"height":1000,"url":"https:\/\/staging.lucky-hunter.com\/wp-content\/uploads\/2016\/11\/LK-45.png","type":"image\/png"}],"twitter_card":"summary_large_image","twitter_misc":{"Dur\u00e9e de lecture estim\u00e9e":"1 minute"},"schema":{"@context":"https:\/\/schema.org","@graph":[{"@type":"WebPage","@id":"https:\/\/staging.lucky-hunter.com\/product\/nordik-plain-pain\/","url":"https:\/\/staging.lucky-hunter.com\/product\/nordik-plain-pain\/","name":"Le volume d\u00e9pend de la force avec laquelle vous soufflez dans l\u2019appeau \u00e0 renards.","isPartOf":{"@id":"https:\/\/staging.lucky-hunter.com\/#website"},"primaryImageOfPage":{"@id":"https:\/\/staging.lucky-hunter.com\/product\/nordik-plain-pain\/#primaryimage"},"image":{"@id":"https:\/\/staging.lucky-hunter.com\/product\/nordik-plain-pain\/#primaryimage"},"thumbnailUrl":"https:\/\/staging.lucky-hunter.com\/wp-content\/uploads\/2016\/11\/LK-45.png","datePublished":"2016-11-07T15:10:57+00:00","dateModified":"2023-01-30T10:27:04+00:00","description":"Cet appeau \u00e0 renards Nordik Predator peut \u00eatre utilis\u00e9 sans les mains, pour que vous puissiez tenir votre fusil et r\u00e9agir rapidement si besoin.","breadcrumb":{"@id":"https:\/\/staging.lucky-hunter.com\/product\/nordik-plain-pain\/#breadcrumb"},"inLanguage":"fr-FR","potentialAction":[{"@type":"ReadAction","target":["https:\/\/staging.lucky-hunter.com\/product\/nordik-plain-pain\/"]}]},{"@type":"ImageObject","inLanguage":"fr-FR","@id":"https:\/\/staging.lucky-hunter.com\/product\/nordik-plain-pain\/#primaryimage","url":"https:\/\/staging.lucky-hunter.com\/wp-content\/uploads\/2016\/11\/LK-45.png","contentUrl":"https:\/\/staging.lucky-hunter.com\/wp-content\/uploads\/2016\/11\/LK-45.png","width":1000,"height":1000},{"@type":"BreadcrumbList","@id":"https:\/\/staging.lucky-hunter.com\/product\/nordik-plain-pain\/#breadcrumb","itemListElement":[{"@type":"ListItem","position":1,"name":"Home","item":"https:\/\/staging.lucky-hunter.com\/fr\/"},{"@type":"ListItem","position":2,"name":"Boutique","item":"https:\/\/staging.lucky-hunter.com\/fr\/shop\/"},{"@type":"ListItem","position":3,"name":"Appeau Nordik Plain Pain"}]},{"@type":"WebSite","@id":"https:\/\/staging.lucky-hunter.com\/#website","url":"https:\/\/staging.lucky-hunter.com\/","name":"Lucky-Hunter","description":"Gear Up or Give Up","potentialAction":[{"@type":"SearchAction","target":{"@type":"EntryPoint","urlTemplate":"https:\/\/staging.lucky-hunter.com\/?s={search_term_string}"},"query-input":{"@type":"PropertyValueSpecification","valueRequired":true,"valueName":"search_term_string"}}],"inLanguage":"fr-FR"}]}},"_links":{"self":[{"href":"https:\/\/staging.lucky-hunter.com\/fr\/wp-json\/wp\/v2\/product\/50936"}],"collection":[{"href":"https:\/\/staging.lucky-hunter.com\/fr\/wp-json\/wp\/v2\/product"}],"about":[{"href":"https:\/\/staging.lucky-hunter.com\/fr\/wp-json\/wp\/v2\/types\/product"}],"wp:featuredmedia":[{"embeddable":true,"href":"https:\/\/staging.lucky-hunter.com\/fr\/wp-json\/wp\/v2\/media\/29513"}],"wp:attachment":[{"href":"https:\/\/staging.lucky-hunter.com\/fr\/wp-json\/wp\/v2\/media?parent=50936"}],"wp:term":[{"taxonomy":"product_brand","embeddable":true,"href":"https:\/\/staging.lucky-hunter.com\/fr\/wp-json\/wp\/v2\/product_brand?post=50936"},{"taxonomy":"product_cat","embeddable":true,"href":"https:\/\/staging.lucky-hunter.com\/fr\/wp-json\/wp\/v2\/product_cat?post=50936"},{"taxonomy":"product_tag","embeddable":true,"href":"https:\/\/staging.lucky-hunter.com\/fr\/wp-json\/wp\/v2\/product_tag?post=50936"}],"curies":[{"name":"wp","href":"https:\/\/api.w.org\/{rel}","templated":true}]}}