{"id":50935,"date":"2016-11-07T16:02:30","date_gmt":"2016-11-07T15:02:30","guid":{"rendered":"https:\/\/staging.lucky-hunter.com\/product\/nordik-predator-pre-tuned\/"},"modified":"2022-11-16T13:53:13","modified_gmt":"2022-11-16T12:53:13","slug":"nordik-predator-pre-tuned","status":"publish","type":"product","link":"https:\/\/staging.lucky-hunter.com\/fr\/product\/nordik-predator-pre-tuned\/","title":{"rendered":"Appeau Nordik Predator Pr\u00e9-Accord\u00e9"},"content":{"rendered":"<p>Cet appeau \u00e0 renards est con\u00e7u sp\u00e9cialement pour chasser le renard et les autres pr\u00e9dateurs dans le nord. L&#8217;appeau est facile \u00e0 utiliser et son design sp\u00e9cial emp\u00eache l\u2019embout de geler.<\/p>\n<p>Cet appeau Nordik Predator peut produire une large gamme de tons avec une tr\u00e8s grande port\u00e9e. Il a \u00e9t\u00e9 prouv\u00e9 qu&#8217;un renard peut entendre l\u2019appel jusqu&#8217;\u00e0 2 km et y r\u00e9pondre.<\/p>\n<p>Si vous n&#8217;avez jamais attir\u00e9 de renards auparavant, cet appeau est parfait pour d\u00e9buter car il est d\u00e9j\u00e0 accord\u00e9. Il vous suffit de d\u00e9placer l&#8217;\u00e9lastique pour s\u00e9lectionner le son que vous voulez.<\/p>\n<p><strong>Couinements de rongeurs<\/strong><\/p>\n<p>Pour imiter les souris et leurs couinements, placez l\u2019\u00e9lastique le plus pr\u00e8s possible de l\u2019extr\u00e9mit\u00e9 ext\u00e9rieure du bec, serrez-le entre vos dents ou entre vos l\u00e8vres et soufflez de courtes rafales.<\/p>\n<p><strong>Cris de d\u00e9tresse du lapin et du li\u00e8vre<\/strong><\/p>\n<p>Ces cris sont faciles \u00e0 imiter. Placez l\u2019\u00e9lastique au milieu du bec, serrez-le entre vos dents ou entre vos l\u00e8vres et soufflez dans l\u2019appeau. Plus vous le placerez loin sur la membrane, plus les sons seront grossiers. Alternez entre des sons longs et courts pendant 15 \u00e0 25 secondes et r\u00e9p\u00e9tez toutes les 3 \u00e0 4 minutes. Ouvrez et fermez votre main devant l\u2019ouverture situ\u00e9e \u00e0 l\u2019autre extr\u00e9mit\u00e9 de l\u2019appeau pour donner plus de vie aux sons.<\/p>\n<p><strong>Oiseaux<\/strong><\/p>\n<p>Utilisez l&#8217;appeau de la m\u00eame mani\u00e8re que pour les cris de d\u00e9tresse de lapin et de li\u00e8vre mais placez l\u2019\u00e9lastique aussi loin que possible sur le bec avant de le serrer entre vos dents ou entre vos l\u00e8vres.<\/p>\n<p>REMARQUE &#8211; Cet appeau \u00e0 renards produit des sons d\u2019une intensit\u00e9 sup\u00e9rieure \u00e0 115 dB, utilisez une protection auditive.<\/p>\n<p>\u00a0<\/p>\n","protected":false},"excerpt":{"rendered":"<p>Cet appeau \u00e0 renards est con\u00e7u sp\u00e9cialement pour chasser le renard et les autres pr\u00e9dateurs dans le nord. L&#8217;appeau est facile \u00e0 utiliser et son design sp\u00e9cial emp\u00eache l\u2019embout de geler.<\/p>\n","protected":false},"featured_media":30608,"template":"","meta":[],"product_brand":[46],"product_cat":[8234],"product_tag":[9445],"yoast_head":"<!-- This site is optimized with the Yoast SEO plugin v24.3 - https:\/\/yoast.com\/wordpress\/plugins\/seo\/ -->\n<title>Il a \u00e9t\u00e9 prouv\u00e9 qu&#039;un renard peut entendre l\u2019appel jusqu&#039;\u00e0 2 km et y r\u00e9pondre.<\/title>\n<meta name=\"description\" content=\"Cet appeau \u00e0 renards est con\u00e7u sp\u00e9cialement pour chasser le renard et les autres pr\u00e9dateurs dans le nord. Cet appel de renard produit des sons sup\u00e9rieurs \u00e0 115 dB.\" \/>\n<meta name=\"robots\" content=\"noindex, follow, max-snippet:-1, max-image-preview:large, max-video-preview:-1\" \/>\n<meta property=\"og:locale\" content=\"fr_FR\" \/>\n<meta property=\"og:type\" content=\"article\" \/>\n<meta property=\"og:title\" content=\"Il a \u00e9t\u00e9 prouv\u00e9 qu&#039;un renard peut entendre l\u2019appel jusqu&#039;\u00e0 2 km et y r\u00e9pondre.\" \/>\n<meta property=\"og:description\" content=\"Cet appeau \u00e0 renards est con\u00e7u sp\u00e9cialement pour chasser le renard et les autres pr\u00e9dateurs dans le nord. Cet appel de renard produit des sons sup\u00e9rieurs \u00e0 115 dB.\" \/>\n<meta property=\"og:url\" content=\"https:\/\/staging.lucky-hunter.com\/product\/nordik-predator-pre-tuned\/\" \/>\n<meta property=\"og:site_name\" content=\"Lucky-Hunter\" \/>\n<meta property=\"article:modified_time\" content=\"2022-11-16T12:53:13+00:00\" \/>\n<meta property=\"og:image\" content=\"https:\/\/staging.lucky-hunter.com\/wp-content\/uploads\/2016\/11\/LK-10.png.webp\" \/>\n\t<meta property=\"og:image:width\" content=\"1000\" \/>\n\t<meta property=\"og:image:height\" content=\"1000\" \/>\n\t<meta property=\"og:image:type\" content=\"image\/webp\" \/>\n<meta name=\"twitter:card\" content=\"summary_large_image\" \/>\n<meta name=\"twitter:label1\" content=\"Dur\u00e9e de lecture estim\u00e9e\" \/>\n\t<meta name=\"twitter:data1\" content=\"2 minutes\" \/>\n<script type=\"application\/ld+json\" class=\"yoast-schema-graph\">{\"@context\":\"https:\/\/schema.org\",\"@graph\":[{\"@type\":\"WebPage\",\"@id\":\"https:\/\/staging.lucky-hunter.com\/product\/nordik-predator-pre-tuned\/\",\"url\":\"https:\/\/staging.lucky-hunter.com\/product\/nordik-predator-pre-tuned\/\",\"name\":\"Il a \u00e9t\u00e9 prouv\u00e9 qu'un renard peut entendre l\u2019appel jusqu'\u00e0 2 km et y r\u00e9pondre.\",\"isPartOf\":{\"@id\":\"https:\/\/staging.lucky-hunter.com\/#website\"},\"primaryImageOfPage\":{\"@id\":\"https:\/\/staging.lucky-hunter.com\/product\/nordik-predator-pre-tuned\/#primaryimage\"},\"image\":{\"@id\":\"https:\/\/staging.lucky-hunter.com\/product\/nordik-predator-pre-tuned\/#primaryimage\"},\"thumbnailUrl\":\"https:\/\/staging.lucky-hunter.com\/wp-content\/uploads\/2016\/11\/LK-10.png.webp\",\"datePublished\":\"2016-11-07T15:02:30+00:00\",\"dateModified\":\"2022-11-16T12:53:13+00:00\",\"description\":\"Cet appeau \u00e0 renards est con\u00e7u sp\u00e9cialement pour chasser le renard et les autres pr\u00e9dateurs dans le nord. Cet appel de renard produit des sons sup\u00e9rieurs \u00e0 115 dB.\",\"breadcrumb\":{\"@id\":\"https:\/\/staging.lucky-hunter.com\/product\/nordik-predator-pre-tuned\/#breadcrumb\"},\"inLanguage\":\"fr-FR\",\"potentialAction\":[{\"@type\":\"ReadAction\",\"target\":[\"https:\/\/staging.lucky-hunter.com\/product\/nordik-predator-pre-tuned\/\"]}]},{\"@type\":\"ImageObject\",\"inLanguage\":\"fr-FR\",\"@id\":\"https:\/\/staging.lucky-hunter.com\/product\/nordik-predator-pre-tuned\/#primaryimage\",\"url\":\"https:\/\/staging.lucky-hunter.com\/wp-content\/uploads\/2016\/11\/LK-10.png.webp\",\"contentUrl\":\"https:\/\/staging.lucky-hunter.com\/wp-content\/uploads\/2016\/11\/LK-10.png.webp\",\"width\":1000,\"height\":1000},{\"@type\":\"BreadcrumbList\",\"@id\":\"https:\/\/staging.lucky-hunter.com\/product\/nordik-predator-pre-tuned\/#breadcrumb\",\"itemListElement\":[{\"@type\":\"ListItem\",\"position\":1,\"name\":\"Home\",\"item\":\"https:\/\/staging.lucky-hunter.com\/fr\/\"},{\"@type\":\"ListItem\",\"position\":2,\"name\":\"Boutique\",\"item\":\"https:\/\/staging.lucky-hunter.com\/fr\/shop\/\"},{\"@type\":\"ListItem\",\"position\":3,\"name\":\"Appeau Nordik Predator Pr\u00e9-Accord\u00e9\"}]},{\"@type\":\"WebSite\",\"@id\":\"https:\/\/staging.lucky-hunter.com\/#website\",\"url\":\"https:\/\/staging.lucky-hunter.com\/\",\"name\":\"Lucky-Hunter\",\"description\":\"Gear Up or Give Up\",\"potentialAction\":[{\"@type\":\"SearchAction\",\"target\":{\"@type\":\"EntryPoint\",\"urlTemplate\":\"https:\/\/staging.lucky-hunter.com\/?s={search_term_string}\"},\"query-input\":{\"@type\":\"PropertyValueSpecification\",\"valueRequired\":true,\"valueName\":\"search_term_string\"}}],\"inLanguage\":\"fr-FR\"}]}<\/script>\n<!-- \/ Yoast SEO plugin. -->","yoast_head_json":{"title":"Il a \u00e9t\u00e9 prouv\u00e9 qu'un renard peut entendre l\u2019appel jusqu'\u00e0 2 km et y r\u00e9pondre.","description":"Cet appeau \u00e0 renards est con\u00e7u sp\u00e9cialement pour chasser le renard et les autres pr\u00e9dateurs dans le nord. Cet appel de renard produit des sons sup\u00e9rieurs \u00e0 115 dB.","robots":{"index":"noindex","follow":"follow","max-snippet":"max-snippet:-1","max-image-preview":"max-image-preview:large","max-video-preview":"max-video-preview:-1"},"og_locale":"fr_FR","og_type":"article","og_title":"Il a \u00e9t\u00e9 prouv\u00e9 qu'un renard peut entendre l\u2019appel jusqu'\u00e0 2 km et y r\u00e9pondre.","og_description":"Cet appeau \u00e0 renards est con\u00e7u sp\u00e9cialement pour chasser le renard et les autres pr\u00e9dateurs dans le nord. Cet appel de renard produit des sons sup\u00e9rieurs \u00e0 115 dB.","og_url":"https:\/\/staging.lucky-hunter.com\/product\/nordik-predator-pre-tuned\/","og_site_name":"Lucky-Hunter","article_modified_time":"2022-11-16T12:53:13+00:00","og_image":[{"width":1000,"height":1000,"url":"https:\/\/staging.lucky-hunter.com\/wp-content\/uploads\/2016\/11\/LK-10.png.webp","type":"image\/webp"}],"twitter_card":"summary_large_image","twitter_misc":{"Dur\u00e9e de lecture estim\u00e9e":"2 minutes"},"schema":{"@context":"https:\/\/schema.org","@graph":[{"@type":"WebPage","@id":"https:\/\/staging.lucky-hunter.com\/product\/nordik-predator-pre-tuned\/","url":"https:\/\/staging.lucky-hunter.com\/product\/nordik-predator-pre-tuned\/","name":"Il a \u00e9t\u00e9 prouv\u00e9 qu'un renard peut entendre l\u2019appel jusqu'\u00e0 2 km et y r\u00e9pondre.","isPartOf":{"@id":"https:\/\/staging.lucky-hunter.com\/#website"},"primaryImageOfPage":{"@id":"https:\/\/staging.lucky-hunter.com\/product\/nordik-predator-pre-tuned\/#primaryimage"},"image":{"@id":"https:\/\/staging.lucky-hunter.com\/product\/nordik-predator-pre-tuned\/#primaryimage"},"thumbnailUrl":"https:\/\/staging.lucky-hunter.com\/wp-content\/uploads\/2016\/11\/LK-10.png.webp","datePublished":"2016-11-07T15:02:30+00:00","dateModified":"2022-11-16T12:53:13+00:00","description":"Cet appeau \u00e0 renards est con\u00e7u sp\u00e9cialement pour chasser le renard et les autres pr\u00e9dateurs dans le nord. Cet appel de renard produit des sons sup\u00e9rieurs \u00e0 115 dB.","breadcrumb":{"@id":"https:\/\/staging.lucky-hunter.com\/product\/nordik-predator-pre-tuned\/#breadcrumb"},"inLanguage":"fr-FR","potentialAction":[{"@type":"ReadAction","target":["https:\/\/staging.lucky-hunter.com\/product\/nordik-predator-pre-tuned\/"]}]},{"@type":"ImageObject","inLanguage":"fr-FR","@id":"https:\/\/staging.lucky-hunter.com\/product\/nordik-predator-pre-tuned\/#primaryimage","url":"https:\/\/staging.lucky-hunter.com\/wp-content\/uploads\/2016\/11\/LK-10.png.webp","contentUrl":"https:\/\/staging.lucky-hunter.com\/wp-content\/uploads\/2016\/11\/LK-10.png.webp","width":1000,"height":1000},{"@type":"BreadcrumbList","@id":"https:\/\/staging.lucky-hunter.com\/product\/nordik-predator-pre-tuned\/#breadcrumb","itemListElement":[{"@type":"ListItem","position":1,"name":"Home","item":"https:\/\/staging.lucky-hunter.com\/fr\/"},{"@type":"ListItem","position":2,"name":"Boutique","item":"https:\/\/staging.lucky-hunter.com\/fr\/shop\/"},{"@type":"ListItem","position":3,"name":"Appeau Nordik Predator Pr\u00e9-Accord\u00e9"}]},{"@type":"WebSite","@id":"https:\/\/staging.lucky-hunter.com\/#website","url":"https:\/\/staging.lucky-hunter.com\/","name":"Lucky-Hunter","description":"Gear Up or Give Up","potentialAction":[{"@type":"SearchAction","target":{"@type":"EntryPoint","urlTemplate":"https:\/\/staging.lucky-hunter.com\/?s={search_term_string}"},"query-input":{"@type":"PropertyValueSpecification","valueRequired":true,"valueName":"search_term_string"}}],"inLanguage":"fr-FR"}]}},"_links":{"self":[{"href":"https:\/\/staging.lucky-hunter.com\/fr\/wp-json\/wp\/v2\/product\/50935"}],"collection":[{"href":"https:\/\/staging.lucky-hunter.com\/fr\/wp-json\/wp\/v2\/product"}],"about":[{"href":"https:\/\/staging.lucky-hunter.com\/fr\/wp-json\/wp\/v2\/types\/product"}],"wp:featuredmedia":[{"embeddable":true,"href":"https:\/\/staging.lucky-hunter.com\/fr\/wp-json\/wp\/v2\/media\/30608"}],"wp:attachment":[{"href":"https:\/\/staging.lucky-hunter.com\/fr\/wp-json\/wp\/v2\/media?parent=50935"}],"wp:term":[{"taxonomy":"product_brand","embeddable":true,"href":"https:\/\/staging.lucky-hunter.com\/fr\/wp-json\/wp\/v2\/product_brand?post=50935"},{"taxonomy":"product_cat","embeddable":true,"href":"https:\/\/staging.lucky-hunter.com\/fr\/wp-json\/wp\/v2\/product_cat?post=50935"},{"taxonomy":"product_tag","embeddable":true,"href":"https:\/\/staging.lucky-hunter.com\/fr\/wp-json\/wp\/v2\/product_tag?post=50935"}],"curies":[{"name":"wp","href":"https:\/\/api.w.org\/{rel}","templated":true}]}}