{"id":50796,"date":"2017-04-12T11:50:49","date_gmt":"2017-04-12T09:50:49","guid":{"rendered":"https:\/\/staging.lucky-hunter.com\/product\/feeding-drum-38-kgs\/"},"modified":"2023-01-31T12:29:24","modified_gmt":"2023-01-31T11:29:24","slug":"feeding-drum-38-kgs","status":"publish","type":"product","link":"https:\/\/staging.lucky-hunter.com\/fr\/product\/feeding-drum-38-kgs\/","title":{"rendered":"Tambour d&#8217;Agrainage pour Sangliers 38 kg"},"content":{"rendered":"<h2><strong>Tambour d&#8217;Agrainage 38 kg &#8211; de l\u2019activit\u00e9 sur le site d&#8217;agrainage pendant des heures<\/strong><\/h2>\n<p>Dot\u00e9 d\u2019une capacit\u00e9 de 38 kg, ce tambour sur mesure est parfait pour les sangliers, qui le feront rouler afin d\u2019obtenir leur r\u00e9compense : du d\u00e9licieux ma\u00efs !<\/p>\n<p>L&#8217;exp\u00e9rience nous a appris que ce type de bidon est utilis\u00e9 comme un \u00ab\u00a0jouet\u00a0\u00bb par les sangliers. Il passeront donc des heures \u00e0 en extraire la nourriture.<\/p>\n<p>Ce bidon est fait d&#8217;un mat\u00e9riau r\u00e9sistant aux intemp\u00e9ries. Pour le fixer au sol, on utilise un piquet de terre et un c\u00e2ble en acier (fournis).<\/p>\n<p>Les trous sont renforc\u00e9s par des \u0153illets m\u00e9talliques de 14 mm. Les sangliers ne seront donc pas en mesure de fracturer le bidon pour obtenir la nourriture plus rapidement.<\/p>\n<p>Mat\u00e9riau garanti 10 ans.<\/p>\n<p>Couleur : Brun olive.<\/p>\n<p>Capacit\u00e9 : environ 38 kg.<\/p>\n","protected":false},"excerpt":{"rendered":"<p>Occupez les sangliers dans votre zone d\u2019agrainage. Dot\u00e9 d\u2019une capacit\u00e9 de 38 kg, ce tambour d\u2019agrainage est parfait pour les sangliers, qui le feront rouler afin d\u2019obtenir leur r\u00e9compense.<\/p>\n","protected":false},"featured_media":29892,"template":"","meta":[],"product_brand":[8196],"product_cat":[8233],"product_tag":[9442],"yoast_head":"<!-- This site is optimized with the Yoast SEO plugin v24.3 - https:\/\/yoast.com\/wordpress\/plugins\/seo\/ -->\n<title>Tambour d&#039;alimentation 38 kg - Activit\u00e9 sur votre site d&#039;alimentation | Chasseur chanceux<\/title>\n<meta name=\"description\" content=\"Gardez les sangliers occup\u00e9s. Le tambour d&#039;alimentation 38 kg est parfait pour remplir d&#039;aliments afin d&#039;occuper les verrats dans votre zone d&#039;alimentation.\" \/>\n<meta name=\"robots\" content=\"noindex, follow, max-snippet:-1, max-image-preview:large, max-video-preview:-1\" \/>\n<meta property=\"og:locale\" content=\"fr_FR\" \/>\n<meta property=\"og:type\" content=\"article\" \/>\n<meta property=\"og:title\" content=\"Tambour d&#039;alimentation 38KG - Activit\u00e9 sur votre site d&#039;alimentation | Chasseur chanceux\" \/>\n<meta property=\"og:description\" content=\"Gardez les sangliers occup\u00e9s. Le tambour d&#039;alimentation 38 kg est parfait pour remplir d&#039;aliments afin de garder les verrats occup\u00e9s dans votre zone d&#039;alimentation. Des heures de divertissement pour eux.\" \/>\n<meta property=\"og:url\" content=\"https:\/\/staging.lucky-hunter.com\/product\/feeding-drum-38-kgs\/\" \/>\n<meta property=\"og:site_name\" content=\"Lucky-Hunter\" \/>\n<meta property=\"article:modified_time\" content=\"2023-01-31T11:29:24+00:00\" \/>\n<meta property=\"og:image\" content=\"https:\/\/staging.lucky-hunter.com\/wp-content\/uploads\/2017\/04\/510016.png\" \/>\n\t<meta property=\"og:image:width\" content=\"1000\" \/>\n\t<meta property=\"og:image:height\" content=\"1000\" \/>\n\t<meta property=\"og:image:type\" content=\"image\/png\" \/>\n<meta name=\"twitter:card\" content=\"summary_large_image\" \/>\n<meta name=\"twitter:title\" content=\"Tambour d&#039;alimentation 38KG - Activit\u00e9 sur votre site d&#039;alimentation | Chasseur chanceux\" \/>\n<meta name=\"twitter:description\" content=\"Gardez les sangliers occup\u00e9s. Le tambour d&#039;alimentation 38 kg est parfait pour remplir d&#039;aliments afin de garder les verrats occup\u00e9s dans votre zone d&#039;alimentation. Des heures de divertissement pour eux.\" \/>\n<meta name=\"twitter:label1\" content=\"Dur\u00e9e de lecture estim\u00e9e\" \/>\n\t<meta name=\"twitter:data1\" content=\"1 minute\" \/>\n<script type=\"application\/ld+json\" class=\"yoast-schema-graph\">{\"@context\":\"https:\/\/schema.org\",\"@graph\":[{\"@type\":\"WebPage\",\"@id\":\"https:\/\/staging.lucky-hunter.com\/product\/feeding-drum-38-kgs\/\",\"url\":\"https:\/\/staging.lucky-hunter.com\/product\/feeding-drum-38-kgs\/\",\"name\":\"Tambour d'alimentation 38 kg - Activit\u00e9 sur votre site d'alimentation | Chasseur chanceux\",\"isPartOf\":{\"@id\":\"https:\/\/staging.lucky-hunter.com\/#website\"},\"primaryImageOfPage\":{\"@id\":\"https:\/\/staging.lucky-hunter.com\/product\/feeding-drum-38-kgs\/#primaryimage\"},\"image\":{\"@id\":\"https:\/\/staging.lucky-hunter.com\/product\/feeding-drum-38-kgs\/#primaryimage\"},\"thumbnailUrl\":\"https:\/\/staging.lucky-hunter.com\/wp-content\/uploads\/2017\/04\/510016.png\",\"datePublished\":\"2017-04-12T09:50:49+00:00\",\"dateModified\":\"2023-01-31T11:29:24+00:00\",\"description\":\"Gardez les sangliers occup\u00e9s. Le tambour d'alimentation 38 kg est parfait pour remplir d'aliments afin d'occuper les verrats dans votre zone d'alimentation.\",\"breadcrumb\":{\"@id\":\"https:\/\/staging.lucky-hunter.com\/product\/feeding-drum-38-kgs\/#breadcrumb\"},\"inLanguage\":\"fr-FR\",\"potentialAction\":[{\"@type\":\"ReadAction\",\"target\":[\"https:\/\/staging.lucky-hunter.com\/product\/feeding-drum-38-kgs\/\"]}]},{\"@type\":\"ImageObject\",\"inLanguage\":\"fr-FR\",\"@id\":\"https:\/\/staging.lucky-hunter.com\/product\/feeding-drum-38-kgs\/#primaryimage\",\"url\":\"https:\/\/staging.lucky-hunter.com\/wp-content\/uploads\/2017\/04\/510016.png\",\"contentUrl\":\"https:\/\/staging.lucky-hunter.com\/wp-content\/uploads\/2017\/04\/510016.png\",\"width\":1000,\"height\":1000},{\"@type\":\"BreadcrumbList\",\"@id\":\"https:\/\/staging.lucky-hunter.com\/product\/feeding-drum-38-kgs\/#breadcrumb\",\"itemListElement\":[{\"@type\":\"ListItem\",\"position\":1,\"name\":\"Home\",\"item\":\"https:\/\/staging.lucky-hunter.com\/fr\/\"},{\"@type\":\"ListItem\",\"position\":2,\"name\":\"Boutique\",\"item\":\"https:\/\/staging.lucky-hunter.com\/fr\/shop\/\"},{\"@type\":\"ListItem\",\"position\":3,\"name\":\"Tambour d&#8217;Agrainage pour Sangliers 38 kg\"}]},{\"@type\":\"WebSite\",\"@id\":\"https:\/\/staging.lucky-hunter.com\/#website\",\"url\":\"https:\/\/staging.lucky-hunter.com\/\",\"name\":\"Lucky-Hunter\",\"description\":\"Gear Up or Give Up\",\"potentialAction\":[{\"@type\":\"SearchAction\",\"target\":{\"@type\":\"EntryPoint\",\"urlTemplate\":\"https:\/\/staging.lucky-hunter.com\/?s={search_term_string}\"},\"query-input\":{\"@type\":\"PropertyValueSpecification\",\"valueRequired\":true,\"valueName\":\"search_term_string\"}}],\"inLanguage\":\"fr-FR\"}]}<\/script>\n<!-- \/ Yoast SEO plugin. -->","yoast_head_json":{"title":"Tambour d'alimentation 38 kg - Activit\u00e9 sur votre site d'alimentation | Chasseur chanceux","description":"Gardez les sangliers occup\u00e9s. Le tambour d'alimentation 38 kg est parfait pour remplir d'aliments afin d'occuper les verrats dans votre zone d'alimentation.","robots":{"index":"noindex","follow":"follow","max-snippet":"max-snippet:-1","max-image-preview":"max-image-preview:large","max-video-preview":"max-video-preview:-1"},"og_locale":"fr_FR","og_type":"article","og_title":"Tambour d'alimentation 38KG - Activit\u00e9 sur votre site d'alimentation | Chasseur chanceux","og_description":"Gardez les sangliers occup\u00e9s. Le tambour d'alimentation 38 kg est parfait pour remplir d'aliments afin de garder les verrats occup\u00e9s dans votre zone d'alimentation. Des heures de divertissement pour eux.","og_url":"https:\/\/staging.lucky-hunter.com\/product\/feeding-drum-38-kgs\/","og_site_name":"Lucky-Hunter","article_modified_time":"2023-01-31T11:29:24+00:00","og_image":[{"width":1000,"height":1000,"url":"https:\/\/staging.lucky-hunter.com\/wp-content\/uploads\/2017\/04\/510016.png","type":"image\/png"}],"twitter_card":"summary_large_image","twitter_title":"Tambour d'alimentation 38KG - Activit\u00e9 sur votre site d'alimentation | Chasseur chanceux","twitter_description":"Gardez les sangliers occup\u00e9s. Le tambour d'alimentation 38 kg est parfait pour remplir d'aliments afin de garder les verrats occup\u00e9s dans votre zone d'alimentation. Des heures de divertissement pour eux.","twitter_misc":{"Dur\u00e9e de lecture estim\u00e9e":"1 minute"},"schema":{"@context":"https:\/\/schema.org","@graph":[{"@type":"WebPage","@id":"https:\/\/staging.lucky-hunter.com\/product\/feeding-drum-38-kgs\/","url":"https:\/\/staging.lucky-hunter.com\/product\/feeding-drum-38-kgs\/","name":"Tambour d'alimentation 38 kg - Activit\u00e9 sur votre site d'alimentation | Chasseur chanceux","isPartOf":{"@id":"https:\/\/staging.lucky-hunter.com\/#website"},"primaryImageOfPage":{"@id":"https:\/\/staging.lucky-hunter.com\/product\/feeding-drum-38-kgs\/#primaryimage"},"image":{"@id":"https:\/\/staging.lucky-hunter.com\/product\/feeding-drum-38-kgs\/#primaryimage"},"thumbnailUrl":"https:\/\/staging.lucky-hunter.com\/wp-content\/uploads\/2017\/04\/510016.png","datePublished":"2017-04-12T09:50:49+00:00","dateModified":"2023-01-31T11:29:24+00:00","description":"Gardez les sangliers occup\u00e9s. Le tambour d'alimentation 38 kg est parfait pour remplir d'aliments afin d'occuper les verrats dans votre zone d'alimentation.","breadcrumb":{"@id":"https:\/\/staging.lucky-hunter.com\/product\/feeding-drum-38-kgs\/#breadcrumb"},"inLanguage":"fr-FR","potentialAction":[{"@type":"ReadAction","target":["https:\/\/staging.lucky-hunter.com\/product\/feeding-drum-38-kgs\/"]}]},{"@type":"ImageObject","inLanguage":"fr-FR","@id":"https:\/\/staging.lucky-hunter.com\/product\/feeding-drum-38-kgs\/#primaryimage","url":"https:\/\/staging.lucky-hunter.com\/wp-content\/uploads\/2017\/04\/510016.png","contentUrl":"https:\/\/staging.lucky-hunter.com\/wp-content\/uploads\/2017\/04\/510016.png","width":1000,"height":1000},{"@type":"BreadcrumbList","@id":"https:\/\/staging.lucky-hunter.com\/product\/feeding-drum-38-kgs\/#breadcrumb","itemListElement":[{"@type":"ListItem","position":1,"name":"Home","item":"https:\/\/staging.lucky-hunter.com\/fr\/"},{"@type":"ListItem","position":2,"name":"Boutique","item":"https:\/\/staging.lucky-hunter.com\/fr\/shop\/"},{"@type":"ListItem","position":3,"name":"Tambour d&#8217;Agrainage pour Sangliers 38 kg"}]},{"@type":"WebSite","@id":"https:\/\/staging.lucky-hunter.com\/#website","url":"https:\/\/staging.lucky-hunter.com\/","name":"Lucky-Hunter","description":"Gear Up or Give Up","potentialAction":[{"@type":"SearchAction","target":{"@type":"EntryPoint","urlTemplate":"https:\/\/staging.lucky-hunter.com\/?s={search_term_string}"},"query-input":{"@type":"PropertyValueSpecification","valueRequired":true,"valueName":"search_term_string"}}],"inLanguage":"fr-FR"}]}},"_links":{"self":[{"href":"https:\/\/staging.lucky-hunter.com\/fr\/wp-json\/wp\/v2\/product\/50796"}],"collection":[{"href":"https:\/\/staging.lucky-hunter.com\/fr\/wp-json\/wp\/v2\/product"}],"about":[{"href":"https:\/\/staging.lucky-hunter.com\/fr\/wp-json\/wp\/v2\/types\/product"}],"wp:featuredmedia":[{"embeddable":true,"href":"https:\/\/staging.lucky-hunter.com\/fr\/wp-json\/wp\/v2\/media\/29892"}],"wp:attachment":[{"href":"https:\/\/staging.lucky-hunter.com\/fr\/wp-json\/wp\/v2\/media?parent=50796"}],"wp:term":[{"taxonomy":"product_brand","embeddable":true,"href":"https:\/\/staging.lucky-hunter.com\/fr\/wp-json\/wp\/v2\/product_brand?post=50796"},{"taxonomy":"product_cat","embeddable":true,"href":"https:\/\/staging.lucky-hunter.com\/fr\/wp-json\/wp\/v2\/product_cat?post=50796"},{"taxonomy":"product_tag","embeddable":true,"href":"https:\/\/staging.lucky-hunter.com\/fr\/wp-json\/wp\/v2\/product_tag?post=50796"}],"curies":[{"name":"wp","href":"https:\/\/api.w.org\/{rel}","templated":true}]}}