{"id":50795,"date":"2016-11-07T16:10:00","date_gmt":"2016-11-07T15:10:00","guid":{"rendered":"https:\/\/staging.lucky-hunter.com\/product\/beech-tar-5-litre\/"},"modified":"2022-11-16T13:22:59","modified_gmt":"2022-11-16T12:22:59","slug":"beech-tar-5-litre","status":"publish","type":"product","link":"https:\/\/staging.lucky-hunter.com\/fr\/product\/beech-tar-5-litre\/","title":{"rendered":"Goudron de H\u00eatre 5 L"},"content":{"rendered":"<h2><strong>Goudron de H\u00eatre 5 L &#8211; attire efficacement les sangliers, les cerfs et les chevreuils dans vos zones d&#8217;agrainage \/ de chasse<\/strong><\/h2>\n<p>Goudron \u00e0 sanglier 100% naturel et non dilu\u00e9, extrait des h\u00eatres pendant la production de charbon de bois.<\/p>\n<p>Dot\u00e9 d\u2019une odeur forte, ce goudron attire efficacement les sangliers, les cerfs et les chevreuils m\u00eame \u00e0 longue distance.<\/p>\n<p>Appliquez le produit sur les arbres de votre choix &#8211; son efficacit\u00e9 vous surprendra.<\/p>\n<p>Disponible en bouteilles de 5 litres.<\/p>\n<p>Dans une zone abritant des sangliers, vous pouvez appliquer ce goudron sur des rondins et il d\u00e9gagera une odeur forte. La prochaine fois que vous v\u00e9rifierez le rondin, il y aura tr\u00e8s probablement des poils de sanglier sur le goudron.<\/p>\n<p>REMARQUE &#8211; Il existe plusieurs types de goudrons sur le march\u00e9. Certains goudrons sont extraits de pins ou d&#8217;autres feuillus. Un goudron non dilu\u00e9 b\u00e9n\u00e9ficie d\u2019un temps de s\u00e9chage tr\u00e8s long et restera collant pendant 1 \u00e0 6 semaines selon le type de bois et son pouvoir absorbant. Certains goudrons sont \u00e9galement dilu\u00e9s avec des produits chimiques tels que la t\u00e9r\u00e9benthine, le k\u00e9ros\u00e8ne ou l&#8217;huile de lin. Non seulement ce n&#8217;est pas respectueux de l&#8217;environnement, mais en plus le goudron dilu\u00e9 sera rapidement absorb\u00e9 par l&#8217;arbre et son temps de s\u00e9chage sera consid\u00e9rablement r\u00e9duit, il ne sera que d\u2019un ou deux jours.<\/p>\n<p>Les tests d\u00e9montrent que le goudron naturel non dilu\u00e9 produit \u00e0 partir de h\u00eatres a le meilleur effet attractif sur les sangliers. D&#8217;autres produits \u00e0 base de goudron peuvent \u00e9videmment \u00eatre utilis\u00e9s, mais ils sont loin d\u2019avoir un effet aussi durable.<\/p>\n<p>Produit en Allemagne.<\/p>\n","protected":false},"excerpt":{"rendered":"<p>Goudron \u00e0 sanglier 100% naturel et non dilu\u00e9, extrait des h\u00eatres pendant la production de charbon de bois. Dot\u00e9 d\u2019une odeur forte, ce goudron attire efficacement les sangliers, les cerfs et les chevreuils m\u00eame \u00e0 longue distance.<\/p>\n","protected":false},"featured_media":28668,"template":"","meta":[],"product_brand":[8196],"product_cat":[8253],"product_tag":[9151,9442],"yoast_head":"<!-- This site is optimized with the Yoast SEO plugin v24.3 - https:\/\/yoast.com\/wordpress\/plugins\/seo\/ -->\n<title>Beech Tar 5l - Leurre efficacement les sangliers et les cerfs | Chasseur chanceux<\/title>\n<meta name=\"description\" content=\"Goudron de H\u00eatre 5 L - attire efficacement les sangliers, les cerfs et les chevreuils dans vos zones d&#039;agrainage \/ de chasse Le goudron non dilu\u00e9 de longue dur\u00e9e est id\u00e9al pour vos espaces naturels.\" \/>\n<meta name=\"robots\" content=\"noindex, follow, max-snippet:-1, max-image-preview:large, max-video-preview:-1\" \/>\n<meta property=\"og:locale\" content=\"fr_FR\" \/>\n<meta property=\"og:type\" content=\"article\" \/>\n<meta property=\"og:title\" content=\"Beech Tar - Attire efficacement les sangliers et les cerfs | Chasseur chanceux\" \/>\n<meta property=\"og:description\" content=\"Goudron de h\u00eatre - efficace pour attirer les sangliers, les cerfs et les chevreuils dans votre zone d&#039;alimentation\/de chasse. Le goudron non dilu\u00e9 de longue dur\u00e9e est id\u00e9al pour vos espaces naturels.\" \/>\n<meta property=\"og:url\" content=\"https:\/\/staging.lucky-hunter.com\/product\/beech-tar-5-litre\/\" \/>\n<meta property=\"og:site_name\" content=\"Lucky-Hunter\" \/>\n<meta property=\"article:modified_time\" content=\"2022-11-16T12:22:59+00:00\" \/>\n<meta property=\"og:image\" content=\"https:\/\/staging.lucky-hunter.com\/wp-content\/uploads\/2017\/06\/590202.png\" \/>\n\t<meta property=\"og:image:width\" content=\"1000\" \/>\n\t<meta property=\"og:image:height\" content=\"1000\" \/>\n\t<meta property=\"og:image:type\" content=\"image\/png\" \/>\n<meta name=\"twitter:card\" content=\"summary_large_image\" \/>\n<meta name=\"twitter:label1\" content=\"Dur\u00e9e de lecture estim\u00e9e\" \/>\n\t<meta name=\"twitter:data1\" content=\"2 minutes\" \/>\n<script type=\"application\/ld+json\" class=\"yoast-schema-graph\">{\"@context\":\"https:\/\/schema.org\",\"@graph\":[{\"@type\":\"WebPage\",\"@id\":\"https:\/\/staging.lucky-hunter.com\/product\/beech-tar-5-litre\/\",\"url\":\"https:\/\/staging.lucky-hunter.com\/product\/beech-tar-5-litre\/\",\"name\":\"Beech Tar 5l - Leurre efficacement les sangliers et les cerfs | Chasseur chanceux\",\"isPartOf\":{\"@id\":\"https:\/\/staging.lucky-hunter.com\/#website\"},\"primaryImageOfPage\":{\"@id\":\"https:\/\/staging.lucky-hunter.com\/product\/beech-tar-5-litre\/#primaryimage\"},\"image\":{\"@id\":\"https:\/\/staging.lucky-hunter.com\/product\/beech-tar-5-litre\/#primaryimage\"},\"thumbnailUrl\":\"https:\/\/staging.lucky-hunter.com\/wp-content\/uploads\/2017\/06\/590202.png\",\"datePublished\":\"2016-11-07T15:10:00+00:00\",\"dateModified\":\"2022-11-16T12:22:59+00:00\",\"description\":\"Goudron de H\u00eatre 5 L - attire efficacement les sangliers, les cerfs et les chevreuils dans vos zones d'agrainage \/ de chasse Le goudron non dilu\u00e9 de longue dur\u00e9e est id\u00e9al pour vos espaces naturels.\",\"breadcrumb\":{\"@id\":\"https:\/\/staging.lucky-hunter.com\/product\/beech-tar-5-litre\/#breadcrumb\"},\"inLanguage\":\"fr-FR\",\"potentialAction\":[{\"@type\":\"ReadAction\",\"target\":[\"https:\/\/staging.lucky-hunter.com\/product\/beech-tar-5-litre\/\"]}]},{\"@type\":\"ImageObject\",\"inLanguage\":\"fr-FR\",\"@id\":\"https:\/\/staging.lucky-hunter.com\/product\/beech-tar-5-litre\/#primaryimage\",\"url\":\"https:\/\/staging.lucky-hunter.com\/wp-content\/uploads\/2017\/06\/590202.png\",\"contentUrl\":\"https:\/\/staging.lucky-hunter.com\/wp-content\/uploads\/2017\/06\/590202.png\",\"width\":1000,\"height\":1000},{\"@type\":\"BreadcrumbList\",\"@id\":\"https:\/\/staging.lucky-hunter.com\/product\/beech-tar-5-litre\/#breadcrumb\",\"itemListElement\":[{\"@type\":\"ListItem\",\"position\":1,\"name\":\"Home\",\"item\":\"https:\/\/staging.lucky-hunter.com\/fr\/\"},{\"@type\":\"ListItem\",\"position\":2,\"name\":\"Boutique\",\"item\":\"https:\/\/staging.lucky-hunter.com\/fr\/shop\/\"},{\"@type\":\"ListItem\",\"position\":3,\"name\":\"Goudron de H\u00eatre 5 L\"}]},{\"@type\":\"WebSite\",\"@id\":\"https:\/\/staging.lucky-hunter.com\/#website\",\"url\":\"https:\/\/staging.lucky-hunter.com\/\",\"name\":\"Lucky-Hunter\",\"description\":\"Gear Up or Give Up\",\"potentialAction\":[{\"@type\":\"SearchAction\",\"target\":{\"@type\":\"EntryPoint\",\"urlTemplate\":\"https:\/\/staging.lucky-hunter.com\/?s={search_term_string}\"},\"query-input\":{\"@type\":\"PropertyValueSpecification\",\"valueRequired\":true,\"valueName\":\"search_term_string\"}}],\"inLanguage\":\"fr-FR\"}]}<\/script>\n<!-- \/ Yoast SEO plugin. -->","yoast_head_json":{"title":"Beech Tar 5l - Leurre efficacement les sangliers et les cerfs | Chasseur chanceux","description":"Goudron de H\u00eatre 5 L - attire efficacement les sangliers, les cerfs et les chevreuils dans vos zones d'agrainage \/ de chasse Le goudron non dilu\u00e9 de longue dur\u00e9e est id\u00e9al pour vos espaces naturels.","robots":{"index":"noindex","follow":"follow","max-snippet":"max-snippet:-1","max-image-preview":"max-image-preview:large","max-video-preview":"max-video-preview:-1"},"og_locale":"fr_FR","og_type":"article","og_title":"Beech Tar - Attire efficacement les sangliers et les cerfs | Chasseur chanceux","og_description":"Goudron de h\u00eatre - efficace pour attirer les sangliers, les cerfs et les chevreuils dans votre zone d'alimentation\/de chasse. Le goudron non dilu\u00e9 de longue dur\u00e9e est id\u00e9al pour vos espaces naturels.","og_url":"https:\/\/staging.lucky-hunter.com\/product\/beech-tar-5-litre\/","og_site_name":"Lucky-Hunter","article_modified_time":"2022-11-16T12:22:59+00:00","og_image":[{"width":1000,"height":1000,"url":"https:\/\/staging.lucky-hunter.com\/wp-content\/uploads\/2017\/06\/590202.png","type":"image\/png"}],"twitter_card":"summary_large_image","twitter_misc":{"Dur\u00e9e de lecture estim\u00e9e":"2 minutes"},"schema":{"@context":"https:\/\/schema.org","@graph":[{"@type":"WebPage","@id":"https:\/\/staging.lucky-hunter.com\/product\/beech-tar-5-litre\/","url":"https:\/\/staging.lucky-hunter.com\/product\/beech-tar-5-litre\/","name":"Beech Tar 5l - Leurre efficacement les sangliers et les cerfs | Chasseur chanceux","isPartOf":{"@id":"https:\/\/staging.lucky-hunter.com\/#website"},"primaryImageOfPage":{"@id":"https:\/\/staging.lucky-hunter.com\/product\/beech-tar-5-litre\/#primaryimage"},"image":{"@id":"https:\/\/staging.lucky-hunter.com\/product\/beech-tar-5-litre\/#primaryimage"},"thumbnailUrl":"https:\/\/staging.lucky-hunter.com\/wp-content\/uploads\/2017\/06\/590202.png","datePublished":"2016-11-07T15:10:00+00:00","dateModified":"2022-11-16T12:22:59+00:00","description":"Goudron de H\u00eatre 5 L - attire efficacement les sangliers, les cerfs et les chevreuils dans vos zones d'agrainage \/ de chasse Le goudron non dilu\u00e9 de longue dur\u00e9e est id\u00e9al pour vos espaces naturels.","breadcrumb":{"@id":"https:\/\/staging.lucky-hunter.com\/product\/beech-tar-5-litre\/#breadcrumb"},"inLanguage":"fr-FR","potentialAction":[{"@type":"ReadAction","target":["https:\/\/staging.lucky-hunter.com\/product\/beech-tar-5-litre\/"]}]},{"@type":"ImageObject","inLanguage":"fr-FR","@id":"https:\/\/staging.lucky-hunter.com\/product\/beech-tar-5-litre\/#primaryimage","url":"https:\/\/staging.lucky-hunter.com\/wp-content\/uploads\/2017\/06\/590202.png","contentUrl":"https:\/\/staging.lucky-hunter.com\/wp-content\/uploads\/2017\/06\/590202.png","width":1000,"height":1000},{"@type":"BreadcrumbList","@id":"https:\/\/staging.lucky-hunter.com\/product\/beech-tar-5-litre\/#breadcrumb","itemListElement":[{"@type":"ListItem","position":1,"name":"Home","item":"https:\/\/staging.lucky-hunter.com\/fr\/"},{"@type":"ListItem","position":2,"name":"Boutique","item":"https:\/\/staging.lucky-hunter.com\/fr\/shop\/"},{"@type":"ListItem","position":3,"name":"Goudron de H\u00eatre 5 L"}]},{"@type":"WebSite","@id":"https:\/\/staging.lucky-hunter.com\/#website","url":"https:\/\/staging.lucky-hunter.com\/","name":"Lucky-Hunter","description":"Gear Up or Give Up","potentialAction":[{"@type":"SearchAction","target":{"@type":"EntryPoint","urlTemplate":"https:\/\/staging.lucky-hunter.com\/?s={search_term_string}"},"query-input":{"@type":"PropertyValueSpecification","valueRequired":true,"valueName":"search_term_string"}}],"inLanguage":"fr-FR"}]}},"_links":{"self":[{"href":"https:\/\/staging.lucky-hunter.com\/fr\/wp-json\/wp\/v2\/product\/50795"}],"collection":[{"href":"https:\/\/staging.lucky-hunter.com\/fr\/wp-json\/wp\/v2\/product"}],"about":[{"href":"https:\/\/staging.lucky-hunter.com\/fr\/wp-json\/wp\/v2\/types\/product"}],"wp:featuredmedia":[{"embeddable":true,"href":"https:\/\/staging.lucky-hunter.com\/fr\/wp-json\/wp\/v2\/media\/28668"}],"wp:attachment":[{"href":"https:\/\/staging.lucky-hunter.com\/fr\/wp-json\/wp\/v2\/media?parent=50795"}],"wp:term":[{"taxonomy":"product_brand","embeddable":true,"href":"https:\/\/staging.lucky-hunter.com\/fr\/wp-json\/wp\/v2\/product_brand?post=50795"},{"taxonomy":"product_cat","embeddable":true,"href":"https:\/\/staging.lucky-hunter.com\/fr\/wp-json\/wp\/v2\/product_cat?post=50795"},{"taxonomy":"product_tag","embeddable":true,"href":"https:\/\/staging.lucky-hunter.com\/fr\/wp-json\/wp\/v2\/product_tag?post=50795"}],"curies":[{"name":"wp","href":"https:\/\/api.w.org\/{rel}","templated":true}]}}