{"id":50794,"date":"2016-11-07T16:09:20","date_gmt":"2016-11-07T15:09:20","guid":{"rendered":"https:\/\/staging.lucky-hunter.com\/product\/nordik-fox-heat\/"},"modified":"2022-11-16T13:32:56","modified_gmt":"2022-11-16T12:32:56","slug":"nordik-fox-heat","status":"publish","type":"product","link":"https:\/\/staging.lucky-hunter.com\/fr\/product\/nordik-fox-heat\/","title":{"rendered":"Appeau \u00e0 Renards Nordik Fox Heat"},"content":{"rendered":"<p>L\u2019appeau Nordik Fox Heat est sp\u00e9cialement con\u00e7u pour appeler les renards qui sont \u00e0 la recherche d&#8217;un partenaire pendant la saison des amours.<\/p>\n<p>Il est \u00e9galement efficace sur les renards qui d\u00e9fendent leur territoire durant les autres saisons. Certains renards r\u00e9pondent \u00e0 l&#8217;appel tandis que d&#8217;autres viennent silencieusement.<\/p>\n<p><strong>Instructions :<\/strong><\/p>\n<p>Nous utiliserons 2 appels distincts\u00a0:<\/p>\n<p>1 &#8211; Bouchez l&#8217;ouverture sur le barrel avec votre index et soufflez doucement dans l&#8217;appel trois fois en faisant \u00ab\u00a0trrr\u00a0\u00bb (trrr, trrr, trrr), faites une pause de 10 secondes (trrr, trrr, trrr), faites une pause de 10 secondes (trrr, trrr, trrr). R\u00e9p\u00e9tez cette s\u00e9rie de sons toutes les 5 \u00e0 10 minutes pendant une p\u00e9riode de 30 \u00e0 40 minutes.<\/p>\n<p>2 &#8211; Bouchez l&#8217;ouverture sur le barrel avec votre index, soufflez rapidement 4 petites bouff\u00e9es d&#8217;air, et terminez avec un son plus long pendant 3 secondes tout en retirant votre doigt du trou et en laissant le son s&#8217;estomper vers la fin (ju-ju-ju-ju-julllllliiiiii). Faites une pause de 10 secondes et r\u00e9p\u00e9tez. R\u00e9p\u00e9tez cette s\u00e9rie de sons toutes les 5 \u00e0 10 minutes pendant une p\u00e9riode de 30 \u00e0 40 minutes<\/p>\n","protected":false},"excerpt":{"rendered":"<p>L\u2019appeau Nordik Fox Heat est sp\u00e9cialement con\u00e7u pour appeler les renards qui sont \u00e0 la recherche d&#8217;un partenaire pendant la saison des amours.\u00a0Il est \u00e9galement efficace sur les renards qui d\u00e9fendent leur territoire durant les autres saisons. Certains renards r\u00e9pondent \u00e0 l&#8217;appel tandis que d&#8217;autres viennent silencieusement.<\/p>\n","protected":false},"featured_media":30622,"template":"","meta":[],"product_brand":[8201],"product_cat":[8234],"product_tag":[9445],"yoast_head":"<!-- This site is optimized with the Yoast SEO plugin v24.3 - https:\/\/yoast.com\/wordpress\/plugins\/seo\/ -->\n<title>Il est \u00e9galement efficace sur les renards qui d\u00e9fendent leur territoire durant les autres saisons.<\/title>\n<meta name=\"description\" content=\"L\u2019appeau Nordik Fox Heat est sp\u00e9cialement con\u00e7u pour appeler les renards qui sont \u00e0 la recherche d&#039;un partenaire pendant la saison des amours. Egalement efficace pour les renards qui d\u00e9fendent leur territoire.\" \/>\n<meta name=\"robots\" content=\"noindex, follow, max-snippet:-1, max-image-preview:large, max-video-preview:-1\" \/>\n<meta property=\"og:locale\" content=\"fr_FR\" \/>\n<meta property=\"og:type\" content=\"article\" \/>\n<meta property=\"og:title\" content=\"Il est \u00e9galement efficace sur les renards qui d\u00e9fendent leur territoire durant les autres saisons.\" \/>\n<meta property=\"og:description\" content=\"L\u2019appeau Nordik Fox Heat est sp\u00e9cialement con\u00e7u pour appeler les renards qui sont \u00e0 la recherche d&#039;un partenaire pendant la saison des amours. Egalement efficace pour les renards qui d\u00e9fendent leur territoire.\" \/>\n<meta property=\"og:url\" content=\"https:\/\/staging.lucky-hunter.com\/product\/nordik-fox-heat\/\" \/>\n<meta property=\"og:site_name\" content=\"Lucky-Hunter\" \/>\n<meta property=\"article:modified_time\" content=\"2022-11-16T12:32:56+00:00\" \/>\n<meta property=\"og:image\" content=\"https:\/\/staging.lucky-hunter.com\/wp-content\/uploads\/2016\/11\/JK-75-1.png.webp\" \/>\n\t<meta property=\"og:image:width\" content=\"1000\" \/>\n\t<meta property=\"og:image:height\" content=\"1000\" \/>\n\t<meta property=\"og:image:type\" content=\"image\/webp\" \/>\n<meta name=\"twitter:card\" content=\"summary_large_image\" \/>\n<meta name=\"twitter:label1\" content=\"Dur\u00e9e de lecture estim\u00e9e\" \/>\n\t<meta name=\"twitter:data1\" content=\"1 minute\" \/>\n<script type=\"application\/ld+json\" class=\"yoast-schema-graph\">{\"@context\":\"https:\/\/schema.org\",\"@graph\":[{\"@type\":\"WebPage\",\"@id\":\"https:\/\/staging.lucky-hunter.com\/product\/nordik-fox-heat\/\",\"url\":\"https:\/\/staging.lucky-hunter.com\/product\/nordik-fox-heat\/\",\"name\":\"Il est \u00e9galement efficace sur les renards qui d\u00e9fendent leur territoire durant les autres saisons.\",\"isPartOf\":{\"@id\":\"https:\/\/staging.lucky-hunter.com\/#website\"},\"primaryImageOfPage\":{\"@id\":\"https:\/\/staging.lucky-hunter.com\/product\/nordik-fox-heat\/#primaryimage\"},\"image\":{\"@id\":\"https:\/\/staging.lucky-hunter.com\/product\/nordik-fox-heat\/#primaryimage\"},\"thumbnailUrl\":\"https:\/\/staging.lucky-hunter.com\/wp-content\/uploads\/2016\/11\/JK-75-1.png.webp\",\"datePublished\":\"2016-11-07T15:09:20+00:00\",\"dateModified\":\"2022-11-16T12:32:56+00:00\",\"description\":\"L\u2019appeau Nordik Fox Heat est sp\u00e9cialement con\u00e7u pour appeler les renards qui sont \u00e0 la recherche d'un partenaire pendant la saison des amours. Egalement efficace pour les renards qui d\u00e9fendent leur territoire.\",\"breadcrumb\":{\"@id\":\"https:\/\/staging.lucky-hunter.com\/product\/nordik-fox-heat\/#breadcrumb\"},\"inLanguage\":\"fr-FR\",\"potentialAction\":[{\"@type\":\"ReadAction\",\"target\":[\"https:\/\/staging.lucky-hunter.com\/product\/nordik-fox-heat\/\"]}]},{\"@type\":\"ImageObject\",\"inLanguage\":\"fr-FR\",\"@id\":\"https:\/\/staging.lucky-hunter.com\/product\/nordik-fox-heat\/#primaryimage\",\"url\":\"https:\/\/staging.lucky-hunter.com\/wp-content\/uploads\/2016\/11\/JK-75-1.png.webp\",\"contentUrl\":\"https:\/\/staging.lucky-hunter.com\/wp-content\/uploads\/2016\/11\/JK-75-1.png.webp\",\"width\":1000,\"height\":1000},{\"@type\":\"BreadcrumbList\",\"@id\":\"https:\/\/staging.lucky-hunter.com\/product\/nordik-fox-heat\/#breadcrumb\",\"itemListElement\":[{\"@type\":\"ListItem\",\"position\":1,\"name\":\"Home\",\"item\":\"https:\/\/staging.lucky-hunter.com\/fr\/\"},{\"@type\":\"ListItem\",\"position\":2,\"name\":\"Boutique\",\"item\":\"https:\/\/staging.lucky-hunter.com\/fr\/shop\/\"},{\"@type\":\"ListItem\",\"position\":3,\"name\":\"Appeau \u00e0 Renards Nordik Fox Heat\"}]},{\"@type\":\"WebSite\",\"@id\":\"https:\/\/staging.lucky-hunter.com\/#website\",\"url\":\"https:\/\/staging.lucky-hunter.com\/\",\"name\":\"Lucky-Hunter\",\"description\":\"Gear Up or Give Up\",\"potentialAction\":[{\"@type\":\"SearchAction\",\"target\":{\"@type\":\"EntryPoint\",\"urlTemplate\":\"https:\/\/staging.lucky-hunter.com\/?s={search_term_string}\"},\"query-input\":{\"@type\":\"PropertyValueSpecification\",\"valueRequired\":true,\"valueName\":\"search_term_string\"}}],\"inLanguage\":\"fr-FR\"}]}<\/script>\n<!-- \/ Yoast SEO plugin. -->","yoast_head_json":{"title":"Il est \u00e9galement efficace sur les renards qui d\u00e9fendent leur territoire durant les autres saisons.","description":"L\u2019appeau Nordik Fox Heat est sp\u00e9cialement con\u00e7u pour appeler les renards qui sont \u00e0 la recherche d'un partenaire pendant la saison des amours. Egalement efficace pour les renards qui d\u00e9fendent leur territoire.","robots":{"index":"noindex","follow":"follow","max-snippet":"max-snippet:-1","max-image-preview":"max-image-preview:large","max-video-preview":"max-video-preview:-1"},"og_locale":"fr_FR","og_type":"article","og_title":"Il est \u00e9galement efficace sur les renards qui d\u00e9fendent leur territoire durant les autres saisons.","og_description":"L\u2019appeau Nordik Fox Heat est sp\u00e9cialement con\u00e7u pour appeler les renards qui sont \u00e0 la recherche d'un partenaire pendant la saison des amours. Egalement efficace pour les renards qui d\u00e9fendent leur territoire.","og_url":"https:\/\/staging.lucky-hunter.com\/product\/nordik-fox-heat\/","og_site_name":"Lucky-Hunter","article_modified_time":"2022-11-16T12:32:56+00:00","og_image":[{"width":1000,"height":1000,"url":"https:\/\/staging.lucky-hunter.com\/wp-content\/uploads\/2016\/11\/JK-75-1.png.webp","type":"image\/webp"}],"twitter_card":"summary_large_image","twitter_misc":{"Dur\u00e9e de lecture estim\u00e9e":"1 minute"},"schema":{"@context":"https:\/\/schema.org","@graph":[{"@type":"WebPage","@id":"https:\/\/staging.lucky-hunter.com\/product\/nordik-fox-heat\/","url":"https:\/\/staging.lucky-hunter.com\/product\/nordik-fox-heat\/","name":"Il est \u00e9galement efficace sur les renards qui d\u00e9fendent leur territoire durant les autres saisons.","isPartOf":{"@id":"https:\/\/staging.lucky-hunter.com\/#website"},"primaryImageOfPage":{"@id":"https:\/\/staging.lucky-hunter.com\/product\/nordik-fox-heat\/#primaryimage"},"image":{"@id":"https:\/\/staging.lucky-hunter.com\/product\/nordik-fox-heat\/#primaryimage"},"thumbnailUrl":"https:\/\/staging.lucky-hunter.com\/wp-content\/uploads\/2016\/11\/JK-75-1.png.webp","datePublished":"2016-11-07T15:09:20+00:00","dateModified":"2022-11-16T12:32:56+00:00","description":"L\u2019appeau Nordik Fox Heat est sp\u00e9cialement con\u00e7u pour appeler les renards qui sont \u00e0 la recherche d'un partenaire pendant la saison des amours. Egalement efficace pour les renards qui d\u00e9fendent leur territoire.","breadcrumb":{"@id":"https:\/\/staging.lucky-hunter.com\/product\/nordik-fox-heat\/#breadcrumb"},"inLanguage":"fr-FR","potentialAction":[{"@type":"ReadAction","target":["https:\/\/staging.lucky-hunter.com\/product\/nordik-fox-heat\/"]}]},{"@type":"ImageObject","inLanguage":"fr-FR","@id":"https:\/\/staging.lucky-hunter.com\/product\/nordik-fox-heat\/#primaryimage","url":"https:\/\/staging.lucky-hunter.com\/wp-content\/uploads\/2016\/11\/JK-75-1.png.webp","contentUrl":"https:\/\/staging.lucky-hunter.com\/wp-content\/uploads\/2016\/11\/JK-75-1.png.webp","width":1000,"height":1000},{"@type":"BreadcrumbList","@id":"https:\/\/staging.lucky-hunter.com\/product\/nordik-fox-heat\/#breadcrumb","itemListElement":[{"@type":"ListItem","position":1,"name":"Home","item":"https:\/\/staging.lucky-hunter.com\/fr\/"},{"@type":"ListItem","position":2,"name":"Boutique","item":"https:\/\/staging.lucky-hunter.com\/fr\/shop\/"},{"@type":"ListItem","position":3,"name":"Appeau \u00e0 Renards Nordik Fox Heat"}]},{"@type":"WebSite","@id":"https:\/\/staging.lucky-hunter.com\/#website","url":"https:\/\/staging.lucky-hunter.com\/","name":"Lucky-Hunter","description":"Gear Up or Give Up","potentialAction":[{"@type":"SearchAction","target":{"@type":"EntryPoint","urlTemplate":"https:\/\/staging.lucky-hunter.com\/?s={search_term_string}"},"query-input":{"@type":"PropertyValueSpecification","valueRequired":true,"valueName":"search_term_string"}}],"inLanguage":"fr-FR"}]}},"_links":{"self":[{"href":"https:\/\/staging.lucky-hunter.com\/fr\/wp-json\/wp\/v2\/product\/50794"}],"collection":[{"href":"https:\/\/staging.lucky-hunter.com\/fr\/wp-json\/wp\/v2\/product"}],"about":[{"href":"https:\/\/staging.lucky-hunter.com\/fr\/wp-json\/wp\/v2\/types\/product"}],"wp:featuredmedia":[{"embeddable":true,"href":"https:\/\/staging.lucky-hunter.com\/fr\/wp-json\/wp\/v2\/media\/30622"}],"wp:attachment":[{"href":"https:\/\/staging.lucky-hunter.com\/fr\/wp-json\/wp\/v2\/media?parent=50794"}],"wp:term":[{"taxonomy":"product_brand","embeddable":true,"href":"https:\/\/staging.lucky-hunter.com\/fr\/wp-json\/wp\/v2\/product_brand?post=50794"},{"taxonomy":"product_cat","embeddable":true,"href":"https:\/\/staging.lucky-hunter.com\/fr\/wp-json\/wp\/v2\/product_cat?post=50794"},{"taxonomy":"product_tag","embeddable":true,"href":"https:\/\/staging.lucky-hunter.com\/fr\/wp-json\/wp\/v2\/product_tag?post=50794"}],"curies":[{"name":"wp","href":"https:\/\/api.w.org\/{rel}","templated":true}]}}