{"id":50793,"date":"2016-11-07T16:03:04","date_gmt":"2016-11-07T15:03:04","guid":{"rendered":"https:\/\/staging.lucky-hunter.com\/product\/fox-caller\/"},"modified":"2025-07-08T13:30:32","modified_gmt":"2025-07-08T11:30:32","slug":"appeau-a-renards-fox-caller","status":"publish","type":"product","link":"https:\/\/staging.lucky-hunter.com\/fr\/product\/appeau-a-renards-fox-caller\/","title":{"rendered":"Appeau \u00e0 Renards &#8211; Fox Caller"},"content":{"rendered":"<h2><strong>Cet incroyable appeau \u00e0 renards est tr\u00e8s facile \u00e0 utiliser et extr\u00eamement efficace<\/strong><\/h2>\n<p>Cet appeau \u00e0 renards imite le bruit des souris et des rats en d\u00e9tresse.<\/p>\n<p>Pour produire le son, mordez l\u2019appeau pendant que vous soufflez. Pour changer le ton, ajustez la pression de la morsure. Cet appeau \u00e0 renard est dot\u00e9 de rainures qui le rendent facile \u00e0 tenir dans votre bouche sans utiliser vos mains.<\/p>\n<p>Ainsi, vous pouvez attirer le renard efficacement tout en \u00e9tant pr\u00eat \u00e0 tirer.<\/p>\n<p>Le Fox Caller est tr\u00e8s efficace jusqu&#8217;\u00e0 500 m\u00e8tres.<\/p>\n<p>Il est utile seul ou combin\u00e9 aux appeaux \u00e0 renards longue distance de Dan Thompson ou de Nordic Predator. Commencez avec l\u2019appeau longue distance puis, une fois que le renard est plus proche, passez \u00e0 l\u2019appeau Fox Caller.<\/p>\n","protected":false},"excerpt":{"rendered":"<p>Cet appeau \u00e0 renards imite le bruit des souris et des rats en d\u00e9tresse. Le Fox Caller est tr\u00e8s efficace jusqu&#8217;\u00e0 500 m\u00e8tres.<\/p>\n","protected":false},"featured_media":29869,"template":"","meta":[],"product_brand":[],"product_cat":[8234],"product_tag":[9445],"yoast_head":"<!-- This site is optimized with the Yoast SEO plugin v24.3 - https:\/\/yoast.com\/wordpress\/plugins\/seo\/ -->\n<title>Appeau \u00e0 Renards - Fox Caller<\/title>\n<meta name=\"description\" content=\"Cet appeau \u00e0 renards imite le bruit des souris et des rats en d\u00e9tresse. Le Fox Caller est tr\u00e8s efficace jusqu&#039;\u00e0 500 m\u00e8tres.\" \/>\n<meta name=\"robots\" content=\"noindex, follow, max-snippet:-1, max-image-preview:large, max-video-preview:-1\" \/>\n<meta property=\"og:locale\" content=\"fr_FR\" \/>\n<meta property=\"og:type\" content=\"article\" \/>\n<meta property=\"og:title\" content=\"Appeau \u00e0 Renards - Fox Caller\" \/>\n<meta property=\"og:description\" content=\"Cet appeau \u00e0 renards imite le bruit des souris et des rats en d\u00e9tresse. Le Fox Caller est tr\u00e8s efficace jusqu&#039;\u00e0 500 m\u00e8tres.\" \/>\n<meta property=\"og:url\" content=\"https:\/\/staging.lucky-hunter.com\/product\/fox-caller-mouse-pipe\/\" \/>\n<meta property=\"og:site_name\" content=\"Lucky-Hunter\" \/>\n<meta property=\"article:modified_time\" content=\"2025-07-08T11:30:32+00:00\" \/>\n<meta property=\"og:image\" content=\"https:\/\/staging.lucky-hunter.com\/wp-content\/uploads\/2016\/11\/LK-60.png\" \/>\n\t<meta property=\"og:image:width\" content=\"1000\" \/>\n\t<meta property=\"og:image:height\" content=\"1000\" \/>\n\t<meta property=\"og:image:type\" content=\"image\/png\" \/>\n<meta name=\"twitter:card\" content=\"summary_large_image\" \/>\n<meta name=\"twitter:label1\" content=\"Dur\u00e9e de lecture estim\u00e9e\" \/>\n\t<meta name=\"twitter:data1\" content=\"1 minute\" \/>\n<script type=\"application\/ld+json\" class=\"yoast-schema-graph\">{\"@context\":\"https:\/\/schema.org\",\"@graph\":[{\"@type\":\"WebPage\",\"@id\":\"https:\/\/staging.lucky-hunter.com\/product\/fox-caller-mouse-pipe\/\",\"url\":\"https:\/\/staging.lucky-hunter.com\/product\/fox-caller-mouse-pipe\/\",\"name\":\"Appeau \u00e0 Renards - Fox Caller\",\"isPartOf\":{\"@id\":\"https:\/\/staging.lucky-hunter.com\/#website\"},\"primaryImageOfPage\":{\"@id\":\"https:\/\/staging.lucky-hunter.com\/product\/fox-caller-mouse-pipe\/#primaryimage\"},\"image\":{\"@id\":\"https:\/\/staging.lucky-hunter.com\/product\/fox-caller-mouse-pipe\/#primaryimage\"},\"thumbnailUrl\":\"https:\/\/staging.lucky-hunter.com\/wp-content\/uploads\/2016\/11\/LK-60.png\",\"datePublished\":\"2016-11-07T15:03:04+00:00\",\"dateModified\":\"2025-07-08T11:30:32+00:00\",\"description\":\"Cet appeau \u00e0 renards imite le bruit des souris et des rats en d\u00e9tresse. Le Fox Caller est tr\u00e8s efficace jusqu'\u00e0 500 m\u00e8tres.\",\"breadcrumb\":{\"@id\":\"https:\/\/staging.lucky-hunter.com\/product\/fox-caller-mouse-pipe\/#breadcrumb\"},\"inLanguage\":\"fr-FR\",\"potentialAction\":[{\"@type\":\"ReadAction\",\"target\":[\"https:\/\/staging.lucky-hunter.com\/product\/fox-caller-mouse-pipe\/\"]}]},{\"@type\":\"ImageObject\",\"inLanguage\":\"fr-FR\",\"@id\":\"https:\/\/staging.lucky-hunter.com\/product\/fox-caller-mouse-pipe\/#primaryimage\",\"url\":\"https:\/\/staging.lucky-hunter.com\/wp-content\/uploads\/2016\/11\/LK-60.png\",\"contentUrl\":\"https:\/\/staging.lucky-hunter.com\/wp-content\/uploads\/2016\/11\/LK-60.png\",\"width\":1000,\"height\":1000},{\"@type\":\"BreadcrumbList\",\"@id\":\"https:\/\/staging.lucky-hunter.com\/product\/fox-caller-mouse-pipe\/#breadcrumb\",\"itemListElement\":[{\"@type\":\"ListItem\",\"position\":1,\"name\":\"Home\",\"item\":\"https:\/\/staging.lucky-hunter.com\/fr\/\"},{\"@type\":\"ListItem\",\"position\":2,\"name\":\"Boutique\",\"item\":\"https:\/\/staging.lucky-hunter.com\/fr\/shop\/\"},{\"@type\":\"ListItem\",\"position\":3,\"name\":\"Appeau \u00e0 Renards &#8211; Fox Caller\"}]},{\"@type\":\"WebSite\",\"@id\":\"https:\/\/staging.lucky-hunter.com\/#website\",\"url\":\"https:\/\/staging.lucky-hunter.com\/\",\"name\":\"Lucky-Hunter\",\"description\":\"Gear Up or Give Up\",\"potentialAction\":[{\"@type\":\"SearchAction\",\"target\":{\"@type\":\"EntryPoint\",\"urlTemplate\":\"https:\/\/staging.lucky-hunter.com\/?s={search_term_string}\"},\"query-input\":{\"@type\":\"PropertyValueSpecification\",\"valueRequired\":true,\"valueName\":\"search_term_string\"}}],\"inLanguage\":\"fr-FR\"}]}<\/script>\n<!-- \/ Yoast SEO plugin. -->","yoast_head_json":{"title":"Appeau \u00e0 Renards - Fox Caller","description":"Cet appeau \u00e0 renards imite le bruit des souris et des rats en d\u00e9tresse. Le Fox Caller est tr\u00e8s efficace jusqu'\u00e0 500 m\u00e8tres.","robots":{"index":"noindex","follow":"follow","max-snippet":"max-snippet:-1","max-image-preview":"max-image-preview:large","max-video-preview":"max-video-preview:-1"},"og_locale":"fr_FR","og_type":"article","og_title":"Appeau \u00e0 Renards - Fox Caller","og_description":"Cet appeau \u00e0 renards imite le bruit des souris et des rats en d\u00e9tresse. Le Fox Caller est tr\u00e8s efficace jusqu'\u00e0 500 m\u00e8tres.","og_url":"https:\/\/staging.lucky-hunter.com\/product\/fox-caller-mouse-pipe\/","og_site_name":"Lucky-Hunter","article_modified_time":"2025-07-08T11:30:32+00:00","og_image":[{"width":1000,"height":1000,"url":"https:\/\/staging.lucky-hunter.com\/wp-content\/uploads\/2016\/11\/LK-60.png","type":"image\/png"}],"twitter_card":"summary_large_image","twitter_misc":{"Dur\u00e9e de lecture estim\u00e9e":"1 minute"},"schema":{"@context":"https:\/\/schema.org","@graph":[{"@type":"WebPage","@id":"https:\/\/staging.lucky-hunter.com\/product\/fox-caller-mouse-pipe\/","url":"https:\/\/staging.lucky-hunter.com\/product\/fox-caller-mouse-pipe\/","name":"Appeau \u00e0 Renards - Fox Caller","isPartOf":{"@id":"https:\/\/staging.lucky-hunter.com\/#website"},"primaryImageOfPage":{"@id":"https:\/\/staging.lucky-hunter.com\/product\/fox-caller-mouse-pipe\/#primaryimage"},"image":{"@id":"https:\/\/staging.lucky-hunter.com\/product\/fox-caller-mouse-pipe\/#primaryimage"},"thumbnailUrl":"https:\/\/staging.lucky-hunter.com\/wp-content\/uploads\/2016\/11\/LK-60.png","datePublished":"2016-11-07T15:03:04+00:00","dateModified":"2025-07-08T11:30:32+00:00","description":"Cet appeau \u00e0 renards imite le bruit des souris et des rats en d\u00e9tresse. Le Fox Caller est tr\u00e8s efficace jusqu'\u00e0 500 m\u00e8tres.","breadcrumb":{"@id":"https:\/\/staging.lucky-hunter.com\/product\/fox-caller-mouse-pipe\/#breadcrumb"},"inLanguage":"fr-FR","potentialAction":[{"@type":"ReadAction","target":["https:\/\/staging.lucky-hunter.com\/product\/fox-caller-mouse-pipe\/"]}]},{"@type":"ImageObject","inLanguage":"fr-FR","@id":"https:\/\/staging.lucky-hunter.com\/product\/fox-caller-mouse-pipe\/#primaryimage","url":"https:\/\/staging.lucky-hunter.com\/wp-content\/uploads\/2016\/11\/LK-60.png","contentUrl":"https:\/\/staging.lucky-hunter.com\/wp-content\/uploads\/2016\/11\/LK-60.png","width":1000,"height":1000},{"@type":"BreadcrumbList","@id":"https:\/\/staging.lucky-hunter.com\/product\/fox-caller-mouse-pipe\/#breadcrumb","itemListElement":[{"@type":"ListItem","position":1,"name":"Home","item":"https:\/\/staging.lucky-hunter.com\/fr\/"},{"@type":"ListItem","position":2,"name":"Boutique","item":"https:\/\/staging.lucky-hunter.com\/fr\/shop\/"},{"@type":"ListItem","position":3,"name":"Appeau \u00e0 Renards &#8211; Fox Caller"}]},{"@type":"WebSite","@id":"https:\/\/staging.lucky-hunter.com\/#website","url":"https:\/\/staging.lucky-hunter.com\/","name":"Lucky-Hunter","description":"Gear Up or Give Up","potentialAction":[{"@type":"SearchAction","target":{"@type":"EntryPoint","urlTemplate":"https:\/\/staging.lucky-hunter.com\/?s={search_term_string}"},"query-input":{"@type":"PropertyValueSpecification","valueRequired":true,"valueName":"search_term_string"}}],"inLanguage":"fr-FR"}]}},"_links":{"self":[{"href":"https:\/\/staging.lucky-hunter.com\/fr\/wp-json\/wp\/v2\/product\/50793"}],"collection":[{"href":"https:\/\/staging.lucky-hunter.com\/fr\/wp-json\/wp\/v2\/product"}],"about":[{"href":"https:\/\/staging.lucky-hunter.com\/fr\/wp-json\/wp\/v2\/types\/product"}],"wp:featuredmedia":[{"embeddable":true,"href":"https:\/\/staging.lucky-hunter.com\/fr\/wp-json\/wp\/v2\/media\/29869"}],"wp:attachment":[{"href":"https:\/\/staging.lucky-hunter.com\/fr\/wp-json\/wp\/v2\/media?parent=50793"}],"wp:term":[{"taxonomy":"product_brand","embeddable":true,"href":"https:\/\/staging.lucky-hunter.com\/fr\/wp-json\/wp\/v2\/product_brand?post=50793"},{"taxonomy":"product_cat","embeddable":true,"href":"https:\/\/staging.lucky-hunter.com\/fr\/wp-json\/wp\/v2\/product_cat?post=50793"},{"taxonomy":"product_tag","embeddable":true,"href":"https:\/\/staging.lucky-hunter.com\/fr\/wp-json\/wp\/v2\/product_tag?post=50793"}],"curies":[{"name":"wp","href":"https:\/\/api.w.org\/{rel}","templated":true}]}}