{"id":50792,"date":"2016-11-07T16:09:21","date_gmt":"2016-11-07T15:09:21","guid":{"rendered":"https:\/\/staging.lucky-hunter.com\/product\/weisskirchen-fox-rute-set\/"},"modified":"2023-01-31T15:18:42","modified_gmt":"2023-01-31T14:18:42","slug":"weisskirchen-fox-rute-set","status":"publish","type":"product","link":"https:\/\/staging.lucky-hunter.com\/fr\/product\/weisskirchen-fox-rute-set\/","title":{"rendered":"Set d\u2019Appeaux Weisskirchen Renard en Rut"},"content":{"rendered":"<h2>Set d\u2019Appeaux Weisskirchen Renard en Rut &#8211; faites sortir les renards<\/h2>\n<p>Imiter un renard qui aboie est une technique bien connue pour faire sortir les renards pendant la saison des amours.<\/p>\n<p>Malheureusement, c\u2019est un savoir-faire ancestral qui a tendance \u00e0 se perdre. Avec cet ensemble, vous pourrez reproduire ces sons traditionnels pour attirer les renards hors de leur tani\u00e8re.<\/p>\n<p>Faits en bois, ces appeaux vous procureront un sentiment de nostalgie qui vous changera des nouveaux appeaux acryliques. Cet ensemble remonte \u00e0 une \u00e9poque o\u00f9 les appeaux \u00e9taient tous fabriqu\u00e9s et sculpt\u00e9s \u00e0 la main pour produire les sons sp\u00e9cifiques n\u00e9cessaires. Ils ont donc un c\u00f4t\u00e9 rustique attrayant tout en r\u00e9pondant \u00e0 des crit\u00e8res de qualit\u00e9 exigeants.<\/p>\n<p>\u00a0<\/p>\n","protected":false},"excerpt":{"rendered":"<p>Cet ensemble remonte \u00e0 une \u00e9poque o\u00f9 les appeaux \u00e9taient tous fabriqu\u00e9s et sculpt\u00e9s \u00e0 la main pour produire les sons sp\u00e9cifiques n\u00e9cessaires.<\/p>\n","protected":false},"featured_media":30623,"template":"","meta":[],"product_brand":[8203],"product_cat":[8234],"product_tag":[9445],"yoast_head":"<!-- This site is optimized with the Yoast SEO plugin v24.3 - https:\/\/yoast.com\/wordpress\/plugins\/seo\/ -->\n<title>Weisskirchen Fox Rut Set - Appels de jeu de haute qualit\u00e9 | Chasseur chanceux<\/title>\n<meta name=\"description\" content=\"Appelez la proie \u00e0 l&#039;ancienne. L&#039;ensemble en bois Weisskirchen Fox Rut Set ajoute un charme rustique de haute qualit\u00e9 \u00e0 chaque chasse.\" \/>\n<meta name=\"robots\" content=\"noindex, follow, max-snippet:-1, max-image-preview:large, max-video-preview:-1\" \/>\n<meta property=\"og:locale\" content=\"fr_FR\" \/>\n<meta property=\"og:type\" content=\"article\" \/>\n<meta property=\"og:title\" content=\"Weisskirchen Fox Rute Set - Appels de jeu de haute qualit\u00e9 | Chasseur chanceux\" \/>\n<meta property=\"og:description\" content=\"Appelez la proie \u00e0 l&#039;ancienne. L&#039;ensemble Weisskirchen Fox Rute en bois ajoute un charme rustique de haute qualit\u00e9 \u00e0 chaque chasse.\" \/>\n<meta property=\"og:url\" content=\"https:\/\/staging.lucky-hunter.com\/product\/weisskirchen-fox-rute-set\/\" \/>\n<meta property=\"og:site_name\" content=\"Lucky-Hunter\" \/>\n<meta property=\"article:modified_time\" content=\"2023-01-31T14:18:42+00:00\" \/>\n<meta property=\"og:image\" content=\"https:\/\/staging.lucky-hunter.com\/wp-content\/uploads\/2016\/11\/510526-1.png.webp\" \/>\n\t<meta property=\"og:image:width\" content=\"1000\" \/>\n\t<meta property=\"og:image:height\" content=\"1000\" \/>\n\t<meta property=\"og:image:type\" content=\"image\/webp\" \/>\n<meta name=\"twitter:card\" content=\"summary_large_image\" \/>\n<meta name=\"twitter:title\" content=\"Weisskirchen Fox Rute Set - Appels de jeu de haute qualit\u00e9 | Chasseur chanceux\" \/>\n<meta name=\"twitter:description\" content=\"Appelez la proie \u00e0 l&#039;ancienne. L&#039;ensemble Weisskirchen Fox Rute en bois ajoute un charme rustique de haute qualit\u00e9 \u00e0 chaque chasse.\" \/>\n<meta name=\"twitter:label1\" content=\"Dur\u00e9e de lecture estim\u00e9e\" \/>\n\t<meta name=\"twitter:data1\" content=\"1 minute\" \/>\n<script type=\"application\/ld+json\" class=\"yoast-schema-graph\">{\"@context\":\"https:\/\/schema.org\",\"@graph\":[{\"@type\":\"WebPage\",\"@id\":\"https:\/\/staging.lucky-hunter.com\/product\/weisskirchen-fox-rute-set\/\",\"url\":\"https:\/\/staging.lucky-hunter.com\/product\/weisskirchen-fox-rute-set\/\",\"name\":\"Weisskirchen Fox Rut Set - Appels de jeu de haute qualit\u00e9 | Chasseur chanceux\",\"isPartOf\":{\"@id\":\"https:\/\/staging.lucky-hunter.com\/#website\"},\"primaryImageOfPage\":{\"@id\":\"https:\/\/staging.lucky-hunter.com\/product\/weisskirchen-fox-rute-set\/#primaryimage\"},\"image\":{\"@id\":\"https:\/\/staging.lucky-hunter.com\/product\/weisskirchen-fox-rute-set\/#primaryimage\"},\"thumbnailUrl\":\"https:\/\/staging.lucky-hunter.com\/wp-content\/uploads\/2016\/11\/510526-1.png.webp\",\"datePublished\":\"2016-11-07T15:09:21+00:00\",\"dateModified\":\"2023-01-31T14:18:42+00:00\",\"description\":\"Appelez la proie \u00e0 l'ancienne. L'ensemble en bois Weisskirchen Fox Rut Set ajoute un charme rustique de haute qualit\u00e9 \u00e0 chaque chasse.\",\"breadcrumb\":{\"@id\":\"https:\/\/staging.lucky-hunter.com\/product\/weisskirchen-fox-rute-set\/#breadcrumb\"},\"inLanguage\":\"fr-FR\",\"potentialAction\":[{\"@type\":\"ReadAction\",\"target\":[\"https:\/\/staging.lucky-hunter.com\/product\/weisskirchen-fox-rute-set\/\"]}]},{\"@type\":\"ImageObject\",\"inLanguage\":\"fr-FR\",\"@id\":\"https:\/\/staging.lucky-hunter.com\/product\/weisskirchen-fox-rute-set\/#primaryimage\",\"url\":\"https:\/\/staging.lucky-hunter.com\/wp-content\/uploads\/2016\/11\/510526-1.png.webp\",\"contentUrl\":\"https:\/\/staging.lucky-hunter.com\/wp-content\/uploads\/2016\/11\/510526-1.png.webp\",\"width\":1000,\"height\":1000},{\"@type\":\"BreadcrumbList\",\"@id\":\"https:\/\/staging.lucky-hunter.com\/product\/weisskirchen-fox-rute-set\/#breadcrumb\",\"itemListElement\":[{\"@type\":\"ListItem\",\"position\":1,\"name\":\"Home\",\"item\":\"https:\/\/staging.lucky-hunter.com\/fr\/\"},{\"@type\":\"ListItem\",\"position\":2,\"name\":\"Boutique\",\"item\":\"https:\/\/staging.lucky-hunter.com\/fr\/shop\/\"},{\"@type\":\"ListItem\",\"position\":3,\"name\":\"Set d\u2019Appeaux Weisskirchen Renard en Rut\"}]},{\"@type\":\"WebSite\",\"@id\":\"https:\/\/staging.lucky-hunter.com\/#website\",\"url\":\"https:\/\/staging.lucky-hunter.com\/\",\"name\":\"Lucky-Hunter\",\"description\":\"Gear Up or Give Up\",\"potentialAction\":[{\"@type\":\"SearchAction\",\"target\":{\"@type\":\"EntryPoint\",\"urlTemplate\":\"https:\/\/staging.lucky-hunter.com\/?s={search_term_string}\"},\"query-input\":{\"@type\":\"PropertyValueSpecification\",\"valueRequired\":true,\"valueName\":\"search_term_string\"}}],\"inLanguage\":\"fr-FR\"}]}<\/script>\n<!-- \/ Yoast SEO plugin. -->","yoast_head_json":{"title":"Weisskirchen Fox Rut Set - Appels de jeu de haute qualit\u00e9 | Chasseur chanceux","description":"Appelez la proie \u00e0 l'ancienne. L'ensemble en bois Weisskirchen Fox Rut Set ajoute un charme rustique de haute qualit\u00e9 \u00e0 chaque chasse.","robots":{"index":"noindex","follow":"follow","max-snippet":"max-snippet:-1","max-image-preview":"max-image-preview:large","max-video-preview":"max-video-preview:-1"},"og_locale":"fr_FR","og_type":"article","og_title":"Weisskirchen Fox Rute Set - Appels de jeu de haute qualit\u00e9 | Chasseur chanceux","og_description":"Appelez la proie \u00e0 l'ancienne. L'ensemble Weisskirchen Fox Rute en bois ajoute un charme rustique de haute qualit\u00e9 \u00e0 chaque chasse.","og_url":"https:\/\/staging.lucky-hunter.com\/product\/weisskirchen-fox-rute-set\/","og_site_name":"Lucky-Hunter","article_modified_time":"2023-01-31T14:18:42+00:00","og_image":[{"width":1000,"height":1000,"url":"https:\/\/staging.lucky-hunter.com\/wp-content\/uploads\/2016\/11\/510526-1.png.webp","type":"image\/webp"}],"twitter_card":"summary_large_image","twitter_title":"Weisskirchen Fox Rute Set - Appels de jeu de haute qualit\u00e9 | Chasseur chanceux","twitter_description":"Appelez la proie \u00e0 l'ancienne. L'ensemble Weisskirchen Fox Rute en bois ajoute un charme rustique de haute qualit\u00e9 \u00e0 chaque chasse.","twitter_misc":{"Dur\u00e9e de lecture estim\u00e9e":"1 minute"},"schema":{"@context":"https:\/\/schema.org","@graph":[{"@type":"WebPage","@id":"https:\/\/staging.lucky-hunter.com\/product\/weisskirchen-fox-rute-set\/","url":"https:\/\/staging.lucky-hunter.com\/product\/weisskirchen-fox-rute-set\/","name":"Weisskirchen Fox Rut Set - Appels de jeu de haute qualit\u00e9 | Chasseur chanceux","isPartOf":{"@id":"https:\/\/staging.lucky-hunter.com\/#website"},"primaryImageOfPage":{"@id":"https:\/\/staging.lucky-hunter.com\/product\/weisskirchen-fox-rute-set\/#primaryimage"},"image":{"@id":"https:\/\/staging.lucky-hunter.com\/product\/weisskirchen-fox-rute-set\/#primaryimage"},"thumbnailUrl":"https:\/\/staging.lucky-hunter.com\/wp-content\/uploads\/2016\/11\/510526-1.png.webp","datePublished":"2016-11-07T15:09:21+00:00","dateModified":"2023-01-31T14:18:42+00:00","description":"Appelez la proie \u00e0 l'ancienne. L'ensemble en bois Weisskirchen Fox Rut Set ajoute un charme rustique de haute qualit\u00e9 \u00e0 chaque chasse.","breadcrumb":{"@id":"https:\/\/staging.lucky-hunter.com\/product\/weisskirchen-fox-rute-set\/#breadcrumb"},"inLanguage":"fr-FR","potentialAction":[{"@type":"ReadAction","target":["https:\/\/staging.lucky-hunter.com\/product\/weisskirchen-fox-rute-set\/"]}]},{"@type":"ImageObject","inLanguage":"fr-FR","@id":"https:\/\/staging.lucky-hunter.com\/product\/weisskirchen-fox-rute-set\/#primaryimage","url":"https:\/\/staging.lucky-hunter.com\/wp-content\/uploads\/2016\/11\/510526-1.png.webp","contentUrl":"https:\/\/staging.lucky-hunter.com\/wp-content\/uploads\/2016\/11\/510526-1.png.webp","width":1000,"height":1000},{"@type":"BreadcrumbList","@id":"https:\/\/staging.lucky-hunter.com\/product\/weisskirchen-fox-rute-set\/#breadcrumb","itemListElement":[{"@type":"ListItem","position":1,"name":"Home","item":"https:\/\/staging.lucky-hunter.com\/fr\/"},{"@type":"ListItem","position":2,"name":"Boutique","item":"https:\/\/staging.lucky-hunter.com\/fr\/shop\/"},{"@type":"ListItem","position":3,"name":"Set d\u2019Appeaux Weisskirchen Renard en Rut"}]},{"@type":"WebSite","@id":"https:\/\/staging.lucky-hunter.com\/#website","url":"https:\/\/staging.lucky-hunter.com\/","name":"Lucky-Hunter","description":"Gear Up or Give Up","potentialAction":[{"@type":"SearchAction","target":{"@type":"EntryPoint","urlTemplate":"https:\/\/staging.lucky-hunter.com\/?s={search_term_string}"},"query-input":{"@type":"PropertyValueSpecification","valueRequired":true,"valueName":"search_term_string"}}],"inLanguage":"fr-FR"}]}},"_links":{"self":[{"href":"https:\/\/staging.lucky-hunter.com\/fr\/wp-json\/wp\/v2\/product\/50792"}],"collection":[{"href":"https:\/\/staging.lucky-hunter.com\/fr\/wp-json\/wp\/v2\/product"}],"about":[{"href":"https:\/\/staging.lucky-hunter.com\/fr\/wp-json\/wp\/v2\/types\/product"}],"wp:featuredmedia":[{"embeddable":true,"href":"https:\/\/staging.lucky-hunter.com\/fr\/wp-json\/wp\/v2\/media\/30623"}],"wp:attachment":[{"href":"https:\/\/staging.lucky-hunter.com\/fr\/wp-json\/wp\/v2\/media?parent=50792"}],"wp:term":[{"taxonomy":"product_brand","embeddable":true,"href":"https:\/\/staging.lucky-hunter.com\/fr\/wp-json\/wp\/v2\/product_brand?post=50792"},{"taxonomy":"product_cat","embeddable":true,"href":"https:\/\/staging.lucky-hunter.com\/fr\/wp-json\/wp\/v2\/product_cat?post=50792"},{"taxonomy":"product_tag","embeddable":true,"href":"https:\/\/staging.lucky-hunter.com\/fr\/wp-json\/wp\/v2\/product_tag?post=50792"}],"curies":[{"name":"wp","href":"https:\/\/api.w.org\/{rel}","templated":true}]}}