{"id":507576,"date":"2024-09-25T16:16:44","date_gmt":"2024-09-25T14:16:44","guid":{"rendered":"https:\/\/staging.lucky-hunter.com\/product\/fa-hd-canards-colverts-en-taille-reelle-12-pcs\/"},"modified":"2025-06-23T14:34:54","modified_gmt":"2025-06-23T12:34:54","slug":"fa-hd-canards-colverts-en-taille-reelle-12-pcs","status":"publish","type":"product","link":"https:\/\/staging.lucky-hunter.com\/fr\/product\/fa-hd-canards-colverts-en-taille-reelle-12-pcs\/","title":{"rendered":"Canards Colverts en Taille R\u00e9elle &#8211; Final Approach 12 pcs"},"content":{"rendered":"<h1><strong>Canards Colverts par Final Approach<\/strong><\/h1>\n<div>12 appelants de premi\u00e8re classe canards colverts en taille r\u00e9elle avec le syst\u00e8me Zero Gravity Motion, qui leur permet de bouger naturellement m\u00eame avec la plus l\u00e9g\u00e8re brise.<\/div>\n<div><\/div>\n<div>Parfaits pour les champs inond\u00e9s, au bord du lac ou \u00e0 la lisi\u00e8re de l&#8217;eau.<\/div>\n<div><\/div>\n<div>D\u00e9tails ultra-fins dans la peinture et la conception r\u00e9alis\u00e9s par le champion du monde Pat Godin.<\/div>\n<div><\/div>\n<div>Fournis avec 12 tiges en fibre (environ 40 cm).<\/div>\n<div><\/div>\n<div><strong>Positions des t\u00eates :<\/strong><\/div>\n<ul>\n<li>4 x M\u00e2les Debout<\/li>\n<li>4 x M\u00e2les Nourrisseurs<\/li>\n<li>2 x Femelles Appeleuses<\/li>\n<li>2 x Femelles Nourrisseuses.<\/li>\n<\/ul>\n","protected":false},"excerpt":{"rendered":"<p>12 appelants de premi\u00e8re classe canards colverts en taille r\u00e9elle avec le syst\u00e8me Zero Gravity Motion, qui leur permet de bouger naturellement.<\/p>\n","protected":false},"featured_media":244166,"template":"","meta":[],"product_brand":[9658],"product_cat":[8180],"product_tag":[],"yoast_head":"<!-- This site is optimized with the Yoast SEO plugin v24.3 - https:\/\/yoast.com\/wordpress\/plugins\/seo\/ -->\n<title>Appelants Ultra-R\u00e9alistes de Canards Colverts par Final Approach, Pack de 12<\/title>\n<meta name=\"description\" content=\"12 appelants de premi\u00e8re classe canards colverts en taille r\u00e9elle avec le syst\u00e8me Zero Gravity Motion, qui leur permet de bouger naturellement.\" \/>\n<meta name=\"robots\" content=\"noindex, follow, max-snippet:-1, max-image-preview:large, max-video-preview:-1\" \/>\n<meta property=\"og:locale\" content=\"fr_FR\" \/>\n<meta property=\"og:type\" content=\"article\" \/>\n<meta property=\"og:title\" content=\"Appelants Ultra-R\u00e9alistes de Canards Colverts par Final Approach, Pack de 12\" \/>\n<meta property=\"og:description\" content=\"12 appelants de premi\u00e8re classe canards colverts en taille r\u00e9elle avec le syst\u00e8me Zero Gravity Motion, qui leur permet de bouger naturellement.\" \/>\n<meta property=\"og:url\" content=\"https:\/\/staging.lucky-hunter.com\/product\/fa-hd-full-body-mallards-12-pcs\/\" \/>\n<meta property=\"og:site_name\" content=\"Lucky-Hunter\" \/>\n<meta property=\"article:modified_time\" content=\"2025-06-23T12:34:54+00:00\" \/>\n<meta property=\"og:image\" content=\"https:\/\/staging.lucky-hunter.com\/wp-content\/uploads\/2024\/09\/LF-424-removebg.png\" \/>\n\t<meta property=\"og:image:width\" content=\"1200\" \/>\n\t<meta property=\"og:image:height\" content=\"1200\" \/>\n\t<meta property=\"og:image:type\" content=\"image\/png\" \/>\n<meta name=\"twitter:card\" content=\"summary_large_image\" \/>\n<meta name=\"twitter:label1\" content=\"Dur\u00e9e de lecture estim\u00e9e\" \/>\n\t<meta name=\"twitter:data1\" content=\"1 minute\" \/>\n<script type=\"application\/ld+json\" class=\"yoast-schema-graph\">{\"@context\":\"https:\/\/schema.org\",\"@graph\":[{\"@type\":\"WebPage\",\"@id\":\"https:\/\/staging.lucky-hunter.com\/product\/fa-hd-full-body-mallards-12-pcs\/\",\"url\":\"https:\/\/staging.lucky-hunter.com\/product\/fa-hd-full-body-mallards-12-pcs\/\",\"name\":\"Appelants Ultra-R\u00e9alistes de Canards Colverts par Final Approach, Pack de 12\",\"isPartOf\":{\"@id\":\"https:\/\/staging.lucky-hunter.com\/#website\"},\"primaryImageOfPage\":{\"@id\":\"https:\/\/staging.lucky-hunter.com\/product\/fa-hd-full-body-mallards-12-pcs\/#primaryimage\"},\"image\":{\"@id\":\"https:\/\/staging.lucky-hunter.com\/product\/fa-hd-full-body-mallards-12-pcs\/#primaryimage\"},\"thumbnailUrl\":\"https:\/\/staging.lucky-hunter.com\/wp-content\/uploads\/2024\/09\/LF-424-removebg.png\",\"datePublished\":\"2024-09-25T14:16:44+00:00\",\"dateModified\":\"2025-06-23T12:34:54+00:00\",\"description\":\"12 appelants de premi\u00e8re classe canards colverts en taille r\u00e9elle avec le syst\u00e8me Zero Gravity Motion, qui leur permet de bouger naturellement.\",\"breadcrumb\":{\"@id\":\"https:\/\/staging.lucky-hunter.com\/product\/fa-hd-full-body-mallards-12-pcs\/#breadcrumb\"},\"inLanguage\":\"fr-FR\",\"potentialAction\":[{\"@type\":\"ReadAction\",\"target\":[\"https:\/\/staging.lucky-hunter.com\/product\/fa-hd-full-body-mallards-12-pcs\/\"]}]},{\"@type\":\"ImageObject\",\"inLanguage\":\"fr-FR\",\"@id\":\"https:\/\/staging.lucky-hunter.com\/product\/fa-hd-full-body-mallards-12-pcs\/#primaryimage\",\"url\":\"https:\/\/staging.lucky-hunter.com\/wp-content\/uploads\/2024\/09\/LF-424-removebg.png\",\"contentUrl\":\"https:\/\/staging.lucky-hunter.com\/wp-content\/uploads\/2024\/09\/LF-424-removebg.png\",\"width\":1200,\"height\":1200},{\"@type\":\"BreadcrumbList\",\"@id\":\"https:\/\/staging.lucky-hunter.com\/product\/fa-hd-full-body-mallards-12-pcs\/#breadcrumb\",\"itemListElement\":[{\"@type\":\"ListItem\",\"position\":1,\"name\":\"Home\",\"item\":\"https:\/\/staging.lucky-hunter.com\/fr\/\"},{\"@type\":\"ListItem\",\"position\":2,\"name\":\"Boutique\",\"item\":\"https:\/\/staging.lucky-hunter.com\/fr\/shop\/\"},{\"@type\":\"ListItem\",\"position\":3,\"name\":\"Canards Colverts en Taille R\u00e9elle &#8211; Final Approach 12 pcs\"}]},{\"@type\":\"WebSite\",\"@id\":\"https:\/\/staging.lucky-hunter.com\/#website\",\"url\":\"https:\/\/staging.lucky-hunter.com\/\",\"name\":\"Lucky-Hunter\",\"description\":\"Gear Up or Give Up\",\"potentialAction\":[{\"@type\":\"SearchAction\",\"target\":{\"@type\":\"EntryPoint\",\"urlTemplate\":\"https:\/\/staging.lucky-hunter.com\/?s={search_term_string}\"},\"query-input\":{\"@type\":\"PropertyValueSpecification\",\"valueRequired\":true,\"valueName\":\"search_term_string\"}}],\"inLanguage\":\"fr-FR\"}]}<\/script>\n<!-- \/ Yoast SEO plugin. -->","yoast_head_json":{"title":"Appelants Ultra-R\u00e9alistes de Canards Colverts par Final Approach, Pack de 12","description":"12 appelants de premi\u00e8re classe canards colverts en taille r\u00e9elle avec le syst\u00e8me Zero Gravity Motion, qui leur permet de bouger naturellement.","robots":{"index":"noindex","follow":"follow","max-snippet":"max-snippet:-1","max-image-preview":"max-image-preview:large","max-video-preview":"max-video-preview:-1"},"og_locale":"fr_FR","og_type":"article","og_title":"Appelants Ultra-R\u00e9alistes de Canards Colverts par Final Approach, Pack de 12","og_description":"12 appelants de premi\u00e8re classe canards colverts en taille r\u00e9elle avec le syst\u00e8me Zero Gravity Motion, qui leur permet de bouger naturellement.","og_url":"https:\/\/staging.lucky-hunter.com\/product\/fa-hd-full-body-mallards-12-pcs\/","og_site_name":"Lucky-Hunter","article_modified_time":"2025-06-23T12:34:54+00:00","og_image":[{"width":1200,"height":1200,"url":"https:\/\/staging.lucky-hunter.com\/wp-content\/uploads\/2024\/09\/LF-424-removebg.png","type":"image\/png"}],"twitter_card":"summary_large_image","twitter_misc":{"Dur\u00e9e de lecture estim\u00e9e":"1 minute"},"schema":{"@context":"https:\/\/schema.org","@graph":[{"@type":"WebPage","@id":"https:\/\/staging.lucky-hunter.com\/product\/fa-hd-full-body-mallards-12-pcs\/","url":"https:\/\/staging.lucky-hunter.com\/product\/fa-hd-full-body-mallards-12-pcs\/","name":"Appelants Ultra-R\u00e9alistes de Canards Colverts par Final Approach, Pack de 12","isPartOf":{"@id":"https:\/\/staging.lucky-hunter.com\/#website"},"primaryImageOfPage":{"@id":"https:\/\/staging.lucky-hunter.com\/product\/fa-hd-full-body-mallards-12-pcs\/#primaryimage"},"image":{"@id":"https:\/\/staging.lucky-hunter.com\/product\/fa-hd-full-body-mallards-12-pcs\/#primaryimage"},"thumbnailUrl":"https:\/\/staging.lucky-hunter.com\/wp-content\/uploads\/2024\/09\/LF-424-removebg.png","datePublished":"2024-09-25T14:16:44+00:00","dateModified":"2025-06-23T12:34:54+00:00","description":"12 appelants de premi\u00e8re classe canards colverts en taille r\u00e9elle avec le syst\u00e8me Zero Gravity Motion, qui leur permet de bouger naturellement.","breadcrumb":{"@id":"https:\/\/staging.lucky-hunter.com\/product\/fa-hd-full-body-mallards-12-pcs\/#breadcrumb"},"inLanguage":"fr-FR","potentialAction":[{"@type":"ReadAction","target":["https:\/\/staging.lucky-hunter.com\/product\/fa-hd-full-body-mallards-12-pcs\/"]}]},{"@type":"ImageObject","inLanguage":"fr-FR","@id":"https:\/\/staging.lucky-hunter.com\/product\/fa-hd-full-body-mallards-12-pcs\/#primaryimage","url":"https:\/\/staging.lucky-hunter.com\/wp-content\/uploads\/2024\/09\/LF-424-removebg.png","contentUrl":"https:\/\/staging.lucky-hunter.com\/wp-content\/uploads\/2024\/09\/LF-424-removebg.png","width":1200,"height":1200},{"@type":"BreadcrumbList","@id":"https:\/\/staging.lucky-hunter.com\/product\/fa-hd-full-body-mallards-12-pcs\/#breadcrumb","itemListElement":[{"@type":"ListItem","position":1,"name":"Home","item":"https:\/\/staging.lucky-hunter.com\/fr\/"},{"@type":"ListItem","position":2,"name":"Boutique","item":"https:\/\/staging.lucky-hunter.com\/fr\/shop\/"},{"@type":"ListItem","position":3,"name":"Canards Colverts en Taille R\u00e9elle &#8211; Final Approach 12 pcs"}]},{"@type":"WebSite","@id":"https:\/\/staging.lucky-hunter.com\/#website","url":"https:\/\/staging.lucky-hunter.com\/","name":"Lucky-Hunter","description":"Gear Up or Give Up","potentialAction":[{"@type":"SearchAction","target":{"@type":"EntryPoint","urlTemplate":"https:\/\/staging.lucky-hunter.com\/?s={search_term_string}"},"query-input":{"@type":"PropertyValueSpecification","valueRequired":true,"valueName":"search_term_string"}}],"inLanguage":"fr-FR"}]}},"_links":{"self":[{"href":"https:\/\/staging.lucky-hunter.com\/fr\/wp-json\/wp\/v2\/product\/507576"}],"collection":[{"href":"https:\/\/staging.lucky-hunter.com\/fr\/wp-json\/wp\/v2\/product"}],"about":[{"href":"https:\/\/staging.lucky-hunter.com\/fr\/wp-json\/wp\/v2\/types\/product"}],"wp:featuredmedia":[{"embeddable":true,"href":"https:\/\/staging.lucky-hunter.com\/fr\/wp-json\/wp\/v2\/media\/244166"}],"wp:attachment":[{"href":"https:\/\/staging.lucky-hunter.com\/fr\/wp-json\/wp\/v2\/media?parent=507576"}],"wp:term":[{"taxonomy":"product_brand","embeddable":true,"href":"https:\/\/staging.lucky-hunter.com\/fr\/wp-json\/wp\/v2\/product_brand?post=507576"},{"taxonomy":"product_cat","embeddable":true,"href":"https:\/\/staging.lucky-hunter.com\/fr\/wp-json\/wp\/v2\/product_cat?post=507576"},{"taxonomy":"product_tag","embeddable":true,"href":"https:\/\/staging.lucky-hunter.com\/fr\/wp-json\/wp\/v2\/product_tag?post=507576"}],"curies":[{"name":"wp","href":"https:\/\/api.w.org\/{rel}","templated":true}]}}