{"id":507549,"date":"2024-09-27T14:52:06","date_gmt":"2024-09-27T12:52:06","guid":{"rendered":"https:\/\/staging.lucky-hunter.com\/product\/final-approach-silhouette-oie-cendree-12-pcs\/"},"modified":"2025-06-23T14:32:27","modified_gmt":"2025-06-23T12:32:27","slug":"final-approach-silhouette-oie-cendree-12-pcs","status":"publish","type":"product","link":"https:\/\/staging.lucky-hunter.com\/fr\/product\/final-approach-silhouette-oie-cendree-12-pcs\/","title":{"rendered":"Silhouette Oie Cendr\u00e9e &#8211; Final Approach 12 pcs"},"content":{"rendered":"<h1><strong>Final Approach Silhouette Oie Cendr\u00e9e &#8211; Taille Surdimensionn\u00e9e<\/strong><\/h1>\n<div>Le grand avantage des appelants en silhouette est que vous pouvez cr\u00e9er une grande sc\u00e8ne d&#8217;oiseaux mangeant et se reposant sans avoir \u00e0 transporter plusieurs sacs remplis d&#8217;appelants en taille r\u00e9elle.<\/div>\n<div><\/div>\n<div>Il suffit de placer les silhouettes dans une disposition vari\u00e9e avec des appelants en taille r\u00e9elle, des coquilles et des Sillosocks. C&#8217;est une m\u00e9thode tr\u00e8s efficace pour masquer votre aff\u00fbt, car les oies seront concentr\u00e9es sur le nombre de cong\u00e9n\u00e8res ayant atterri dans le champ pour se nourrir.<\/div>\n<div><\/div>\n<div>Veillez \u00e0 varier l&#8217;angle des silhouettes afin que les oies puissent les voir sous tous les angles.<\/div>\n<div><\/div>\n<div>Ceci est un pack de 12 appelants surdimensionn\u00e9s pour une visibilit\u00e9 optimale.<\/div>\n<div><\/div>\n<div><strong>Contenu du pack :<\/strong><\/div>\n<ul>\n<li>4 x Mangeurs<\/li>\n<li>4 x Marcheurs<\/li>\n<li>4 x Redress\u00e9s<\/li>\n<li>12 tiges de fixation.<\/li>\n<\/ul>\n<div><\/div>\n<div>Fabriqu\u00e9s en mat\u00e9riau robuste, les silhouettes peuvent n\u00e9anmoins se courber ou se plier si elles ne sont pas manipul\u00e9es correctement. Nous vous recommandons donc de les transporter et de les stocker dans un sac de transport.<\/div>\n","protected":false},"excerpt":{"rendered":"<div>Le grand avantage des appelants en silhouette est que vous pouvez cr\u00e9er une grande sc\u00e8ne d&#8217;oiseaux mangeant et se reposant.<\/div>\n","protected":false},"featured_media":245930,"template":"","meta":[],"product_brand":[8136],"product_cat":[8162,8175],"product_tag":[],"yoast_head":"<!-- This site is optimized with the Yoast SEO plugin v24.3 - https:\/\/yoast.com\/wordpress\/plugins\/seo\/ -->\n<title>Final Approach Silhouette Oie Cendr\u00e9e - Pack de 12<\/title>\n<meta name=\"description\" content=\"Le grand avantage des appelants en silhouette est que vous pouvez cr\u00e9er une grande sc\u00e8ne d&#039;oiseaux mangeant et se reposant.\" \/>\n<meta name=\"robots\" content=\"noindex, follow, max-snippet:-1, max-image-preview:large, max-video-preview:-1\" \/>\n<meta property=\"og:locale\" content=\"fr_FR\" \/>\n<meta property=\"og:type\" content=\"article\" \/>\n<meta property=\"og:title\" content=\"Final Approach Silhouette Oie Cendr\u00e9e - Pack de 12\" \/>\n<meta property=\"og:description\" content=\"Le grand avantage des appelants en silhouette est que vous pouvez cr\u00e9er une grande sc\u00e8ne d&#039;oiseaux mangeant et se reposant.\" \/>\n<meta property=\"og:url\" content=\"https:\/\/staging.lucky-hunter.com\/fr\/product\/final-approach-silhouette-oie-cendree-12-pcs\/\" \/>\n<meta property=\"og:site_name\" content=\"Lucky-Hunter\" \/>\n<meta property=\"article:modified_time\" content=\"2025-06-23T12:32:27+00:00\" \/>\n<meta property=\"og:image\" content=\"https:\/\/staging.lucky-hunter.com\/wp-content\/uploads\/2024\/09\/LF-434-removebg.png\" \/>\n\t<meta property=\"og:image:width\" content=\"900\" \/>\n\t<meta property=\"og:image:height\" content=\"900\" \/>\n\t<meta property=\"og:image:type\" content=\"image\/png\" \/>\n<meta name=\"twitter:card\" content=\"summary_large_image\" \/>\n<meta name=\"twitter:label1\" content=\"Dur\u00e9e de lecture estim\u00e9e\" \/>\n\t<meta name=\"twitter:data1\" content=\"1 minute\" \/>\n<script type=\"application\/ld+json\" class=\"yoast-schema-graph\">{\"@context\":\"https:\/\/schema.org\",\"@graph\":[{\"@type\":\"WebPage\",\"@id\":\"https:\/\/staging.lucky-hunter.com\/fr\/product\/final-approach-silhouette-oie-cendree-12-pcs\/\",\"url\":\"https:\/\/staging.lucky-hunter.com\/fr\/product\/final-approach-silhouette-oie-cendree-12-pcs\/\",\"name\":\"Final Approach Silhouette Oie Cendr\u00e9e - Pack de 12\",\"isPartOf\":{\"@id\":\"https:\/\/staging.lucky-hunter.com\/#website\"},\"primaryImageOfPage\":{\"@id\":\"https:\/\/staging.lucky-hunter.com\/fr\/product\/final-approach-silhouette-oie-cendree-12-pcs\/#primaryimage\"},\"image\":{\"@id\":\"https:\/\/staging.lucky-hunter.com\/fr\/product\/final-approach-silhouette-oie-cendree-12-pcs\/#primaryimage\"},\"thumbnailUrl\":\"https:\/\/staging.lucky-hunter.com\/wp-content\/uploads\/2024\/09\/LF-434-removebg.png\",\"datePublished\":\"2024-09-27T12:52:06+00:00\",\"dateModified\":\"2025-06-23T12:32:27+00:00\",\"description\":\"Le grand avantage des appelants en silhouette est que vous pouvez cr\u00e9er une grande sc\u00e8ne d'oiseaux mangeant et se reposant.\",\"breadcrumb\":{\"@id\":\"https:\/\/staging.lucky-hunter.com\/fr\/product\/final-approach-silhouette-oie-cendree-12-pcs\/#breadcrumb\"},\"inLanguage\":\"fr-FR\",\"potentialAction\":[{\"@type\":\"ReadAction\",\"target\":[\"https:\/\/staging.lucky-hunter.com\/fr\/product\/final-approach-silhouette-oie-cendree-12-pcs\/\"]}]},{\"@type\":\"ImageObject\",\"inLanguage\":\"fr-FR\",\"@id\":\"https:\/\/staging.lucky-hunter.com\/fr\/product\/final-approach-silhouette-oie-cendree-12-pcs\/#primaryimage\",\"url\":\"https:\/\/staging.lucky-hunter.com\/wp-content\/uploads\/2024\/09\/LF-434-removebg.png\",\"contentUrl\":\"https:\/\/staging.lucky-hunter.com\/wp-content\/uploads\/2024\/09\/LF-434-removebg.png\",\"width\":900,\"height\":900},{\"@type\":\"BreadcrumbList\",\"@id\":\"https:\/\/staging.lucky-hunter.com\/fr\/product\/final-approach-silhouette-oie-cendree-12-pcs\/#breadcrumb\",\"itemListElement\":[{\"@type\":\"ListItem\",\"position\":1,\"name\":\"Home\",\"item\":\"https:\/\/staging.lucky-hunter.com\/fr\/\"},{\"@type\":\"ListItem\",\"position\":2,\"name\":\"Boutique\",\"item\":\"https:\/\/staging.lucky-hunter.com\/fr\/shop\/\"},{\"@type\":\"ListItem\",\"position\":3,\"name\":\"Silhouette Oie Cendr\u00e9e &#8211; Final Approach 12 pcs\"}]},{\"@type\":\"WebSite\",\"@id\":\"https:\/\/staging.lucky-hunter.com\/#website\",\"url\":\"https:\/\/staging.lucky-hunter.com\/\",\"name\":\"Lucky-Hunter\",\"description\":\"Gear Up or Give Up\",\"potentialAction\":[{\"@type\":\"SearchAction\",\"target\":{\"@type\":\"EntryPoint\",\"urlTemplate\":\"https:\/\/staging.lucky-hunter.com\/?s={search_term_string}\"},\"query-input\":{\"@type\":\"PropertyValueSpecification\",\"valueRequired\":true,\"valueName\":\"search_term_string\"}}],\"inLanguage\":\"fr-FR\"}]}<\/script>\n<!-- \/ Yoast SEO plugin. -->","yoast_head_json":{"title":"Final Approach Silhouette Oie Cendr\u00e9e - Pack de 12","description":"Le grand avantage des appelants en silhouette est que vous pouvez cr\u00e9er une grande sc\u00e8ne d'oiseaux mangeant et se reposant.","robots":{"index":"noindex","follow":"follow","max-snippet":"max-snippet:-1","max-image-preview":"max-image-preview:large","max-video-preview":"max-video-preview:-1"},"og_locale":"fr_FR","og_type":"article","og_title":"Final Approach Silhouette Oie Cendr\u00e9e - Pack de 12","og_description":"Le grand avantage des appelants en silhouette est que vous pouvez cr\u00e9er une grande sc\u00e8ne d'oiseaux mangeant et se reposant.","og_url":"https:\/\/staging.lucky-hunter.com\/fr\/product\/final-approach-silhouette-oie-cendree-12-pcs\/","og_site_name":"Lucky-Hunter","article_modified_time":"2025-06-23T12:32:27+00:00","og_image":[{"width":900,"height":900,"url":"https:\/\/staging.lucky-hunter.com\/wp-content\/uploads\/2024\/09\/LF-434-removebg.png","type":"image\/png"}],"twitter_card":"summary_large_image","twitter_misc":{"Dur\u00e9e de lecture estim\u00e9e":"1 minute"},"schema":{"@context":"https:\/\/schema.org","@graph":[{"@type":"WebPage","@id":"https:\/\/staging.lucky-hunter.com\/fr\/product\/final-approach-silhouette-oie-cendree-12-pcs\/","url":"https:\/\/staging.lucky-hunter.com\/fr\/product\/final-approach-silhouette-oie-cendree-12-pcs\/","name":"Final Approach Silhouette Oie Cendr\u00e9e - Pack de 12","isPartOf":{"@id":"https:\/\/staging.lucky-hunter.com\/#website"},"primaryImageOfPage":{"@id":"https:\/\/staging.lucky-hunter.com\/fr\/product\/final-approach-silhouette-oie-cendree-12-pcs\/#primaryimage"},"image":{"@id":"https:\/\/staging.lucky-hunter.com\/fr\/product\/final-approach-silhouette-oie-cendree-12-pcs\/#primaryimage"},"thumbnailUrl":"https:\/\/staging.lucky-hunter.com\/wp-content\/uploads\/2024\/09\/LF-434-removebg.png","datePublished":"2024-09-27T12:52:06+00:00","dateModified":"2025-06-23T12:32:27+00:00","description":"Le grand avantage des appelants en silhouette est que vous pouvez cr\u00e9er une grande sc\u00e8ne d'oiseaux mangeant et se reposant.","breadcrumb":{"@id":"https:\/\/staging.lucky-hunter.com\/fr\/product\/final-approach-silhouette-oie-cendree-12-pcs\/#breadcrumb"},"inLanguage":"fr-FR","potentialAction":[{"@type":"ReadAction","target":["https:\/\/staging.lucky-hunter.com\/fr\/product\/final-approach-silhouette-oie-cendree-12-pcs\/"]}]},{"@type":"ImageObject","inLanguage":"fr-FR","@id":"https:\/\/staging.lucky-hunter.com\/fr\/product\/final-approach-silhouette-oie-cendree-12-pcs\/#primaryimage","url":"https:\/\/staging.lucky-hunter.com\/wp-content\/uploads\/2024\/09\/LF-434-removebg.png","contentUrl":"https:\/\/staging.lucky-hunter.com\/wp-content\/uploads\/2024\/09\/LF-434-removebg.png","width":900,"height":900},{"@type":"BreadcrumbList","@id":"https:\/\/staging.lucky-hunter.com\/fr\/product\/final-approach-silhouette-oie-cendree-12-pcs\/#breadcrumb","itemListElement":[{"@type":"ListItem","position":1,"name":"Home","item":"https:\/\/staging.lucky-hunter.com\/fr\/"},{"@type":"ListItem","position":2,"name":"Boutique","item":"https:\/\/staging.lucky-hunter.com\/fr\/shop\/"},{"@type":"ListItem","position":3,"name":"Silhouette Oie Cendr\u00e9e &#8211; Final Approach 12 pcs"}]},{"@type":"WebSite","@id":"https:\/\/staging.lucky-hunter.com\/#website","url":"https:\/\/staging.lucky-hunter.com\/","name":"Lucky-Hunter","description":"Gear Up or Give Up","potentialAction":[{"@type":"SearchAction","target":{"@type":"EntryPoint","urlTemplate":"https:\/\/staging.lucky-hunter.com\/?s={search_term_string}"},"query-input":{"@type":"PropertyValueSpecification","valueRequired":true,"valueName":"search_term_string"}}],"inLanguage":"fr-FR"}]}},"_links":{"self":[{"href":"https:\/\/staging.lucky-hunter.com\/fr\/wp-json\/wp\/v2\/product\/507549"}],"collection":[{"href":"https:\/\/staging.lucky-hunter.com\/fr\/wp-json\/wp\/v2\/product"}],"about":[{"href":"https:\/\/staging.lucky-hunter.com\/fr\/wp-json\/wp\/v2\/types\/product"}],"wp:featuredmedia":[{"embeddable":true,"href":"https:\/\/staging.lucky-hunter.com\/fr\/wp-json\/wp\/v2\/media\/245930"}],"wp:attachment":[{"href":"https:\/\/staging.lucky-hunter.com\/fr\/wp-json\/wp\/v2\/media?parent=507549"}],"wp:term":[{"taxonomy":"product_brand","embeddable":true,"href":"https:\/\/staging.lucky-hunter.com\/fr\/wp-json\/wp\/v2\/product_brand?post=507549"},{"taxonomy":"product_cat","embeddable":true,"href":"https:\/\/staging.lucky-hunter.com\/fr\/wp-json\/wp\/v2\/product_cat?post=507549"},{"taxonomy":"product_tag","embeddable":true,"href":"https:\/\/staging.lucky-hunter.com\/fr\/wp-json\/wp\/v2\/product_tag?post=507549"}],"curies":[{"name":"wp","href":"https:\/\/api.w.org\/{rel}","templated":true}]}}