{"id":507361,"date":"2023-07-10T10:42:55","date_gmt":"2023-07-10T08:42:55","guid":{"rendered":"https:\/\/staging.lucky-hunter.com\/product\/invisi-lounge-xl-chaise-de-chasse-flottante\/"},"modified":"2025-06-23T16:09:32","modified_gmt":"2025-06-23T14:09:32","slug":"invisi-lounge-xl-chaise-de-chasse-flottante","status":"publish","type":"product","link":"https:\/\/staging.lucky-hunter.com\/fr\/product\/invisi-lounge-xl-chaise-de-chasse-flottante\/","title":{"rendered":"Invisi-Lounge XL &#8211; Chaise de chasse flottante"},"content":{"rendered":"<p><iframe title=\"MOmarsh Invisi-Lounge XL\" width=\"1020\" height=\"574\" src=\"https:\/\/www.youtube.com\/embed\/T_DUNDx7TAc?wmode=transparent&amp;rel=0&amp;feature=oembed&#038;enablejsapi=1&#038;origin=https:\/\/staging.lucky-hunter.com\" frameborder=\"0\" allow=\"accelerometer; autoplay; clipboard-write; encrypted-media; gyroscope; picture-in-picture; web-share\" referrerpolicy=\"strict-origin-when-cross-origin\" allowfullscreen><\/iframe><\/p>\n<h2><strong>Chaise de chasse flottante de MOmarsh<\/strong><\/h2>\n<p>La MOmarsh Invisi-Lounge a \u00e9t\u00e9 initialement con\u00e7ue comme un si\u00e8ge \u00e0 utiliser dans les bateaux de chasse, mais elle est rapidement devenue un produit polyvalent. Que ce soit pour la chasse aux oies des neiges et aux dindons ou pour des journ\u00e9es de d\u00e9tente sur l&#8217;eau, son design simple en mousse \u00e0 cellules ferm\u00e9es et son r\u00e9glage \u00e0 5 positions permettent une assise confortable dans toutes les situations.<\/p>\n<p>Ajustable sur cinq positions, de compl\u00e8tement \u00e0 plat jusqu&#8217;\u00e0 90 degr\u00e9s.<\/p>\n<p><strong>CARACT\u00c9RISTIQUES :<\/strong><br \/>\n\u2022 Si\u00e8ge multifonction<br \/>\n\u2022 R\u00e9glage par cliquet \u00e0 5 positions<br \/>\n\u2022 Dimensions : 107 cm x 41 cm x 9 cm<br \/>\n\u2022 Poids : 3 kg<\/p>\n","protected":false},"excerpt":{"rendered":"<p>L&#8217;Invisi-Lounge est parfait pour plusieurs situations de chasse. Il est particuli\u00e8rement adapt\u00e9 comme si\u00e8ge et soutien du dos lors de la chasse en bateau ou \u00e0 l\u2019oie.<\/p>\n","protected":false},"featured_media":62282,"template":"","meta":[],"product_brand":[9515],"product_cat":[8171],"product_tag":[],"yoast_head":"<!-- This site is optimized with the Yoast SEO plugin v24.3 - https:\/\/yoast.com\/wordpress\/plugins\/seo\/ -->\n<title>Invisi-Lounge XL - Chaise de chasse flottante<\/title>\n<meta name=\"description\" content=\"L&#039;Invisi-Lounge est parfait pour plusieurs situations de chasse. Il est particuli\u00e8rement adapt\u00e9 comme si\u00e8ge et soutien du dos lors de la chasse en bateau ou \u00e0 l\u2019oie.\" \/>\n<meta name=\"robots\" content=\"noindex, follow, max-snippet:-1, max-image-preview:large, max-video-preview:-1\" \/>\n<meta property=\"og:locale\" content=\"fr_FR\" \/>\n<meta property=\"og:type\" content=\"article\" \/>\n<meta property=\"og:title\" content=\"Invisi-Lounge XL - Chaise de chasse flottante\" \/>\n<meta property=\"og:description\" content=\"L&#039;Invisi-Lounge est parfait pour plusieurs situations de chasse. Il est particuli\u00e8rement adapt\u00e9 comme si\u00e8ge et soutien du dos lors de la chasse en bateau ou \u00e0 l\u2019oie.\" \/>\n<meta property=\"og:url\" content=\"https:\/\/staging.lucky-hunter.com\/fr\/product\/invisi-lounge-xl-chaise-de-chasse-flottante\/\" \/>\n<meta property=\"og:site_name\" content=\"Lucky-Hunter\" \/>\n<meta property=\"article:modified_time\" content=\"2025-06-23T14:09:32+00:00\" \/>\n<meta property=\"og:image\" content=\"https:\/\/staging.lucky-hunter.com\/wp-content\/uploads\/2023\/07\/LS-810.png\" \/>\n\t<meta property=\"og:image:width\" content=\"1000\" \/>\n\t<meta property=\"og:image:height\" content=\"1000\" \/>\n\t<meta property=\"og:image:type\" content=\"image\/png\" \/>\n<meta name=\"twitter:card\" content=\"summary_large_image\" \/>\n<meta name=\"twitter:label1\" content=\"Dur\u00e9e de lecture estim\u00e9e\" \/>\n\t<meta name=\"twitter:data1\" content=\"1 minute\" \/>\n<script type=\"application\/ld+json\" class=\"yoast-schema-graph\">{\"@context\":\"https:\/\/schema.org\",\"@graph\":[{\"@type\":\"WebPage\",\"@id\":\"https:\/\/staging.lucky-hunter.com\/fr\/product\/invisi-lounge-xl-chaise-de-chasse-flottante\/\",\"url\":\"https:\/\/staging.lucky-hunter.com\/fr\/product\/invisi-lounge-xl-chaise-de-chasse-flottante\/\",\"name\":\"Invisi-Lounge XL - Chaise de chasse flottante\",\"isPartOf\":{\"@id\":\"https:\/\/staging.lucky-hunter.com\/#website\"},\"primaryImageOfPage\":{\"@id\":\"https:\/\/staging.lucky-hunter.com\/fr\/product\/invisi-lounge-xl-chaise-de-chasse-flottante\/#primaryimage\"},\"image\":{\"@id\":\"https:\/\/staging.lucky-hunter.com\/fr\/product\/invisi-lounge-xl-chaise-de-chasse-flottante\/#primaryimage\"},\"thumbnailUrl\":\"https:\/\/staging.lucky-hunter.com\/wp-content\/uploads\/2023\/07\/LS-810.png\",\"datePublished\":\"2023-07-10T08:42:55+00:00\",\"dateModified\":\"2025-06-23T14:09:32+00:00\",\"description\":\"L'Invisi-Lounge est parfait pour plusieurs situations de chasse. Il est particuli\u00e8rement adapt\u00e9 comme si\u00e8ge et soutien du dos lors de la chasse en bateau ou \u00e0 l\u2019oie.\",\"breadcrumb\":{\"@id\":\"https:\/\/staging.lucky-hunter.com\/fr\/product\/invisi-lounge-xl-chaise-de-chasse-flottante\/#breadcrumb\"},\"inLanguage\":\"fr-FR\",\"potentialAction\":[{\"@type\":\"ReadAction\",\"target\":[\"https:\/\/staging.lucky-hunter.com\/fr\/product\/invisi-lounge-xl-chaise-de-chasse-flottante\/\"]}]},{\"@type\":\"ImageObject\",\"inLanguage\":\"fr-FR\",\"@id\":\"https:\/\/staging.lucky-hunter.com\/fr\/product\/invisi-lounge-xl-chaise-de-chasse-flottante\/#primaryimage\",\"url\":\"https:\/\/staging.lucky-hunter.com\/wp-content\/uploads\/2023\/07\/LS-810.png\",\"contentUrl\":\"https:\/\/staging.lucky-hunter.com\/wp-content\/uploads\/2023\/07\/LS-810.png\",\"width\":1000,\"height\":1000,\"caption\":\"Invisi-Lounge chaise de chasse\"},{\"@type\":\"BreadcrumbList\",\"@id\":\"https:\/\/staging.lucky-hunter.com\/fr\/product\/invisi-lounge-xl-chaise-de-chasse-flottante\/#breadcrumb\",\"itemListElement\":[{\"@type\":\"ListItem\",\"position\":1,\"name\":\"Home\",\"item\":\"https:\/\/staging.lucky-hunter.com\/fr\/\"},{\"@type\":\"ListItem\",\"position\":2,\"name\":\"Boutique\",\"item\":\"https:\/\/staging.lucky-hunter.com\/fr\/shop\/\"},{\"@type\":\"ListItem\",\"position\":3,\"name\":\"Invisi-Lounge XL &#8211; Chaise de chasse flottante\"}]},{\"@type\":\"WebSite\",\"@id\":\"https:\/\/staging.lucky-hunter.com\/#website\",\"url\":\"https:\/\/staging.lucky-hunter.com\/\",\"name\":\"Lucky-Hunter\",\"description\":\"Gear Up or Give Up\",\"potentialAction\":[{\"@type\":\"SearchAction\",\"target\":{\"@type\":\"EntryPoint\",\"urlTemplate\":\"https:\/\/staging.lucky-hunter.com\/?s={search_term_string}\"},\"query-input\":{\"@type\":\"PropertyValueSpecification\",\"valueRequired\":true,\"valueName\":\"search_term_string\"}}],\"inLanguage\":\"fr-FR\"}]}<\/script>\n<!-- \/ Yoast SEO plugin. -->","yoast_head_json":{"title":"Invisi-Lounge XL - Chaise de chasse flottante","description":"L'Invisi-Lounge est parfait pour plusieurs situations de chasse. Il est particuli\u00e8rement adapt\u00e9 comme si\u00e8ge et soutien du dos lors de la chasse en bateau ou \u00e0 l\u2019oie.","robots":{"index":"noindex","follow":"follow","max-snippet":"max-snippet:-1","max-image-preview":"max-image-preview:large","max-video-preview":"max-video-preview:-1"},"og_locale":"fr_FR","og_type":"article","og_title":"Invisi-Lounge XL - Chaise de chasse flottante","og_description":"L'Invisi-Lounge est parfait pour plusieurs situations de chasse. Il est particuli\u00e8rement adapt\u00e9 comme si\u00e8ge et soutien du dos lors de la chasse en bateau ou \u00e0 l\u2019oie.","og_url":"https:\/\/staging.lucky-hunter.com\/fr\/product\/invisi-lounge-xl-chaise-de-chasse-flottante\/","og_site_name":"Lucky-Hunter","article_modified_time":"2025-06-23T14:09:32+00:00","og_image":[{"width":1000,"height":1000,"url":"https:\/\/staging.lucky-hunter.com\/wp-content\/uploads\/2023\/07\/LS-810.png","type":"image\/png"}],"twitter_card":"summary_large_image","twitter_misc":{"Dur\u00e9e de lecture estim\u00e9e":"1 minute"},"schema":{"@context":"https:\/\/schema.org","@graph":[{"@type":"WebPage","@id":"https:\/\/staging.lucky-hunter.com\/fr\/product\/invisi-lounge-xl-chaise-de-chasse-flottante\/","url":"https:\/\/staging.lucky-hunter.com\/fr\/product\/invisi-lounge-xl-chaise-de-chasse-flottante\/","name":"Invisi-Lounge XL - Chaise de chasse flottante","isPartOf":{"@id":"https:\/\/staging.lucky-hunter.com\/#website"},"primaryImageOfPage":{"@id":"https:\/\/staging.lucky-hunter.com\/fr\/product\/invisi-lounge-xl-chaise-de-chasse-flottante\/#primaryimage"},"image":{"@id":"https:\/\/staging.lucky-hunter.com\/fr\/product\/invisi-lounge-xl-chaise-de-chasse-flottante\/#primaryimage"},"thumbnailUrl":"https:\/\/staging.lucky-hunter.com\/wp-content\/uploads\/2023\/07\/LS-810.png","datePublished":"2023-07-10T08:42:55+00:00","dateModified":"2025-06-23T14:09:32+00:00","description":"L'Invisi-Lounge est parfait pour plusieurs situations de chasse. Il est particuli\u00e8rement adapt\u00e9 comme si\u00e8ge et soutien du dos lors de la chasse en bateau ou \u00e0 l\u2019oie.","breadcrumb":{"@id":"https:\/\/staging.lucky-hunter.com\/fr\/product\/invisi-lounge-xl-chaise-de-chasse-flottante\/#breadcrumb"},"inLanguage":"fr-FR","potentialAction":[{"@type":"ReadAction","target":["https:\/\/staging.lucky-hunter.com\/fr\/product\/invisi-lounge-xl-chaise-de-chasse-flottante\/"]}]},{"@type":"ImageObject","inLanguage":"fr-FR","@id":"https:\/\/staging.lucky-hunter.com\/fr\/product\/invisi-lounge-xl-chaise-de-chasse-flottante\/#primaryimage","url":"https:\/\/staging.lucky-hunter.com\/wp-content\/uploads\/2023\/07\/LS-810.png","contentUrl":"https:\/\/staging.lucky-hunter.com\/wp-content\/uploads\/2023\/07\/LS-810.png","width":1000,"height":1000,"caption":"Invisi-Lounge chaise de chasse"},{"@type":"BreadcrumbList","@id":"https:\/\/staging.lucky-hunter.com\/fr\/product\/invisi-lounge-xl-chaise-de-chasse-flottante\/#breadcrumb","itemListElement":[{"@type":"ListItem","position":1,"name":"Home","item":"https:\/\/staging.lucky-hunter.com\/fr\/"},{"@type":"ListItem","position":2,"name":"Boutique","item":"https:\/\/staging.lucky-hunter.com\/fr\/shop\/"},{"@type":"ListItem","position":3,"name":"Invisi-Lounge XL &#8211; Chaise de chasse flottante"}]},{"@type":"WebSite","@id":"https:\/\/staging.lucky-hunter.com\/#website","url":"https:\/\/staging.lucky-hunter.com\/","name":"Lucky-Hunter","description":"Gear Up or Give Up","potentialAction":[{"@type":"SearchAction","target":{"@type":"EntryPoint","urlTemplate":"https:\/\/staging.lucky-hunter.com\/?s={search_term_string}"},"query-input":{"@type":"PropertyValueSpecification","valueRequired":true,"valueName":"search_term_string"}}],"inLanguage":"fr-FR"}]}},"_links":{"self":[{"href":"https:\/\/staging.lucky-hunter.com\/fr\/wp-json\/wp\/v2\/product\/507361"}],"collection":[{"href":"https:\/\/staging.lucky-hunter.com\/fr\/wp-json\/wp\/v2\/product"}],"about":[{"href":"https:\/\/staging.lucky-hunter.com\/fr\/wp-json\/wp\/v2\/types\/product"}],"wp:featuredmedia":[{"embeddable":true,"href":"https:\/\/staging.lucky-hunter.com\/fr\/wp-json\/wp\/v2\/media\/62282"}],"wp:attachment":[{"href":"https:\/\/staging.lucky-hunter.com\/fr\/wp-json\/wp\/v2\/media?parent=507361"}],"wp:term":[{"taxonomy":"product_brand","embeddable":true,"href":"https:\/\/staging.lucky-hunter.com\/fr\/wp-json\/wp\/v2\/product_brand?post=507361"},{"taxonomy":"product_cat","embeddable":true,"href":"https:\/\/staging.lucky-hunter.com\/fr\/wp-json\/wp\/v2\/product_cat?post=507361"},{"taxonomy":"product_tag","embeddable":true,"href":"https:\/\/staging.lucky-hunter.com\/fr\/wp-json\/wp\/v2\/product_tag?post=507361"}],"curies":[{"name":"wp","href":"https:\/\/api.w.org\/{rel}","templated":true}]}}