{"id":507304,"date":"2023-03-28T09:53:53","date_gmt":"2023-03-28T07:53:53","guid":{"rendered":"https:\/\/staging.lucky-hunter.com\/product\/attratec-no2-anis-ultra-50-ml-2\/"},"modified":"2025-06-24T11:16:20","modified_gmt":"2025-06-24T09:16:20","slug":"eurohunt-huile-danis-100-ml","status":"publish","type":"product","link":"https:\/\/staging.lucky-hunter.com\/fr\/product\/eurohunt-huile-danis-100-ml\/","title":{"rendered":"Eurohunt Huile d&#8217;anis &#8211; 100 ml"},"content":{"rendered":"<h2><strong>Eurohunt Huile d&#8217;anis &#8211; attractif intensif et longue dur\u00e9e \u00e0 base d&#8217;huile d&#8217;anis<\/strong><\/h2>\n<p>L&#8217;huile d&#8217;anis est un moyen bien connu pour attirer une vari\u00e9t\u00e9 d&#8217;esp\u00e8ces de gibier.<\/p>\n<p>Son effet intensif et prolong\u00e9 repose sur deux facteurs : d\u2019une part, des mol\u00e9cules naturelles protectrices qui ralentissent la d\u00e9gradation de l\u2019ingr\u00e9dient actif en raison de l\u2019oxyg\u00e8ne atmosph\u00e9rique, et d\u2019autre part, un agent formant un d\u00e9p\u00f4t qui r\u00e9duit l\u2019\u00e9vaporation du produit.<\/p>\n<p>Eurohunt Huile d&#8217;anis est conditionn\u00e9 dans un petit flacon spray de 100 ml, facile \u00e0 transporter dans une poche. De plus, le produit reste liquide m\u00eame \u00e0 basse temp\u00e9rature.<\/p>\n<h4><strong>Dosage :<\/strong><\/h4>\n<p>Pulv\u00e9riser bri\u00e8vement 1 \u00e0 2 fois, puis retourner le flacon et pulv\u00e9riser jusqu&#8217;\u00e0 ce qu&#8217;aucun liquide ne sorte plus.<\/p>\n<p>Le contenu du flacon permet environ 75 \u00e0 100 applications.<\/p>\n<h4><strong>Danger :<\/strong><\/h4>\n<ul>\n<li>A\u00e9rosol extr\u00eamement inflammable.<\/li>\n<li>R\u00e9cipient sous pression : peut \u00e9clater sous l&#8217;effet de la chaleur.<\/li>\n<li>Provoque une irritation s\u00e9v\u00e8re des yeux.<\/li>\n<li>Nocif pour la vie aquatique avec des effets durables.<\/li>\n<li>Tenir \u00e0 l&#8217;\u00e9cart de la chaleur, des surfaces chaudes, des \u00e9tincelles, des flammes nues et de toute autre source d&#8217;inflammation.<\/li>\n<li>Ne pas fumer.<\/li>\n<li>Ne pas pulv\u00e9riser sur une flamme nue ou une autre source d&#8217;inflammation.<\/li>\n<li>Ne pas perforer ni br\u00fbler, m\u00eame apr\u00e8s usage.<\/li>\n<li>Porter des gants de protection\/des v\u00eatements de protection\/une protection oculaire\/un masque facial.<\/li>\n<li>En cas d&#8217;irritation persistante des yeux : consulter un m\u00e9decin.<\/li>\n<li>Prot\u00e9ger du soleil.<\/li>\n<li>Ne pas exposer \u00e0 des temp\u00e9ratures sup\u00e9rieures \u00e0 50\u00b0C\/122\u00b0F.<\/li>\n<\/ul>\n","protected":false},"excerpt":{"rendered":"<p>Eurohunt Huile d&#8217;anis est conditionn\u00e9 dans un petit flacon spray de 100 ml, facile \u00e0 transporter dans une poche.<\/p>\n","protected":false},"featured_media":907762,"template":"","meta":[],"product_brand":[8196],"product_cat":[8253],"product_tag":[9442],"yoast_head":"<!-- This site is optimized with the Yoast SEO plugin v24.3 - https:\/\/yoast.com\/wordpress\/plugins\/seo\/ -->\n<title>Eurohunt Huile d&#039;anis - 100 ml<\/title>\n<meta name=\"description\" content=\"Eurohunt Huile d&#039;anis est conditionn\u00e9 dans un petit flacon spray de 100 ml, facile \u00e0 transporter dans une poche.\" \/>\n<meta name=\"robots\" content=\"noindex, follow, max-snippet:-1, max-image-preview:large, max-video-preview:-1\" \/>\n<meta property=\"og:locale\" content=\"fr_FR\" \/>\n<meta property=\"og:type\" content=\"article\" \/>\n<meta property=\"og:title\" content=\"Eurohunt Huile d&#039;anis - 100 ml\" \/>\n<meta property=\"og:description\" content=\"Eurohunt Huile d&#039;anis est conditionn\u00e9 dans un petit flacon spray de 100 ml, facile \u00e0 transporter dans une poche.\" \/>\n<meta property=\"og:url\" content=\"https:\/\/staging.lucky-hunter.com\/fr\/product\/eurohunt-huile-danis-100-ml\/\" \/>\n<meta property=\"og:site_name\" content=\"Lucky-Hunter\" \/>\n<meta property=\"article:modified_time\" content=\"2025-06-24T09:16:20+00:00\" \/>\n<meta property=\"og:image\" content=\"https:\/\/staging.lucky-hunter.com\/wp-content\/uploads\/2023\/03\/590203-removebg-e1748954012566.png\" \/>\n\t<meta property=\"og:image:width\" content=\"1800\" \/>\n\t<meta property=\"og:image:height\" content=\"1800\" \/>\n\t<meta property=\"og:image:type\" content=\"image\/png\" \/>\n<meta name=\"twitter:card\" content=\"summary_large_image\" \/>\n<meta name=\"twitter:label1\" content=\"Dur\u00e9e de lecture estim\u00e9e\" \/>\n\t<meta name=\"twitter:data1\" content=\"2 minutes\" \/>\n<script type=\"application\/ld+json\" class=\"yoast-schema-graph\">{\"@context\":\"https:\/\/schema.org\",\"@graph\":[{\"@type\":\"WebPage\",\"@id\":\"https:\/\/staging.lucky-hunter.com\/fr\/product\/eurohunt-huile-danis-100-ml\/\",\"url\":\"https:\/\/staging.lucky-hunter.com\/fr\/product\/eurohunt-huile-danis-100-ml\/\",\"name\":\"Eurohunt Huile d'anis - 100 ml\",\"isPartOf\":{\"@id\":\"https:\/\/staging.lucky-hunter.com\/#website\"},\"primaryImageOfPage\":{\"@id\":\"https:\/\/staging.lucky-hunter.com\/fr\/product\/eurohunt-huile-danis-100-ml\/#primaryimage\"},\"image\":{\"@id\":\"https:\/\/staging.lucky-hunter.com\/fr\/product\/eurohunt-huile-danis-100-ml\/#primaryimage\"},\"thumbnailUrl\":\"https:\/\/staging.lucky-hunter.com\/wp-content\/uploads\/2023\/03\/590203-removebg-e1748954012566.png\",\"datePublished\":\"2023-03-28T07:53:53+00:00\",\"dateModified\":\"2025-06-24T09:16:20+00:00\",\"description\":\"Eurohunt Huile d'anis est conditionn\u00e9 dans un petit flacon spray de 100 ml, facile \u00e0 transporter dans une poche.\",\"breadcrumb\":{\"@id\":\"https:\/\/staging.lucky-hunter.com\/fr\/product\/eurohunt-huile-danis-100-ml\/#breadcrumb\"},\"inLanguage\":\"fr-FR\",\"potentialAction\":[{\"@type\":\"ReadAction\",\"target\":[\"https:\/\/staging.lucky-hunter.com\/fr\/product\/eurohunt-huile-danis-100-ml\/\"]}]},{\"@type\":\"ImageObject\",\"inLanguage\":\"fr-FR\",\"@id\":\"https:\/\/staging.lucky-hunter.com\/fr\/product\/eurohunt-huile-danis-100-ml\/#primaryimage\",\"url\":\"https:\/\/staging.lucky-hunter.com\/wp-content\/uploads\/2023\/03\/590203-removebg-e1748954012566.png\",\"contentUrl\":\"https:\/\/staging.lucky-hunter.com\/wp-content\/uploads\/2023\/03\/590203-removebg-e1748954012566.png\",\"width\":1800,\"height\":1800},{\"@type\":\"BreadcrumbList\",\"@id\":\"https:\/\/staging.lucky-hunter.com\/fr\/product\/eurohunt-huile-danis-100-ml\/#breadcrumb\",\"itemListElement\":[{\"@type\":\"ListItem\",\"position\":1,\"name\":\"Home\",\"item\":\"https:\/\/staging.lucky-hunter.com\/fr\/\"},{\"@type\":\"ListItem\",\"position\":2,\"name\":\"Boutique\",\"item\":\"https:\/\/staging.lucky-hunter.com\/fr\/shop\/\"},{\"@type\":\"ListItem\",\"position\":3,\"name\":\"Eurohunt Huile d&#8217;anis &#8211; 100 ml\"}]},{\"@type\":\"WebSite\",\"@id\":\"https:\/\/staging.lucky-hunter.com\/#website\",\"url\":\"https:\/\/staging.lucky-hunter.com\/\",\"name\":\"Lucky-Hunter\",\"description\":\"Gear Up or Give Up\",\"potentialAction\":[{\"@type\":\"SearchAction\",\"target\":{\"@type\":\"EntryPoint\",\"urlTemplate\":\"https:\/\/staging.lucky-hunter.com\/?s={search_term_string}\"},\"query-input\":{\"@type\":\"PropertyValueSpecification\",\"valueRequired\":true,\"valueName\":\"search_term_string\"}}],\"inLanguage\":\"fr-FR\"}]}<\/script>\n<!-- \/ Yoast SEO plugin. -->","yoast_head_json":{"title":"Eurohunt Huile d'anis - 100 ml","description":"Eurohunt Huile d'anis est conditionn\u00e9 dans un petit flacon spray de 100 ml, facile \u00e0 transporter dans une poche.","robots":{"index":"noindex","follow":"follow","max-snippet":"max-snippet:-1","max-image-preview":"max-image-preview:large","max-video-preview":"max-video-preview:-1"},"og_locale":"fr_FR","og_type":"article","og_title":"Eurohunt Huile d'anis - 100 ml","og_description":"Eurohunt Huile d'anis est conditionn\u00e9 dans un petit flacon spray de 100 ml, facile \u00e0 transporter dans une poche.","og_url":"https:\/\/staging.lucky-hunter.com\/fr\/product\/eurohunt-huile-danis-100-ml\/","og_site_name":"Lucky-Hunter","article_modified_time":"2025-06-24T09:16:20+00:00","og_image":[{"width":1800,"height":1800,"url":"https:\/\/staging.lucky-hunter.com\/wp-content\/uploads\/2023\/03\/590203-removebg-e1748954012566.png","type":"image\/png"}],"twitter_card":"summary_large_image","twitter_misc":{"Dur\u00e9e de lecture estim\u00e9e":"2 minutes"},"schema":{"@context":"https:\/\/schema.org","@graph":[{"@type":"WebPage","@id":"https:\/\/staging.lucky-hunter.com\/fr\/product\/eurohunt-huile-danis-100-ml\/","url":"https:\/\/staging.lucky-hunter.com\/fr\/product\/eurohunt-huile-danis-100-ml\/","name":"Eurohunt Huile d'anis - 100 ml","isPartOf":{"@id":"https:\/\/staging.lucky-hunter.com\/#website"},"primaryImageOfPage":{"@id":"https:\/\/staging.lucky-hunter.com\/fr\/product\/eurohunt-huile-danis-100-ml\/#primaryimage"},"image":{"@id":"https:\/\/staging.lucky-hunter.com\/fr\/product\/eurohunt-huile-danis-100-ml\/#primaryimage"},"thumbnailUrl":"https:\/\/staging.lucky-hunter.com\/wp-content\/uploads\/2023\/03\/590203-removebg-e1748954012566.png","datePublished":"2023-03-28T07:53:53+00:00","dateModified":"2025-06-24T09:16:20+00:00","description":"Eurohunt Huile d'anis est conditionn\u00e9 dans un petit flacon spray de 100 ml, facile \u00e0 transporter dans une poche.","breadcrumb":{"@id":"https:\/\/staging.lucky-hunter.com\/fr\/product\/eurohunt-huile-danis-100-ml\/#breadcrumb"},"inLanguage":"fr-FR","potentialAction":[{"@type":"ReadAction","target":["https:\/\/staging.lucky-hunter.com\/fr\/product\/eurohunt-huile-danis-100-ml\/"]}]},{"@type":"ImageObject","inLanguage":"fr-FR","@id":"https:\/\/staging.lucky-hunter.com\/fr\/product\/eurohunt-huile-danis-100-ml\/#primaryimage","url":"https:\/\/staging.lucky-hunter.com\/wp-content\/uploads\/2023\/03\/590203-removebg-e1748954012566.png","contentUrl":"https:\/\/staging.lucky-hunter.com\/wp-content\/uploads\/2023\/03\/590203-removebg-e1748954012566.png","width":1800,"height":1800},{"@type":"BreadcrumbList","@id":"https:\/\/staging.lucky-hunter.com\/fr\/product\/eurohunt-huile-danis-100-ml\/#breadcrumb","itemListElement":[{"@type":"ListItem","position":1,"name":"Home","item":"https:\/\/staging.lucky-hunter.com\/fr\/"},{"@type":"ListItem","position":2,"name":"Boutique","item":"https:\/\/staging.lucky-hunter.com\/fr\/shop\/"},{"@type":"ListItem","position":3,"name":"Eurohunt Huile d&#8217;anis &#8211; 100 ml"}]},{"@type":"WebSite","@id":"https:\/\/staging.lucky-hunter.com\/#website","url":"https:\/\/staging.lucky-hunter.com\/","name":"Lucky-Hunter","description":"Gear Up or Give Up","potentialAction":[{"@type":"SearchAction","target":{"@type":"EntryPoint","urlTemplate":"https:\/\/staging.lucky-hunter.com\/?s={search_term_string}"},"query-input":{"@type":"PropertyValueSpecification","valueRequired":true,"valueName":"search_term_string"}}],"inLanguage":"fr-FR"}]}},"_links":{"self":[{"href":"https:\/\/staging.lucky-hunter.com\/fr\/wp-json\/wp\/v2\/product\/507304"}],"collection":[{"href":"https:\/\/staging.lucky-hunter.com\/fr\/wp-json\/wp\/v2\/product"}],"about":[{"href":"https:\/\/staging.lucky-hunter.com\/fr\/wp-json\/wp\/v2\/types\/product"}],"wp:featuredmedia":[{"embeddable":true,"href":"https:\/\/staging.lucky-hunter.com\/fr\/wp-json\/wp\/v2\/media\/907762"}],"wp:attachment":[{"href":"https:\/\/staging.lucky-hunter.com\/fr\/wp-json\/wp\/v2\/media?parent=507304"}],"wp:term":[{"taxonomy":"product_brand","embeddable":true,"href":"https:\/\/staging.lucky-hunter.com\/fr\/wp-json\/wp\/v2\/product_brand?post=507304"},{"taxonomy":"product_cat","embeddable":true,"href":"https:\/\/staging.lucky-hunter.com\/fr\/wp-json\/wp\/v2\/product_cat?post=507304"},{"taxonomy":"product_tag","embeddable":true,"href":"https:\/\/staging.lucky-hunter.com\/fr\/wp-json\/wp\/v2\/product_tag?post=507304"}],"curies":[{"name":"wp","href":"https:\/\/api.w.org\/{rel}","templated":true}]}}