{"id":50592,"date":"2017-02-27T17:44:58","date_gmt":"2017-02-27T16:44:58","guid":{"rendered":"https:\/\/staging.lucky-hunter.com\/product\/mr-heater-buddy-gas-oven\/"},"modified":"2023-03-15T11:00:35","modified_gmt":"2023-03-15T10:00:35","slug":"mr-heater-buddy-gas-oven","status":"publish","type":"product","link":"https:\/\/staging.lucky-hunter.com\/fr\/product\/mr-heater-buddy-gas-oven\/","title":{"rendered":"Chauffage au Gaz Mr. Heater Buddy"},"content":{"rendered":"<p>Chauffage portable de haute qualit\u00e9 qui peut facilement chauffer le pavillon de chasse, les chambres de la maison, la maison de vacances, la caravane, la tente, le bateau, le cabanon, etc.<\/p>\n<p>Le chauffage a la capacit\u00e9 de chauffer jusqu&#8217;\u00e0 21 m3.<\/p>\n<p>Il dispose de plusieurs options pour ajuster l\u2019intensit\u00e9 de la chaleur.<\/p>\n<p>Mr. Heater b\u00e9n\u00e9ficie du marquage CE et dispose d&#8217;un capteur de s\u00e9curit\u00e9, de sorte que l\u2019appareil s&#8217;\u00e9teint automatiquement si la teneur en oxyg\u00e8ne dans la pi\u00e8ce baisse. Il s\u2019\u00e9teint \u00e9galement s&#8217;il est retourn\u00e9.<\/p>\n<p>Le chauffage est aliment\u00e9 au gaz butane ou propane.<\/p>\n<p>Une bouteille de gaz de 5 kilos offre jusqu\u2019\u00e0 6 heures de chaleur.<\/p>\n<p>La poign\u00e9e peut \u00eatre rabattue pour que l\u2019appareil occupe moins d\u2019espace lorsqu&#8217;il est utilis\u00e9 ou rang\u00e9.<\/p>\n","protected":false},"excerpt":{"rendered":"<p>Chauffage portable de haute qualit\u00e9 qui peut facilement chauffer le pavillon de chasse, les chambres de la maison, la maison de vacances, la caravane, la tente, le bateau, le cabanon, etc. Le chauffage a la capacit\u00e9 de chauffer jusqu&#8217;\u00e0 21 m3.<\/p>\n","protected":false},"featured_media":30705,"template":"","meta":[],"product_brand":[8196],"product_cat":[9383],"product_tag":[9442],"yoast_head":"<!-- This site is optimized with the Yoast SEO plugin v24.3 - https:\/\/yoast.com\/wordpress\/plugins\/seo\/ -->\n<title>Four \u00e0 gaz Mr. Heater Buddy - grande marque am\u00e9ricaine<\/title>\n<meta name=\"description\" content=\"Chauffage portable de haute qualit\u00e9 qui peut facilement chauffer le pavillon de chasse, les chambres de la maison, la maison de vacances, la caravane, la tente, le bateau, le cabanon, etc. Capacit\u00e9 de chauffer jusqu&#039;\u00e0 21 m3.\" \/>\n<meta name=\"robots\" content=\"noindex, follow, max-snippet:-1, max-image-preview:large, max-video-preview:-1\" \/>\n<meta property=\"og:locale\" content=\"fr_FR\" \/>\n<meta property=\"og:type\" content=\"article\" \/>\n<meta property=\"og:title\" content=\"Four \u00e0 gaz Mr. Heater Buddy - grande marque am\u00e9ricaine\" \/>\n<meta property=\"og:description\" content=\"Chauffage portable de haute qualit\u00e9 qui peut facilement chauffer le pavillon de chasse, les chambres de la maison, la maison de vacances, la caravane, la tente, le bateau, le cabanon, etc. Capacit\u00e9 de chauffer jusqu&#039;\u00e0 21 m3.\" \/>\n<meta property=\"og:url\" content=\"https:\/\/staging.lucky-hunter.com\/fr\/product\/mr-heater-buddy-gas-oven\/\" \/>\n<meta property=\"og:site_name\" content=\"Lucky-Hunter\" \/>\n<meta property=\"article:modified_time\" content=\"2023-03-15T10:00:35+00:00\" \/>\n<meta property=\"og:image\" content=\"https:\/\/staging.lucky-hunter.com\/wp-content\/uploads\/2017\/02\/560663-1.png\" \/>\n\t<meta property=\"og:image:width\" content=\"1000\" \/>\n\t<meta property=\"og:image:height\" content=\"1000\" \/>\n\t<meta property=\"og:image:type\" content=\"image\/png\" \/>\n<meta name=\"twitter:card\" content=\"summary_large_image\" \/>\n<meta name=\"twitter:label1\" content=\"Dur\u00e9e de lecture estim\u00e9e\" \/>\n\t<meta name=\"twitter:data1\" content=\"1 minute\" \/>\n<script type=\"application\/ld+json\" class=\"yoast-schema-graph\">{\"@context\":\"https:\/\/schema.org\",\"@graph\":[{\"@type\":\"WebPage\",\"@id\":\"https:\/\/staging.lucky-hunter.com\/fr\/product\/mr-heater-buddy-gas-oven\/\",\"url\":\"https:\/\/staging.lucky-hunter.com\/fr\/product\/mr-heater-buddy-gas-oven\/\",\"name\":\"Four \u00e0 gaz Mr. Heater Buddy - grande marque am\u00e9ricaine\",\"isPartOf\":{\"@id\":\"https:\/\/staging.lucky-hunter.com\/#website\"},\"primaryImageOfPage\":{\"@id\":\"https:\/\/staging.lucky-hunter.com\/fr\/product\/mr-heater-buddy-gas-oven\/#primaryimage\"},\"image\":{\"@id\":\"https:\/\/staging.lucky-hunter.com\/fr\/product\/mr-heater-buddy-gas-oven\/#primaryimage\"},\"thumbnailUrl\":\"https:\/\/staging.lucky-hunter.com\/wp-content\/uploads\/2017\/02\/560663-1.png\",\"datePublished\":\"2017-02-27T16:44:58+00:00\",\"dateModified\":\"2023-03-15T10:00:35+00:00\",\"description\":\"Chauffage portable de haute qualit\u00e9 qui peut facilement chauffer le pavillon de chasse, les chambres de la maison, la maison de vacances, la caravane, la tente, le bateau, le cabanon, etc. Capacit\u00e9 de chauffer jusqu'\u00e0 21 m3.\",\"breadcrumb\":{\"@id\":\"https:\/\/staging.lucky-hunter.com\/fr\/product\/mr-heater-buddy-gas-oven\/#breadcrumb\"},\"inLanguage\":\"fr-FR\",\"potentialAction\":[{\"@type\":\"ReadAction\",\"target\":[\"https:\/\/staging.lucky-hunter.com\/fr\/product\/mr-heater-buddy-gas-oven\/\"]}]},{\"@type\":\"ImageObject\",\"inLanguage\":\"fr-FR\",\"@id\":\"https:\/\/staging.lucky-hunter.com\/fr\/product\/mr-heater-buddy-gas-oven\/#primaryimage\",\"url\":\"https:\/\/staging.lucky-hunter.com\/wp-content\/uploads\/2017\/02\/560663-1.png\",\"contentUrl\":\"https:\/\/staging.lucky-hunter.com\/wp-content\/uploads\/2017\/02\/560663-1.png\",\"width\":1000,\"height\":1000},{\"@type\":\"BreadcrumbList\",\"@id\":\"https:\/\/staging.lucky-hunter.com\/fr\/product\/mr-heater-buddy-gas-oven\/#breadcrumb\",\"itemListElement\":[{\"@type\":\"ListItem\",\"position\":1,\"name\":\"Home\",\"item\":\"https:\/\/staging.lucky-hunter.com\/fr\/\"},{\"@type\":\"ListItem\",\"position\":2,\"name\":\"Boutique\",\"item\":\"https:\/\/staging.lucky-hunter.com\/fr\/shop\/\"},{\"@type\":\"ListItem\",\"position\":3,\"name\":\"Chauffage au Gaz Mr. Heater Buddy\"}]},{\"@type\":\"WebSite\",\"@id\":\"https:\/\/staging.lucky-hunter.com\/#website\",\"url\":\"https:\/\/staging.lucky-hunter.com\/\",\"name\":\"Lucky-Hunter\",\"description\":\"Gear Up or Give Up\",\"potentialAction\":[{\"@type\":\"SearchAction\",\"target\":{\"@type\":\"EntryPoint\",\"urlTemplate\":\"https:\/\/staging.lucky-hunter.com\/?s={search_term_string}\"},\"query-input\":{\"@type\":\"PropertyValueSpecification\",\"valueRequired\":true,\"valueName\":\"search_term_string\"}}],\"inLanguage\":\"fr-FR\"}]}<\/script>\n<!-- \/ Yoast SEO plugin. -->","yoast_head_json":{"title":"Four \u00e0 gaz Mr. Heater Buddy - grande marque am\u00e9ricaine","description":"Chauffage portable de haute qualit\u00e9 qui peut facilement chauffer le pavillon de chasse, les chambres de la maison, la maison de vacances, la caravane, la tente, le bateau, le cabanon, etc. Capacit\u00e9 de chauffer jusqu'\u00e0 21 m3.","robots":{"index":"noindex","follow":"follow","max-snippet":"max-snippet:-1","max-image-preview":"max-image-preview:large","max-video-preview":"max-video-preview:-1"},"og_locale":"fr_FR","og_type":"article","og_title":"Four \u00e0 gaz Mr. Heater Buddy - grande marque am\u00e9ricaine","og_description":"Chauffage portable de haute qualit\u00e9 qui peut facilement chauffer le pavillon de chasse, les chambres de la maison, la maison de vacances, la caravane, la tente, le bateau, le cabanon, etc. Capacit\u00e9 de chauffer jusqu'\u00e0 21 m3.","og_url":"https:\/\/staging.lucky-hunter.com\/fr\/product\/mr-heater-buddy-gas-oven\/","og_site_name":"Lucky-Hunter","article_modified_time":"2023-03-15T10:00:35+00:00","og_image":[{"width":1000,"height":1000,"url":"https:\/\/staging.lucky-hunter.com\/wp-content\/uploads\/2017\/02\/560663-1.png","type":"image\/png"}],"twitter_card":"summary_large_image","twitter_misc":{"Dur\u00e9e de lecture estim\u00e9e":"1 minute"},"schema":{"@context":"https:\/\/schema.org","@graph":[{"@type":"WebPage","@id":"https:\/\/staging.lucky-hunter.com\/fr\/product\/mr-heater-buddy-gas-oven\/","url":"https:\/\/staging.lucky-hunter.com\/fr\/product\/mr-heater-buddy-gas-oven\/","name":"Four \u00e0 gaz Mr. Heater Buddy - grande marque am\u00e9ricaine","isPartOf":{"@id":"https:\/\/staging.lucky-hunter.com\/#website"},"primaryImageOfPage":{"@id":"https:\/\/staging.lucky-hunter.com\/fr\/product\/mr-heater-buddy-gas-oven\/#primaryimage"},"image":{"@id":"https:\/\/staging.lucky-hunter.com\/fr\/product\/mr-heater-buddy-gas-oven\/#primaryimage"},"thumbnailUrl":"https:\/\/staging.lucky-hunter.com\/wp-content\/uploads\/2017\/02\/560663-1.png","datePublished":"2017-02-27T16:44:58+00:00","dateModified":"2023-03-15T10:00:35+00:00","description":"Chauffage portable de haute qualit\u00e9 qui peut facilement chauffer le pavillon de chasse, les chambres de la maison, la maison de vacances, la caravane, la tente, le bateau, le cabanon, etc. Capacit\u00e9 de chauffer jusqu'\u00e0 21 m3.","breadcrumb":{"@id":"https:\/\/staging.lucky-hunter.com\/fr\/product\/mr-heater-buddy-gas-oven\/#breadcrumb"},"inLanguage":"fr-FR","potentialAction":[{"@type":"ReadAction","target":["https:\/\/staging.lucky-hunter.com\/fr\/product\/mr-heater-buddy-gas-oven\/"]}]},{"@type":"ImageObject","inLanguage":"fr-FR","@id":"https:\/\/staging.lucky-hunter.com\/fr\/product\/mr-heater-buddy-gas-oven\/#primaryimage","url":"https:\/\/staging.lucky-hunter.com\/wp-content\/uploads\/2017\/02\/560663-1.png","contentUrl":"https:\/\/staging.lucky-hunter.com\/wp-content\/uploads\/2017\/02\/560663-1.png","width":1000,"height":1000},{"@type":"BreadcrumbList","@id":"https:\/\/staging.lucky-hunter.com\/fr\/product\/mr-heater-buddy-gas-oven\/#breadcrumb","itemListElement":[{"@type":"ListItem","position":1,"name":"Home","item":"https:\/\/staging.lucky-hunter.com\/fr\/"},{"@type":"ListItem","position":2,"name":"Boutique","item":"https:\/\/staging.lucky-hunter.com\/fr\/shop\/"},{"@type":"ListItem","position":3,"name":"Chauffage au Gaz Mr. Heater Buddy"}]},{"@type":"WebSite","@id":"https:\/\/staging.lucky-hunter.com\/#website","url":"https:\/\/staging.lucky-hunter.com\/","name":"Lucky-Hunter","description":"Gear Up or Give Up","potentialAction":[{"@type":"SearchAction","target":{"@type":"EntryPoint","urlTemplate":"https:\/\/staging.lucky-hunter.com\/?s={search_term_string}"},"query-input":{"@type":"PropertyValueSpecification","valueRequired":true,"valueName":"search_term_string"}}],"inLanguage":"fr-FR"}]}},"_links":{"self":[{"href":"https:\/\/staging.lucky-hunter.com\/fr\/wp-json\/wp\/v2\/product\/50592"}],"collection":[{"href":"https:\/\/staging.lucky-hunter.com\/fr\/wp-json\/wp\/v2\/product"}],"about":[{"href":"https:\/\/staging.lucky-hunter.com\/fr\/wp-json\/wp\/v2\/types\/product"}],"wp:featuredmedia":[{"embeddable":true,"href":"https:\/\/staging.lucky-hunter.com\/fr\/wp-json\/wp\/v2\/media\/30705"}],"wp:attachment":[{"href":"https:\/\/staging.lucky-hunter.com\/fr\/wp-json\/wp\/v2\/media?parent=50592"}],"wp:term":[{"taxonomy":"product_brand","embeddable":true,"href":"https:\/\/staging.lucky-hunter.com\/fr\/wp-json\/wp\/v2\/product_brand?post=50592"},{"taxonomy":"product_cat","embeddable":true,"href":"https:\/\/staging.lucky-hunter.com\/fr\/wp-json\/wp\/v2\/product_cat?post=50592"},{"taxonomy":"product_tag","embeddable":true,"href":"https:\/\/staging.lucky-hunter.com\/fr\/wp-json\/wp\/v2\/product_tag?post=50592"}],"curies":[{"name":"wp","href":"https:\/\/api.w.org\/{rel}","templated":true}]}}