{"id":50582,"date":"2017-02-27T17:47:56","date_gmt":"2017-02-27T16:47:56","guid":{"rendered":"https:\/\/staging.lucky-hunter.com\/product\/taske-walkie-talkie\/"},"modified":"2025-07-01T15:20:35","modified_gmt":"2025-07-01T13:20:35","slug":"etui-a-talkie-walkie","status":"publish","type":"product","link":"https:\/\/staging.lucky-hunter.com\/fr\/product\/etui-a-talkie-walkie\/","title":{"rendered":"\u00c9tui \u00e0 Talkie-walkie"},"content":{"rendered":"<div>\n<p>Avec cet \u00e9tui, vous pouvez facilement utiliser votre talkie-walkie lorsque vous chassez ou que vous travaillez. Fabriqu\u00e9 en nylon robuste et de qualit\u00e9, l\u2019\u00e9tui durera des ann\u00e9es.<\/p>\n<p>Il est livr\u00e9 avec une bandouli\u00e8re pratique qui permet de le porter de plusieurs fa\u00e7ons (autour du cou, sur l&#8217;\u00e9paule, en diagonale sur la poitrine, etc.).<\/p>\n<p>Id\u00e9al pour la chasse, pour les entreprises de s\u00e9curit\u00e9, pour la police, pour les pompiers, pour les secouristes, pour les artisans et plus encore.<\/p>\n<p>Disponible en noir.<\/p>\n<\/div>\n","protected":false},"excerpt":{"rendered":"<p>Avec cet \u00e9tui, vous pouvez facilement utiliser votre talkie-walkie lorsque vous chassez ou que vous travaillez.<\/p>\n","protected":false},"featured_media":30628,"template":"","meta":[],"product_brand":[],"product_cat":[9383],"product_tag":[],"yoast_head":"<!-- This site is optimized with the Yoast SEO plugin v24.3 - https:\/\/yoast.com\/wordpress\/plugins\/seo\/ -->\n<title>\u00c9tui \u00e0 Talkie-walkie - Id\u00e9al pour la chasse ou travaille<\/title>\n<meta name=\"description\" content=\"Avec cet \u00e9tui, vous pouvez facilement utiliser votre talkie-walkie lorsque vous chassez ou que vous travaillez.\" \/>\n<meta name=\"robots\" content=\"noindex, follow, max-snippet:-1, max-image-preview:large, max-video-preview:-1\" \/>\n<meta property=\"og:locale\" content=\"fr_FR\" \/>\n<meta property=\"og:type\" content=\"article\" \/>\n<meta property=\"og:title\" content=\"\u00c9tui \u00e0 Talkie-walkie - Id\u00e9al pour la chasse ou travaille\" \/>\n<meta property=\"og:description\" content=\"Avec cet \u00e9tui, vous pouvez facilement utiliser votre talkie-walkie lorsque vous chassez ou que vous travaillez.\" \/>\n<meta property=\"og:url\" content=\"https:\/\/staging.lucky-hunter.com\/fr\/product\/etui-a-talkie-walkie\/\" \/>\n<meta property=\"og:site_name\" content=\"Lucky-Hunter\" \/>\n<meta property=\"article:modified_time\" content=\"2025-07-01T13:20:35+00:00\" \/>\n<meta property=\"og:image\" content=\"https:\/\/staging.lucky-hunter.com\/wp-content\/uploads\/2017\/02\/PU-75.png.webp\" \/>\n\t<meta property=\"og:image:width\" content=\"1000\" \/>\n\t<meta property=\"og:image:height\" content=\"1000\" \/>\n\t<meta property=\"og:image:type\" content=\"image\/webp\" \/>\n<meta name=\"twitter:card\" content=\"summary_large_image\" \/>\n<meta name=\"twitter:label1\" content=\"Dur\u00e9e de lecture estim\u00e9e\" \/>\n\t<meta name=\"twitter:data1\" content=\"1 minute\" \/>\n<script type=\"application\/ld+json\" class=\"yoast-schema-graph\">{\"@context\":\"https:\/\/schema.org\",\"@graph\":[{\"@type\":\"WebPage\",\"@id\":\"https:\/\/staging.lucky-hunter.com\/fr\/product\/etui-a-talkie-walkie\/\",\"url\":\"https:\/\/staging.lucky-hunter.com\/fr\/product\/etui-a-talkie-walkie\/\",\"name\":\"\u00c9tui \u00e0 Talkie-walkie - Id\u00e9al pour la chasse ou travaille\",\"isPartOf\":{\"@id\":\"https:\/\/staging.lucky-hunter.com\/#website\"},\"primaryImageOfPage\":{\"@id\":\"https:\/\/staging.lucky-hunter.com\/fr\/product\/etui-a-talkie-walkie\/#primaryimage\"},\"image\":{\"@id\":\"https:\/\/staging.lucky-hunter.com\/fr\/product\/etui-a-talkie-walkie\/#primaryimage\"},\"thumbnailUrl\":\"https:\/\/staging.lucky-hunter.com\/wp-content\/uploads\/2017\/02\/PU-75.png.webp\",\"datePublished\":\"2017-02-27T16:47:56+00:00\",\"dateModified\":\"2025-07-01T13:20:35+00:00\",\"description\":\"Avec cet \u00e9tui, vous pouvez facilement utiliser votre talkie-walkie lorsque vous chassez ou que vous travaillez.\",\"breadcrumb\":{\"@id\":\"https:\/\/staging.lucky-hunter.com\/fr\/product\/etui-a-talkie-walkie\/#breadcrumb\"},\"inLanguage\":\"fr-FR\",\"potentialAction\":[{\"@type\":\"ReadAction\",\"target\":[\"https:\/\/staging.lucky-hunter.com\/fr\/product\/etui-a-talkie-walkie\/\"]}]},{\"@type\":\"ImageObject\",\"inLanguage\":\"fr-FR\",\"@id\":\"https:\/\/staging.lucky-hunter.com\/fr\/product\/etui-a-talkie-walkie\/#primaryimage\",\"url\":\"https:\/\/staging.lucky-hunter.com\/wp-content\/uploads\/2017\/02\/PU-75.png.webp\",\"contentUrl\":\"https:\/\/staging.lucky-hunter.com\/wp-content\/uploads\/2017\/02\/PU-75.png.webp\",\"width\":1000,\"height\":1000},{\"@type\":\"BreadcrumbList\",\"@id\":\"https:\/\/staging.lucky-hunter.com\/fr\/product\/etui-a-talkie-walkie\/#breadcrumb\",\"itemListElement\":[{\"@type\":\"ListItem\",\"position\":1,\"name\":\"Home\",\"item\":\"https:\/\/staging.lucky-hunter.com\/fr\/\"},{\"@type\":\"ListItem\",\"position\":2,\"name\":\"Boutique\",\"item\":\"https:\/\/staging.lucky-hunter.com\/fr\/shop\/\"},{\"@type\":\"ListItem\",\"position\":3,\"name\":\"\u00c9tui \u00e0 Talkie-walkie\"}]},{\"@type\":\"WebSite\",\"@id\":\"https:\/\/staging.lucky-hunter.com\/#website\",\"url\":\"https:\/\/staging.lucky-hunter.com\/\",\"name\":\"Lucky-Hunter\",\"description\":\"Gear Up or Give Up\",\"potentialAction\":[{\"@type\":\"SearchAction\",\"target\":{\"@type\":\"EntryPoint\",\"urlTemplate\":\"https:\/\/staging.lucky-hunter.com\/?s={search_term_string}\"},\"query-input\":{\"@type\":\"PropertyValueSpecification\",\"valueRequired\":true,\"valueName\":\"search_term_string\"}}],\"inLanguage\":\"fr-FR\"}]}<\/script>\n<!-- \/ Yoast SEO plugin. -->","yoast_head_json":{"title":"\u00c9tui \u00e0 Talkie-walkie - Id\u00e9al pour la chasse ou travaille","description":"Avec cet \u00e9tui, vous pouvez facilement utiliser votre talkie-walkie lorsque vous chassez ou que vous travaillez.","robots":{"index":"noindex","follow":"follow","max-snippet":"max-snippet:-1","max-image-preview":"max-image-preview:large","max-video-preview":"max-video-preview:-1"},"og_locale":"fr_FR","og_type":"article","og_title":"\u00c9tui \u00e0 Talkie-walkie - Id\u00e9al pour la chasse ou travaille","og_description":"Avec cet \u00e9tui, vous pouvez facilement utiliser votre talkie-walkie lorsque vous chassez ou que vous travaillez.","og_url":"https:\/\/staging.lucky-hunter.com\/fr\/product\/etui-a-talkie-walkie\/","og_site_name":"Lucky-Hunter","article_modified_time":"2025-07-01T13:20:35+00:00","og_image":[{"width":1000,"height":1000,"url":"https:\/\/staging.lucky-hunter.com\/wp-content\/uploads\/2017\/02\/PU-75.png.webp","type":"image\/webp"}],"twitter_card":"summary_large_image","twitter_misc":{"Dur\u00e9e de lecture estim\u00e9e":"1 minute"},"schema":{"@context":"https:\/\/schema.org","@graph":[{"@type":"WebPage","@id":"https:\/\/staging.lucky-hunter.com\/fr\/product\/etui-a-talkie-walkie\/","url":"https:\/\/staging.lucky-hunter.com\/fr\/product\/etui-a-talkie-walkie\/","name":"\u00c9tui \u00e0 Talkie-walkie - Id\u00e9al pour la chasse ou travaille","isPartOf":{"@id":"https:\/\/staging.lucky-hunter.com\/#website"},"primaryImageOfPage":{"@id":"https:\/\/staging.lucky-hunter.com\/fr\/product\/etui-a-talkie-walkie\/#primaryimage"},"image":{"@id":"https:\/\/staging.lucky-hunter.com\/fr\/product\/etui-a-talkie-walkie\/#primaryimage"},"thumbnailUrl":"https:\/\/staging.lucky-hunter.com\/wp-content\/uploads\/2017\/02\/PU-75.png.webp","datePublished":"2017-02-27T16:47:56+00:00","dateModified":"2025-07-01T13:20:35+00:00","description":"Avec cet \u00e9tui, vous pouvez facilement utiliser votre talkie-walkie lorsque vous chassez ou que vous travaillez.","breadcrumb":{"@id":"https:\/\/staging.lucky-hunter.com\/fr\/product\/etui-a-talkie-walkie\/#breadcrumb"},"inLanguage":"fr-FR","potentialAction":[{"@type":"ReadAction","target":["https:\/\/staging.lucky-hunter.com\/fr\/product\/etui-a-talkie-walkie\/"]}]},{"@type":"ImageObject","inLanguage":"fr-FR","@id":"https:\/\/staging.lucky-hunter.com\/fr\/product\/etui-a-talkie-walkie\/#primaryimage","url":"https:\/\/staging.lucky-hunter.com\/wp-content\/uploads\/2017\/02\/PU-75.png.webp","contentUrl":"https:\/\/staging.lucky-hunter.com\/wp-content\/uploads\/2017\/02\/PU-75.png.webp","width":1000,"height":1000},{"@type":"BreadcrumbList","@id":"https:\/\/staging.lucky-hunter.com\/fr\/product\/etui-a-talkie-walkie\/#breadcrumb","itemListElement":[{"@type":"ListItem","position":1,"name":"Home","item":"https:\/\/staging.lucky-hunter.com\/fr\/"},{"@type":"ListItem","position":2,"name":"Boutique","item":"https:\/\/staging.lucky-hunter.com\/fr\/shop\/"},{"@type":"ListItem","position":3,"name":"\u00c9tui \u00e0 Talkie-walkie"}]},{"@type":"WebSite","@id":"https:\/\/staging.lucky-hunter.com\/#website","url":"https:\/\/staging.lucky-hunter.com\/","name":"Lucky-Hunter","description":"Gear Up or Give Up","potentialAction":[{"@type":"SearchAction","target":{"@type":"EntryPoint","urlTemplate":"https:\/\/staging.lucky-hunter.com\/?s={search_term_string}"},"query-input":{"@type":"PropertyValueSpecification","valueRequired":true,"valueName":"search_term_string"}}],"inLanguage":"fr-FR"}]}},"_links":{"self":[{"href":"https:\/\/staging.lucky-hunter.com\/fr\/wp-json\/wp\/v2\/product\/50582"}],"collection":[{"href":"https:\/\/staging.lucky-hunter.com\/fr\/wp-json\/wp\/v2\/product"}],"about":[{"href":"https:\/\/staging.lucky-hunter.com\/fr\/wp-json\/wp\/v2\/types\/product"}],"wp:featuredmedia":[{"embeddable":true,"href":"https:\/\/staging.lucky-hunter.com\/fr\/wp-json\/wp\/v2\/media\/30628"}],"wp:attachment":[{"href":"https:\/\/staging.lucky-hunter.com\/fr\/wp-json\/wp\/v2\/media?parent=50582"}],"wp:term":[{"taxonomy":"product_brand","embeddable":true,"href":"https:\/\/staging.lucky-hunter.com\/fr\/wp-json\/wp\/v2\/product_brand?post=50582"},{"taxonomy":"product_cat","embeddable":true,"href":"https:\/\/staging.lucky-hunter.com\/fr\/wp-json\/wp\/v2\/product_cat?post=50582"},{"taxonomy":"product_tag","embeddable":true,"href":"https:\/\/staging.lucky-hunter.com\/fr\/wp-json\/wp\/v2\/product_tag?post=50582"}],"curies":[{"name":"wp","href":"https:\/\/api.w.org\/{rel}","templated":true}]}}