{"id":50581,"date":"2016-11-04T14:19:34","date_gmt":"2016-11-04T13:19:34","guid":{"rendered":"https:\/\/staging.lucky-hunter.com\/product\/teflon-weapon-oil-50-ml\/"},"modified":"2025-07-08T13:45:45","modified_gmt":"2025-07-08T11:45:45","slug":"huile-au-teflon-50-ml-lupus","status":"publish","type":"product","link":"https:\/\/staging.lucky-hunter.com\/fr\/product\/huile-au-teflon-50-ml-lupus\/","title":{"rendered":"Huile au T\u00e9flon 50 ml &#8211; Lupus"},"content":{"rendered":"<h1><strong>Produit de qualit\u00e9 allemande<\/strong><\/h1>\n<p>L&#8217;huile pour armes Lupus contient des microparticules sph\u00e9riques de t\u00e9flon.<\/p>\n<p>Elle est adapt\u00e9e pour le nettoyage et la lubrification de toutes les parties de l\u2019arme. Elle dissout \u00e9galement la r\u00e9sine et la rouille.<\/p>\n<ul>\n<li>Pouvoir lubrifiant des plus \u00e9lev\u00e9s<\/li>\n<li>D\u00e9bloque les parties bloqu\u00e9es<\/li>\n<li>Dissout les vieilles r\u00e9sines d&#8217;huile et de graisse<\/li>\n<li>R\u00e9siste aux temp\u00e9rature extr\u00eames.<\/li>\n<\/ul>\n<p><strong>Avertissements :<\/strong><\/p>\n<ul>\n<li>Peut \u00eatre mortel en cas d&#8217;ingestion et de p\u00e9n\u00e9tration dans les voies respiratoires.<\/li>\n<li>Garder hors de port\u00e9e des enfants.<\/li>\n<li>Ne pas respirer les poussi\u00e8res \/ fum\u00e9es \/ gaz \/ brouillards \/ vapeurs \/ a\u00e9rosols.<\/li>\n<li>EN CAS D&#8217;INGESTION : Appelez imm\u00e9diatement un m\u00e9decin.<\/li>\n<li>EN CAS D&#8217;INGESTION\u00a0: rincer la bouche. NE PAS faire vomir.<\/li>\n<li>\u00c9liminer le contenu \/ r\u00e9cipient dans un centre de collecte des d\u00e9chets dangereux ou sp\u00e9ciaux.<\/li>\n<\/ul>\n","protected":false},"excerpt":{"rendered":"<p>L&#8217;huile pour armes Lupus contient des microparticules sph\u00e9riques de t\u00e9flon.\u00a0Elle est adapt\u00e9e pour le nettoyage et la lubrification de toutes les parties de l\u2019arme. Elle dissout \u00e9galement la r\u00e9sine et la rouille.<\/p>\n","protected":false},"featured_media":29730,"template":"","meta":[],"product_brand":[8220],"product_cat":[9368],"product_tag":[],"yoast_head":"<!-- This site is optimized with the Yoast SEO plugin v24.3 - https:\/\/yoast.com\/wordpress\/plugins\/seo\/ -->\n<title>Huile au T\u00e9flon 50 ml - Lupus<\/title>\n<meta name=\"description\" content=\"L&#039;huile pour armes Lupus contient des microparticules sph\u00e9riques de t\u00e9flon. Elle est adapt\u00e9e pour le nettoyage et la lubrification de toutes les parties de l\u2019arme.\" \/>\n<meta name=\"robots\" content=\"noindex, follow, max-snippet:-1, max-image-preview:large, max-video-preview:-1\" \/>\n<meta property=\"og:locale\" content=\"fr_FR\" \/>\n<meta property=\"og:type\" content=\"article\" \/>\n<meta property=\"og:title\" content=\"Huile au T\u00e9flon 50 ml - Lupus\" \/>\n<meta property=\"og:description\" content=\"L&#039;huile pour armes Lupus contient des microparticules sph\u00e9riques de t\u00e9flon. Elle est adapt\u00e9e pour le nettoyage et la lubrification de toutes les parties de l\u2019arme.\" \/>\n<meta property=\"og:url\" content=\"https:\/\/staging.lucky-hunter.com\/product\/teflon-weapon-oil-50-ml\/\" \/>\n<meta property=\"og:site_name\" content=\"Lucky-Hunter\" \/>\n<meta property=\"article:modified_time\" content=\"2025-07-08T11:45:45+00:00\" \/>\n<meta property=\"og:image\" content=\"https:\/\/staging.lucky-hunter.com\/wp-content\/uploads\/2018\/02\/520012-V\u00e5benolie-med-Teflon-fra-Lupus-50ml.png\" \/>\n\t<meta property=\"og:image:width\" content=\"1500\" \/>\n\t<meta property=\"og:image:height\" content=\"1500\" \/>\n\t<meta property=\"og:image:type\" content=\"image\/png\" \/>\n<meta name=\"twitter:card\" content=\"summary_large_image\" \/>\n<meta name=\"twitter:label1\" content=\"Dur\u00e9e de lecture estim\u00e9e\" \/>\n\t<meta name=\"twitter:data1\" content=\"1 minute\" \/>\n<script type=\"application\/ld+json\" class=\"yoast-schema-graph\">{\"@context\":\"https:\/\/schema.org\",\"@graph\":[{\"@type\":\"WebPage\",\"@id\":\"https:\/\/staging.lucky-hunter.com\/product\/teflon-weapon-oil-50-ml\/\",\"url\":\"https:\/\/staging.lucky-hunter.com\/product\/teflon-weapon-oil-50-ml\/\",\"name\":\"Huile au T\u00e9flon 50 ml - Lupus\",\"isPartOf\":{\"@id\":\"https:\/\/staging.lucky-hunter.com\/#website\"},\"primaryImageOfPage\":{\"@id\":\"https:\/\/staging.lucky-hunter.com\/product\/teflon-weapon-oil-50-ml\/#primaryimage\"},\"image\":{\"@id\":\"https:\/\/staging.lucky-hunter.com\/product\/teflon-weapon-oil-50-ml\/#primaryimage\"},\"thumbnailUrl\":\"https:\/\/staging.lucky-hunter.com\/wp-content\/uploads\/2018\/02\/520012-V\u00e5benolie-med-Teflon-fra-Lupus-50ml.png\",\"datePublished\":\"2016-11-04T13:19:34+00:00\",\"dateModified\":\"2025-07-08T11:45:45+00:00\",\"description\":\"L'huile pour armes Lupus contient des microparticules sph\u00e9riques de t\u00e9flon. Elle est adapt\u00e9e pour le nettoyage et la lubrification de toutes les parties de l\u2019arme.\",\"breadcrumb\":{\"@id\":\"https:\/\/staging.lucky-hunter.com\/product\/teflon-weapon-oil-50-ml\/#breadcrumb\"},\"inLanguage\":\"fr-FR\",\"potentialAction\":[{\"@type\":\"ReadAction\",\"target\":[\"https:\/\/staging.lucky-hunter.com\/product\/teflon-weapon-oil-50-ml\/\"]}]},{\"@type\":\"ImageObject\",\"inLanguage\":\"fr-FR\",\"@id\":\"https:\/\/staging.lucky-hunter.com\/product\/teflon-weapon-oil-50-ml\/#primaryimage\",\"url\":\"https:\/\/staging.lucky-hunter.com\/wp-content\/uploads\/2018\/02\/520012-V\u00e5benolie-med-Teflon-fra-Lupus-50ml.png\",\"contentUrl\":\"https:\/\/staging.lucky-hunter.com\/wp-content\/uploads\/2018\/02\/520012-V\u00e5benolie-med-Teflon-fra-Lupus-50ml.png\",\"width\":1500,\"height\":1500},{\"@type\":\"BreadcrumbList\",\"@id\":\"https:\/\/staging.lucky-hunter.com\/product\/teflon-weapon-oil-50-ml\/#breadcrumb\",\"itemListElement\":[{\"@type\":\"ListItem\",\"position\":1,\"name\":\"Home\",\"item\":\"https:\/\/staging.lucky-hunter.com\/fr\/\"},{\"@type\":\"ListItem\",\"position\":2,\"name\":\"Boutique\",\"item\":\"https:\/\/staging.lucky-hunter.com\/fr\/shop\/\"},{\"@type\":\"ListItem\",\"position\":3,\"name\":\"Huile au T\u00e9flon 50 ml &#8211; Lupus\"}]},{\"@type\":\"WebSite\",\"@id\":\"https:\/\/staging.lucky-hunter.com\/#website\",\"url\":\"https:\/\/staging.lucky-hunter.com\/\",\"name\":\"Lucky-Hunter\",\"description\":\"Gear Up or Give Up\",\"potentialAction\":[{\"@type\":\"SearchAction\",\"target\":{\"@type\":\"EntryPoint\",\"urlTemplate\":\"https:\/\/staging.lucky-hunter.com\/?s={search_term_string}\"},\"query-input\":{\"@type\":\"PropertyValueSpecification\",\"valueRequired\":true,\"valueName\":\"search_term_string\"}}],\"inLanguage\":\"fr-FR\"}]}<\/script>\n<!-- \/ Yoast SEO plugin. -->","yoast_head_json":{"title":"Huile au T\u00e9flon 50 ml - Lupus","description":"L'huile pour armes Lupus contient des microparticules sph\u00e9riques de t\u00e9flon. Elle est adapt\u00e9e pour le nettoyage et la lubrification de toutes les parties de l\u2019arme.","robots":{"index":"noindex","follow":"follow","max-snippet":"max-snippet:-1","max-image-preview":"max-image-preview:large","max-video-preview":"max-video-preview:-1"},"og_locale":"fr_FR","og_type":"article","og_title":"Huile au T\u00e9flon 50 ml - Lupus","og_description":"L'huile pour armes Lupus contient des microparticules sph\u00e9riques de t\u00e9flon. Elle est adapt\u00e9e pour le nettoyage et la lubrification de toutes les parties de l\u2019arme.","og_url":"https:\/\/staging.lucky-hunter.com\/product\/teflon-weapon-oil-50-ml\/","og_site_name":"Lucky-Hunter","article_modified_time":"2025-07-08T11:45:45+00:00","og_image":[{"width":1500,"height":1500,"url":"https:\/\/staging.lucky-hunter.com\/wp-content\/uploads\/2018\/02\/520012-V\u00e5benolie-med-Teflon-fra-Lupus-50ml.png","type":"image\/png"}],"twitter_card":"summary_large_image","twitter_misc":{"Dur\u00e9e de lecture estim\u00e9e":"1 minute"},"schema":{"@context":"https:\/\/schema.org","@graph":[{"@type":"WebPage","@id":"https:\/\/staging.lucky-hunter.com\/product\/teflon-weapon-oil-50-ml\/","url":"https:\/\/staging.lucky-hunter.com\/product\/teflon-weapon-oil-50-ml\/","name":"Huile au T\u00e9flon 50 ml - Lupus","isPartOf":{"@id":"https:\/\/staging.lucky-hunter.com\/#website"},"primaryImageOfPage":{"@id":"https:\/\/staging.lucky-hunter.com\/product\/teflon-weapon-oil-50-ml\/#primaryimage"},"image":{"@id":"https:\/\/staging.lucky-hunter.com\/product\/teflon-weapon-oil-50-ml\/#primaryimage"},"thumbnailUrl":"https:\/\/staging.lucky-hunter.com\/wp-content\/uploads\/2018\/02\/520012-V\u00e5benolie-med-Teflon-fra-Lupus-50ml.png","datePublished":"2016-11-04T13:19:34+00:00","dateModified":"2025-07-08T11:45:45+00:00","description":"L'huile pour armes Lupus contient des microparticules sph\u00e9riques de t\u00e9flon. Elle est adapt\u00e9e pour le nettoyage et la lubrification de toutes les parties de l\u2019arme.","breadcrumb":{"@id":"https:\/\/staging.lucky-hunter.com\/product\/teflon-weapon-oil-50-ml\/#breadcrumb"},"inLanguage":"fr-FR","potentialAction":[{"@type":"ReadAction","target":["https:\/\/staging.lucky-hunter.com\/product\/teflon-weapon-oil-50-ml\/"]}]},{"@type":"ImageObject","inLanguage":"fr-FR","@id":"https:\/\/staging.lucky-hunter.com\/product\/teflon-weapon-oil-50-ml\/#primaryimage","url":"https:\/\/staging.lucky-hunter.com\/wp-content\/uploads\/2018\/02\/520012-V\u00e5benolie-med-Teflon-fra-Lupus-50ml.png","contentUrl":"https:\/\/staging.lucky-hunter.com\/wp-content\/uploads\/2018\/02\/520012-V\u00e5benolie-med-Teflon-fra-Lupus-50ml.png","width":1500,"height":1500},{"@type":"BreadcrumbList","@id":"https:\/\/staging.lucky-hunter.com\/product\/teflon-weapon-oil-50-ml\/#breadcrumb","itemListElement":[{"@type":"ListItem","position":1,"name":"Home","item":"https:\/\/staging.lucky-hunter.com\/fr\/"},{"@type":"ListItem","position":2,"name":"Boutique","item":"https:\/\/staging.lucky-hunter.com\/fr\/shop\/"},{"@type":"ListItem","position":3,"name":"Huile au T\u00e9flon 50 ml &#8211; Lupus"}]},{"@type":"WebSite","@id":"https:\/\/staging.lucky-hunter.com\/#website","url":"https:\/\/staging.lucky-hunter.com\/","name":"Lucky-Hunter","description":"Gear Up or Give Up","potentialAction":[{"@type":"SearchAction","target":{"@type":"EntryPoint","urlTemplate":"https:\/\/staging.lucky-hunter.com\/?s={search_term_string}"},"query-input":{"@type":"PropertyValueSpecification","valueRequired":true,"valueName":"search_term_string"}}],"inLanguage":"fr-FR"}]}},"_links":{"self":[{"href":"https:\/\/staging.lucky-hunter.com\/fr\/wp-json\/wp\/v2\/product\/50581"}],"collection":[{"href":"https:\/\/staging.lucky-hunter.com\/fr\/wp-json\/wp\/v2\/product"}],"about":[{"href":"https:\/\/staging.lucky-hunter.com\/fr\/wp-json\/wp\/v2\/types\/product"}],"wp:featuredmedia":[{"embeddable":true,"href":"https:\/\/staging.lucky-hunter.com\/fr\/wp-json\/wp\/v2\/media\/29730"}],"wp:attachment":[{"href":"https:\/\/staging.lucky-hunter.com\/fr\/wp-json\/wp\/v2\/media?parent=50581"}],"wp:term":[{"taxonomy":"product_brand","embeddable":true,"href":"https:\/\/staging.lucky-hunter.com\/fr\/wp-json\/wp\/v2\/product_brand?post=50581"},{"taxonomy":"product_cat","embeddable":true,"href":"https:\/\/staging.lucky-hunter.com\/fr\/wp-json\/wp\/v2\/product_cat?post=50581"},{"taxonomy":"product_tag","embeddable":true,"href":"https:\/\/staging.lucky-hunter.com\/fr\/wp-json\/wp\/v2\/product_tag?post=50581"}],"curies":[{"name":"wp","href":"https:\/\/api.w.org\/{rel}","templated":true}]}}