{"id":50580,"date":"2016-11-04T14:19:34","date_gmt":"2016-11-04T13:19:34","guid":{"rendered":"https:\/\/staging.lucky-hunter.com\/product\/lupus-barrel-cleaner-150-ml\/"},"modified":"2025-07-08T13:43:21","modified_gmt":"2025-07-08T11:43:21","slug":"detergent-150-ml-lupus","status":"publish","type":"product","link":"https:\/\/staging.lucky-hunter.com\/fr\/product\/detergent-150-ml-lupus\/","title":{"rendered":"D\u00e9tergent 150 ml. &#8211; Lupus"},"content":{"rendered":"<h1><strong>Produit de qualit\u00e9 allemande par Lupus<\/strong><\/h1>\n<p>\u00c9limine tous les d\u00e9p\u00f4ts rapidement et efficacement, sans endommager les plastiques, le bois, le caoutchouc ou le vernis.<\/p>\n<p>Ne pas laisser agir plus de 10 minutes.<\/p>\n<ul>\n<li>Tr\u00e8s efficace<\/li>\n<li>Sans acide et sans ammoniaque<\/li>\n<li>Contient du T\u00e9flon.<\/li>\n<\/ul>\n<p><strong>Avertissements :<\/strong><\/p>\n<ul>\n<li>Provoque une s\u00e9v\u00e8re irritation des yeux.<\/li>\n<li>Garder hors de port\u00e9e des enfants.<\/li>\n<li>Porter des gants de protection \/ des v\u00eatements de protection \/ un \u00e9quipement de protection des yeux \/ du visage.<\/li>\n<li>EN CAS DE CONTACT AVEC LES YEUX\u00a0: Rincer avec pr\u00e9caution \u00e0 l&#8217;eau pendant plusieurs minutes. Enlever les lentilles de contact si la victime en porte et si elles peuvent \u00eatre facilement enlev\u00e9es. Continuer \u00e0 rincer.<\/li>\n<li>Si l&#8217;irritation oculaire persiste : demander un avis m\u00e9dical \/ consulter un m\u00e9decin.<\/li>\n<li>\u00c9liminer le contenu \/ r\u00e9cipient dans un centre de collecte des d\u00e9chets dangereux ou sp\u00e9ciaux.<\/li>\n<\/ul>\n","protected":false},"excerpt":{"rendered":"<p>\u00c9limine tous les d\u00e9p\u00f4ts rapidement et efficacement, sans endommager les plastiques, le bois, le caoutchouc ou le vernis. Tr\u00e8s efficace et sans acide ni ammoniaque.<\/p>\n","protected":false},"featured_media":29732,"template":"","meta":[],"product_brand":[8220],"product_cat":[9368],"product_tag":[],"yoast_head":"<!-- This site is optimized with the Yoast SEO plugin v24.3 - https:\/\/yoast.com\/wordpress\/plugins\/seo\/ -->\n<title>D\u00e9tergent 150 ml. - Lupus. Produit de qualit\u00e9 allemande<\/title>\n<meta name=\"description\" content=\"\u00c9limine tous les d\u00e9p\u00f4ts rapidement et efficacement, sans endommager les plastiques, le bois, le caoutchouc ou le vernis.\" \/>\n<meta name=\"robots\" content=\"noindex, follow, max-snippet:-1, max-image-preview:large, max-video-preview:-1\" \/>\n<meta property=\"og:locale\" content=\"fr_FR\" \/>\n<meta property=\"og:type\" content=\"article\" \/>\n<meta property=\"og:title\" content=\"D\u00e9tergent 150 ml. - Lupus. Produit de qualit\u00e9 allemande\" \/>\n<meta property=\"og:description\" content=\"\u00c9limine tous les d\u00e9p\u00f4ts rapidement et efficacement, sans endommager les plastiques, le bois, le caoutchouc ou le vernis.\" \/>\n<meta property=\"og:url\" content=\"https:\/\/staging.lucky-hunter.com\/product\/lupus-barrel-cleaner-150-ml\/\" \/>\n<meta property=\"og:site_name\" content=\"Lucky-Hunter\" \/>\n<meta property=\"article:modified_time\" content=\"2025-07-08T11:43:21+00:00\" \/>\n<meta property=\"og:image\" content=\"https:\/\/staging.lucky-hunter.com\/wp-content\/uploads\/2018\/02\/520015-V\u00e5benl\u00f8b-rens-fra-Lupus-150ml.png\" \/>\n\t<meta property=\"og:image:width\" content=\"1500\" \/>\n\t<meta property=\"og:image:height\" content=\"1500\" \/>\n\t<meta property=\"og:image:type\" content=\"image\/png\" \/>\n<meta name=\"twitter:card\" content=\"summary_large_image\" \/>\n<meta name=\"twitter:label1\" content=\"Dur\u00e9e de lecture estim\u00e9e\" \/>\n\t<meta name=\"twitter:data1\" content=\"1 minute\" \/>\n<script type=\"application\/ld+json\" class=\"yoast-schema-graph\">{\"@context\":\"https:\/\/schema.org\",\"@graph\":[{\"@type\":\"WebPage\",\"@id\":\"https:\/\/staging.lucky-hunter.com\/product\/lupus-barrel-cleaner-150-ml\/\",\"url\":\"https:\/\/staging.lucky-hunter.com\/product\/lupus-barrel-cleaner-150-ml\/\",\"name\":\"D\u00e9tergent 150 ml. - Lupus. Produit de qualit\u00e9 allemande\",\"isPartOf\":{\"@id\":\"https:\/\/staging.lucky-hunter.com\/#website\"},\"primaryImageOfPage\":{\"@id\":\"https:\/\/staging.lucky-hunter.com\/product\/lupus-barrel-cleaner-150-ml\/#primaryimage\"},\"image\":{\"@id\":\"https:\/\/staging.lucky-hunter.com\/product\/lupus-barrel-cleaner-150-ml\/#primaryimage\"},\"thumbnailUrl\":\"https:\/\/staging.lucky-hunter.com\/wp-content\/uploads\/2018\/02\/520015-V\u00e5benl\u00f8b-rens-fra-Lupus-150ml.png\",\"datePublished\":\"2016-11-04T13:19:34+00:00\",\"dateModified\":\"2025-07-08T11:43:21+00:00\",\"description\":\"\u00c9limine tous les d\u00e9p\u00f4ts rapidement et efficacement, sans endommager les plastiques, le bois, le caoutchouc ou le vernis.\",\"breadcrumb\":{\"@id\":\"https:\/\/staging.lucky-hunter.com\/product\/lupus-barrel-cleaner-150-ml\/#breadcrumb\"},\"inLanguage\":\"fr-FR\",\"potentialAction\":[{\"@type\":\"ReadAction\",\"target\":[\"https:\/\/staging.lucky-hunter.com\/product\/lupus-barrel-cleaner-150-ml\/\"]}]},{\"@type\":\"ImageObject\",\"inLanguage\":\"fr-FR\",\"@id\":\"https:\/\/staging.lucky-hunter.com\/product\/lupus-barrel-cleaner-150-ml\/#primaryimage\",\"url\":\"https:\/\/staging.lucky-hunter.com\/wp-content\/uploads\/2018\/02\/520015-V\u00e5benl\u00f8b-rens-fra-Lupus-150ml.png\",\"contentUrl\":\"https:\/\/staging.lucky-hunter.com\/wp-content\/uploads\/2018\/02\/520015-V\u00e5benl\u00f8b-rens-fra-Lupus-150ml.png\",\"width\":1500,\"height\":1500},{\"@type\":\"BreadcrumbList\",\"@id\":\"https:\/\/staging.lucky-hunter.com\/product\/lupus-barrel-cleaner-150-ml\/#breadcrumb\",\"itemListElement\":[{\"@type\":\"ListItem\",\"position\":1,\"name\":\"Home\",\"item\":\"https:\/\/staging.lucky-hunter.com\/fr\/\"},{\"@type\":\"ListItem\",\"position\":2,\"name\":\"Boutique\",\"item\":\"https:\/\/staging.lucky-hunter.com\/fr\/shop\/\"},{\"@type\":\"ListItem\",\"position\":3,\"name\":\"D\u00e9tergent 150 ml. &#8211; Lupus\"}]},{\"@type\":\"WebSite\",\"@id\":\"https:\/\/staging.lucky-hunter.com\/#website\",\"url\":\"https:\/\/staging.lucky-hunter.com\/\",\"name\":\"Lucky-Hunter\",\"description\":\"Gear Up or Give Up\",\"potentialAction\":[{\"@type\":\"SearchAction\",\"target\":{\"@type\":\"EntryPoint\",\"urlTemplate\":\"https:\/\/staging.lucky-hunter.com\/?s={search_term_string}\"},\"query-input\":{\"@type\":\"PropertyValueSpecification\",\"valueRequired\":true,\"valueName\":\"search_term_string\"}}],\"inLanguage\":\"fr-FR\"}]}<\/script>\n<!-- \/ Yoast SEO plugin. -->","yoast_head_json":{"title":"D\u00e9tergent 150 ml. - Lupus. Produit de qualit\u00e9 allemande","description":"\u00c9limine tous les d\u00e9p\u00f4ts rapidement et efficacement, sans endommager les plastiques, le bois, le caoutchouc ou le vernis.","robots":{"index":"noindex","follow":"follow","max-snippet":"max-snippet:-1","max-image-preview":"max-image-preview:large","max-video-preview":"max-video-preview:-1"},"og_locale":"fr_FR","og_type":"article","og_title":"D\u00e9tergent 150 ml. - Lupus. Produit de qualit\u00e9 allemande","og_description":"\u00c9limine tous les d\u00e9p\u00f4ts rapidement et efficacement, sans endommager les plastiques, le bois, le caoutchouc ou le vernis.","og_url":"https:\/\/staging.lucky-hunter.com\/product\/lupus-barrel-cleaner-150-ml\/","og_site_name":"Lucky-Hunter","article_modified_time":"2025-07-08T11:43:21+00:00","og_image":[{"width":1500,"height":1500,"url":"https:\/\/staging.lucky-hunter.com\/wp-content\/uploads\/2018\/02\/520015-V\u00e5benl\u00f8b-rens-fra-Lupus-150ml.png","type":"image\/png"}],"twitter_card":"summary_large_image","twitter_misc":{"Dur\u00e9e de lecture estim\u00e9e":"1 minute"},"schema":{"@context":"https:\/\/schema.org","@graph":[{"@type":"WebPage","@id":"https:\/\/staging.lucky-hunter.com\/product\/lupus-barrel-cleaner-150-ml\/","url":"https:\/\/staging.lucky-hunter.com\/product\/lupus-barrel-cleaner-150-ml\/","name":"D\u00e9tergent 150 ml. - Lupus. Produit de qualit\u00e9 allemande","isPartOf":{"@id":"https:\/\/staging.lucky-hunter.com\/#website"},"primaryImageOfPage":{"@id":"https:\/\/staging.lucky-hunter.com\/product\/lupus-barrel-cleaner-150-ml\/#primaryimage"},"image":{"@id":"https:\/\/staging.lucky-hunter.com\/product\/lupus-barrel-cleaner-150-ml\/#primaryimage"},"thumbnailUrl":"https:\/\/staging.lucky-hunter.com\/wp-content\/uploads\/2018\/02\/520015-V\u00e5benl\u00f8b-rens-fra-Lupus-150ml.png","datePublished":"2016-11-04T13:19:34+00:00","dateModified":"2025-07-08T11:43:21+00:00","description":"\u00c9limine tous les d\u00e9p\u00f4ts rapidement et efficacement, sans endommager les plastiques, le bois, le caoutchouc ou le vernis.","breadcrumb":{"@id":"https:\/\/staging.lucky-hunter.com\/product\/lupus-barrel-cleaner-150-ml\/#breadcrumb"},"inLanguage":"fr-FR","potentialAction":[{"@type":"ReadAction","target":["https:\/\/staging.lucky-hunter.com\/product\/lupus-barrel-cleaner-150-ml\/"]}]},{"@type":"ImageObject","inLanguage":"fr-FR","@id":"https:\/\/staging.lucky-hunter.com\/product\/lupus-barrel-cleaner-150-ml\/#primaryimage","url":"https:\/\/staging.lucky-hunter.com\/wp-content\/uploads\/2018\/02\/520015-V\u00e5benl\u00f8b-rens-fra-Lupus-150ml.png","contentUrl":"https:\/\/staging.lucky-hunter.com\/wp-content\/uploads\/2018\/02\/520015-V\u00e5benl\u00f8b-rens-fra-Lupus-150ml.png","width":1500,"height":1500},{"@type":"BreadcrumbList","@id":"https:\/\/staging.lucky-hunter.com\/product\/lupus-barrel-cleaner-150-ml\/#breadcrumb","itemListElement":[{"@type":"ListItem","position":1,"name":"Home","item":"https:\/\/staging.lucky-hunter.com\/fr\/"},{"@type":"ListItem","position":2,"name":"Boutique","item":"https:\/\/staging.lucky-hunter.com\/fr\/shop\/"},{"@type":"ListItem","position":3,"name":"D\u00e9tergent 150 ml. &#8211; Lupus"}]},{"@type":"WebSite","@id":"https:\/\/staging.lucky-hunter.com\/#website","url":"https:\/\/staging.lucky-hunter.com\/","name":"Lucky-Hunter","description":"Gear Up or Give Up","potentialAction":[{"@type":"SearchAction","target":{"@type":"EntryPoint","urlTemplate":"https:\/\/staging.lucky-hunter.com\/?s={search_term_string}"},"query-input":{"@type":"PropertyValueSpecification","valueRequired":true,"valueName":"search_term_string"}}],"inLanguage":"fr-FR"}]}},"_links":{"self":[{"href":"https:\/\/staging.lucky-hunter.com\/fr\/wp-json\/wp\/v2\/product\/50580"}],"collection":[{"href":"https:\/\/staging.lucky-hunter.com\/fr\/wp-json\/wp\/v2\/product"}],"about":[{"href":"https:\/\/staging.lucky-hunter.com\/fr\/wp-json\/wp\/v2\/types\/product"}],"wp:featuredmedia":[{"embeddable":true,"href":"https:\/\/staging.lucky-hunter.com\/fr\/wp-json\/wp\/v2\/media\/29732"}],"wp:attachment":[{"href":"https:\/\/staging.lucky-hunter.com\/fr\/wp-json\/wp\/v2\/media?parent=50580"}],"wp:term":[{"taxonomy":"product_brand","embeddable":true,"href":"https:\/\/staging.lucky-hunter.com\/fr\/wp-json\/wp\/v2\/product_brand?post=50580"},{"taxonomy":"product_cat","embeddable":true,"href":"https:\/\/staging.lucky-hunter.com\/fr\/wp-json\/wp\/v2\/product_cat?post=50580"},{"taxonomy":"product_tag","embeddable":true,"href":"https:\/\/staging.lucky-hunter.com\/fr\/wp-json\/wp\/v2\/product_tag?post=50580"}],"curies":[{"name":"wp","href":"https:\/\/api.w.org\/{rel}","templated":true}]}}