{"id":50578,"date":"2016-11-04T14:19:31","date_gmt":"2016-11-04T13:19:31","guid":{"rendered":"https:\/\/staging.lucky-hunter.com\/product\/teflon-weapon-grease-50-gram\/"},"modified":"2025-07-08T13:52:24","modified_gmt":"2025-07-08T11:52:24","slug":"graisse-au-teflon-50-g-lupus","status":"publish","type":"product","link":"https:\/\/staging.lucky-hunter.com\/fr\/product\/graisse-au-teflon-50-g-lupus\/","title":{"rendered":"Graisse au T\u00e9flon 50 g &#8211; Lupus"},"content":{"rendered":"<p>Produit de qualit\u00e9 allemande pour toutes les parties de l\u2019arme, y compris le canon et la crosse.<\/p>\n<p>Scelle le bois et le m\u00e9tal.<\/p>\n<p>Lubrification \u00e9lev\u00e9e et protection parfaite.<\/p>\n<p>Utilis\u00e9 et recommand\u00e9 par des entreprises distingu\u00e9es.<\/p>\n<p>Contient des particules sph\u00e9riques micro-fines de T\u00e9flon, pour une lubrification et une protection \u00e9lev\u00e9es m\u00eame dans les pires conditions.<\/p>\n<p>La crosse et toutes les surfaces resteront s\u00e8ches et totalement \u00e9tanches.<\/p>\n<p>Poids : 0,068 kg.<\/p>\n","protected":false},"excerpt":{"rendered":"<p>Graisse au T\u00e9flon de qualit\u00e9 allemande pour toutes les parties de l\u2019arme, y compris le canon et la crosse.<\/p>\n","protected":false},"featured_media":29729,"template":"","meta":[],"product_brand":[8220],"product_cat":[9368],"product_tag":[],"yoast_head":"<!-- This site is optimized with the Yoast SEO plugin v24.3 - https:\/\/yoast.com\/wordpress\/plugins\/seo\/ -->\n<title>Graisse au T\u00e9flon 50 g - Lupus<\/title>\n<meta name=\"description\" content=\"Graisse au T\u00e9flon de qualit\u00e9 allemande pour toutes les parties de l\u2019arme, y compris le canon et la crosse.\u00a0\" \/>\n<meta name=\"robots\" content=\"noindex, follow, max-snippet:-1, max-image-preview:large, max-video-preview:-1\" \/>\n<meta property=\"og:locale\" content=\"fr_FR\" \/>\n<meta property=\"og:type\" content=\"article\" \/>\n<meta property=\"og:title\" content=\"Graisse au T\u00e9flon 50 g - Lupus\" \/>\n<meta property=\"og:description\" content=\"Graisse au T\u00e9flon de qualit\u00e9 allemande pour toutes les parties de l\u2019arme, y compris le canon et la crosse.\u00a0\" \/>\n<meta property=\"og:url\" content=\"https:\/\/staging.lucky-hunter.com\/fr\/product\/graisse-au-teflon-50-g-lupus\/\" \/>\n<meta property=\"og:site_name\" content=\"Lucky-Hunter\" \/>\n<meta property=\"article:modified_time\" content=\"2025-07-08T11:52:24+00:00\" \/>\n<meta property=\"og:image\" content=\"https:\/\/staging.lucky-hunter.com\/wp-content\/uploads\/2018\/02\/520010.png\" \/>\n\t<meta property=\"og:image:width\" content=\"1000\" \/>\n\t<meta property=\"og:image:height\" content=\"1000\" \/>\n\t<meta property=\"og:image:type\" content=\"image\/png\" \/>\n<meta name=\"twitter:card\" content=\"summary_large_image\" \/>\n<meta name=\"twitter:label1\" content=\"Dur\u00e9e de lecture estim\u00e9e\" \/>\n\t<meta name=\"twitter:data1\" content=\"1 minute\" \/>\n<script type=\"application\/ld+json\" class=\"yoast-schema-graph\">{\"@context\":\"https:\/\/schema.org\",\"@graph\":[{\"@type\":\"WebPage\",\"@id\":\"https:\/\/staging.lucky-hunter.com\/fr\/product\/graisse-au-teflon-50-g-lupus\/\",\"url\":\"https:\/\/staging.lucky-hunter.com\/fr\/product\/graisse-au-teflon-50-g-lupus\/\",\"name\":\"Graisse au T\u00e9flon 50 g - Lupus\",\"isPartOf\":{\"@id\":\"https:\/\/staging.lucky-hunter.com\/#website\"},\"primaryImageOfPage\":{\"@id\":\"https:\/\/staging.lucky-hunter.com\/fr\/product\/graisse-au-teflon-50-g-lupus\/#primaryimage\"},\"image\":{\"@id\":\"https:\/\/staging.lucky-hunter.com\/fr\/product\/graisse-au-teflon-50-g-lupus\/#primaryimage\"},\"thumbnailUrl\":\"https:\/\/staging.lucky-hunter.com\/wp-content\/uploads\/2018\/02\/520010.png\",\"datePublished\":\"2016-11-04T13:19:31+00:00\",\"dateModified\":\"2025-07-08T11:52:24+00:00\",\"description\":\"Graisse au T\u00e9flon de qualit\u00e9 allemande pour toutes les parties de l\u2019arme, y compris le canon et la crosse.\u00a0\",\"breadcrumb\":{\"@id\":\"https:\/\/staging.lucky-hunter.com\/fr\/product\/graisse-au-teflon-50-g-lupus\/#breadcrumb\"},\"inLanguage\":\"fr-FR\",\"potentialAction\":[{\"@type\":\"ReadAction\",\"target\":[\"https:\/\/staging.lucky-hunter.com\/fr\/product\/graisse-au-teflon-50-g-lupus\/\"]}]},{\"@type\":\"ImageObject\",\"inLanguage\":\"fr-FR\",\"@id\":\"https:\/\/staging.lucky-hunter.com\/fr\/product\/graisse-au-teflon-50-g-lupus\/#primaryimage\",\"url\":\"https:\/\/staging.lucky-hunter.com\/wp-content\/uploads\/2018\/02\/520010.png\",\"contentUrl\":\"https:\/\/staging.lucky-hunter.com\/wp-content\/uploads\/2018\/02\/520010.png\",\"width\":1000,\"height\":1000,\"caption\":\"Image of Teflon Weapon Grease - 100 gram\"},{\"@type\":\"BreadcrumbList\",\"@id\":\"https:\/\/staging.lucky-hunter.com\/fr\/product\/graisse-au-teflon-50-g-lupus\/#breadcrumb\",\"itemListElement\":[{\"@type\":\"ListItem\",\"position\":1,\"name\":\"Home\",\"item\":\"https:\/\/staging.lucky-hunter.com\/fr\/\"},{\"@type\":\"ListItem\",\"position\":2,\"name\":\"Boutique\",\"item\":\"https:\/\/staging.lucky-hunter.com\/fr\/shop\/\"},{\"@type\":\"ListItem\",\"position\":3,\"name\":\"Graisse au T\u00e9flon 50 g &#8211; Lupus\"}]},{\"@type\":\"WebSite\",\"@id\":\"https:\/\/staging.lucky-hunter.com\/#website\",\"url\":\"https:\/\/staging.lucky-hunter.com\/\",\"name\":\"Lucky-Hunter\",\"description\":\"Gear Up or Give Up\",\"potentialAction\":[{\"@type\":\"SearchAction\",\"target\":{\"@type\":\"EntryPoint\",\"urlTemplate\":\"https:\/\/staging.lucky-hunter.com\/?s={search_term_string}\"},\"query-input\":{\"@type\":\"PropertyValueSpecification\",\"valueRequired\":true,\"valueName\":\"search_term_string\"}}],\"inLanguage\":\"fr-FR\"}]}<\/script>\n<!-- \/ Yoast SEO plugin. -->","yoast_head_json":{"title":"Graisse au T\u00e9flon 50 g - Lupus","description":"Graisse au T\u00e9flon de qualit\u00e9 allemande pour toutes les parties de l\u2019arme, y compris le canon et la crosse.\u00a0","robots":{"index":"noindex","follow":"follow","max-snippet":"max-snippet:-1","max-image-preview":"max-image-preview:large","max-video-preview":"max-video-preview:-1"},"og_locale":"fr_FR","og_type":"article","og_title":"Graisse au T\u00e9flon 50 g - Lupus","og_description":"Graisse au T\u00e9flon de qualit\u00e9 allemande pour toutes les parties de l\u2019arme, y compris le canon et la crosse.\u00a0","og_url":"https:\/\/staging.lucky-hunter.com\/fr\/product\/graisse-au-teflon-50-g-lupus\/","og_site_name":"Lucky-Hunter","article_modified_time":"2025-07-08T11:52:24+00:00","og_image":[{"width":1000,"height":1000,"url":"https:\/\/staging.lucky-hunter.com\/wp-content\/uploads\/2018\/02\/520010.png","type":"image\/png"}],"twitter_card":"summary_large_image","twitter_misc":{"Dur\u00e9e de lecture estim\u00e9e":"1 minute"},"schema":{"@context":"https:\/\/schema.org","@graph":[{"@type":"WebPage","@id":"https:\/\/staging.lucky-hunter.com\/fr\/product\/graisse-au-teflon-50-g-lupus\/","url":"https:\/\/staging.lucky-hunter.com\/fr\/product\/graisse-au-teflon-50-g-lupus\/","name":"Graisse au T\u00e9flon 50 g - Lupus","isPartOf":{"@id":"https:\/\/staging.lucky-hunter.com\/#website"},"primaryImageOfPage":{"@id":"https:\/\/staging.lucky-hunter.com\/fr\/product\/graisse-au-teflon-50-g-lupus\/#primaryimage"},"image":{"@id":"https:\/\/staging.lucky-hunter.com\/fr\/product\/graisse-au-teflon-50-g-lupus\/#primaryimage"},"thumbnailUrl":"https:\/\/staging.lucky-hunter.com\/wp-content\/uploads\/2018\/02\/520010.png","datePublished":"2016-11-04T13:19:31+00:00","dateModified":"2025-07-08T11:52:24+00:00","description":"Graisse au T\u00e9flon de qualit\u00e9 allemande pour toutes les parties de l\u2019arme, y compris le canon et la crosse.\u00a0","breadcrumb":{"@id":"https:\/\/staging.lucky-hunter.com\/fr\/product\/graisse-au-teflon-50-g-lupus\/#breadcrumb"},"inLanguage":"fr-FR","potentialAction":[{"@type":"ReadAction","target":["https:\/\/staging.lucky-hunter.com\/fr\/product\/graisse-au-teflon-50-g-lupus\/"]}]},{"@type":"ImageObject","inLanguage":"fr-FR","@id":"https:\/\/staging.lucky-hunter.com\/fr\/product\/graisse-au-teflon-50-g-lupus\/#primaryimage","url":"https:\/\/staging.lucky-hunter.com\/wp-content\/uploads\/2018\/02\/520010.png","contentUrl":"https:\/\/staging.lucky-hunter.com\/wp-content\/uploads\/2018\/02\/520010.png","width":1000,"height":1000,"caption":"Image of Teflon Weapon Grease - 100 gram"},{"@type":"BreadcrumbList","@id":"https:\/\/staging.lucky-hunter.com\/fr\/product\/graisse-au-teflon-50-g-lupus\/#breadcrumb","itemListElement":[{"@type":"ListItem","position":1,"name":"Home","item":"https:\/\/staging.lucky-hunter.com\/fr\/"},{"@type":"ListItem","position":2,"name":"Boutique","item":"https:\/\/staging.lucky-hunter.com\/fr\/shop\/"},{"@type":"ListItem","position":3,"name":"Graisse au T\u00e9flon 50 g &#8211; Lupus"}]},{"@type":"WebSite","@id":"https:\/\/staging.lucky-hunter.com\/#website","url":"https:\/\/staging.lucky-hunter.com\/","name":"Lucky-Hunter","description":"Gear Up or Give Up","potentialAction":[{"@type":"SearchAction","target":{"@type":"EntryPoint","urlTemplate":"https:\/\/staging.lucky-hunter.com\/?s={search_term_string}"},"query-input":{"@type":"PropertyValueSpecification","valueRequired":true,"valueName":"search_term_string"}}],"inLanguage":"fr-FR"}]}},"_links":{"self":[{"href":"https:\/\/staging.lucky-hunter.com\/fr\/wp-json\/wp\/v2\/product\/50578"}],"collection":[{"href":"https:\/\/staging.lucky-hunter.com\/fr\/wp-json\/wp\/v2\/product"}],"about":[{"href":"https:\/\/staging.lucky-hunter.com\/fr\/wp-json\/wp\/v2\/types\/product"}],"wp:featuredmedia":[{"embeddable":true,"href":"https:\/\/staging.lucky-hunter.com\/fr\/wp-json\/wp\/v2\/media\/29729"}],"wp:attachment":[{"href":"https:\/\/staging.lucky-hunter.com\/fr\/wp-json\/wp\/v2\/media?parent=50578"}],"wp:term":[{"taxonomy":"product_brand","embeddable":true,"href":"https:\/\/staging.lucky-hunter.com\/fr\/wp-json\/wp\/v2\/product_brand?post=50578"},{"taxonomy":"product_cat","embeddable":true,"href":"https:\/\/staging.lucky-hunter.com\/fr\/wp-json\/wp\/v2\/product_cat?post=50578"},{"taxonomy":"product_tag","embeddable":true,"href":"https:\/\/staging.lucky-hunter.com\/fr\/wp-json\/wp\/v2\/product_tag?post=50578"}],"curies":[{"name":"wp","href":"https:\/\/api.w.org\/{rel}","templated":true}]}}