{"id":50563,"date":"2016-11-04T14:28:17","date_gmt":"2016-11-04T13:28:17","guid":{"rendered":"https:\/\/staging.lucky-hunter.com\/product\/dog-whistle-7-cm-2\/"},"modified":"2025-07-08T13:39:06","modified_gmt":"2025-07-08T11:39:06","slug":"sifflet-pour-chien-bois-de-cerf-7-cm","status":"publish","type":"product","link":"https:\/\/staging.lucky-hunter.com\/fr\/product\/sifflet-pour-chien-bois-de-cerf-7-cm\/","title":{"rendered":"Sifflet pour Chien &#8211; Bois de Cerf 7 cm"},"content":{"rendered":"<h2><strong>Accessoires pour votre chien de chasse<\/strong><\/h2>\n<p>Sifflet pour chien 2 en 1 exclusif, fait en bois de cerf indestructible.<\/p>\n<p>Un c\u00f4t\u00e9 \u00e9met un trille, et l&#8217;autre un sifflement aigu.<\/p>\n<p>Livr\u00e9 avec \u0153illet et cordon en coton.<\/p>\n<p>Longueur : env. 7cm.<\/p>\n","protected":false},"excerpt":{"rendered":"<p>Sifflet pour chien 2 en 1 exclusif, fait en bois de cerf indestructible.\u00a0Un c\u00f4t\u00e9 \u00e9met un trille, et l&#8217;autre un sifflement aigu.\u00a0Livr\u00e9 avec \u0153illet et cordon en coton.<\/p>\n","protected":false},"featured_media":29810,"template":"","meta":[],"product_brand":[8196],"product_cat":[8260],"product_tag":[],"yoast_head":"<!-- This site is optimized with the Yoast SEO plugin v24.3 - https:\/\/yoast.com\/wordpress\/plugins\/seo\/ -->\n<title>Sifflet pour Chien - Bois de Cerf 7 cm<\/title>\n<meta name=\"description\" content=\"Sifflet pour chien 2 en 1 exclusif, fait en bois de cerf indestructible. Un c\u00f4t\u00e9 \u00e9met un trille, et l&#039;autre un sifflement aigu. Livr\u00e9 avec \u0153illet et cordon en coton.\" \/>\n<meta name=\"robots\" content=\"noindex, follow, max-snippet:-1, max-image-preview:large, max-video-preview:-1\" \/>\n<meta property=\"og:locale\" content=\"fr_FR\" \/>\n<meta property=\"og:type\" content=\"article\" \/>\n<meta property=\"og:title\" content=\"Sifflet pour Chien - Bois de Cerf 7 cm\" \/>\n<meta property=\"og:description\" content=\"Sifflet pour chien 2 en 1 exclusif, fait en bois de cerf indestructible. Un c\u00f4t\u00e9 \u00e9met un trille, et l&#039;autre un sifflement aigu. Livr\u00e9 avec \u0153illet et cordon en coton.\" \/>\n<meta property=\"og:url\" content=\"https:\/\/staging.lucky-hunter.com\/fr\/product\/sifflet-pour-chien-bois-de-cerf-7-cm\/\" \/>\n<meta property=\"og:site_name\" content=\"Lucky-Hunter\" \/>\n<meta property=\"article:modified_time\" content=\"2025-07-08T11:39:06+00:00\" \/>\n<meta property=\"og:image\" content=\"https:\/\/staging.lucky-hunter.com\/wp-content\/uploads\/2016\/11\/510804.png\" \/>\n\t<meta property=\"og:image:width\" content=\"1000\" \/>\n\t<meta property=\"og:image:height\" content=\"1000\" \/>\n\t<meta property=\"og:image:type\" content=\"image\/png\" \/>\n<meta name=\"twitter:card\" content=\"summary_large_image\" \/>\n<meta name=\"twitter:label1\" content=\"Dur\u00e9e de lecture estim\u00e9e\" \/>\n\t<meta name=\"twitter:data1\" content=\"1 minute\" \/>\n<script type=\"application\/ld+json\" class=\"yoast-schema-graph\">{\"@context\":\"https:\/\/schema.org\",\"@graph\":[{\"@type\":\"WebPage\",\"@id\":\"https:\/\/staging.lucky-hunter.com\/fr\/product\/sifflet-pour-chien-bois-de-cerf-7-cm\/\",\"url\":\"https:\/\/staging.lucky-hunter.com\/fr\/product\/sifflet-pour-chien-bois-de-cerf-7-cm\/\",\"name\":\"Sifflet pour Chien - Bois de Cerf 7 cm\",\"isPartOf\":{\"@id\":\"https:\/\/staging.lucky-hunter.com\/#website\"},\"primaryImageOfPage\":{\"@id\":\"https:\/\/staging.lucky-hunter.com\/fr\/product\/sifflet-pour-chien-bois-de-cerf-7-cm\/#primaryimage\"},\"image\":{\"@id\":\"https:\/\/staging.lucky-hunter.com\/fr\/product\/sifflet-pour-chien-bois-de-cerf-7-cm\/#primaryimage\"},\"thumbnailUrl\":\"https:\/\/staging.lucky-hunter.com\/wp-content\/uploads\/2016\/11\/510804.png\",\"datePublished\":\"2016-11-04T13:28:17+00:00\",\"dateModified\":\"2025-07-08T11:39:06+00:00\",\"description\":\"Sifflet pour chien 2 en 1 exclusif, fait en bois de cerf indestructible. Un c\u00f4t\u00e9 \u00e9met un trille, et l'autre un sifflement aigu. Livr\u00e9 avec \u0153illet et cordon en coton.\",\"breadcrumb\":{\"@id\":\"https:\/\/staging.lucky-hunter.com\/fr\/product\/sifflet-pour-chien-bois-de-cerf-7-cm\/#breadcrumb\"},\"inLanguage\":\"fr-FR\",\"potentialAction\":[{\"@type\":\"ReadAction\",\"target\":[\"https:\/\/staging.lucky-hunter.com\/fr\/product\/sifflet-pour-chien-bois-de-cerf-7-cm\/\"]}]},{\"@type\":\"ImageObject\",\"inLanguage\":\"fr-FR\",\"@id\":\"https:\/\/staging.lucky-hunter.com\/fr\/product\/sifflet-pour-chien-bois-de-cerf-7-cm\/#primaryimage\",\"url\":\"https:\/\/staging.lucky-hunter.com\/wp-content\/uploads\/2016\/11\/510804.png\",\"contentUrl\":\"https:\/\/staging.lucky-hunter.com\/wp-content\/uploads\/2016\/11\/510804.png\",\"width\":1000,\"height\":1000},{\"@type\":\"BreadcrumbList\",\"@id\":\"https:\/\/staging.lucky-hunter.com\/fr\/product\/sifflet-pour-chien-bois-de-cerf-7-cm\/#breadcrumb\",\"itemListElement\":[{\"@type\":\"ListItem\",\"position\":1,\"name\":\"Home\",\"item\":\"https:\/\/staging.lucky-hunter.com\/fr\/\"},{\"@type\":\"ListItem\",\"position\":2,\"name\":\"Boutique\",\"item\":\"https:\/\/staging.lucky-hunter.com\/fr\/shop\/\"},{\"@type\":\"ListItem\",\"position\":3,\"name\":\"Sifflet pour Chien &#8211; Bois de Cerf 7 cm\"}]},{\"@type\":\"WebSite\",\"@id\":\"https:\/\/staging.lucky-hunter.com\/#website\",\"url\":\"https:\/\/staging.lucky-hunter.com\/\",\"name\":\"Lucky-Hunter\",\"description\":\"Gear Up or Give Up\",\"potentialAction\":[{\"@type\":\"SearchAction\",\"target\":{\"@type\":\"EntryPoint\",\"urlTemplate\":\"https:\/\/staging.lucky-hunter.com\/?s={search_term_string}\"},\"query-input\":{\"@type\":\"PropertyValueSpecification\",\"valueRequired\":true,\"valueName\":\"search_term_string\"}}],\"inLanguage\":\"fr-FR\"}]}<\/script>\n<!-- \/ Yoast SEO plugin. -->","yoast_head_json":{"title":"Sifflet pour Chien - Bois de Cerf 7 cm","description":"Sifflet pour chien 2 en 1 exclusif, fait en bois de cerf indestructible. Un c\u00f4t\u00e9 \u00e9met un trille, et l'autre un sifflement aigu. Livr\u00e9 avec \u0153illet et cordon en coton.","robots":{"index":"noindex","follow":"follow","max-snippet":"max-snippet:-1","max-image-preview":"max-image-preview:large","max-video-preview":"max-video-preview:-1"},"og_locale":"fr_FR","og_type":"article","og_title":"Sifflet pour Chien - Bois de Cerf 7 cm","og_description":"Sifflet pour chien 2 en 1 exclusif, fait en bois de cerf indestructible. Un c\u00f4t\u00e9 \u00e9met un trille, et l'autre un sifflement aigu. Livr\u00e9 avec \u0153illet et cordon en coton.","og_url":"https:\/\/staging.lucky-hunter.com\/fr\/product\/sifflet-pour-chien-bois-de-cerf-7-cm\/","og_site_name":"Lucky-Hunter","article_modified_time":"2025-07-08T11:39:06+00:00","og_image":[{"width":1000,"height":1000,"url":"https:\/\/staging.lucky-hunter.com\/wp-content\/uploads\/2016\/11\/510804.png","type":"image\/png"}],"twitter_card":"summary_large_image","twitter_misc":{"Dur\u00e9e de lecture estim\u00e9e":"1 minute"},"schema":{"@context":"https:\/\/schema.org","@graph":[{"@type":"WebPage","@id":"https:\/\/staging.lucky-hunter.com\/fr\/product\/sifflet-pour-chien-bois-de-cerf-7-cm\/","url":"https:\/\/staging.lucky-hunter.com\/fr\/product\/sifflet-pour-chien-bois-de-cerf-7-cm\/","name":"Sifflet pour Chien - Bois de Cerf 7 cm","isPartOf":{"@id":"https:\/\/staging.lucky-hunter.com\/#website"},"primaryImageOfPage":{"@id":"https:\/\/staging.lucky-hunter.com\/fr\/product\/sifflet-pour-chien-bois-de-cerf-7-cm\/#primaryimage"},"image":{"@id":"https:\/\/staging.lucky-hunter.com\/fr\/product\/sifflet-pour-chien-bois-de-cerf-7-cm\/#primaryimage"},"thumbnailUrl":"https:\/\/staging.lucky-hunter.com\/wp-content\/uploads\/2016\/11\/510804.png","datePublished":"2016-11-04T13:28:17+00:00","dateModified":"2025-07-08T11:39:06+00:00","description":"Sifflet pour chien 2 en 1 exclusif, fait en bois de cerf indestructible. Un c\u00f4t\u00e9 \u00e9met un trille, et l'autre un sifflement aigu. Livr\u00e9 avec \u0153illet et cordon en coton.","breadcrumb":{"@id":"https:\/\/staging.lucky-hunter.com\/fr\/product\/sifflet-pour-chien-bois-de-cerf-7-cm\/#breadcrumb"},"inLanguage":"fr-FR","potentialAction":[{"@type":"ReadAction","target":["https:\/\/staging.lucky-hunter.com\/fr\/product\/sifflet-pour-chien-bois-de-cerf-7-cm\/"]}]},{"@type":"ImageObject","inLanguage":"fr-FR","@id":"https:\/\/staging.lucky-hunter.com\/fr\/product\/sifflet-pour-chien-bois-de-cerf-7-cm\/#primaryimage","url":"https:\/\/staging.lucky-hunter.com\/wp-content\/uploads\/2016\/11\/510804.png","contentUrl":"https:\/\/staging.lucky-hunter.com\/wp-content\/uploads\/2016\/11\/510804.png","width":1000,"height":1000},{"@type":"BreadcrumbList","@id":"https:\/\/staging.lucky-hunter.com\/fr\/product\/sifflet-pour-chien-bois-de-cerf-7-cm\/#breadcrumb","itemListElement":[{"@type":"ListItem","position":1,"name":"Home","item":"https:\/\/staging.lucky-hunter.com\/fr\/"},{"@type":"ListItem","position":2,"name":"Boutique","item":"https:\/\/staging.lucky-hunter.com\/fr\/shop\/"},{"@type":"ListItem","position":3,"name":"Sifflet pour Chien &#8211; Bois de Cerf 7 cm"}]},{"@type":"WebSite","@id":"https:\/\/staging.lucky-hunter.com\/#website","url":"https:\/\/staging.lucky-hunter.com\/","name":"Lucky-Hunter","description":"Gear Up or Give Up","potentialAction":[{"@type":"SearchAction","target":{"@type":"EntryPoint","urlTemplate":"https:\/\/staging.lucky-hunter.com\/?s={search_term_string}"},"query-input":{"@type":"PropertyValueSpecification","valueRequired":true,"valueName":"search_term_string"}}],"inLanguage":"fr-FR"}]}},"_links":{"self":[{"href":"https:\/\/staging.lucky-hunter.com\/fr\/wp-json\/wp\/v2\/product\/50563"}],"collection":[{"href":"https:\/\/staging.lucky-hunter.com\/fr\/wp-json\/wp\/v2\/product"}],"about":[{"href":"https:\/\/staging.lucky-hunter.com\/fr\/wp-json\/wp\/v2\/types\/product"}],"wp:featuredmedia":[{"embeddable":true,"href":"https:\/\/staging.lucky-hunter.com\/fr\/wp-json\/wp\/v2\/media\/29810"}],"wp:attachment":[{"href":"https:\/\/staging.lucky-hunter.com\/fr\/wp-json\/wp\/v2\/media?parent=50563"}],"wp:term":[{"taxonomy":"product_brand","embeddable":true,"href":"https:\/\/staging.lucky-hunter.com\/fr\/wp-json\/wp\/v2\/product_brand?post=50563"},{"taxonomy":"product_cat","embeddable":true,"href":"https:\/\/staging.lucky-hunter.com\/fr\/wp-json\/wp\/v2\/product_cat?post=50563"},{"taxonomy":"product_tag","embeddable":true,"href":"https:\/\/staging.lucky-hunter.com\/fr\/wp-json\/wp\/v2\/product_tag?post=50563"}],"curies":[{"name":"wp","href":"https:\/\/api.w.org\/{rel}","templated":true}]}}