{"id":50561,"date":"2017-04-11T16:25:08","date_gmt":"2017-04-11T14:25:08","guid":{"rendered":"https:\/\/staging.lucky-hunter.com\/product\/blanket-for-dogs\/"},"modified":"2023-03-14T15:46:50","modified_gmt":"2023-03-14T14:46:50","slug":"blanket-for-dogs","status":"publish","type":"product","link":"https:\/\/staging.lucky-hunter.com\/fr\/product\/blanket-for-dogs\/","title":{"rendered":"Couverture pour Chiens"},"content":{"rendered":"<p>Couverture pour chiens antid\u00e9rapante avec picots en caoutchouc en dessous pour \u00e9viter de glisser.<\/p>\n<p>Envers chaud avec polaire.<\/p>\n<p>La couverture est l\u00e9g\u00e8re et lavable (30 C Max).<\/p>\n<p>Mat\u00e9riau : 100% polyester<\/p>\n<p>Taille : 70 x 100 cm.<\/p>\n","protected":false},"excerpt":{"rendered":"<p>Couverture pour chiens antid\u00e9rapante avec picots en caoutchouc en dessous pour \u00e9viter de glisser.\u00a0Envers chaud avec polaire.\u00a0La couverture est l\u00e9g\u00e8re et lavable (30 C Max).<\/p>\n","protected":false},"featured_media":29819,"template":"","meta":[],"product_brand":[8196],"product_cat":[9340],"product_tag":[],"yoast_head":"<!-- This site is optimized with the Yoast SEO plugin v24.3 - https:\/\/yoast.com\/wordpress\/plugins\/seo\/ -->\n<title>Couverture pour chiens - Envers chaud avec polaire. Dimensions : 70 x 100 cm.<\/title>\n<meta name=\"description\" content=\"Couverture pour chiens antid\u00e9rapante avec picots en caoutchouc en dessous pour \u00e9viter de glisser. Envers chaud avec polaire. La couverture est l\u00e9g\u00e8re et lavable (30 C Max).\" \/>\n<meta name=\"robots\" content=\"noindex, follow, max-snippet:-1, max-image-preview:large, max-video-preview:-1\" \/>\n<meta property=\"og:locale\" content=\"fr_FR\" \/>\n<meta property=\"og:type\" content=\"article\" \/>\n<meta property=\"og:title\" content=\"Couverture pour chiens - Envers chaud avec polaire. Dimensions : 70 x 100 cm.\" \/>\n<meta property=\"og:description\" content=\"Couverture pour chiens antid\u00e9rapante avec picots en caoutchouc en dessous pour \u00e9viter de glisser. Envers chaud avec polaire. La couverture est l\u00e9g\u00e8re et lavable (30 C Max).\" \/>\n<meta property=\"og:url\" content=\"https:\/\/staging.lucky-hunter.com\/product\/blanket-for-dogs\/\" \/>\n<meta property=\"og:site_name\" content=\"Lucky-Hunter\" \/>\n<meta property=\"article:modified_time\" content=\"2023-03-14T14:46:50+00:00\" \/>\n<meta property=\"og:image\" content=\"https:\/\/staging.lucky-hunter.com\/wp-content\/uploads\/2017\/04\/220700-2.png\" \/>\n\t<meta property=\"og:image:width\" content=\"1000\" \/>\n\t<meta property=\"og:image:height\" content=\"1000\" \/>\n\t<meta property=\"og:image:type\" content=\"image\/png\" \/>\n<meta name=\"twitter:card\" content=\"summary_large_image\" \/>\n<meta name=\"twitter:label1\" content=\"Dur\u00e9e de lecture estim\u00e9e\" \/>\n\t<meta name=\"twitter:data1\" content=\"1 minute\" \/>\n<script type=\"application\/ld+json\" class=\"yoast-schema-graph\">{\"@context\":\"https:\/\/schema.org\",\"@graph\":[{\"@type\":\"WebPage\",\"@id\":\"https:\/\/staging.lucky-hunter.com\/product\/blanket-for-dogs\/\",\"url\":\"https:\/\/staging.lucky-hunter.com\/product\/blanket-for-dogs\/\",\"name\":\"Couverture pour chiens - Envers chaud avec polaire. Dimensions : 70 x 100 cm.\",\"isPartOf\":{\"@id\":\"https:\/\/staging.lucky-hunter.com\/#website\"},\"primaryImageOfPage\":{\"@id\":\"https:\/\/staging.lucky-hunter.com\/product\/blanket-for-dogs\/#primaryimage\"},\"image\":{\"@id\":\"https:\/\/staging.lucky-hunter.com\/product\/blanket-for-dogs\/#primaryimage\"},\"thumbnailUrl\":\"https:\/\/staging.lucky-hunter.com\/wp-content\/uploads\/2017\/04\/220700-2.png\",\"datePublished\":\"2017-04-11T14:25:08+00:00\",\"dateModified\":\"2023-03-14T14:46:50+00:00\",\"description\":\"Couverture pour chiens antid\u00e9rapante avec picots en caoutchouc en dessous pour \u00e9viter de glisser. Envers chaud avec polaire. La couverture est l\u00e9g\u00e8re et lavable (30 C Max).\",\"breadcrumb\":{\"@id\":\"https:\/\/staging.lucky-hunter.com\/product\/blanket-for-dogs\/#breadcrumb\"},\"inLanguage\":\"fr-FR\",\"potentialAction\":[{\"@type\":\"ReadAction\",\"target\":[\"https:\/\/staging.lucky-hunter.com\/product\/blanket-for-dogs\/\"]}]},{\"@type\":\"ImageObject\",\"inLanguage\":\"fr-FR\",\"@id\":\"https:\/\/staging.lucky-hunter.com\/product\/blanket-for-dogs\/#primaryimage\",\"url\":\"https:\/\/staging.lucky-hunter.com\/wp-content\/uploads\/2017\/04\/220700-2.png\",\"contentUrl\":\"https:\/\/staging.lucky-hunter.com\/wp-content\/uploads\/2017\/04\/220700-2.png\",\"width\":1000,\"height\":1000},{\"@type\":\"BreadcrumbList\",\"@id\":\"https:\/\/staging.lucky-hunter.com\/product\/blanket-for-dogs\/#breadcrumb\",\"itemListElement\":[{\"@type\":\"ListItem\",\"position\":1,\"name\":\"Home\",\"item\":\"https:\/\/staging.lucky-hunter.com\/fr\/\"},{\"@type\":\"ListItem\",\"position\":2,\"name\":\"Boutique\",\"item\":\"https:\/\/staging.lucky-hunter.com\/fr\/shop\/\"},{\"@type\":\"ListItem\",\"position\":3,\"name\":\"Couverture pour Chiens\"}]},{\"@type\":\"WebSite\",\"@id\":\"https:\/\/staging.lucky-hunter.com\/#website\",\"url\":\"https:\/\/staging.lucky-hunter.com\/\",\"name\":\"Lucky-Hunter\",\"description\":\"Gear Up or Give Up\",\"potentialAction\":[{\"@type\":\"SearchAction\",\"target\":{\"@type\":\"EntryPoint\",\"urlTemplate\":\"https:\/\/staging.lucky-hunter.com\/?s={search_term_string}\"},\"query-input\":{\"@type\":\"PropertyValueSpecification\",\"valueRequired\":true,\"valueName\":\"search_term_string\"}}],\"inLanguage\":\"fr-FR\"}]}<\/script>\n<!-- \/ Yoast SEO plugin. -->","yoast_head_json":{"title":"Couverture pour chiens - Envers chaud avec polaire. Dimensions : 70 x 100 cm.","description":"Couverture pour chiens antid\u00e9rapante avec picots en caoutchouc en dessous pour \u00e9viter de glisser. Envers chaud avec polaire. La couverture est l\u00e9g\u00e8re et lavable (30 C Max).","robots":{"index":"noindex","follow":"follow","max-snippet":"max-snippet:-1","max-image-preview":"max-image-preview:large","max-video-preview":"max-video-preview:-1"},"og_locale":"fr_FR","og_type":"article","og_title":"Couverture pour chiens - Envers chaud avec polaire. Dimensions : 70 x 100 cm.","og_description":"Couverture pour chiens antid\u00e9rapante avec picots en caoutchouc en dessous pour \u00e9viter de glisser. Envers chaud avec polaire. La couverture est l\u00e9g\u00e8re et lavable (30 C Max).","og_url":"https:\/\/staging.lucky-hunter.com\/product\/blanket-for-dogs\/","og_site_name":"Lucky-Hunter","article_modified_time":"2023-03-14T14:46:50+00:00","og_image":[{"width":1000,"height":1000,"url":"https:\/\/staging.lucky-hunter.com\/wp-content\/uploads\/2017\/04\/220700-2.png","type":"image\/png"}],"twitter_card":"summary_large_image","twitter_misc":{"Dur\u00e9e de lecture estim\u00e9e":"1 minute"},"schema":{"@context":"https:\/\/schema.org","@graph":[{"@type":"WebPage","@id":"https:\/\/staging.lucky-hunter.com\/product\/blanket-for-dogs\/","url":"https:\/\/staging.lucky-hunter.com\/product\/blanket-for-dogs\/","name":"Couverture pour chiens - Envers chaud avec polaire. Dimensions : 70 x 100 cm.","isPartOf":{"@id":"https:\/\/staging.lucky-hunter.com\/#website"},"primaryImageOfPage":{"@id":"https:\/\/staging.lucky-hunter.com\/product\/blanket-for-dogs\/#primaryimage"},"image":{"@id":"https:\/\/staging.lucky-hunter.com\/product\/blanket-for-dogs\/#primaryimage"},"thumbnailUrl":"https:\/\/staging.lucky-hunter.com\/wp-content\/uploads\/2017\/04\/220700-2.png","datePublished":"2017-04-11T14:25:08+00:00","dateModified":"2023-03-14T14:46:50+00:00","description":"Couverture pour chiens antid\u00e9rapante avec picots en caoutchouc en dessous pour \u00e9viter de glisser. Envers chaud avec polaire. La couverture est l\u00e9g\u00e8re et lavable (30 C Max).","breadcrumb":{"@id":"https:\/\/staging.lucky-hunter.com\/product\/blanket-for-dogs\/#breadcrumb"},"inLanguage":"fr-FR","potentialAction":[{"@type":"ReadAction","target":["https:\/\/staging.lucky-hunter.com\/product\/blanket-for-dogs\/"]}]},{"@type":"ImageObject","inLanguage":"fr-FR","@id":"https:\/\/staging.lucky-hunter.com\/product\/blanket-for-dogs\/#primaryimage","url":"https:\/\/staging.lucky-hunter.com\/wp-content\/uploads\/2017\/04\/220700-2.png","contentUrl":"https:\/\/staging.lucky-hunter.com\/wp-content\/uploads\/2017\/04\/220700-2.png","width":1000,"height":1000},{"@type":"BreadcrumbList","@id":"https:\/\/staging.lucky-hunter.com\/product\/blanket-for-dogs\/#breadcrumb","itemListElement":[{"@type":"ListItem","position":1,"name":"Home","item":"https:\/\/staging.lucky-hunter.com\/fr\/"},{"@type":"ListItem","position":2,"name":"Boutique","item":"https:\/\/staging.lucky-hunter.com\/fr\/shop\/"},{"@type":"ListItem","position":3,"name":"Couverture pour Chiens"}]},{"@type":"WebSite","@id":"https:\/\/staging.lucky-hunter.com\/#website","url":"https:\/\/staging.lucky-hunter.com\/","name":"Lucky-Hunter","description":"Gear Up or Give Up","potentialAction":[{"@type":"SearchAction","target":{"@type":"EntryPoint","urlTemplate":"https:\/\/staging.lucky-hunter.com\/?s={search_term_string}"},"query-input":{"@type":"PropertyValueSpecification","valueRequired":true,"valueName":"search_term_string"}}],"inLanguage":"fr-FR"}]}},"_links":{"self":[{"href":"https:\/\/staging.lucky-hunter.com\/fr\/wp-json\/wp\/v2\/product\/50561"}],"collection":[{"href":"https:\/\/staging.lucky-hunter.com\/fr\/wp-json\/wp\/v2\/product"}],"about":[{"href":"https:\/\/staging.lucky-hunter.com\/fr\/wp-json\/wp\/v2\/types\/product"}],"wp:featuredmedia":[{"embeddable":true,"href":"https:\/\/staging.lucky-hunter.com\/fr\/wp-json\/wp\/v2\/media\/29819"}],"wp:attachment":[{"href":"https:\/\/staging.lucky-hunter.com\/fr\/wp-json\/wp\/v2\/media?parent=50561"}],"wp:term":[{"taxonomy":"product_brand","embeddable":true,"href":"https:\/\/staging.lucky-hunter.com\/fr\/wp-json\/wp\/v2\/product_brand?post=50561"},{"taxonomy":"product_cat","embeddable":true,"href":"https:\/\/staging.lucky-hunter.com\/fr\/wp-json\/wp\/v2\/product_cat?post=50561"},{"taxonomy":"product_tag","embeddable":true,"href":"https:\/\/staging.lucky-hunter.com\/fr\/wp-json\/wp\/v2\/product_tag?post=50561"}],"curies":[{"name":"wp","href":"https:\/\/api.w.org\/{rel}","templated":true}]}}