{"id":50559,"date":"2017-02-27T17:53:34","date_gmt":"2017-02-27T16:53:34","guid":{"rendered":"https:\/\/staging.lucky-hunter.com\/product\/binoculars-harness\/"},"modified":"2025-07-01T15:18:16","modified_gmt":"2025-07-01T13:18:16","slug":"harnais-a-jumelles-modele-universel","status":"publish","type":"product","link":"https:\/\/staging.lucky-hunter.com\/fr\/product\/harnais-a-jumelles-modele-universel\/","title":{"rendered":"Harnais \u00e0 Jumelles &#8211; Mod\u00e8le universel"},"content":{"rendered":"<p>Gr\u00e2ce \u00e0 ce harnais r\u00e9sistant et \u00e9lastique, vos jumelles restent pr\u00e8s de votre corps au lieu de se balancer autour de votre cou.<\/p>\n<p>Vous pouvez d\u00e9sormais transporter vos jumelles de mani\u00e8re plus confortable, plus pratique et plus \u00e9l\u00e9gante.<\/p>\n<p>Avec le harnais \u00e0 jumelles, vous avez une plus grande libert\u00e9 de mouvement et le risque de faire du bruit inutilement lorsque vos jumelles et votre fusil s\u2019entrechoquent est limit\u00e9.<\/p>\n<p>Vous pouvez l\u2019ajuster rapidement pour qu\u2019il vous aille comme un gant.<\/p>\n<p>Le harnais dispose de sangles \u00e0 attaches rapides qui permettent de le monter sur la plupart des mod\u00e8les de jumelles.<\/p>\n<p>Couleur : Noir.<\/p>\n","protected":false},"excerpt":{"rendered":"<p>Gr\u00e2ce \u00e0 ce harnais r\u00e9sistant et \u00e9lastique, vos jumelles restent pr\u00e8s de votre corps au lieu de se balancer autour de votre cou.<\/p>\n","protected":false},"featured_media":29604,"template":"","meta":[],"product_brand":[],"product_cat":[9383],"product_tag":[9151,9444,9445],"yoast_head":"<!-- This site is optimized with the Yoast SEO plugin v24.3 - https:\/\/yoast.com\/wordpress\/plugins\/seo\/ -->\n<title>Harnais \u00e0 Jumelles - Mod\u00e8le universel<\/title>\n<meta name=\"description\" content=\"Gr\u00e2ce \u00e0 ce harnais r\u00e9sistant et \u00e9lastique, vos jumelles restent pr\u00e8s de votre corps au lieu de se balancer autour de votre cou.\" \/>\n<meta name=\"robots\" content=\"noindex, follow, max-snippet:-1, max-image-preview:large, max-video-preview:-1\" \/>\n<meta property=\"og:locale\" content=\"fr_FR\" \/>\n<meta property=\"og:type\" content=\"article\" \/>\n<meta property=\"og:title\" content=\"Harnais \u00e0 Jumelles - Mod\u00e8le universel\" \/>\n<meta property=\"og:description\" content=\"Gr\u00e2ce \u00e0 ce harnais r\u00e9sistant et \u00e9lastique, vos jumelles restent pr\u00e8s de votre corps au lieu de se balancer autour de votre cou.\" \/>\n<meta property=\"og:url\" content=\"https:\/\/staging.lucky-hunter.com\/fr\/product\/harnais-a-jumelles-modele-universel\/\" \/>\n<meta property=\"og:site_name\" content=\"Lucky-Hunter\" \/>\n<meta property=\"article:modified_time\" content=\"2025-07-01T13:18:16+00:00\" \/>\n<meta property=\"og:image\" content=\"https:\/\/staging.lucky-hunter.com\/wp-content\/uploads\/2017\/02\/PU-65.png\" \/>\n\t<meta property=\"og:image:width\" content=\"1000\" \/>\n\t<meta property=\"og:image:height\" content=\"1000\" \/>\n\t<meta property=\"og:image:type\" content=\"image\/png\" \/>\n<meta name=\"twitter:card\" content=\"summary_large_image\" \/>\n<meta name=\"twitter:label1\" content=\"Dur\u00e9e de lecture estim\u00e9e\" \/>\n\t<meta name=\"twitter:data1\" content=\"1 minute\" \/>\n<script type=\"application\/ld+json\" class=\"yoast-schema-graph\">{\"@context\":\"https:\/\/schema.org\",\"@graph\":[{\"@type\":\"WebPage\",\"@id\":\"https:\/\/staging.lucky-hunter.com\/fr\/product\/harnais-a-jumelles-modele-universel\/\",\"url\":\"https:\/\/staging.lucky-hunter.com\/fr\/product\/harnais-a-jumelles-modele-universel\/\",\"name\":\"Harnais \u00e0 Jumelles - Mod\u00e8le universel\",\"isPartOf\":{\"@id\":\"https:\/\/staging.lucky-hunter.com\/#website\"},\"primaryImageOfPage\":{\"@id\":\"https:\/\/staging.lucky-hunter.com\/fr\/product\/harnais-a-jumelles-modele-universel\/#primaryimage\"},\"image\":{\"@id\":\"https:\/\/staging.lucky-hunter.com\/fr\/product\/harnais-a-jumelles-modele-universel\/#primaryimage\"},\"thumbnailUrl\":\"https:\/\/staging.lucky-hunter.com\/wp-content\/uploads\/2017\/02\/PU-65.png\",\"datePublished\":\"2017-02-27T16:53:34+00:00\",\"dateModified\":\"2025-07-01T13:18:16+00:00\",\"description\":\"Gr\u00e2ce \u00e0 ce harnais r\u00e9sistant et \u00e9lastique, vos jumelles restent pr\u00e8s de votre corps au lieu de se balancer autour de votre cou.\",\"breadcrumb\":{\"@id\":\"https:\/\/staging.lucky-hunter.com\/fr\/product\/harnais-a-jumelles-modele-universel\/#breadcrumb\"},\"inLanguage\":\"fr-FR\",\"potentialAction\":[{\"@type\":\"ReadAction\",\"target\":[\"https:\/\/staging.lucky-hunter.com\/fr\/product\/harnais-a-jumelles-modele-universel\/\"]}]},{\"@type\":\"ImageObject\",\"inLanguage\":\"fr-FR\",\"@id\":\"https:\/\/staging.lucky-hunter.com\/fr\/product\/harnais-a-jumelles-modele-universel\/#primaryimage\",\"url\":\"https:\/\/staging.lucky-hunter.com\/wp-content\/uploads\/2017\/02\/PU-65.png\",\"contentUrl\":\"https:\/\/staging.lucky-hunter.com\/wp-content\/uploads\/2017\/02\/PU-65.png\",\"width\":1000,\"height\":1000},{\"@type\":\"BreadcrumbList\",\"@id\":\"https:\/\/staging.lucky-hunter.com\/fr\/product\/harnais-a-jumelles-modele-universel\/#breadcrumb\",\"itemListElement\":[{\"@type\":\"ListItem\",\"position\":1,\"name\":\"Home\",\"item\":\"https:\/\/staging.lucky-hunter.com\/fr\/\"},{\"@type\":\"ListItem\",\"position\":2,\"name\":\"Boutique\",\"item\":\"https:\/\/staging.lucky-hunter.com\/fr\/shop\/\"},{\"@type\":\"ListItem\",\"position\":3,\"name\":\"Harnais \u00e0 Jumelles &#8211; Mod\u00e8le universel\"}]},{\"@type\":\"WebSite\",\"@id\":\"https:\/\/staging.lucky-hunter.com\/#website\",\"url\":\"https:\/\/staging.lucky-hunter.com\/\",\"name\":\"Lucky-Hunter\",\"description\":\"Gear Up or Give Up\",\"potentialAction\":[{\"@type\":\"SearchAction\",\"target\":{\"@type\":\"EntryPoint\",\"urlTemplate\":\"https:\/\/staging.lucky-hunter.com\/?s={search_term_string}\"},\"query-input\":{\"@type\":\"PropertyValueSpecification\",\"valueRequired\":true,\"valueName\":\"search_term_string\"}}],\"inLanguage\":\"fr-FR\"}]}<\/script>\n<!-- \/ Yoast SEO plugin. -->","yoast_head_json":{"title":"Harnais \u00e0 Jumelles - Mod\u00e8le universel","description":"Gr\u00e2ce \u00e0 ce harnais r\u00e9sistant et \u00e9lastique, vos jumelles restent pr\u00e8s de votre corps au lieu de se balancer autour de votre cou.","robots":{"index":"noindex","follow":"follow","max-snippet":"max-snippet:-1","max-image-preview":"max-image-preview:large","max-video-preview":"max-video-preview:-1"},"og_locale":"fr_FR","og_type":"article","og_title":"Harnais \u00e0 Jumelles - Mod\u00e8le universel","og_description":"Gr\u00e2ce \u00e0 ce harnais r\u00e9sistant et \u00e9lastique, vos jumelles restent pr\u00e8s de votre corps au lieu de se balancer autour de votre cou.","og_url":"https:\/\/staging.lucky-hunter.com\/fr\/product\/harnais-a-jumelles-modele-universel\/","og_site_name":"Lucky-Hunter","article_modified_time":"2025-07-01T13:18:16+00:00","og_image":[{"width":1000,"height":1000,"url":"https:\/\/staging.lucky-hunter.com\/wp-content\/uploads\/2017\/02\/PU-65.png","type":"image\/png"}],"twitter_card":"summary_large_image","twitter_misc":{"Dur\u00e9e de lecture estim\u00e9e":"1 minute"},"schema":{"@context":"https:\/\/schema.org","@graph":[{"@type":"WebPage","@id":"https:\/\/staging.lucky-hunter.com\/fr\/product\/harnais-a-jumelles-modele-universel\/","url":"https:\/\/staging.lucky-hunter.com\/fr\/product\/harnais-a-jumelles-modele-universel\/","name":"Harnais \u00e0 Jumelles - Mod\u00e8le universel","isPartOf":{"@id":"https:\/\/staging.lucky-hunter.com\/#website"},"primaryImageOfPage":{"@id":"https:\/\/staging.lucky-hunter.com\/fr\/product\/harnais-a-jumelles-modele-universel\/#primaryimage"},"image":{"@id":"https:\/\/staging.lucky-hunter.com\/fr\/product\/harnais-a-jumelles-modele-universel\/#primaryimage"},"thumbnailUrl":"https:\/\/staging.lucky-hunter.com\/wp-content\/uploads\/2017\/02\/PU-65.png","datePublished":"2017-02-27T16:53:34+00:00","dateModified":"2025-07-01T13:18:16+00:00","description":"Gr\u00e2ce \u00e0 ce harnais r\u00e9sistant et \u00e9lastique, vos jumelles restent pr\u00e8s de votre corps au lieu de se balancer autour de votre cou.","breadcrumb":{"@id":"https:\/\/staging.lucky-hunter.com\/fr\/product\/harnais-a-jumelles-modele-universel\/#breadcrumb"},"inLanguage":"fr-FR","potentialAction":[{"@type":"ReadAction","target":["https:\/\/staging.lucky-hunter.com\/fr\/product\/harnais-a-jumelles-modele-universel\/"]}]},{"@type":"ImageObject","inLanguage":"fr-FR","@id":"https:\/\/staging.lucky-hunter.com\/fr\/product\/harnais-a-jumelles-modele-universel\/#primaryimage","url":"https:\/\/staging.lucky-hunter.com\/wp-content\/uploads\/2017\/02\/PU-65.png","contentUrl":"https:\/\/staging.lucky-hunter.com\/wp-content\/uploads\/2017\/02\/PU-65.png","width":1000,"height":1000},{"@type":"BreadcrumbList","@id":"https:\/\/staging.lucky-hunter.com\/fr\/product\/harnais-a-jumelles-modele-universel\/#breadcrumb","itemListElement":[{"@type":"ListItem","position":1,"name":"Home","item":"https:\/\/staging.lucky-hunter.com\/fr\/"},{"@type":"ListItem","position":2,"name":"Boutique","item":"https:\/\/staging.lucky-hunter.com\/fr\/shop\/"},{"@type":"ListItem","position":3,"name":"Harnais \u00e0 Jumelles &#8211; Mod\u00e8le universel"}]},{"@type":"WebSite","@id":"https:\/\/staging.lucky-hunter.com\/#website","url":"https:\/\/staging.lucky-hunter.com\/","name":"Lucky-Hunter","description":"Gear Up or Give Up","potentialAction":[{"@type":"SearchAction","target":{"@type":"EntryPoint","urlTemplate":"https:\/\/staging.lucky-hunter.com\/?s={search_term_string}"},"query-input":{"@type":"PropertyValueSpecification","valueRequired":true,"valueName":"search_term_string"}}],"inLanguage":"fr-FR"}]}},"_links":{"self":[{"href":"https:\/\/staging.lucky-hunter.com\/fr\/wp-json\/wp\/v2\/product\/50559"}],"collection":[{"href":"https:\/\/staging.lucky-hunter.com\/fr\/wp-json\/wp\/v2\/product"}],"about":[{"href":"https:\/\/staging.lucky-hunter.com\/fr\/wp-json\/wp\/v2\/types\/product"}],"wp:featuredmedia":[{"embeddable":true,"href":"https:\/\/staging.lucky-hunter.com\/fr\/wp-json\/wp\/v2\/media\/29604"}],"wp:attachment":[{"href":"https:\/\/staging.lucky-hunter.com\/fr\/wp-json\/wp\/v2\/media?parent=50559"}],"wp:term":[{"taxonomy":"product_brand","embeddable":true,"href":"https:\/\/staging.lucky-hunter.com\/fr\/wp-json\/wp\/v2\/product_brand?post=50559"},{"taxonomy":"product_cat","embeddable":true,"href":"https:\/\/staging.lucky-hunter.com\/fr\/wp-json\/wp\/v2\/product_cat?post=50559"},{"taxonomy":"product_tag","embeddable":true,"href":"https:\/\/staging.lucky-hunter.com\/fr\/wp-json\/wp\/v2\/product_tag?post=50559"}],"curies":[{"name":"wp","href":"https:\/\/api.w.org\/{rel}","templated":true}]}}