{"id":50558,"date":"2016-11-07T16:17:51","date_gmt":"2016-11-07T15:17:51","guid":{"rendered":"https:\/\/staging.lucky-hunter.com\/product\/one-legged-hunting-chair\/"},"modified":"2025-07-02T11:37:01","modified_gmt":"2025-07-02T09:37:01","slug":"siege-de-chasse-unijambiste","status":"publish","type":"product","link":"https:\/\/staging.lucky-hunter.com\/fr\/product\/siege-de-chasse-unijambiste\/","title":{"rendered":"Si\u00e8ge de Chasse &#8211; Monopode"},"content":{"rendered":"<p>Si\u00e8ge de chasse pratique et ultra-l\u00e9ger. Les poign\u00e9es se d\u00e9plient pour former l\u2019assise.<\/p>\n<p>La hauteur d\u2019assise est r\u00e9glable de 54 \u00e0 75 cm, et le pied est dot\u00e9 d\u2019une pointe et d\u2019une plaque m\u00e9tallique pour \u00e9viter qu\u2019il ne s\u2019enfonce.<\/p>\n<ul>\n<li>Hauteur d&#8217;assise\u00a0: 54 \u00e0 75 cm (r\u00e9glable)<\/li>\n<li>Mat\u00e9riau : Aluminium, cuir<\/li>\n<li>La hauteur peut \u00eatre r\u00e9gl\u00e9e de 54 \u00e0 75 cm<\/li>\n<li>Poids : 1 kg<\/li>\n<li><strong>Charge maximale : 100 kg.<\/strong><\/li>\n<\/ul>\n<p>Le si\u00e8ge comporte une sangle pratique qui le rend facile \u00e0 transporter pendant la chasse.<\/p>\n","protected":false},"excerpt":{"rendered":"<p>Si\u00e8ge de chasse pratique et ultra-l\u00e9ger. La hauteur d\u2019assise est r\u00e9glable de 54 \u00e0 75 cm, et le pied est dot\u00e9 d\u2019une pointe et d\u2019une plaque m\u00e9tallique pour \u00e9viter qu\u2019il ne s\u2019enfonce.<\/p>\n","protected":false},"featured_media":28495,"template":"","meta":[],"product_brand":[8196],"product_cat":[9382],"product_tag":[],"yoast_head":"<!-- This site is optimized with the Yoast SEO plugin v24.3 - https:\/\/yoast.com\/wordpress\/plugins\/seo\/ -->\n<title>Si\u00e8ge de chasse unijambiste - La hauteur d&#039;assise est r\u00e9glable de 54 \u00e0 75 cm<\/title>\n<meta name=\"description\" content=\"Le si\u00e8ge de Chasse comporte une sangle pratique qui le rend facile \u00e0 transporter pendant la chasse.\" \/>\n<meta name=\"robots\" content=\"noindex, follow, max-snippet:-1, max-image-preview:large, max-video-preview:-1\" \/>\n<meta property=\"og:locale\" content=\"fr_FR\" \/>\n<meta property=\"og:type\" content=\"article\" \/>\n<meta property=\"og:title\" content=\"Si\u00e8ge de chasse unijambiste - La hauteur d&#039;assise est r\u00e9glable de 54 \u00e0 75 cm\" \/>\n<meta property=\"og:description\" content=\"Le si\u00e8ge de Chasse comporte une sangle pratique qui le rend facile \u00e0 transporter pendant la chasse.\" \/>\n<meta property=\"og:url\" content=\"https:\/\/staging.lucky-hunter.com\/product\/one-legged-stool\/\" \/>\n<meta property=\"og:site_name\" content=\"Lucky-Hunter\" \/>\n<meta property=\"article:modified_time\" content=\"2025-07-02T09:37:01+00:00\" \/>\n<meta property=\"og:image\" content=\"https:\/\/staging.lucky-hunter.com\/wp-content\/uploads\/2016\/11\/560001.png\" \/>\n\t<meta property=\"og:image:width\" content=\"1000\" \/>\n\t<meta property=\"og:image:height\" content=\"1000\" \/>\n\t<meta property=\"og:image:type\" content=\"image\/png\" \/>\n<meta name=\"twitter:card\" content=\"summary_large_image\" \/>\n<meta name=\"twitter:label1\" content=\"Dur\u00e9e de lecture estim\u00e9e\" \/>\n\t<meta name=\"twitter:data1\" content=\"1 minute\" \/>\n<script type=\"application\/ld+json\" class=\"yoast-schema-graph\">{\"@context\":\"https:\/\/schema.org\",\"@graph\":[{\"@type\":\"WebPage\",\"@id\":\"https:\/\/staging.lucky-hunter.com\/product\/one-legged-stool\/\",\"url\":\"https:\/\/staging.lucky-hunter.com\/product\/one-legged-stool\/\",\"name\":\"Si\u00e8ge de chasse unijambiste - La hauteur d'assise est r\u00e9glable de 54 \u00e0 75 cm\",\"isPartOf\":{\"@id\":\"https:\/\/staging.lucky-hunter.com\/#website\"},\"primaryImageOfPage\":{\"@id\":\"https:\/\/staging.lucky-hunter.com\/product\/one-legged-stool\/#primaryimage\"},\"image\":{\"@id\":\"https:\/\/staging.lucky-hunter.com\/product\/one-legged-stool\/#primaryimage\"},\"thumbnailUrl\":\"https:\/\/staging.lucky-hunter.com\/wp-content\/uploads\/2016\/11\/560001.png\",\"datePublished\":\"2016-11-07T15:17:51+00:00\",\"dateModified\":\"2025-07-02T09:37:01+00:00\",\"description\":\"Le si\u00e8ge de Chasse comporte une sangle pratique qui le rend facile \u00e0 transporter pendant la chasse.\",\"breadcrumb\":{\"@id\":\"https:\/\/staging.lucky-hunter.com\/product\/one-legged-stool\/#breadcrumb\"},\"inLanguage\":\"fr-FR\",\"potentialAction\":[{\"@type\":\"ReadAction\",\"target\":[\"https:\/\/staging.lucky-hunter.com\/product\/one-legged-stool\/\"]}]},{\"@type\":\"ImageObject\",\"inLanguage\":\"fr-FR\",\"@id\":\"https:\/\/staging.lucky-hunter.com\/product\/one-legged-stool\/#primaryimage\",\"url\":\"https:\/\/staging.lucky-hunter.com\/wp-content\/uploads\/2016\/11\/560001.png\",\"contentUrl\":\"https:\/\/staging.lucky-hunter.com\/wp-content\/uploads\/2016\/11\/560001.png\",\"width\":1000,\"height\":1000},{\"@type\":\"BreadcrumbList\",\"@id\":\"https:\/\/staging.lucky-hunter.com\/product\/one-legged-stool\/#breadcrumb\",\"itemListElement\":[{\"@type\":\"ListItem\",\"position\":1,\"name\":\"Home\",\"item\":\"https:\/\/staging.lucky-hunter.com\/fr\/\"},{\"@type\":\"ListItem\",\"position\":2,\"name\":\"Boutique\",\"item\":\"https:\/\/staging.lucky-hunter.com\/fr\/shop\/\"},{\"@type\":\"ListItem\",\"position\":3,\"name\":\"Si\u00e8ge de Chasse &#8211; Monopode\"}]},{\"@type\":\"WebSite\",\"@id\":\"https:\/\/staging.lucky-hunter.com\/#website\",\"url\":\"https:\/\/staging.lucky-hunter.com\/\",\"name\":\"Lucky-Hunter\",\"description\":\"Gear Up or Give Up\",\"potentialAction\":[{\"@type\":\"SearchAction\",\"target\":{\"@type\":\"EntryPoint\",\"urlTemplate\":\"https:\/\/staging.lucky-hunter.com\/?s={search_term_string}\"},\"query-input\":{\"@type\":\"PropertyValueSpecification\",\"valueRequired\":true,\"valueName\":\"search_term_string\"}}],\"inLanguage\":\"fr-FR\"}]}<\/script>\n<!-- \/ Yoast SEO plugin. -->","yoast_head_json":{"title":"Si\u00e8ge de chasse unijambiste - La hauteur d'assise est r\u00e9glable de 54 \u00e0 75 cm","description":"Le si\u00e8ge de Chasse comporte une sangle pratique qui le rend facile \u00e0 transporter pendant la chasse.","robots":{"index":"noindex","follow":"follow","max-snippet":"max-snippet:-1","max-image-preview":"max-image-preview:large","max-video-preview":"max-video-preview:-1"},"og_locale":"fr_FR","og_type":"article","og_title":"Si\u00e8ge de chasse unijambiste - La hauteur d'assise est r\u00e9glable de 54 \u00e0 75 cm","og_description":"Le si\u00e8ge de Chasse comporte une sangle pratique qui le rend facile \u00e0 transporter pendant la chasse.","og_url":"https:\/\/staging.lucky-hunter.com\/product\/one-legged-stool\/","og_site_name":"Lucky-Hunter","article_modified_time":"2025-07-02T09:37:01+00:00","og_image":[{"width":1000,"height":1000,"url":"https:\/\/staging.lucky-hunter.com\/wp-content\/uploads\/2016\/11\/560001.png","type":"image\/png"}],"twitter_card":"summary_large_image","twitter_misc":{"Dur\u00e9e de lecture estim\u00e9e":"1 minute"},"schema":{"@context":"https:\/\/schema.org","@graph":[{"@type":"WebPage","@id":"https:\/\/staging.lucky-hunter.com\/product\/one-legged-stool\/","url":"https:\/\/staging.lucky-hunter.com\/product\/one-legged-stool\/","name":"Si\u00e8ge de chasse unijambiste - La hauteur d'assise est r\u00e9glable de 54 \u00e0 75 cm","isPartOf":{"@id":"https:\/\/staging.lucky-hunter.com\/#website"},"primaryImageOfPage":{"@id":"https:\/\/staging.lucky-hunter.com\/product\/one-legged-stool\/#primaryimage"},"image":{"@id":"https:\/\/staging.lucky-hunter.com\/product\/one-legged-stool\/#primaryimage"},"thumbnailUrl":"https:\/\/staging.lucky-hunter.com\/wp-content\/uploads\/2016\/11\/560001.png","datePublished":"2016-11-07T15:17:51+00:00","dateModified":"2025-07-02T09:37:01+00:00","description":"Le si\u00e8ge de Chasse comporte une sangle pratique qui le rend facile \u00e0 transporter pendant la chasse.","breadcrumb":{"@id":"https:\/\/staging.lucky-hunter.com\/product\/one-legged-stool\/#breadcrumb"},"inLanguage":"fr-FR","potentialAction":[{"@type":"ReadAction","target":["https:\/\/staging.lucky-hunter.com\/product\/one-legged-stool\/"]}]},{"@type":"ImageObject","inLanguage":"fr-FR","@id":"https:\/\/staging.lucky-hunter.com\/product\/one-legged-stool\/#primaryimage","url":"https:\/\/staging.lucky-hunter.com\/wp-content\/uploads\/2016\/11\/560001.png","contentUrl":"https:\/\/staging.lucky-hunter.com\/wp-content\/uploads\/2016\/11\/560001.png","width":1000,"height":1000},{"@type":"BreadcrumbList","@id":"https:\/\/staging.lucky-hunter.com\/product\/one-legged-stool\/#breadcrumb","itemListElement":[{"@type":"ListItem","position":1,"name":"Home","item":"https:\/\/staging.lucky-hunter.com\/fr\/"},{"@type":"ListItem","position":2,"name":"Boutique","item":"https:\/\/staging.lucky-hunter.com\/fr\/shop\/"},{"@type":"ListItem","position":3,"name":"Si\u00e8ge de Chasse &#8211; Monopode"}]},{"@type":"WebSite","@id":"https:\/\/staging.lucky-hunter.com\/#website","url":"https:\/\/staging.lucky-hunter.com\/","name":"Lucky-Hunter","description":"Gear Up or Give Up","potentialAction":[{"@type":"SearchAction","target":{"@type":"EntryPoint","urlTemplate":"https:\/\/staging.lucky-hunter.com\/?s={search_term_string}"},"query-input":{"@type":"PropertyValueSpecification","valueRequired":true,"valueName":"search_term_string"}}],"inLanguage":"fr-FR"}]}},"_links":{"self":[{"href":"https:\/\/staging.lucky-hunter.com\/fr\/wp-json\/wp\/v2\/product\/50558"}],"collection":[{"href":"https:\/\/staging.lucky-hunter.com\/fr\/wp-json\/wp\/v2\/product"}],"about":[{"href":"https:\/\/staging.lucky-hunter.com\/fr\/wp-json\/wp\/v2\/types\/product"}],"wp:featuredmedia":[{"embeddable":true,"href":"https:\/\/staging.lucky-hunter.com\/fr\/wp-json\/wp\/v2\/media\/28495"}],"wp:attachment":[{"href":"https:\/\/staging.lucky-hunter.com\/fr\/wp-json\/wp\/v2\/media?parent=50558"}],"wp:term":[{"taxonomy":"product_brand","embeddable":true,"href":"https:\/\/staging.lucky-hunter.com\/fr\/wp-json\/wp\/v2\/product_brand?post=50558"},{"taxonomy":"product_cat","embeddable":true,"href":"https:\/\/staging.lucky-hunter.com\/fr\/wp-json\/wp\/v2\/product_cat?post=50558"},{"taxonomy":"product_tag","embeddable":true,"href":"https:\/\/staging.lucky-hunter.com\/fr\/wp-json\/wp\/v2\/product_tag?post=50558"}],"curies":[{"name":"wp","href":"https:\/\/api.w.org\/{rel}","templated":true}]}}