{"id":50555,"date":"2016-11-07T16:10:47","date_gmt":"2016-11-07T15:10:47","guid":{"rendered":"https:\/\/staging.lucky-hunter.com\/product\/dan-thompson-pc3-fox-call\/"},"modified":"2023-01-18T11:18:43","modified_gmt":"2023-01-18T10:18:43","slug":"dan-thompson-pc3-fox-call","status":"publish","type":"product","link":"https:\/\/staging.lucky-hunter.com\/fr\/product\/dan-thompson-pc3-fox-call\/","title":{"rendered":"Appeau \u00e0 Pr\u00e9dateurs Dan Thompson PC3"},"content":{"rendered":"<h1><strong>Appeau pour la chasse aux pr\u00e9dateurs \u00e0 courte distance<\/strong><\/h1>\n<p>Le Dan Thompson PC3 est utilis\u00e9 pour la chasse aux renards et aux martres situ\u00e9s \u00e0 moins de 200 m\u00e8tres. Le PC3 peut \u00e9galement \u00eatre utilis\u00e9 pour la chasse aux corbeaux.<\/p>\n<p>Placez-vous au bord de la zone, o\u00f9 vous avez une bonne vue d&#8217;ensemble, et commencez \u00e0 siffler \u00e0 un volume faible qui augmente progressivement.<\/p>\n<p>Sifflez pendant 1 minute puis faites une pause de 2 \u00e0 3 minutes. Sifflez 3 s\u00e9quences courtes et aigu\u00ebs suivies d&#8217;un son de plainte plus long qui imite un li\u00e8vre bless\u00e9. Un animal bless\u00e9 crie, vous devez donc y mettre de l\u2019\u00e9nergie.<\/p>\n<p>Veillez \u00e0 varier le son afin qu&#8217;il ne devienne pas monotone.<\/p>\n<p>Les appeaux pour pr\u00e9dateurs Dan Thompson sont fabriqu\u00e9s en bois de noyer am\u00e9ricain de haute qualit\u00e9 et accord\u00e9s \u00e0 la main \u00e0 la perfection.<\/p>\n","protected":false},"excerpt":{"rendered":"<p>Cet appeau de 7,5 cm reproduit les cris des li\u00e8vres et des jeunes oiseaux. Le PC3 est parfait dans les zones de buissons et de broussailles, lorsque vous devez attirer le renard \u00e0 courte distance.<\/p>\n","protected":false},"featured_media":29698,"template":"","meta":[],"product_brand":[8211],"product_cat":[8234],"product_tag":[9445],"yoast_head":"<!-- This site is optimized with the Yoast SEO plugin v24.3 - https:\/\/yoast.com\/wordpress\/plugins\/seo\/ -->\n<title>Appeau pour renard Dan Thompson PC3 - R\u00e9gl\u00e9 \u00e0 la main, \u00e0 chaque fois | Lucky Hunter<\/title>\n<meta name=\"description\" content=\"Appelez la proie avec Dan Thompson. Appeau de renard PC3 de qualit\u00e9 sup\u00e9rieure fabriqu\u00e9 \u00e0 la main et r\u00e9gl\u00e9 \u00e0 la main par Dan Thompson. Faites de chaque chasse un succ\u00e8s avec cela \u00e0 vos c\u00f4t\u00e9s.\" \/>\n<meta name=\"robots\" content=\"noindex, follow, max-snippet:-1, max-image-preview:large, max-video-preview:-1\" \/>\n<meta property=\"og:locale\" content=\"fr_FR\" \/>\n<meta property=\"og:type\" content=\"article\" \/>\n<meta property=\"og:title\" content=\"Appeau pour renard Dan Thompson PC3 - R\u00e9gl\u00e9 \u00e0 la main, \u00e0 chaque fois | Lucky Hunter\" \/>\n<meta property=\"og:description\" content=\"Appelez la proie avec Dan Thompson. Appeau de renard PC3 de qualit\u00e9 sup\u00e9rieure fabriqu\u00e9 \u00e0 la main et r\u00e9gl\u00e9 \u00e0 la main par Dan Thompson. Faites de chaque chasse un succ\u00e8s avec cela \u00e0 vos c\u00f4t\u00e9s.\" \/>\n<meta property=\"og:url\" content=\"https:\/\/staging.lucky-hunter.com\/fr\/product\/dan-thompson-pc3-fox-call\/\" \/>\n<meta property=\"og:site_name\" content=\"Lucky-Hunter\" \/>\n<meta property=\"article:modified_time\" content=\"2023-01-18T10:18:43+00:00\" \/>\n<meta property=\"og:image\" content=\"https:\/\/staging.lucky-hunter.com\/wp-content\/uploads\/2016\/11\/LK-155-1.png\" \/>\n\t<meta property=\"og:image:width\" content=\"1000\" \/>\n\t<meta property=\"og:image:height\" content=\"1000\" \/>\n\t<meta property=\"og:image:type\" content=\"image\/png\" \/>\n<meta name=\"twitter:card\" content=\"summary_large_image\" \/>\n<meta name=\"twitter:label1\" content=\"Dur\u00e9e de lecture estim\u00e9e\" \/>\n\t<meta name=\"twitter:data1\" content=\"1 minute\" \/>\n<script type=\"application\/ld+json\" class=\"yoast-schema-graph\">{\"@context\":\"https:\/\/schema.org\",\"@graph\":[{\"@type\":\"WebPage\",\"@id\":\"https:\/\/staging.lucky-hunter.com\/fr\/product\/dan-thompson-pc3-fox-call\/\",\"url\":\"https:\/\/staging.lucky-hunter.com\/fr\/product\/dan-thompson-pc3-fox-call\/\",\"name\":\"Appeau pour renard Dan Thompson PC3 - R\u00e9gl\u00e9 \u00e0 la main, \u00e0 chaque fois | Lucky Hunter\",\"isPartOf\":{\"@id\":\"https:\/\/staging.lucky-hunter.com\/#website\"},\"primaryImageOfPage\":{\"@id\":\"https:\/\/staging.lucky-hunter.com\/fr\/product\/dan-thompson-pc3-fox-call\/#primaryimage\"},\"image\":{\"@id\":\"https:\/\/staging.lucky-hunter.com\/fr\/product\/dan-thompson-pc3-fox-call\/#primaryimage\"},\"thumbnailUrl\":\"https:\/\/staging.lucky-hunter.com\/wp-content\/uploads\/2016\/11\/LK-155-1.png\",\"datePublished\":\"2016-11-07T15:10:47+00:00\",\"dateModified\":\"2023-01-18T10:18:43+00:00\",\"description\":\"Appelez la proie avec Dan Thompson. Appeau de renard PC3 de qualit\u00e9 sup\u00e9rieure fabriqu\u00e9 \u00e0 la main et r\u00e9gl\u00e9 \u00e0 la main par Dan Thompson. Faites de chaque chasse un succ\u00e8s avec cela \u00e0 vos c\u00f4t\u00e9s.\",\"breadcrumb\":{\"@id\":\"https:\/\/staging.lucky-hunter.com\/fr\/product\/dan-thompson-pc3-fox-call\/#breadcrumb\"},\"inLanguage\":\"fr-FR\",\"potentialAction\":[{\"@type\":\"ReadAction\",\"target\":[\"https:\/\/staging.lucky-hunter.com\/fr\/product\/dan-thompson-pc3-fox-call\/\"]}]},{\"@type\":\"ImageObject\",\"inLanguage\":\"fr-FR\",\"@id\":\"https:\/\/staging.lucky-hunter.com\/fr\/product\/dan-thompson-pc3-fox-call\/#primaryimage\",\"url\":\"https:\/\/staging.lucky-hunter.com\/wp-content\/uploads\/2016\/11\/LK-155-1.png\",\"contentUrl\":\"https:\/\/staging.lucky-hunter.com\/wp-content\/uploads\/2016\/11\/LK-155-1.png\",\"width\":1000,\"height\":1000},{\"@type\":\"BreadcrumbList\",\"@id\":\"https:\/\/staging.lucky-hunter.com\/fr\/product\/dan-thompson-pc3-fox-call\/#breadcrumb\",\"itemListElement\":[{\"@type\":\"ListItem\",\"position\":1,\"name\":\"Home\",\"item\":\"https:\/\/staging.lucky-hunter.com\/fr\/\"},{\"@type\":\"ListItem\",\"position\":2,\"name\":\"Boutique\",\"item\":\"https:\/\/staging.lucky-hunter.com\/fr\/shop\/\"},{\"@type\":\"ListItem\",\"position\":3,\"name\":\"Appeau \u00e0 Pr\u00e9dateurs Dan Thompson PC3\"}]},{\"@type\":\"WebSite\",\"@id\":\"https:\/\/staging.lucky-hunter.com\/#website\",\"url\":\"https:\/\/staging.lucky-hunter.com\/\",\"name\":\"Lucky-Hunter\",\"description\":\"Gear Up or Give Up\",\"potentialAction\":[{\"@type\":\"SearchAction\",\"target\":{\"@type\":\"EntryPoint\",\"urlTemplate\":\"https:\/\/staging.lucky-hunter.com\/?s={search_term_string}\"},\"query-input\":{\"@type\":\"PropertyValueSpecification\",\"valueRequired\":true,\"valueName\":\"search_term_string\"}}],\"inLanguage\":\"fr-FR\"}]}<\/script>\n<!-- \/ Yoast SEO plugin. -->","yoast_head_json":{"title":"Appeau pour renard Dan Thompson PC3 - R\u00e9gl\u00e9 \u00e0 la main, \u00e0 chaque fois | Lucky Hunter","description":"Appelez la proie avec Dan Thompson. Appeau de renard PC3 de qualit\u00e9 sup\u00e9rieure fabriqu\u00e9 \u00e0 la main et r\u00e9gl\u00e9 \u00e0 la main par Dan Thompson. Faites de chaque chasse un succ\u00e8s avec cela \u00e0 vos c\u00f4t\u00e9s.","robots":{"index":"noindex","follow":"follow","max-snippet":"max-snippet:-1","max-image-preview":"max-image-preview:large","max-video-preview":"max-video-preview:-1"},"og_locale":"fr_FR","og_type":"article","og_title":"Appeau pour renard Dan Thompson PC3 - R\u00e9gl\u00e9 \u00e0 la main, \u00e0 chaque fois | Lucky Hunter","og_description":"Appelez la proie avec Dan Thompson. Appeau de renard PC3 de qualit\u00e9 sup\u00e9rieure fabriqu\u00e9 \u00e0 la main et r\u00e9gl\u00e9 \u00e0 la main par Dan Thompson. Faites de chaque chasse un succ\u00e8s avec cela \u00e0 vos c\u00f4t\u00e9s.","og_url":"https:\/\/staging.lucky-hunter.com\/fr\/product\/dan-thompson-pc3-fox-call\/","og_site_name":"Lucky-Hunter","article_modified_time":"2023-01-18T10:18:43+00:00","og_image":[{"width":1000,"height":1000,"url":"https:\/\/staging.lucky-hunter.com\/wp-content\/uploads\/2016\/11\/LK-155-1.png","type":"image\/png"}],"twitter_card":"summary_large_image","twitter_misc":{"Dur\u00e9e de lecture estim\u00e9e":"1 minute"},"schema":{"@context":"https:\/\/schema.org","@graph":[{"@type":"WebPage","@id":"https:\/\/staging.lucky-hunter.com\/fr\/product\/dan-thompson-pc3-fox-call\/","url":"https:\/\/staging.lucky-hunter.com\/fr\/product\/dan-thompson-pc3-fox-call\/","name":"Appeau pour renard Dan Thompson PC3 - R\u00e9gl\u00e9 \u00e0 la main, \u00e0 chaque fois | Lucky Hunter","isPartOf":{"@id":"https:\/\/staging.lucky-hunter.com\/#website"},"primaryImageOfPage":{"@id":"https:\/\/staging.lucky-hunter.com\/fr\/product\/dan-thompson-pc3-fox-call\/#primaryimage"},"image":{"@id":"https:\/\/staging.lucky-hunter.com\/fr\/product\/dan-thompson-pc3-fox-call\/#primaryimage"},"thumbnailUrl":"https:\/\/staging.lucky-hunter.com\/wp-content\/uploads\/2016\/11\/LK-155-1.png","datePublished":"2016-11-07T15:10:47+00:00","dateModified":"2023-01-18T10:18:43+00:00","description":"Appelez la proie avec Dan Thompson. Appeau de renard PC3 de qualit\u00e9 sup\u00e9rieure fabriqu\u00e9 \u00e0 la main et r\u00e9gl\u00e9 \u00e0 la main par Dan Thompson. Faites de chaque chasse un succ\u00e8s avec cela \u00e0 vos c\u00f4t\u00e9s.","breadcrumb":{"@id":"https:\/\/staging.lucky-hunter.com\/fr\/product\/dan-thompson-pc3-fox-call\/#breadcrumb"},"inLanguage":"fr-FR","potentialAction":[{"@type":"ReadAction","target":["https:\/\/staging.lucky-hunter.com\/fr\/product\/dan-thompson-pc3-fox-call\/"]}]},{"@type":"ImageObject","inLanguage":"fr-FR","@id":"https:\/\/staging.lucky-hunter.com\/fr\/product\/dan-thompson-pc3-fox-call\/#primaryimage","url":"https:\/\/staging.lucky-hunter.com\/wp-content\/uploads\/2016\/11\/LK-155-1.png","contentUrl":"https:\/\/staging.lucky-hunter.com\/wp-content\/uploads\/2016\/11\/LK-155-1.png","width":1000,"height":1000},{"@type":"BreadcrumbList","@id":"https:\/\/staging.lucky-hunter.com\/fr\/product\/dan-thompson-pc3-fox-call\/#breadcrumb","itemListElement":[{"@type":"ListItem","position":1,"name":"Home","item":"https:\/\/staging.lucky-hunter.com\/fr\/"},{"@type":"ListItem","position":2,"name":"Boutique","item":"https:\/\/staging.lucky-hunter.com\/fr\/shop\/"},{"@type":"ListItem","position":3,"name":"Appeau \u00e0 Pr\u00e9dateurs Dan Thompson PC3"}]},{"@type":"WebSite","@id":"https:\/\/staging.lucky-hunter.com\/#website","url":"https:\/\/staging.lucky-hunter.com\/","name":"Lucky-Hunter","description":"Gear Up or Give Up","potentialAction":[{"@type":"SearchAction","target":{"@type":"EntryPoint","urlTemplate":"https:\/\/staging.lucky-hunter.com\/?s={search_term_string}"},"query-input":{"@type":"PropertyValueSpecification","valueRequired":true,"valueName":"search_term_string"}}],"inLanguage":"fr-FR"}]}},"_links":{"self":[{"href":"https:\/\/staging.lucky-hunter.com\/fr\/wp-json\/wp\/v2\/product\/50555"}],"collection":[{"href":"https:\/\/staging.lucky-hunter.com\/fr\/wp-json\/wp\/v2\/product"}],"about":[{"href":"https:\/\/staging.lucky-hunter.com\/fr\/wp-json\/wp\/v2\/types\/product"}],"wp:featuredmedia":[{"embeddable":true,"href":"https:\/\/staging.lucky-hunter.com\/fr\/wp-json\/wp\/v2\/media\/29698"}],"wp:attachment":[{"href":"https:\/\/staging.lucky-hunter.com\/fr\/wp-json\/wp\/v2\/media?parent=50555"}],"wp:term":[{"taxonomy":"product_brand","embeddable":true,"href":"https:\/\/staging.lucky-hunter.com\/fr\/wp-json\/wp\/v2\/product_brand?post=50555"},{"taxonomy":"product_cat","embeddable":true,"href":"https:\/\/staging.lucky-hunter.com\/fr\/wp-json\/wp\/v2\/product_cat?post=50555"},{"taxonomy":"product_tag","embeddable":true,"href":"https:\/\/staging.lucky-hunter.com\/fr\/wp-json\/wp\/v2\/product_tag?post=50555"}],"curies":[{"name":"wp","href":"https:\/\/api.w.org\/{rel}","templated":true}]}}