{"id":41817,"date":"2017-04-07T14:10:12","date_gmt":"2017-04-07T12:10:12","guid":{"rendered":"https:\/\/staging.lucky-hunter.com\/product\/rigem-right-knit-beanie\/"},"modified":"2025-07-01T14:16:01","modified_gmt":"2025-07-01T12:16:01","slug":"bonnet-en-tricot-olive-timber-rigem-right","status":"publish","type":"product","link":"https:\/\/staging.lucky-hunter.com\/fr\/product\/bonnet-en-tricot-olive-timber-rigem-right\/","title":{"rendered":"Bonnet en Tricot Olive Timber &#8211; Rig&#8217;Em Right"},"content":{"rendered":"<p>Le bonnet en tricot avec doublure en polaire Rig&#8217;Em Right est con\u00e7u pour les chasseurs de gibier d\u2019eau exigeants.<\/p>\n<p>Son design \u00e0 mailles serr\u00e9es et \u00e9paisses est con\u00e7u pour prot\u00e9ger du vent et du froid, tandis que la doublure en polaire autour des oreilles offre encore plus de confort et de protection contre les \u00e9l\u00e9ments.<\/p>\n<p>Taille unique<\/p>\n<p>Couleur : Vert Olive<\/p>\n","protected":false},"excerpt":{"rendered":"<p>Le bonnet en tricot avec doublure en polaire Rig&#8217;Em Right est con\u00e7u pour les chasseurs de gibier d\u2019eau exigeants.<\/p>\n","protected":false},"featured_media":28485,"template":"","meta":[],"product_brand":[8127],"product_cat":[9141],"product_tag":[],"yoast_head":"<!-- This site is optimized with the Yoast SEO plugin v24.3 - https:\/\/yoast.com\/wordpress\/plugins\/seo\/ -->\n<title>Bonnet en Tricot Olive Timber - Rig&#039;Em Right<\/title>\n<meta name=\"description\" content=\"Le bonnet en tricot avec doublure en polaire Rig&#039;Em Right\u2122 est con\u00e7u pour les chasseurs de gibier d\u2019eau exigeants.\" \/>\n<meta name=\"robots\" content=\"noindex, follow, max-snippet:-1, max-image-preview:large, max-video-preview:-1\" \/>\n<meta property=\"og:locale\" content=\"fr_FR\" \/>\n<meta property=\"og:type\" content=\"article\" \/>\n<meta property=\"og:title\" content=\"Bonnet en Tricot Olive Timber - Rig&#039;Em Right\" \/>\n<meta property=\"og:description\" content=\"Le bonnet en tricot avec doublure en polaire Rig&#039;Em Right\u2122 est con\u00e7u pour les chasseurs de gibier d\u2019eau exigeants.\" \/>\n<meta property=\"og:url\" content=\"https:\/\/staging.lucky-hunter.com\/fr\/product\/bonnet-en-tricot-olive-timber-rigem-right\/\" \/>\n<meta property=\"og:site_name\" content=\"Lucky-Hunter\" \/>\n<meta property=\"article:modified_time\" content=\"2025-07-01T12:16:01+00:00\" \/>\n<meta property=\"og:image\" content=\"https:\/\/staging.lucky-hunter.com\/wp-content\/uploads\/2017\/03\/pu-408.png\" \/>\n\t<meta property=\"og:image:width\" content=\"1000\" \/>\n\t<meta property=\"og:image:height\" content=\"1000\" \/>\n\t<meta property=\"og:image:type\" content=\"image\/png\" \/>\n<meta name=\"twitter:card\" content=\"summary_large_image\" \/>\n<meta name=\"twitter:label1\" content=\"Dur\u00e9e de lecture estim\u00e9e\" \/>\n\t<meta name=\"twitter:data1\" content=\"1 minute\" \/>\n<script type=\"application\/ld+json\" class=\"yoast-schema-graph\">{\"@context\":\"https:\/\/schema.org\",\"@graph\":[{\"@type\":\"WebPage\",\"@id\":\"https:\/\/staging.lucky-hunter.com\/fr\/product\/bonnet-en-tricot-olive-timber-rigem-right\/\",\"url\":\"https:\/\/staging.lucky-hunter.com\/fr\/product\/bonnet-en-tricot-olive-timber-rigem-right\/\",\"name\":\"Bonnet en Tricot Olive Timber - Rig'Em Right\",\"isPartOf\":{\"@id\":\"https:\/\/staging.lucky-hunter.com\/#website\"},\"primaryImageOfPage\":{\"@id\":\"https:\/\/staging.lucky-hunter.com\/fr\/product\/bonnet-en-tricot-olive-timber-rigem-right\/#primaryimage\"},\"image\":{\"@id\":\"https:\/\/staging.lucky-hunter.com\/fr\/product\/bonnet-en-tricot-olive-timber-rigem-right\/#primaryimage\"},\"thumbnailUrl\":\"https:\/\/staging.lucky-hunter.com\/wp-content\/uploads\/2017\/03\/pu-408.png\",\"datePublished\":\"2017-04-07T12:10:12+00:00\",\"dateModified\":\"2025-07-01T12:16:01+00:00\",\"description\":\"Le bonnet en tricot avec doublure en polaire Rig'Em Right\u2122 est con\u00e7u pour les chasseurs de gibier d\u2019eau exigeants.\",\"breadcrumb\":{\"@id\":\"https:\/\/staging.lucky-hunter.com\/fr\/product\/bonnet-en-tricot-olive-timber-rigem-right\/#breadcrumb\"},\"inLanguage\":\"fr-FR\",\"potentialAction\":[{\"@type\":\"ReadAction\",\"target\":[\"https:\/\/staging.lucky-hunter.com\/fr\/product\/bonnet-en-tricot-olive-timber-rigem-right\/\"]}]},{\"@type\":\"ImageObject\",\"inLanguage\":\"fr-FR\",\"@id\":\"https:\/\/staging.lucky-hunter.com\/fr\/product\/bonnet-en-tricot-olive-timber-rigem-right\/#primaryimage\",\"url\":\"https:\/\/staging.lucky-hunter.com\/wp-content\/uploads\/2017\/03\/pu-408.png\",\"contentUrl\":\"https:\/\/staging.lucky-hunter.com\/wp-content\/uploads\/2017\/03\/pu-408.png\",\"width\":1000,\"height\":1000},{\"@type\":\"BreadcrumbList\",\"@id\":\"https:\/\/staging.lucky-hunter.com\/fr\/product\/bonnet-en-tricot-olive-timber-rigem-right\/#breadcrumb\",\"itemListElement\":[{\"@type\":\"ListItem\",\"position\":1,\"name\":\"Home\",\"item\":\"https:\/\/staging.lucky-hunter.com\/fr\/\"},{\"@type\":\"ListItem\",\"position\":2,\"name\":\"Boutique\",\"item\":\"https:\/\/staging.lucky-hunter.com\/fr\/shop\/\"},{\"@type\":\"ListItem\",\"position\":3,\"name\":\"Bonnet en Tricot Olive Timber &#8211; Rig&#8217;Em Right\"}]},{\"@type\":\"WebSite\",\"@id\":\"https:\/\/staging.lucky-hunter.com\/#website\",\"url\":\"https:\/\/staging.lucky-hunter.com\/\",\"name\":\"Lucky-Hunter\",\"description\":\"Gear Up or Give Up\",\"potentialAction\":[{\"@type\":\"SearchAction\",\"target\":{\"@type\":\"EntryPoint\",\"urlTemplate\":\"https:\/\/staging.lucky-hunter.com\/?s={search_term_string}\"},\"query-input\":{\"@type\":\"PropertyValueSpecification\",\"valueRequired\":true,\"valueName\":\"search_term_string\"}}],\"inLanguage\":\"fr-FR\"}]}<\/script>\n<!-- \/ Yoast SEO plugin. -->","yoast_head_json":{"title":"Bonnet en Tricot Olive Timber - Rig'Em Right","description":"Le bonnet en tricot avec doublure en polaire Rig'Em Right\u2122 est con\u00e7u pour les chasseurs de gibier d\u2019eau exigeants.","robots":{"index":"noindex","follow":"follow","max-snippet":"max-snippet:-1","max-image-preview":"max-image-preview:large","max-video-preview":"max-video-preview:-1"},"og_locale":"fr_FR","og_type":"article","og_title":"Bonnet en Tricot Olive Timber - Rig'Em Right","og_description":"Le bonnet en tricot avec doublure en polaire Rig'Em Right\u2122 est con\u00e7u pour les chasseurs de gibier d\u2019eau exigeants.","og_url":"https:\/\/staging.lucky-hunter.com\/fr\/product\/bonnet-en-tricot-olive-timber-rigem-right\/","og_site_name":"Lucky-Hunter","article_modified_time":"2025-07-01T12:16:01+00:00","og_image":[{"width":1000,"height":1000,"url":"https:\/\/staging.lucky-hunter.com\/wp-content\/uploads\/2017\/03\/pu-408.png","type":"image\/png"}],"twitter_card":"summary_large_image","twitter_misc":{"Dur\u00e9e de lecture estim\u00e9e":"1 minute"},"schema":{"@context":"https:\/\/schema.org","@graph":[{"@type":"WebPage","@id":"https:\/\/staging.lucky-hunter.com\/fr\/product\/bonnet-en-tricot-olive-timber-rigem-right\/","url":"https:\/\/staging.lucky-hunter.com\/fr\/product\/bonnet-en-tricot-olive-timber-rigem-right\/","name":"Bonnet en Tricot Olive Timber - Rig'Em Right","isPartOf":{"@id":"https:\/\/staging.lucky-hunter.com\/#website"},"primaryImageOfPage":{"@id":"https:\/\/staging.lucky-hunter.com\/fr\/product\/bonnet-en-tricot-olive-timber-rigem-right\/#primaryimage"},"image":{"@id":"https:\/\/staging.lucky-hunter.com\/fr\/product\/bonnet-en-tricot-olive-timber-rigem-right\/#primaryimage"},"thumbnailUrl":"https:\/\/staging.lucky-hunter.com\/wp-content\/uploads\/2017\/03\/pu-408.png","datePublished":"2017-04-07T12:10:12+00:00","dateModified":"2025-07-01T12:16:01+00:00","description":"Le bonnet en tricot avec doublure en polaire Rig'Em Right\u2122 est con\u00e7u pour les chasseurs de gibier d\u2019eau exigeants.","breadcrumb":{"@id":"https:\/\/staging.lucky-hunter.com\/fr\/product\/bonnet-en-tricot-olive-timber-rigem-right\/#breadcrumb"},"inLanguage":"fr-FR","potentialAction":[{"@type":"ReadAction","target":["https:\/\/staging.lucky-hunter.com\/fr\/product\/bonnet-en-tricot-olive-timber-rigem-right\/"]}]},{"@type":"ImageObject","inLanguage":"fr-FR","@id":"https:\/\/staging.lucky-hunter.com\/fr\/product\/bonnet-en-tricot-olive-timber-rigem-right\/#primaryimage","url":"https:\/\/staging.lucky-hunter.com\/wp-content\/uploads\/2017\/03\/pu-408.png","contentUrl":"https:\/\/staging.lucky-hunter.com\/wp-content\/uploads\/2017\/03\/pu-408.png","width":1000,"height":1000},{"@type":"BreadcrumbList","@id":"https:\/\/staging.lucky-hunter.com\/fr\/product\/bonnet-en-tricot-olive-timber-rigem-right\/#breadcrumb","itemListElement":[{"@type":"ListItem","position":1,"name":"Home","item":"https:\/\/staging.lucky-hunter.com\/fr\/"},{"@type":"ListItem","position":2,"name":"Boutique","item":"https:\/\/staging.lucky-hunter.com\/fr\/shop\/"},{"@type":"ListItem","position":3,"name":"Bonnet en Tricot Olive Timber &#8211; Rig&#8217;Em Right"}]},{"@type":"WebSite","@id":"https:\/\/staging.lucky-hunter.com\/#website","url":"https:\/\/staging.lucky-hunter.com\/","name":"Lucky-Hunter","description":"Gear Up or Give Up","potentialAction":[{"@type":"SearchAction","target":{"@type":"EntryPoint","urlTemplate":"https:\/\/staging.lucky-hunter.com\/?s={search_term_string}"},"query-input":{"@type":"PropertyValueSpecification","valueRequired":true,"valueName":"search_term_string"}}],"inLanguage":"fr-FR"}]}},"_links":{"self":[{"href":"https:\/\/staging.lucky-hunter.com\/fr\/wp-json\/wp\/v2\/product\/41817"}],"collection":[{"href":"https:\/\/staging.lucky-hunter.com\/fr\/wp-json\/wp\/v2\/product"}],"about":[{"href":"https:\/\/staging.lucky-hunter.com\/fr\/wp-json\/wp\/v2\/types\/product"}],"wp:featuredmedia":[{"embeddable":true,"href":"https:\/\/staging.lucky-hunter.com\/fr\/wp-json\/wp\/v2\/media\/28485"}],"wp:attachment":[{"href":"https:\/\/staging.lucky-hunter.com\/fr\/wp-json\/wp\/v2\/media?parent=41817"}],"wp:term":[{"taxonomy":"product_brand","embeddable":true,"href":"https:\/\/staging.lucky-hunter.com\/fr\/wp-json\/wp\/v2\/product_brand?post=41817"},{"taxonomy":"product_cat","embeddable":true,"href":"https:\/\/staging.lucky-hunter.com\/fr\/wp-json\/wp\/v2\/product_cat?post=41817"},{"taxonomy":"product_tag","embeddable":true,"href":"https:\/\/staging.lucky-hunter.com\/fr\/wp-json\/wp\/v2\/product_tag?post=41817"}],"curies":[{"name":"wp","href":"https:\/\/api.w.org\/{rel}","templated":true}]}}