{"id":35530,"date":"2016-11-07T16:02:51","date_gmt":"2016-11-07T15:02:51","guid":{"rendered":"https:\/\/staging.lucky-hunter.com\/product\/rear-carrier-with-quick-connect-coupling\/"},"modified":"2025-07-08T13:33:28","modified_gmt":"2025-07-08T11:33:28","slug":"porte-bagages-arriere-avec-raccord-rapide","status":"publish","type":"product","link":"https:\/\/staging.lucky-hunter.com\/fr\/product\/porte-bagages-arriere-avec-raccord-rapide\/","title":{"rendered":"Porte-bagages arri\u00e8re avec raccord rapide"},"content":{"rendered":"<h1><strong>Transport facile et rapide du gibier<\/strong><\/h1>\n<p>Pour transporter par exemple du gibier abattu, de la nourriture et bien plus encore. Peut \u00eatre mont\u00e9 sur le crochet d&#8217;attelage. Montage et d\u00e9montage rapides gr\u00e2ce \u00e0 la fermeture \u00e0 ouverture rapide.de la fermeture rapide.<\/p>\n<p>La capacit\u00e9 de charge d\u00e9pend de la charge verticale statique maximale.<\/p>\n<p>Le poids est d&#8217;environ 9 kg seulement.<\/p>\n<p>Dimensions : ext\u00e9rieur 890 x 580 x 200 mm<\/p>\n<p>Int\u00e9rieur 830 x 520 x 195 mm<\/p>\n<p>Zingu\u00e9<\/p>\n<p>Le raccord \u00e0 connexion rapide est inclus.<\/p>\n<p>Parfait pour notre bac polyvalent (article 690908).<\/p>\n","protected":false},"excerpt":{"rendered":"<p>Pour transporter par exemple du gibier abattu, de la nourriture et bien plus encore. Peut \u00eatre mont\u00e9 sur le crochet d&#8217;attelage. Montage et d\u00e9montage rapides gr\u00e2ce \u00e0 la fermeture \u00e0 ouverture rapide.de la fermeture rapide.<\/p>\n","protected":false},"featured_media":29981,"template":"","meta":[],"product_brand":[8121],"product_cat":[8155],"product_tag":[],"yoast_head":"<!-- This site is optimized with the Yoast SEO plugin v24.3 - https:\/\/yoast.com\/wordpress\/plugins\/seo\/ -->\n<title>Porte-bagages arri\u00e8re avec raccord rapide<\/title>\n<meta name=\"description\" content=\"Pour transporter du gibier, de la nourriture et plus encore. Peut \u00eatre mont\u00e9 sur le crochet d&#039;attelage. Montage et d\u00e9montage rapides gr\u00e2ce\" \/>\n<meta name=\"robots\" content=\"noindex, follow, max-snippet:-1, max-image-preview:large, max-video-preview:-1\" \/>\n<meta property=\"og:locale\" content=\"fr_FR\" \/>\n<meta property=\"og:type\" content=\"article\" \/>\n<meta property=\"og:title\" content=\"Porte-bagages arri\u00e8re avec raccord rapide\" \/>\n<meta property=\"og:description\" content=\"Pour transporter du gibier, de la nourriture et plus encore. Peut \u00eatre mont\u00e9 sur le crochet d&#039;attelage. Montage et d\u00e9montage rapides gr\u00e2ce\" \/>\n<meta property=\"og:url\" content=\"https:\/\/staging.lucky-hunter.com\/fr\/product\/porte-bagages-arriere-avec-raccord-rapide\/\" \/>\n<meta property=\"og:site_name\" content=\"Lucky-Hunter\" \/>\n<meta property=\"article:modified_time\" content=\"2025-07-08T11:33:28+00:00\" \/>\n<meta property=\"og:image\" content=\"https:\/\/staging.lucky-hunter.com\/wp-content\/uploads\/2016\/11\/Rear_Carrier.png\" \/>\n\t<meta property=\"og:image:width\" content=\"1000\" \/>\n\t<meta property=\"og:image:height\" content=\"1000\" \/>\n\t<meta property=\"og:image:type\" content=\"image\/png\" \/>\n<meta name=\"twitter:card\" content=\"summary_large_image\" \/>\n<meta name=\"twitter:label1\" content=\"Dur\u00e9e de lecture estim\u00e9e\" \/>\n\t<meta name=\"twitter:data1\" content=\"1 minute\" \/>\n<script type=\"application\/ld+json\" class=\"yoast-schema-graph\">{\"@context\":\"https:\/\/schema.org\",\"@graph\":[{\"@type\":\"WebPage\",\"@id\":\"https:\/\/staging.lucky-hunter.com\/fr\/product\/porte-bagages-arriere-avec-raccord-rapide\/\",\"url\":\"https:\/\/staging.lucky-hunter.com\/fr\/product\/porte-bagages-arriere-avec-raccord-rapide\/\",\"name\":\"Porte-bagages arri\u00e8re avec raccord rapide\",\"isPartOf\":{\"@id\":\"https:\/\/staging.lucky-hunter.com\/#website\"},\"primaryImageOfPage\":{\"@id\":\"https:\/\/staging.lucky-hunter.com\/fr\/product\/porte-bagages-arriere-avec-raccord-rapide\/#primaryimage\"},\"image\":{\"@id\":\"https:\/\/staging.lucky-hunter.com\/fr\/product\/porte-bagages-arriere-avec-raccord-rapide\/#primaryimage\"},\"thumbnailUrl\":\"https:\/\/staging.lucky-hunter.com\/wp-content\/uploads\/2016\/11\/Rear_Carrier.png\",\"datePublished\":\"2016-11-07T15:02:51+00:00\",\"dateModified\":\"2025-07-08T11:33:28+00:00\",\"description\":\"Pour transporter du gibier, de la nourriture et plus encore. Peut \u00eatre mont\u00e9 sur le crochet d'attelage. Montage et d\u00e9montage rapides gr\u00e2ce\",\"breadcrumb\":{\"@id\":\"https:\/\/staging.lucky-hunter.com\/fr\/product\/porte-bagages-arriere-avec-raccord-rapide\/#breadcrumb\"},\"inLanguage\":\"fr-FR\",\"potentialAction\":[{\"@type\":\"ReadAction\",\"target\":[\"https:\/\/staging.lucky-hunter.com\/fr\/product\/porte-bagages-arriere-avec-raccord-rapide\/\"]}]},{\"@type\":\"ImageObject\",\"inLanguage\":\"fr-FR\",\"@id\":\"https:\/\/staging.lucky-hunter.com\/fr\/product\/porte-bagages-arriere-avec-raccord-rapide\/#primaryimage\",\"url\":\"https:\/\/staging.lucky-hunter.com\/wp-content\/uploads\/2016\/11\/Rear_Carrier.png\",\"contentUrl\":\"https:\/\/staging.lucky-hunter.com\/wp-content\/uploads\/2016\/11\/Rear_Carrier.png\",\"width\":1000,\"height\":1000},{\"@type\":\"BreadcrumbList\",\"@id\":\"https:\/\/staging.lucky-hunter.com\/fr\/product\/porte-bagages-arriere-avec-raccord-rapide\/#breadcrumb\",\"itemListElement\":[{\"@type\":\"ListItem\",\"position\":1,\"name\":\"Home\",\"item\":\"https:\/\/staging.lucky-hunter.com\/fr\/\"},{\"@type\":\"ListItem\",\"position\":2,\"name\":\"Boutique\",\"item\":\"https:\/\/staging.lucky-hunter.com\/fr\/shop\/\"},{\"@type\":\"ListItem\",\"position\":3,\"name\":\"Porte-bagages arri\u00e8re avec raccord rapide\"}]},{\"@type\":\"WebSite\",\"@id\":\"https:\/\/staging.lucky-hunter.com\/#website\",\"url\":\"https:\/\/staging.lucky-hunter.com\/\",\"name\":\"Lucky-Hunter\",\"description\":\"Gear Up or Give Up\",\"potentialAction\":[{\"@type\":\"SearchAction\",\"target\":{\"@type\":\"EntryPoint\",\"urlTemplate\":\"https:\/\/staging.lucky-hunter.com\/?s={search_term_string}\"},\"query-input\":{\"@type\":\"PropertyValueSpecification\",\"valueRequired\":true,\"valueName\":\"search_term_string\"}}],\"inLanguage\":\"fr-FR\"}]}<\/script>\n<!-- \/ Yoast SEO plugin. -->","yoast_head_json":{"title":"Porte-bagages arri\u00e8re avec raccord rapide","description":"Pour transporter du gibier, de la nourriture et plus encore. Peut \u00eatre mont\u00e9 sur le crochet d'attelage. Montage et d\u00e9montage rapides gr\u00e2ce","robots":{"index":"noindex","follow":"follow","max-snippet":"max-snippet:-1","max-image-preview":"max-image-preview:large","max-video-preview":"max-video-preview:-1"},"og_locale":"fr_FR","og_type":"article","og_title":"Porte-bagages arri\u00e8re avec raccord rapide","og_description":"Pour transporter du gibier, de la nourriture et plus encore. Peut \u00eatre mont\u00e9 sur le crochet d'attelage. Montage et d\u00e9montage rapides gr\u00e2ce","og_url":"https:\/\/staging.lucky-hunter.com\/fr\/product\/porte-bagages-arriere-avec-raccord-rapide\/","og_site_name":"Lucky-Hunter","article_modified_time":"2025-07-08T11:33:28+00:00","og_image":[{"width":1000,"height":1000,"url":"https:\/\/staging.lucky-hunter.com\/wp-content\/uploads\/2016\/11\/Rear_Carrier.png","type":"image\/png"}],"twitter_card":"summary_large_image","twitter_misc":{"Dur\u00e9e de lecture estim\u00e9e":"1 minute"},"schema":{"@context":"https:\/\/schema.org","@graph":[{"@type":"WebPage","@id":"https:\/\/staging.lucky-hunter.com\/fr\/product\/porte-bagages-arriere-avec-raccord-rapide\/","url":"https:\/\/staging.lucky-hunter.com\/fr\/product\/porte-bagages-arriere-avec-raccord-rapide\/","name":"Porte-bagages arri\u00e8re avec raccord rapide","isPartOf":{"@id":"https:\/\/staging.lucky-hunter.com\/#website"},"primaryImageOfPage":{"@id":"https:\/\/staging.lucky-hunter.com\/fr\/product\/porte-bagages-arriere-avec-raccord-rapide\/#primaryimage"},"image":{"@id":"https:\/\/staging.lucky-hunter.com\/fr\/product\/porte-bagages-arriere-avec-raccord-rapide\/#primaryimage"},"thumbnailUrl":"https:\/\/staging.lucky-hunter.com\/wp-content\/uploads\/2016\/11\/Rear_Carrier.png","datePublished":"2016-11-07T15:02:51+00:00","dateModified":"2025-07-08T11:33:28+00:00","description":"Pour transporter du gibier, de la nourriture et plus encore. Peut \u00eatre mont\u00e9 sur le crochet d'attelage. Montage et d\u00e9montage rapides gr\u00e2ce","breadcrumb":{"@id":"https:\/\/staging.lucky-hunter.com\/fr\/product\/porte-bagages-arriere-avec-raccord-rapide\/#breadcrumb"},"inLanguage":"fr-FR","potentialAction":[{"@type":"ReadAction","target":["https:\/\/staging.lucky-hunter.com\/fr\/product\/porte-bagages-arriere-avec-raccord-rapide\/"]}]},{"@type":"ImageObject","inLanguage":"fr-FR","@id":"https:\/\/staging.lucky-hunter.com\/fr\/product\/porte-bagages-arriere-avec-raccord-rapide\/#primaryimage","url":"https:\/\/staging.lucky-hunter.com\/wp-content\/uploads\/2016\/11\/Rear_Carrier.png","contentUrl":"https:\/\/staging.lucky-hunter.com\/wp-content\/uploads\/2016\/11\/Rear_Carrier.png","width":1000,"height":1000},{"@type":"BreadcrumbList","@id":"https:\/\/staging.lucky-hunter.com\/fr\/product\/porte-bagages-arriere-avec-raccord-rapide\/#breadcrumb","itemListElement":[{"@type":"ListItem","position":1,"name":"Home","item":"https:\/\/staging.lucky-hunter.com\/fr\/"},{"@type":"ListItem","position":2,"name":"Boutique","item":"https:\/\/staging.lucky-hunter.com\/fr\/shop\/"},{"@type":"ListItem","position":3,"name":"Porte-bagages arri\u00e8re avec raccord rapide"}]},{"@type":"WebSite","@id":"https:\/\/staging.lucky-hunter.com\/#website","url":"https:\/\/staging.lucky-hunter.com\/","name":"Lucky-Hunter","description":"Gear Up or Give Up","potentialAction":[{"@type":"SearchAction","target":{"@type":"EntryPoint","urlTemplate":"https:\/\/staging.lucky-hunter.com\/?s={search_term_string}"},"query-input":{"@type":"PropertyValueSpecification","valueRequired":true,"valueName":"search_term_string"}}],"inLanguage":"fr-FR"}]}},"_links":{"self":[{"href":"https:\/\/staging.lucky-hunter.com\/fr\/wp-json\/wp\/v2\/product\/35530"}],"collection":[{"href":"https:\/\/staging.lucky-hunter.com\/fr\/wp-json\/wp\/v2\/product"}],"about":[{"href":"https:\/\/staging.lucky-hunter.com\/fr\/wp-json\/wp\/v2\/types\/product"}],"wp:featuredmedia":[{"embeddable":true,"href":"https:\/\/staging.lucky-hunter.com\/fr\/wp-json\/wp\/v2\/media\/29981"}],"wp:attachment":[{"href":"https:\/\/staging.lucky-hunter.com\/fr\/wp-json\/wp\/v2\/media?parent=35530"}],"wp:term":[{"taxonomy":"product_brand","embeddable":true,"href":"https:\/\/staging.lucky-hunter.com\/fr\/wp-json\/wp\/v2\/product_brand?post=35530"},{"taxonomy":"product_cat","embeddable":true,"href":"https:\/\/staging.lucky-hunter.com\/fr\/wp-json\/wp\/v2\/product_cat?post=35530"},{"taxonomy":"product_tag","embeddable":true,"href":"https:\/\/staging.lucky-hunter.com\/fr\/wp-json\/wp\/v2\/product_tag?post=35530"}],"curies":[{"name":"wp","href":"https:\/\/api.w.org\/{rel}","templated":true}]}}