{"id":35519,"date":"2016-11-07T16:16:59","date_gmt":"2016-11-07T15:16:59","guid":{"rendered":"https:\/\/staging.lucky-hunter.com\/product\/nordik-barrborn-basic-crow\/"},"modified":"2022-11-16T11:30:32","modified_gmt":"2022-11-16T10:30:32","slug":"nordik-barrborn-basic-crow","status":"publish","type":"product","link":"https:\/\/staging.lucky-hunter.com\/fr\/product\/nordik-barrborn-basic-crow\/","title":{"rendered":"Corbeau de base Nordik Barrborn"},"content":{"rendered":"<p>Basic est l&#8217;un des deux appels de jeu de la s\u00e9rie \u00ab <strong>Nordik Barrborn Crow<\/strong> \u00bb. Les appels sont d\u00e9velopp\u00e9s et con\u00e7us par Roger Barrborn en collaboration avec Nordik Predator.<\/p>\n<p>Les appels sont sp\u00e9cialement d\u00e9velopp\u00e9s pour pouvoir produire une grande vari\u00e9t\u00e9 d&#8217;appels et de sons de corbeaux diff\u00e9rents. La conception rend l&#8217;appel tr\u00e8s facile \u00e0 utiliser.<\/p>\n<p>Avec l&#8217;appel <strong>Nordik Barrborn Basic<\/strong>, vous pouvez cr\u00e9er un registre des sons de base plus doux, comme un corbeau d\u00e9clarant la zone s\u00fbre.<\/p>\n<p>Pour utiliser l&#8217;appel, placez l&#8217;embout buccal entre vos l\u00e8vres devant vos dents de devant tout en gardant une distance entre vos dents de devant sup\u00e9rieures et inf\u00e9rieures de 3-4 mm. Commencez par faire un son R grossier sans trop forcer, vous apprendrez bient\u00f4t le son de base que vous pourrez commencer \u00e0 varier.<\/p>\n<p>Une fois que vous avez appris \u00e0 faire un son r\u00e9aliste qui peut \u00eatre utilis\u00e9 comme un appel de contact doux, vous pouvez facilement commencer \u00e0 apprendre \u00e0 faire des sons plus doux et r\u00e9confortants.<\/p>\n<p>En modifiant la force avec laquelle vous pincez ou mordez sur l&#8217;embout buccal, vous remarquerez bient\u00f4t comment la hauteur change, pour ajouter encore plus de variation, utilisez votre main devant la chambre sonore, en ouvrant et en fermant votre main en coupe.<\/p>\n<p>Conseil! Lorsque vous vous sentez \u00e0 l&#8217;aise avec l&#8217;appel, nous vous conseillons d&#8217;utiliser deux appels diff\u00e9rents. J&#8217;utilise les appels <strong>Basic<\/strong> et <strong>Pro<\/strong> ensemble, en alternance entre eux pour cr\u00e9er un &#8220;duetto&#8221; d&#8217;appels. Avec l&#8217;acc\u00e8s aux deux appels, faites varier les sons plus doux de l&#8217;appel de <strong>base<\/strong> avec les appels agressifs de l&#8217;appel <strong>Pro<\/strong>.<\/p>\n","protected":false},"excerpt":{"rendered":"<p>Basic est l&#8217;un des deux appels de jeu de la s\u00e9rie \u00ab <strong>Nordik Barrborn Crow<\/strong> \u00bb. Les appels sont d\u00e9velopp\u00e9s et con\u00e7us par Roger Barrborn en collaboration avec Nordik Predator.\u00a0Vous pouvez cr\u00e9er un registre des sons de base plus doux, comme un corbeau d\u00e9clarant la zone s\u00fbre.<\/p>\n","protected":false},"featured_media":29525,"template":"","meta":[],"product_brand":[8201],"product_cat":[8238],"product_tag":[9443],"yoast_head":"<!-- This site is optimized with the Yoast SEO plugin v24.3 - https:\/\/yoast.com\/wordpress\/plugins\/seo\/ -->\n<title>Corbeau de base Nordik Barrborn<\/title>\n<meta name=\"description\" content=\"Basic est l&#039;un des 2 appels de jeu de la s\u00e9rie &quot;Nordik Barrborn Crow&quot;. Les appels sont d\u00e9velopp\u00e9s et con\u00e7us par Roger Barrborn en collaboration avec Nordik Predator.\" \/>\n<meta name=\"robots\" content=\"noindex, follow, max-snippet:-1, max-image-preview:large, max-video-preview:-1\" \/>\n<meta property=\"og:locale\" content=\"fr_FR\" \/>\n<meta property=\"og:type\" content=\"article\" \/>\n<meta property=\"og:title\" content=\"Corbeau de base Nordik Barrborn\" \/>\n<meta property=\"og:description\" content=\"Basic est l&#039;un des 2 appels de jeu de la s\u00e9rie &quot;Nordik Barrborn Crow&quot;. Les appels sont d\u00e9velopp\u00e9s et con\u00e7us par Roger Barrborn en collaboration avec Nordik Predator.\" \/>\n<meta property=\"og:url\" content=\"https:\/\/staging.lucky-hunter.com\/fr\/product\/nordik-barrborn-basic-crow\/\" \/>\n<meta property=\"og:site_name\" content=\"Lucky-Hunter\" \/>\n<meta property=\"article:modified_time\" content=\"2022-11-16T10:30:32+00:00\" \/>\n<meta property=\"og:image\" content=\"https:\/\/staging.lucky-hunter.com\/wp-content\/uploads\/2016\/11\/LK-22.png\" \/>\n\t<meta property=\"og:image:width\" content=\"1000\" \/>\n\t<meta property=\"og:image:height\" content=\"1000\" \/>\n\t<meta property=\"og:image:type\" content=\"image\/png\" \/>\n<meta name=\"twitter:card\" content=\"summary_large_image\" \/>\n<meta name=\"twitter:label1\" content=\"Dur\u00e9e de lecture estim\u00e9e\" \/>\n\t<meta name=\"twitter:data1\" content=\"2 minutes\" \/>\n<script type=\"application\/ld+json\" class=\"yoast-schema-graph\">{\"@context\":\"https:\/\/schema.org\",\"@graph\":[{\"@type\":\"WebPage\",\"@id\":\"https:\/\/staging.lucky-hunter.com\/fr\/product\/nordik-barrborn-basic-crow\/\",\"url\":\"https:\/\/staging.lucky-hunter.com\/fr\/product\/nordik-barrborn-basic-crow\/\",\"name\":\"Corbeau de base Nordik Barrborn\",\"isPartOf\":{\"@id\":\"https:\/\/staging.lucky-hunter.com\/#website\"},\"primaryImageOfPage\":{\"@id\":\"https:\/\/staging.lucky-hunter.com\/fr\/product\/nordik-barrborn-basic-crow\/#primaryimage\"},\"image\":{\"@id\":\"https:\/\/staging.lucky-hunter.com\/fr\/product\/nordik-barrborn-basic-crow\/#primaryimage\"},\"thumbnailUrl\":\"https:\/\/staging.lucky-hunter.com\/wp-content\/uploads\/2016\/11\/LK-22.png\",\"datePublished\":\"2016-11-07T15:16:59+00:00\",\"dateModified\":\"2022-11-16T10:30:32+00:00\",\"description\":\"Basic est l'un des 2 appels de jeu de la s\u00e9rie \\\"Nordik Barrborn Crow\\\". Les appels sont d\u00e9velopp\u00e9s et con\u00e7us par Roger Barrborn en collaboration avec Nordik Predator.\",\"breadcrumb\":{\"@id\":\"https:\/\/staging.lucky-hunter.com\/fr\/product\/nordik-barrborn-basic-crow\/#breadcrumb\"},\"inLanguage\":\"fr-FR\",\"potentialAction\":[{\"@type\":\"ReadAction\",\"target\":[\"https:\/\/staging.lucky-hunter.com\/fr\/product\/nordik-barrborn-basic-crow\/\"]}]},{\"@type\":\"ImageObject\",\"inLanguage\":\"fr-FR\",\"@id\":\"https:\/\/staging.lucky-hunter.com\/fr\/product\/nordik-barrborn-basic-crow\/#primaryimage\",\"url\":\"https:\/\/staging.lucky-hunter.com\/wp-content\/uploads\/2016\/11\/LK-22.png\",\"contentUrl\":\"https:\/\/staging.lucky-hunter.com\/wp-content\/uploads\/2016\/11\/LK-22.png\",\"width\":1000,\"height\":1000},{\"@type\":\"BreadcrumbList\",\"@id\":\"https:\/\/staging.lucky-hunter.com\/fr\/product\/nordik-barrborn-basic-crow\/#breadcrumb\",\"itemListElement\":[{\"@type\":\"ListItem\",\"position\":1,\"name\":\"Home\",\"item\":\"https:\/\/staging.lucky-hunter.com\/fr\/\"},{\"@type\":\"ListItem\",\"position\":2,\"name\":\"Boutique\",\"item\":\"https:\/\/staging.lucky-hunter.com\/fr\/shop\/\"},{\"@type\":\"ListItem\",\"position\":3,\"name\":\"Corbeau de base Nordik Barrborn\"}]},{\"@type\":\"WebSite\",\"@id\":\"https:\/\/staging.lucky-hunter.com\/#website\",\"url\":\"https:\/\/staging.lucky-hunter.com\/\",\"name\":\"Lucky-Hunter\",\"description\":\"Gear Up or Give Up\",\"potentialAction\":[{\"@type\":\"SearchAction\",\"target\":{\"@type\":\"EntryPoint\",\"urlTemplate\":\"https:\/\/staging.lucky-hunter.com\/?s={search_term_string}\"},\"query-input\":{\"@type\":\"PropertyValueSpecification\",\"valueRequired\":true,\"valueName\":\"search_term_string\"}}],\"inLanguage\":\"fr-FR\"}]}<\/script>\n<!-- \/ Yoast SEO plugin. -->","yoast_head_json":{"title":"Corbeau de base Nordik Barrborn","description":"Basic est l'un des 2 appels de jeu de la s\u00e9rie \"Nordik Barrborn Crow\". Les appels sont d\u00e9velopp\u00e9s et con\u00e7us par Roger Barrborn en collaboration avec Nordik Predator.","robots":{"index":"noindex","follow":"follow","max-snippet":"max-snippet:-1","max-image-preview":"max-image-preview:large","max-video-preview":"max-video-preview:-1"},"og_locale":"fr_FR","og_type":"article","og_title":"Corbeau de base Nordik Barrborn","og_description":"Basic est l'un des 2 appels de jeu de la s\u00e9rie \"Nordik Barrborn Crow\". Les appels sont d\u00e9velopp\u00e9s et con\u00e7us par Roger Barrborn en collaboration avec Nordik Predator.","og_url":"https:\/\/staging.lucky-hunter.com\/fr\/product\/nordik-barrborn-basic-crow\/","og_site_name":"Lucky-Hunter","article_modified_time":"2022-11-16T10:30:32+00:00","og_image":[{"width":1000,"height":1000,"url":"https:\/\/staging.lucky-hunter.com\/wp-content\/uploads\/2016\/11\/LK-22.png","type":"image\/png"}],"twitter_card":"summary_large_image","twitter_misc":{"Dur\u00e9e de lecture estim\u00e9e":"2 minutes"},"schema":{"@context":"https:\/\/schema.org","@graph":[{"@type":"WebPage","@id":"https:\/\/staging.lucky-hunter.com\/fr\/product\/nordik-barrborn-basic-crow\/","url":"https:\/\/staging.lucky-hunter.com\/fr\/product\/nordik-barrborn-basic-crow\/","name":"Corbeau de base Nordik Barrborn","isPartOf":{"@id":"https:\/\/staging.lucky-hunter.com\/#website"},"primaryImageOfPage":{"@id":"https:\/\/staging.lucky-hunter.com\/fr\/product\/nordik-barrborn-basic-crow\/#primaryimage"},"image":{"@id":"https:\/\/staging.lucky-hunter.com\/fr\/product\/nordik-barrborn-basic-crow\/#primaryimage"},"thumbnailUrl":"https:\/\/staging.lucky-hunter.com\/wp-content\/uploads\/2016\/11\/LK-22.png","datePublished":"2016-11-07T15:16:59+00:00","dateModified":"2022-11-16T10:30:32+00:00","description":"Basic est l'un des 2 appels de jeu de la s\u00e9rie \"Nordik Barrborn Crow\". Les appels sont d\u00e9velopp\u00e9s et con\u00e7us par Roger Barrborn en collaboration avec Nordik Predator.","breadcrumb":{"@id":"https:\/\/staging.lucky-hunter.com\/fr\/product\/nordik-barrborn-basic-crow\/#breadcrumb"},"inLanguage":"fr-FR","potentialAction":[{"@type":"ReadAction","target":["https:\/\/staging.lucky-hunter.com\/fr\/product\/nordik-barrborn-basic-crow\/"]}]},{"@type":"ImageObject","inLanguage":"fr-FR","@id":"https:\/\/staging.lucky-hunter.com\/fr\/product\/nordik-barrborn-basic-crow\/#primaryimage","url":"https:\/\/staging.lucky-hunter.com\/wp-content\/uploads\/2016\/11\/LK-22.png","contentUrl":"https:\/\/staging.lucky-hunter.com\/wp-content\/uploads\/2016\/11\/LK-22.png","width":1000,"height":1000},{"@type":"BreadcrumbList","@id":"https:\/\/staging.lucky-hunter.com\/fr\/product\/nordik-barrborn-basic-crow\/#breadcrumb","itemListElement":[{"@type":"ListItem","position":1,"name":"Home","item":"https:\/\/staging.lucky-hunter.com\/fr\/"},{"@type":"ListItem","position":2,"name":"Boutique","item":"https:\/\/staging.lucky-hunter.com\/fr\/shop\/"},{"@type":"ListItem","position":3,"name":"Corbeau de base Nordik Barrborn"}]},{"@type":"WebSite","@id":"https:\/\/staging.lucky-hunter.com\/#website","url":"https:\/\/staging.lucky-hunter.com\/","name":"Lucky-Hunter","description":"Gear Up or Give Up","potentialAction":[{"@type":"SearchAction","target":{"@type":"EntryPoint","urlTemplate":"https:\/\/staging.lucky-hunter.com\/?s={search_term_string}"},"query-input":{"@type":"PropertyValueSpecification","valueRequired":true,"valueName":"search_term_string"}}],"inLanguage":"fr-FR"}]}},"_links":{"self":[{"href":"https:\/\/staging.lucky-hunter.com\/fr\/wp-json\/wp\/v2\/product\/35519"}],"collection":[{"href":"https:\/\/staging.lucky-hunter.com\/fr\/wp-json\/wp\/v2\/product"}],"about":[{"href":"https:\/\/staging.lucky-hunter.com\/fr\/wp-json\/wp\/v2\/types\/product"}],"wp:featuredmedia":[{"embeddable":true,"href":"https:\/\/staging.lucky-hunter.com\/fr\/wp-json\/wp\/v2\/media\/29525"}],"wp:attachment":[{"href":"https:\/\/staging.lucky-hunter.com\/fr\/wp-json\/wp\/v2\/media?parent=35519"}],"wp:term":[{"taxonomy":"product_brand","embeddable":true,"href":"https:\/\/staging.lucky-hunter.com\/fr\/wp-json\/wp\/v2\/product_brand?post=35519"},{"taxonomy":"product_cat","embeddable":true,"href":"https:\/\/staging.lucky-hunter.com\/fr\/wp-json\/wp\/v2\/product_cat?post=35519"},{"taxonomy":"product_tag","embeddable":true,"href":"https:\/\/staging.lucky-hunter.com\/fr\/wp-json\/wp\/v2\/product_tag?post=35519"}],"curies":[{"name":"wp","href":"https:\/\/api.w.org\/{rel}","templated":true}]}}