{"id":35517,"date":"2016-11-07T16:03:40","date_gmt":"2016-11-07T15:03:40","guid":{"rendered":"https:\/\/staging.lucky-hunter.com\/product\/weisskirchen-crow-call\/"},"modified":"2022-11-16T13:37:02","modified_gmt":"2022-11-16T12:37:02","slug":"weisskirchen-crow-call","status":"publish","type":"product","link":"https:\/\/staging.lucky-hunter.com\/fr\/product\/weisskirchen-crow-call\/","title":{"rendered":"Appeau \u00e0 corbeaux Weisskirchen"},"content":{"rendered":"<h1><strong>Imitez le son d&#8217;avertissement du corbeau<\/strong><\/h1>\n<p>Cet appeau est bas\u00e9 sur l&#8217;appeau \u00e0 sanglier de Weisskirchen. Seules les parties internes ont \u00e9t\u00e9 simplifi\u00e9es et un morceau de tuyau tr\u00e8s court a \u00e9t\u00e9 attach\u00e9 comme sourdine.<\/p>\n<p>Tenez l&#8217;appeau \u00e0 corbeaux dans votre paume, soufflez l\u00e9g\u00e8rement dedans et ouvrez et fermez votre paume \u00e0 tour de r\u00f4le afin d\u2019imiter le son court et rugueux d&#8217;avertissement du corbeau (par exemple lorsqu\u2019un corbeau voit un renard).<\/p>\n<p>Si vous retirez le petit morceau de tuyau, le son devient plus aigu.<\/p>\n<p>\u00a0<\/p>\n","protected":false},"excerpt":{"rendered":"<p>Tenez l&#8217;appeau \u00e0 corbeaux dans votre paume, soufflez l\u00e9g\u00e8rement dedans et ouvrez et fermez votre paume \u00e0 tour de r\u00f4le afin d\u2019imiter le son court et rugueux d&#8217;avertissement du corbeau (par exemple lorsqu\u2019un corbeau voit un renard).<\/p>\n","protected":false},"featured_media":29726,"template":"","meta":[],"product_brand":[8203],"product_cat":[8238],"product_tag":[9443],"yoast_head":"<!-- This site is optimized with the Yoast SEO plugin v24.3 - https:\/\/yoast.com\/wordpress\/plugins\/seo\/ -->\n<title>Weisskirchen Crow Call - Imitez le son d&#039;avertissement du corbeau<\/title>\n<meta name=\"description\" content=\"Appel de corbeau souffl\u00e9 facile de l&#039;Allemand Klaus Weisskirchen. Vous pouvez produire un son naturel du son d&#039;avertissement du corbeau lorsqu&#039;il voit un pr\u00e9dateur.\" \/>\n<meta name=\"robots\" content=\"noindex, follow, max-snippet:-1, max-image-preview:large, max-video-preview:-1\" \/>\n<meta property=\"og:locale\" content=\"fr_FR\" \/>\n<meta property=\"og:type\" content=\"article\" \/>\n<meta property=\"og:title\" content=\"Weisskirchen Crow Call - Imitez le son d&#039;avertissement du corbeau\" \/>\n<meta property=\"og:description\" content=\"Appel de corbeau souffl\u00e9 facile de l&#039;Allemand Klaus Weisskirchen. Vous pouvez produire un son naturel du son d&#039;avertissement du corbeau lorsqu&#039;il voit un pr\u00e9dateur.\" \/>\n<meta property=\"og:url\" content=\"https:\/\/staging.lucky-hunter.com\/product\/weisskirchen-crow-call\/\" \/>\n<meta property=\"og:site_name\" content=\"Lucky-Hunter\" \/>\n<meta property=\"article:modified_time\" content=\"2022-11-16T12:37:02+00:00\" \/>\n<meta property=\"og:image\" content=\"https:\/\/staging.lucky-hunter.com\/wp-content\/uploads\/2018\/02\/510506-Kragekald.png\" \/>\n\t<meta property=\"og:image:width\" content=\"1000\" \/>\n\t<meta property=\"og:image:height\" content=\"1000\" \/>\n\t<meta property=\"og:image:type\" content=\"image\/png\" \/>\n<meta name=\"twitter:card\" content=\"summary_large_image\" \/>\n<meta name=\"twitter:label1\" content=\"Dur\u00e9e de lecture estim\u00e9e\" \/>\n\t<meta name=\"twitter:data1\" content=\"1 minute\" \/>\n<script type=\"application\/ld+json\" class=\"yoast-schema-graph\">{\"@context\":\"https:\/\/schema.org\",\"@graph\":[{\"@type\":\"WebPage\",\"@id\":\"https:\/\/staging.lucky-hunter.com\/product\/weisskirchen-crow-call\/\",\"url\":\"https:\/\/staging.lucky-hunter.com\/product\/weisskirchen-crow-call\/\",\"name\":\"Weisskirchen Crow Call - Imitez le son d'avertissement du corbeau\",\"isPartOf\":{\"@id\":\"https:\/\/staging.lucky-hunter.com\/#website\"},\"primaryImageOfPage\":{\"@id\":\"https:\/\/staging.lucky-hunter.com\/product\/weisskirchen-crow-call\/#primaryimage\"},\"image\":{\"@id\":\"https:\/\/staging.lucky-hunter.com\/product\/weisskirchen-crow-call\/#primaryimage\"},\"thumbnailUrl\":\"https:\/\/staging.lucky-hunter.com\/wp-content\/uploads\/2018\/02\/510506-Kragekald.png\",\"datePublished\":\"2016-11-07T15:03:40+00:00\",\"dateModified\":\"2022-11-16T12:37:02+00:00\",\"description\":\"Appel de corbeau souffl\u00e9 facile de l'Allemand Klaus Weisskirchen. Vous pouvez produire un son naturel du son d'avertissement du corbeau lorsqu'il voit un pr\u00e9dateur.\",\"breadcrumb\":{\"@id\":\"https:\/\/staging.lucky-hunter.com\/product\/weisskirchen-crow-call\/#breadcrumb\"},\"inLanguage\":\"fr-FR\",\"potentialAction\":[{\"@type\":\"ReadAction\",\"target\":[\"https:\/\/staging.lucky-hunter.com\/product\/weisskirchen-crow-call\/\"]}]},{\"@type\":\"ImageObject\",\"inLanguage\":\"fr-FR\",\"@id\":\"https:\/\/staging.lucky-hunter.com\/product\/weisskirchen-crow-call\/#primaryimage\",\"url\":\"https:\/\/staging.lucky-hunter.com\/wp-content\/uploads\/2018\/02\/510506-Kragekald.png\",\"contentUrl\":\"https:\/\/staging.lucky-hunter.com\/wp-content\/uploads\/2018\/02\/510506-Kragekald.png\",\"width\":1000,\"height\":1000},{\"@type\":\"BreadcrumbList\",\"@id\":\"https:\/\/staging.lucky-hunter.com\/product\/weisskirchen-crow-call\/#breadcrumb\",\"itemListElement\":[{\"@type\":\"ListItem\",\"position\":1,\"name\":\"Home\",\"item\":\"https:\/\/staging.lucky-hunter.com\/fr\/\"},{\"@type\":\"ListItem\",\"position\":2,\"name\":\"Boutique\",\"item\":\"https:\/\/staging.lucky-hunter.com\/fr\/shop\/\"},{\"@type\":\"ListItem\",\"position\":3,\"name\":\"Appeau \u00e0 corbeaux Weisskirchen\"}]},{\"@type\":\"WebSite\",\"@id\":\"https:\/\/staging.lucky-hunter.com\/#website\",\"url\":\"https:\/\/staging.lucky-hunter.com\/\",\"name\":\"Lucky-Hunter\",\"description\":\"Gear Up or Give Up\",\"potentialAction\":[{\"@type\":\"SearchAction\",\"target\":{\"@type\":\"EntryPoint\",\"urlTemplate\":\"https:\/\/staging.lucky-hunter.com\/?s={search_term_string}\"},\"query-input\":{\"@type\":\"PropertyValueSpecification\",\"valueRequired\":true,\"valueName\":\"search_term_string\"}}],\"inLanguage\":\"fr-FR\"}]}<\/script>\n<!-- \/ Yoast SEO plugin. -->","yoast_head_json":{"title":"Weisskirchen Crow Call - Imitez le son d'avertissement du corbeau","description":"Appel de corbeau souffl\u00e9 facile de l'Allemand Klaus Weisskirchen. Vous pouvez produire un son naturel du son d'avertissement du corbeau lorsqu'il voit un pr\u00e9dateur.","robots":{"index":"noindex","follow":"follow","max-snippet":"max-snippet:-1","max-image-preview":"max-image-preview:large","max-video-preview":"max-video-preview:-1"},"og_locale":"fr_FR","og_type":"article","og_title":"Weisskirchen Crow Call - Imitez le son d'avertissement du corbeau","og_description":"Appel de corbeau souffl\u00e9 facile de l'Allemand Klaus Weisskirchen. Vous pouvez produire un son naturel du son d'avertissement du corbeau lorsqu'il voit un pr\u00e9dateur.","og_url":"https:\/\/staging.lucky-hunter.com\/product\/weisskirchen-crow-call\/","og_site_name":"Lucky-Hunter","article_modified_time":"2022-11-16T12:37:02+00:00","og_image":[{"width":1000,"height":1000,"url":"https:\/\/staging.lucky-hunter.com\/wp-content\/uploads\/2018\/02\/510506-Kragekald.png","type":"image\/png"}],"twitter_card":"summary_large_image","twitter_misc":{"Dur\u00e9e de lecture estim\u00e9e":"1 minute"},"schema":{"@context":"https:\/\/schema.org","@graph":[{"@type":"WebPage","@id":"https:\/\/staging.lucky-hunter.com\/product\/weisskirchen-crow-call\/","url":"https:\/\/staging.lucky-hunter.com\/product\/weisskirchen-crow-call\/","name":"Weisskirchen Crow Call - Imitez le son d'avertissement du corbeau","isPartOf":{"@id":"https:\/\/staging.lucky-hunter.com\/#website"},"primaryImageOfPage":{"@id":"https:\/\/staging.lucky-hunter.com\/product\/weisskirchen-crow-call\/#primaryimage"},"image":{"@id":"https:\/\/staging.lucky-hunter.com\/product\/weisskirchen-crow-call\/#primaryimage"},"thumbnailUrl":"https:\/\/staging.lucky-hunter.com\/wp-content\/uploads\/2018\/02\/510506-Kragekald.png","datePublished":"2016-11-07T15:03:40+00:00","dateModified":"2022-11-16T12:37:02+00:00","description":"Appel de corbeau souffl\u00e9 facile de l'Allemand Klaus Weisskirchen. Vous pouvez produire un son naturel du son d'avertissement du corbeau lorsqu'il voit un pr\u00e9dateur.","breadcrumb":{"@id":"https:\/\/staging.lucky-hunter.com\/product\/weisskirchen-crow-call\/#breadcrumb"},"inLanguage":"fr-FR","potentialAction":[{"@type":"ReadAction","target":["https:\/\/staging.lucky-hunter.com\/product\/weisskirchen-crow-call\/"]}]},{"@type":"ImageObject","inLanguage":"fr-FR","@id":"https:\/\/staging.lucky-hunter.com\/product\/weisskirchen-crow-call\/#primaryimage","url":"https:\/\/staging.lucky-hunter.com\/wp-content\/uploads\/2018\/02\/510506-Kragekald.png","contentUrl":"https:\/\/staging.lucky-hunter.com\/wp-content\/uploads\/2018\/02\/510506-Kragekald.png","width":1000,"height":1000},{"@type":"BreadcrumbList","@id":"https:\/\/staging.lucky-hunter.com\/product\/weisskirchen-crow-call\/#breadcrumb","itemListElement":[{"@type":"ListItem","position":1,"name":"Home","item":"https:\/\/staging.lucky-hunter.com\/fr\/"},{"@type":"ListItem","position":2,"name":"Boutique","item":"https:\/\/staging.lucky-hunter.com\/fr\/shop\/"},{"@type":"ListItem","position":3,"name":"Appeau \u00e0 corbeaux Weisskirchen"}]},{"@type":"WebSite","@id":"https:\/\/staging.lucky-hunter.com\/#website","url":"https:\/\/staging.lucky-hunter.com\/","name":"Lucky-Hunter","description":"Gear Up or Give Up","potentialAction":[{"@type":"SearchAction","target":{"@type":"EntryPoint","urlTemplate":"https:\/\/staging.lucky-hunter.com\/?s={search_term_string}"},"query-input":{"@type":"PropertyValueSpecification","valueRequired":true,"valueName":"search_term_string"}}],"inLanguage":"fr-FR"}]}},"_links":{"self":[{"href":"https:\/\/staging.lucky-hunter.com\/fr\/wp-json\/wp\/v2\/product\/35517"}],"collection":[{"href":"https:\/\/staging.lucky-hunter.com\/fr\/wp-json\/wp\/v2\/product"}],"about":[{"href":"https:\/\/staging.lucky-hunter.com\/fr\/wp-json\/wp\/v2\/types\/product"}],"wp:featuredmedia":[{"embeddable":true,"href":"https:\/\/staging.lucky-hunter.com\/fr\/wp-json\/wp\/v2\/media\/29726"}],"wp:attachment":[{"href":"https:\/\/staging.lucky-hunter.com\/fr\/wp-json\/wp\/v2\/media?parent=35517"}],"wp:term":[{"taxonomy":"product_brand","embeddable":true,"href":"https:\/\/staging.lucky-hunter.com\/fr\/wp-json\/wp\/v2\/product_brand?post=35517"},{"taxonomy":"product_cat","embeddable":true,"href":"https:\/\/staging.lucky-hunter.com\/fr\/wp-json\/wp\/v2\/product_cat?post=35517"},{"taxonomy":"product_tag","embeddable":true,"href":"https:\/\/staging.lucky-hunter.com\/fr\/wp-json\/wp\/v2\/product_tag?post=35517"}],"curies":[{"name":"wp","href":"https:\/\/api.w.org\/{rel}","templated":true}]}}