{"id":35514,"date":"2016-11-07T16:17:05","date_gmt":"2016-11-07T15:17:05","guid":{"rendered":"https:\/\/staging.lucky-hunter.com\/product\/ghg-pro-grade-honker-floaters-rester-pack-4-pcs\/"},"modified":"2022-11-16T11:29:27","modified_gmt":"2022-11-16T10:29:27","slug":"ghg-pro-grade-honker-floaters-rester-pack-4-pcs","status":"publish","type":"product","link":"https:\/\/staging.lucky-hunter.com\/fr\/product\/ghg-pro-grade-honker-floaters-rester-pack-4-pcs\/","title":{"rendered":"GHG Pro-Grade Honker Floaters pack repos &#8211; 4 pi\u00e8ces"},"content":{"rendered":"<p><iframe title=\"GHG Floating Canada Goose Decoys | Decoys For Hunting On Water\" width=\"1020\" height=\"574\" src=\"https:\/\/www.youtube.com\/embed\/TJ7iosS_PHE?wmode=transparent&amp;rel=0&amp;feature=oembed&#038;enablejsapi=1&#038;origin=https:\/\/staging.lucky-hunter.com\" frameborder=\"0\" allow=\"accelerometer; autoplay; clipboard-write; encrypted-media; gyroscope; picture-in-picture\" allowfullscreen><\/iframe><\/p>\n<h2><strong>GHG Honker Floaters &#8211; Pack repos<\/strong><\/h2>\n<p>Le fabriquant am\u00e9ricain Greenhead Gear (GHG) propose des leurres parmi les meilleurs du march\u00e9.<\/p>\n<p>Vous avez ici un ensemble de 4 bernaches du Canada flottantes de la s\u00e9rie PRO Grade, avec t\u00eates floqu\u00e9es et corps peint anti-UV.<\/p>\n<p>Positions de la t\u00eate\u00a0: 2 au repos et 2 \u00e0 demi au repos.<\/p>\n<p>La t\u00eate des leurres peut \u00eatre retir\u00e9e pour faciliter le transport et le stockage.<\/p>\n<p>Utilisez-les seuls dans un ensemble d&#8217;oies d&#8217;eau, ou en combinaison avec des leurres canard pour un look diff\u00e9rent.<\/p>\n<p><strong>Prenez bien soin de vos leurres :<\/strong><\/p>\n<p>Si vous choisissez d&#8217;investir dans des leurres de qualit\u00e9 co\u00fbteux, nous vous recommandons d&#8217;acheter une valise de transport pour les d\u00e9placer vers et depuis la voiture. Le flocage peut s\u2019endommager si les leurres frottent les uns contre les autres, par exemple dans un sac \u00e0 dos.<\/p>\n","protected":false},"excerpt":{"rendered":"<p>Vous avez ici un ensemble de 4 bernaches du Canada flottantes de la s\u00e9rie PRO Grade, avec t\u00eates floqu\u00e9es et corps peint anti-UV.<\/p>\n","protected":false},"featured_media":29352,"template":"","meta":[],"product_brand":[8125],"product_cat":[8178],"product_tag":[9446],"yoast_head":"<!-- This site is optimized with the Yoast SEO plugin v24.3 - https:\/\/yoast.com\/wordpress\/plugins\/seo\/ -->\n<title>GHG Pro-Grade Honker Floaters pack repos - 4 pi\u00e8ces<\/title>\n<meta name=\"description\" content=\"Vous avez ici un ensemble de 4 bernaches du Canada flottantes de la s\u00e9rie PRO Grade, avec t\u00eates floqu\u00e9es et corps peint anti-UV.\" \/>\n<meta name=\"robots\" content=\"noindex, follow, max-snippet:-1, max-image-preview:large, max-video-preview:-1\" \/>\n<meta property=\"og:locale\" content=\"fr_FR\" \/>\n<meta property=\"og:type\" content=\"article\" \/>\n<meta property=\"og:title\" content=\"GHG Pro-Grade Honker Floaters pack repos - 4 pi\u00e8ces\" \/>\n<meta property=\"og:description\" content=\"Vous avez ici un ensemble de 4 bernaches du Canada flottantes de la s\u00e9rie PRO Grade, avec t\u00eates floqu\u00e9es et corps peint anti-UV.\" \/>\n<meta property=\"og:url\" content=\"https:\/\/staging.lucky-hunter.com\/fr\/product\/ghg-pro-grade-honker-floaters-rester-pack-4-pcs\/\" \/>\n<meta property=\"og:site_name\" content=\"Lucky-Hunter\" \/>\n<meta property=\"article:modified_time\" content=\"2022-11-16T10:29:27+00:00\" \/>\n<meta property=\"og:image\" content=\"https:\/\/staging.lucky-hunter.com\/wp-content\/uploads\/2016\/11\/lf-77.png\" \/>\n\t<meta property=\"og:image:width\" content=\"1000\" \/>\n\t<meta property=\"og:image:height\" content=\"1000\" \/>\n\t<meta property=\"og:image:type\" content=\"image\/png\" \/>\n<meta name=\"twitter:card\" content=\"summary_large_image\" \/>\n<meta name=\"twitter:label1\" content=\"Dur\u00e9e de lecture estim\u00e9e\" \/>\n\t<meta name=\"twitter:data1\" content=\"1 minute\" \/>\n<script type=\"application\/ld+json\" class=\"yoast-schema-graph\">{\"@context\":\"https:\/\/schema.org\",\"@graph\":[{\"@type\":\"WebPage\",\"@id\":\"https:\/\/staging.lucky-hunter.com\/fr\/product\/ghg-pro-grade-honker-floaters-rester-pack-4-pcs\/\",\"url\":\"https:\/\/staging.lucky-hunter.com\/fr\/product\/ghg-pro-grade-honker-floaters-rester-pack-4-pcs\/\",\"name\":\"GHG Pro-Grade Honker Floaters pack repos - 4 pi\u00e8ces\",\"isPartOf\":{\"@id\":\"https:\/\/staging.lucky-hunter.com\/#website\"},\"primaryImageOfPage\":{\"@id\":\"https:\/\/staging.lucky-hunter.com\/fr\/product\/ghg-pro-grade-honker-floaters-rester-pack-4-pcs\/#primaryimage\"},\"image\":{\"@id\":\"https:\/\/staging.lucky-hunter.com\/fr\/product\/ghg-pro-grade-honker-floaters-rester-pack-4-pcs\/#primaryimage\"},\"thumbnailUrl\":\"https:\/\/staging.lucky-hunter.com\/wp-content\/uploads\/2016\/11\/lf-77.png\",\"datePublished\":\"2016-11-07T15:17:05+00:00\",\"dateModified\":\"2022-11-16T10:29:27+00:00\",\"description\":\"Vous avez ici un ensemble de 4 bernaches du Canada flottantes de la s\u00e9rie PRO Grade, avec t\u00eates floqu\u00e9es et corps peint anti-UV.\",\"breadcrumb\":{\"@id\":\"https:\/\/staging.lucky-hunter.com\/fr\/product\/ghg-pro-grade-honker-floaters-rester-pack-4-pcs\/#breadcrumb\"},\"inLanguage\":\"fr-FR\",\"potentialAction\":[{\"@type\":\"ReadAction\",\"target\":[\"https:\/\/staging.lucky-hunter.com\/fr\/product\/ghg-pro-grade-honker-floaters-rester-pack-4-pcs\/\"]}]},{\"@type\":\"ImageObject\",\"inLanguage\":\"fr-FR\",\"@id\":\"https:\/\/staging.lucky-hunter.com\/fr\/product\/ghg-pro-grade-honker-floaters-rester-pack-4-pcs\/#primaryimage\",\"url\":\"https:\/\/staging.lucky-hunter.com\/wp-content\/uploads\/2016\/11\/lf-77.png\",\"contentUrl\":\"https:\/\/staging.lucky-hunter.com\/wp-content\/uploads\/2016\/11\/lf-77.png\",\"width\":1000,\"height\":1000},{\"@type\":\"BreadcrumbList\",\"@id\":\"https:\/\/staging.lucky-hunter.com\/fr\/product\/ghg-pro-grade-honker-floaters-rester-pack-4-pcs\/#breadcrumb\",\"itemListElement\":[{\"@type\":\"ListItem\",\"position\":1,\"name\":\"Home\",\"item\":\"https:\/\/staging.lucky-hunter.com\/fr\/\"},{\"@type\":\"ListItem\",\"position\":2,\"name\":\"Boutique\",\"item\":\"https:\/\/staging.lucky-hunter.com\/fr\/shop\/\"},{\"@type\":\"ListItem\",\"position\":3,\"name\":\"GHG Pro-Grade Honker Floaters pack repos &#8211; 4 pi\u00e8ces\"}]},{\"@type\":\"WebSite\",\"@id\":\"https:\/\/staging.lucky-hunter.com\/#website\",\"url\":\"https:\/\/staging.lucky-hunter.com\/\",\"name\":\"Lucky-Hunter\",\"description\":\"Gear Up or Give Up\",\"potentialAction\":[{\"@type\":\"SearchAction\",\"target\":{\"@type\":\"EntryPoint\",\"urlTemplate\":\"https:\/\/staging.lucky-hunter.com\/?s={search_term_string}\"},\"query-input\":{\"@type\":\"PropertyValueSpecification\",\"valueRequired\":true,\"valueName\":\"search_term_string\"}}],\"inLanguage\":\"fr-FR\"}]}<\/script>\n<!-- \/ Yoast SEO plugin. -->","yoast_head_json":{"title":"GHG Pro-Grade Honker Floaters pack repos - 4 pi\u00e8ces","description":"Vous avez ici un ensemble de 4 bernaches du Canada flottantes de la s\u00e9rie PRO Grade, avec t\u00eates floqu\u00e9es et corps peint anti-UV.","robots":{"index":"noindex","follow":"follow","max-snippet":"max-snippet:-1","max-image-preview":"max-image-preview:large","max-video-preview":"max-video-preview:-1"},"og_locale":"fr_FR","og_type":"article","og_title":"GHG Pro-Grade Honker Floaters pack repos - 4 pi\u00e8ces","og_description":"Vous avez ici un ensemble de 4 bernaches du Canada flottantes de la s\u00e9rie PRO Grade, avec t\u00eates floqu\u00e9es et corps peint anti-UV.","og_url":"https:\/\/staging.lucky-hunter.com\/fr\/product\/ghg-pro-grade-honker-floaters-rester-pack-4-pcs\/","og_site_name":"Lucky-Hunter","article_modified_time":"2022-11-16T10:29:27+00:00","og_image":[{"width":1000,"height":1000,"url":"https:\/\/staging.lucky-hunter.com\/wp-content\/uploads\/2016\/11\/lf-77.png","type":"image\/png"}],"twitter_card":"summary_large_image","twitter_misc":{"Dur\u00e9e de lecture estim\u00e9e":"1 minute"},"schema":{"@context":"https:\/\/schema.org","@graph":[{"@type":"WebPage","@id":"https:\/\/staging.lucky-hunter.com\/fr\/product\/ghg-pro-grade-honker-floaters-rester-pack-4-pcs\/","url":"https:\/\/staging.lucky-hunter.com\/fr\/product\/ghg-pro-grade-honker-floaters-rester-pack-4-pcs\/","name":"GHG Pro-Grade Honker Floaters pack repos - 4 pi\u00e8ces","isPartOf":{"@id":"https:\/\/staging.lucky-hunter.com\/#website"},"primaryImageOfPage":{"@id":"https:\/\/staging.lucky-hunter.com\/fr\/product\/ghg-pro-grade-honker-floaters-rester-pack-4-pcs\/#primaryimage"},"image":{"@id":"https:\/\/staging.lucky-hunter.com\/fr\/product\/ghg-pro-grade-honker-floaters-rester-pack-4-pcs\/#primaryimage"},"thumbnailUrl":"https:\/\/staging.lucky-hunter.com\/wp-content\/uploads\/2016\/11\/lf-77.png","datePublished":"2016-11-07T15:17:05+00:00","dateModified":"2022-11-16T10:29:27+00:00","description":"Vous avez ici un ensemble de 4 bernaches du Canada flottantes de la s\u00e9rie PRO Grade, avec t\u00eates floqu\u00e9es et corps peint anti-UV.","breadcrumb":{"@id":"https:\/\/staging.lucky-hunter.com\/fr\/product\/ghg-pro-grade-honker-floaters-rester-pack-4-pcs\/#breadcrumb"},"inLanguage":"fr-FR","potentialAction":[{"@type":"ReadAction","target":["https:\/\/staging.lucky-hunter.com\/fr\/product\/ghg-pro-grade-honker-floaters-rester-pack-4-pcs\/"]}]},{"@type":"ImageObject","inLanguage":"fr-FR","@id":"https:\/\/staging.lucky-hunter.com\/fr\/product\/ghg-pro-grade-honker-floaters-rester-pack-4-pcs\/#primaryimage","url":"https:\/\/staging.lucky-hunter.com\/wp-content\/uploads\/2016\/11\/lf-77.png","contentUrl":"https:\/\/staging.lucky-hunter.com\/wp-content\/uploads\/2016\/11\/lf-77.png","width":1000,"height":1000},{"@type":"BreadcrumbList","@id":"https:\/\/staging.lucky-hunter.com\/fr\/product\/ghg-pro-grade-honker-floaters-rester-pack-4-pcs\/#breadcrumb","itemListElement":[{"@type":"ListItem","position":1,"name":"Home","item":"https:\/\/staging.lucky-hunter.com\/fr\/"},{"@type":"ListItem","position":2,"name":"Boutique","item":"https:\/\/staging.lucky-hunter.com\/fr\/shop\/"},{"@type":"ListItem","position":3,"name":"GHG Pro-Grade Honker Floaters pack repos &#8211; 4 pi\u00e8ces"}]},{"@type":"WebSite","@id":"https:\/\/staging.lucky-hunter.com\/#website","url":"https:\/\/staging.lucky-hunter.com\/","name":"Lucky-Hunter","description":"Gear Up or Give Up","potentialAction":[{"@type":"SearchAction","target":{"@type":"EntryPoint","urlTemplate":"https:\/\/staging.lucky-hunter.com\/?s={search_term_string}"},"query-input":{"@type":"PropertyValueSpecification","valueRequired":true,"valueName":"search_term_string"}}],"inLanguage":"fr-FR"}]}},"_links":{"self":[{"href":"https:\/\/staging.lucky-hunter.com\/fr\/wp-json\/wp\/v2\/product\/35514"}],"collection":[{"href":"https:\/\/staging.lucky-hunter.com\/fr\/wp-json\/wp\/v2\/product"}],"about":[{"href":"https:\/\/staging.lucky-hunter.com\/fr\/wp-json\/wp\/v2\/types\/product"}],"wp:featuredmedia":[{"embeddable":true,"href":"https:\/\/staging.lucky-hunter.com\/fr\/wp-json\/wp\/v2\/media\/29352"}],"wp:attachment":[{"href":"https:\/\/staging.lucky-hunter.com\/fr\/wp-json\/wp\/v2\/media?parent=35514"}],"wp:term":[{"taxonomy":"product_brand","embeddable":true,"href":"https:\/\/staging.lucky-hunter.com\/fr\/wp-json\/wp\/v2\/product_brand?post=35514"},{"taxonomy":"product_cat","embeddable":true,"href":"https:\/\/staging.lucky-hunter.com\/fr\/wp-json\/wp\/v2\/product_cat?post=35514"},{"taxonomy":"product_tag","embeddable":true,"href":"https:\/\/staging.lucky-hunter.com\/fr\/wp-json\/wp\/v2\/product_tag?post=35514"}],"curies":[{"name":"wp","href":"https:\/\/api.w.org\/{rel}","templated":true}]}}