{"id":35512,"date":"2016-11-07T16:10:44","date_gmt":"2016-11-07T15:10:44","guid":{"rendered":"https:\/\/staging.lucky-hunter.com\/product\/avery-power-hunter-snow-cover\/"},"modified":"2022-11-16T13:16:00","modified_gmt":"2022-11-16T12:16:00","slug":"avery-power-hunter-snow-cover","status":"publish","type":"product","link":"https:\/\/staging.lucky-hunter.com\/fr\/product\/avery-power-hunter-snow-cover\/","title":{"rendered":"Camouflage Neige Avery Power Hunter"},"content":{"rendered":"<h2><strong>Camouflage Neige Avery Power Hunter &#8211; camouflez votre aff\u00fbt couch\u00e9 selon la saison<\/strong><\/h2>\n<p>Le camouflage neige se r\u00e9v\u00e8le tr\u00e8s utile pour dissimuler votre aff\u00fbt couch\u00e9 lorsqu\u2019il y a de la neige dans le champ ou lorsque vous utilisez des formes de cygnes pour chasser.<\/p>\n<p>Les formes de cygnes sont excellentes pour attirer le regard des oies tout en leur faisant croire que votre zone de chasse est un endroit paisible qui contient de la nourriture. Avec le camouflage neige, votre aff\u00fbt pourra passer inaper\u00e7u au milieu des formes de cygnes.<\/p>\n<p>Le camouflage s\u2019enfile facilement sur l\u2019aff\u00fbt couch\u00e9 mais veillez \u00e0 choisir le mod\u00e8le qui s&#8217;adapte exactement \u00e0 votre aff\u00fbt, afin d\u2019\u00e9viter que l&#8217;exc\u00e8s de tissu ne batte au vente et ne vienne perturber votre chasse.<\/p>\n<p><strong>Caract\u00e9ristiques\u00a0:<\/strong><\/p>\n<ul>\n<li>Fabriqu\u00e9 en tissu r\u00e9sistant aux UV<\/li>\n<li>Trous de drapeau des deux c\u00f4t\u00e9s pour les drapeaux d&#8217;oies<\/li>\n<li>Sangles pour se camoufler gr\u00e2ce aux herbes pr\u00e9sentes dans le champ<\/li>\n<li>Bord \u00e9lastique qui assure un ajustement parfait<\/li>\n<li>Taille : H 52 cm l 92 cm L 205 cm<\/li>\n<\/ul>\n<p>*Aff\u00fbt Power Hunter vendu s\u00e9par\u00e9ment<\/p>\n","protected":false},"excerpt":{"rendered":"<p>Le camouflage neige se r\u00e9v\u00e8le tr\u00e8s utile pour dissimuler votre aff\u00fbt couch\u00e9 lorsqu\u2019il y a de la neige dans le champ ou lorsque vous utilisez des formes de cygnes pour chasser.<\/p>\n","protected":false},"featured_media":29966,"template":"","meta":[],"product_brand":[8123],"product_cat":[8164],"product_tag":[9446,9235],"yoast_head":"<!-- This site is optimized with the Yoast SEO plugin v24.3 - https:\/\/yoast.com\/wordpress\/plugins\/seo\/ -->\n<title>Camouflage Neige pour Aff\u00fbt Couch\u00e9 Avery Power Hunter | Lucky Hunter.com<\/title>\n<meta name=\"description\" content=\"Le camouflage neige se r\u00e9v\u00e8le tr\u00e8s utile pour dissimuler votre aff\u00fbt couch\u00e9 lorsqu\u2019il y a de la neige dans le champ ou lorsque vous utilisez des formes de cygnes pour chasser.\" \/>\n<meta name=\"robots\" content=\"noindex, follow, max-snippet:-1, max-image-preview:large, max-video-preview:-1\" \/>\n<meta property=\"og:locale\" content=\"fr_FR\" \/>\n<meta property=\"og:type\" content=\"article\" \/>\n<meta property=\"og:title\" content=\"Camouflage Neige pour Aff\u00fbt Couch\u00e9 Avery Power Hunter | Lucky Hunter.com\" \/>\n<meta property=\"og:description\" content=\"Le camouflage neige se r\u00e9v\u00e8le tr\u00e8s utile pour dissimuler votre aff\u00fbt couch\u00e9 lorsqu\u2019il y a de la neige dans le champ ou lorsque vous utilisez des formes de cygnes pour chasser.\" \/>\n<meta property=\"og:url\" content=\"https:\/\/staging.lucky-hunter.com\/fr\/product\/avery-power-hunter-snow-cover\/\" \/>\n<meta property=\"og:site_name\" content=\"Lucky-Hunter\" \/>\n<meta property=\"article:modified_time\" content=\"2022-11-16T12:16:00+00:00\" \/>\n<meta property=\"og:image\" content=\"https:\/\/staging.lucky-hunter.com\/wp-content\/uploads\/2016\/11\/LF-40-2019.png\" \/>\n\t<meta property=\"og:image:width\" content=\"1000\" \/>\n\t<meta property=\"og:image:height\" content=\"1000\" \/>\n\t<meta property=\"og:image:type\" content=\"image\/png\" \/>\n<meta name=\"twitter:card\" content=\"summary_large_image\" \/>\n<meta name=\"twitter:label1\" content=\"Dur\u00e9e de lecture estim\u00e9e\" \/>\n\t<meta name=\"twitter:data1\" content=\"1 minute\" \/>\n<script type=\"application\/ld+json\" class=\"yoast-schema-graph\">{\"@context\":\"https:\/\/schema.org\",\"@graph\":[{\"@type\":\"WebPage\",\"@id\":\"https:\/\/staging.lucky-hunter.com\/fr\/product\/avery-power-hunter-snow-cover\/\",\"url\":\"https:\/\/staging.lucky-hunter.com\/fr\/product\/avery-power-hunter-snow-cover\/\",\"name\":\"Camouflage Neige pour Aff\u00fbt Couch\u00e9 Avery Power Hunter | Lucky Hunter.com\",\"isPartOf\":{\"@id\":\"https:\/\/staging.lucky-hunter.com\/#website\"},\"primaryImageOfPage\":{\"@id\":\"https:\/\/staging.lucky-hunter.com\/fr\/product\/avery-power-hunter-snow-cover\/#primaryimage\"},\"image\":{\"@id\":\"https:\/\/staging.lucky-hunter.com\/fr\/product\/avery-power-hunter-snow-cover\/#primaryimage\"},\"thumbnailUrl\":\"https:\/\/staging.lucky-hunter.com\/wp-content\/uploads\/2016\/11\/LF-40-2019.png\",\"datePublished\":\"2016-11-07T15:10:44+00:00\",\"dateModified\":\"2022-11-16T12:16:00+00:00\",\"description\":\"Le camouflage neige se r\u00e9v\u00e8le tr\u00e8s utile pour dissimuler votre aff\u00fbt couch\u00e9 lorsqu\u2019il y a de la neige dans le champ ou lorsque vous utilisez des formes de cygnes pour chasser.\",\"breadcrumb\":{\"@id\":\"https:\/\/staging.lucky-hunter.com\/fr\/product\/avery-power-hunter-snow-cover\/#breadcrumb\"},\"inLanguage\":\"fr-FR\",\"potentialAction\":[{\"@type\":\"ReadAction\",\"target\":[\"https:\/\/staging.lucky-hunter.com\/fr\/product\/avery-power-hunter-snow-cover\/\"]}]},{\"@type\":\"ImageObject\",\"inLanguage\":\"fr-FR\",\"@id\":\"https:\/\/staging.lucky-hunter.com\/fr\/product\/avery-power-hunter-snow-cover\/#primaryimage\",\"url\":\"https:\/\/staging.lucky-hunter.com\/wp-content\/uploads\/2016\/11\/LF-40-2019.png\",\"contentUrl\":\"https:\/\/staging.lucky-hunter.com\/wp-content\/uploads\/2016\/11\/LF-40-2019.png\",\"width\":1000,\"height\":1000},{\"@type\":\"BreadcrumbList\",\"@id\":\"https:\/\/staging.lucky-hunter.com\/fr\/product\/avery-power-hunter-snow-cover\/#breadcrumb\",\"itemListElement\":[{\"@type\":\"ListItem\",\"position\":1,\"name\":\"Home\",\"item\":\"https:\/\/staging.lucky-hunter.com\/fr\/\"},{\"@type\":\"ListItem\",\"position\":2,\"name\":\"Boutique\",\"item\":\"https:\/\/staging.lucky-hunter.com\/fr\/shop\/\"},{\"@type\":\"ListItem\",\"position\":3,\"name\":\"Camouflage Neige Avery Power Hunter\"}]},{\"@type\":\"WebSite\",\"@id\":\"https:\/\/staging.lucky-hunter.com\/#website\",\"url\":\"https:\/\/staging.lucky-hunter.com\/\",\"name\":\"Lucky-Hunter\",\"description\":\"Gear Up or Give Up\",\"potentialAction\":[{\"@type\":\"SearchAction\",\"target\":{\"@type\":\"EntryPoint\",\"urlTemplate\":\"https:\/\/staging.lucky-hunter.com\/?s={search_term_string}\"},\"query-input\":{\"@type\":\"PropertyValueSpecification\",\"valueRequired\":true,\"valueName\":\"search_term_string\"}}],\"inLanguage\":\"fr-FR\"}]}<\/script>\n<!-- \/ Yoast SEO plugin. -->","yoast_head_json":{"title":"Camouflage Neige pour Aff\u00fbt Couch\u00e9 Avery Power Hunter | Lucky Hunter.com","description":"Le camouflage neige se r\u00e9v\u00e8le tr\u00e8s utile pour dissimuler votre aff\u00fbt couch\u00e9 lorsqu\u2019il y a de la neige dans le champ ou lorsque vous utilisez des formes de cygnes pour chasser.","robots":{"index":"noindex","follow":"follow","max-snippet":"max-snippet:-1","max-image-preview":"max-image-preview:large","max-video-preview":"max-video-preview:-1"},"og_locale":"fr_FR","og_type":"article","og_title":"Camouflage Neige pour Aff\u00fbt Couch\u00e9 Avery Power Hunter | Lucky Hunter.com","og_description":"Le camouflage neige se r\u00e9v\u00e8le tr\u00e8s utile pour dissimuler votre aff\u00fbt couch\u00e9 lorsqu\u2019il y a de la neige dans le champ ou lorsque vous utilisez des formes de cygnes pour chasser.","og_url":"https:\/\/staging.lucky-hunter.com\/fr\/product\/avery-power-hunter-snow-cover\/","og_site_name":"Lucky-Hunter","article_modified_time":"2022-11-16T12:16:00+00:00","og_image":[{"width":1000,"height":1000,"url":"https:\/\/staging.lucky-hunter.com\/wp-content\/uploads\/2016\/11\/LF-40-2019.png","type":"image\/png"}],"twitter_card":"summary_large_image","twitter_misc":{"Dur\u00e9e de lecture estim\u00e9e":"1 minute"},"schema":{"@context":"https:\/\/schema.org","@graph":[{"@type":"WebPage","@id":"https:\/\/staging.lucky-hunter.com\/fr\/product\/avery-power-hunter-snow-cover\/","url":"https:\/\/staging.lucky-hunter.com\/fr\/product\/avery-power-hunter-snow-cover\/","name":"Camouflage Neige pour Aff\u00fbt Couch\u00e9 Avery Power Hunter | Lucky Hunter.com","isPartOf":{"@id":"https:\/\/staging.lucky-hunter.com\/#website"},"primaryImageOfPage":{"@id":"https:\/\/staging.lucky-hunter.com\/fr\/product\/avery-power-hunter-snow-cover\/#primaryimage"},"image":{"@id":"https:\/\/staging.lucky-hunter.com\/fr\/product\/avery-power-hunter-snow-cover\/#primaryimage"},"thumbnailUrl":"https:\/\/staging.lucky-hunter.com\/wp-content\/uploads\/2016\/11\/LF-40-2019.png","datePublished":"2016-11-07T15:10:44+00:00","dateModified":"2022-11-16T12:16:00+00:00","description":"Le camouflage neige se r\u00e9v\u00e8le tr\u00e8s utile pour dissimuler votre aff\u00fbt couch\u00e9 lorsqu\u2019il y a de la neige dans le champ ou lorsque vous utilisez des formes de cygnes pour chasser.","breadcrumb":{"@id":"https:\/\/staging.lucky-hunter.com\/fr\/product\/avery-power-hunter-snow-cover\/#breadcrumb"},"inLanguage":"fr-FR","potentialAction":[{"@type":"ReadAction","target":["https:\/\/staging.lucky-hunter.com\/fr\/product\/avery-power-hunter-snow-cover\/"]}]},{"@type":"ImageObject","inLanguage":"fr-FR","@id":"https:\/\/staging.lucky-hunter.com\/fr\/product\/avery-power-hunter-snow-cover\/#primaryimage","url":"https:\/\/staging.lucky-hunter.com\/wp-content\/uploads\/2016\/11\/LF-40-2019.png","contentUrl":"https:\/\/staging.lucky-hunter.com\/wp-content\/uploads\/2016\/11\/LF-40-2019.png","width":1000,"height":1000},{"@type":"BreadcrumbList","@id":"https:\/\/staging.lucky-hunter.com\/fr\/product\/avery-power-hunter-snow-cover\/#breadcrumb","itemListElement":[{"@type":"ListItem","position":1,"name":"Home","item":"https:\/\/staging.lucky-hunter.com\/fr\/"},{"@type":"ListItem","position":2,"name":"Boutique","item":"https:\/\/staging.lucky-hunter.com\/fr\/shop\/"},{"@type":"ListItem","position":3,"name":"Camouflage Neige Avery Power Hunter"}]},{"@type":"WebSite","@id":"https:\/\/staging.lucky-hunter.com\/#website","url":"https:\/\/staging.lucky-hunter.com\/","name":"Lucky-Hunter","description":"Gear Up or Give Up","potentialAction":[{"@type":"SearchAction","target":{"@type":"EntryPoint","urlTemplate":"https:\/\/staging.lucky-hunter.com\/?s={search_term_string}"},"query-input":{"@type":"PropertyValueSpecification","valueRequired":true,"valueName":"search_term_string"}}],"inLanguage":"fr-FR"}]}},"_links":{"self":[{"href":"https:\/\/staging.lucky-hunter.com\/fr\/wp-json\/wp\/v2\/product\/35512"}],"collection":[{"href":"https:\/\/staging.lucky-hunter.com\/fr\/wp-json\/wp\/v2\/product"}],"about":[{"href":"https:\/\/staging.lucky-hunter.com\/fr\/wp-json\/wp\/v2\/types\/product"}],"wp:featuredmedia":[{"embeddable":true,"href":"https:\/\/staging.lucky-hunter.com\/fr\/wp-json\/wp\/v2\/media\/29966"}],"wp:attachment":[{"href":"https:\/\/staging.lucky-hunter.com\/fr\/wp-json\/wp\/v2\/media?parent=35512"}],"wp:term":[{"taxonomy":"product_brand","embeddable":true,"href":"https:\/\/staging.lucky-hunter.com\/fr\/wp-json\/wp\/v2\/product_brand?post=35512"},{"taxonomy":"product_cat","embeddable":true,"href":"https:\/\/staging.lucky-hunter.com\/fr\/wp-json\/wp\/v2\/product_cat?post=35512"},{"taxonomy":"product_tag","embeddable":true,"href":"https:\/\/staging.lucky-hunter.com\/fr\/wp-json\/wp\/v2\/product_tag?post=35512"}],"curies":[{"name":"wp","href":"https:\/\/api.w.org\/{rel}","templated":true}]}}