{"id":35502,"date":"2022-09-07T14:39:09","date_gmt":"2022-09-07T12:39:09","guid":{"rendered":"https:\/\/staging.lucky-hunter.com\/product\/banded-100-watertight-glove-ideal-for-duck-and-goose-hunting\/"},"modified":"2025-06-24T14:05:23","modified_gmt":"2025-06-24T12:05:23","slug":"gant-banded-100-etanche-ideal-pour-la-chasse-au-canard-et-a-loie","status":"publish","type":"product","link":"https:\/\/staging.lucky-hunter.com\/fr\/product\/gant-banded-100-etanche-ideal-pour-la-chasse-au-canard-et-a-loie\/","title":{"rendered":"Gant Watertight Dexterity &#8211; Banded The Decoy Glove"},"content":{"rendered":"<h2><strong>Gant 100% \u00e9tanche &#8211; Id\u00e9al pour la chasse au canard et \u00e0 l&#8217;oie<\/strong><\/h2>\n<div>\n<div>Le Gant \u00e0 Blette Banded Watertight Dexterity &#8211; THE DECOY GLOVE maintient sa souplesse jusqu&#8217;\u00e0 -30 degr\u00e9s.<\/div>\n<div><\/div>\n<div>Un Gant \u00e0 Blette sans \u00e9gal : 100% \u00e9tanche, sans coutures et offrant une grande dext\u00e9rit\u00e9<\/div>\n<div><\/div>\n<div>Le rev\u00eatement textur\u00e9 et robuste procure adh\u00e9rence et r\u00e9sistance \u00e0 l&#8217;abrasion. Confortable et flexible, le design \u00e0 poignet long prot\u00e8ge de l&#8217;eau, de la glace et de la neige.<\/div>\n<div><\/div>\n<div>Disponibles dans la couleur Iconic Crabber Orange, pour que vous puissiez les trouver facilement. Pourquoi sans camouflage ? Parce qu\u2019ils ne sont pas faits pour l\u2019aff\u00fbt. Ils sont faits pour tout ce qui vient avant et apr\u00e8s la chasse (Blettes, Chaume, etc.).<\/div>\n<div><\/div>\n<\/div>\n<div>Mod\u00e8le \u00e0 taille unique.<\/div>\n","protected":false},"excerpt":{"rendered":"<div>Le Gant \u00e0 Blette Banded Watertight Dexterity &#8211; THE DECOY GLOVE maintient sa souplesse jusqu&#8217;\u00e0 -30 degr\u00e9s.<\/div>\n<div><\/div>\n","protected":false},"featured_media":54547,"template":"","meta":[],"product_brand":[8137],"product_cat":[9215],"product_tag":[9235],"yoast_head":"<!-- This site is optimized with the Yoast SEO plugin v24.3 - https:\/\/yoast.com\/wordpress\/plugins\/seo\/ -->\n<title>Gant Banded 100% \u00e9tanche - Id\u00e9al pour la chasse au canard et \u00e0 l&#039;oie<\/title>\n<meta name=\"description\" content=\"Le Gant \u00e0 Blette Banded Watertight Dexterity - THE DECOY GLOVE maintient sa souplesse jusqu&#039;\u00e0 -30 degr\u00e9s. Doublure isolante sans couture.\" \/>\n<meta name=\"robots\" content=\"noindex, follow, max-snippet:-1, max-image-preview:large, max-video-preview:-1\" \/>\n<meta property=\"og:locale\" content=\"fr_FR\" \/>\n<meta property=\"og:type\" content=\"article\" \/>\n<meta property=\"og:title\" content=\"Gant Banded 100% \u00e9tanche - Id\u00e9al pour la chasse au canard et \u00e0 l&#039;oie\" \/>\n<meta property=\"og:description\" content=\"Le Gant \u00e0 Blette Banded Watertight Dexterity - THE DECOY GLOVE maintient sa souplesse jusqu&#039;\u00e0 -30 degr\u00e9s. Doublure isolante sans couture.\" \/>\n<meta property=\"og:url\" content=\"https:\/\/staging.lucky-hunter.com\/fr\/product\/gant-banded-100-etanche-ideal-pour-la-chasse-au-canard-et-a-loie\/\" \/>\n<meta property=\"og:site_name\" content=\"Lucky-Hunter\" \/>\n<meta property=\"article:modified_time\" content=\"2025-06-24T12:05:23+00:00\" \/>\n<meta property=\"og:image\" content=\"https:\/\/staging.lucky-hunter.com\/wp-content\/uploads\/2022\/09\/JB-0294.png\" \/>\n\t<meta property=\"og:image:width\" content=\"1000\" \/>\n\t<meta property=\"og:image:height\" content=\"1000\" \/>\n\t<meta property=\"og:image:type\" content=\"image\/png\" \/>\n<meta name=\"twitter:card\" content=\"summary_large_image\" \/>\n<meta name=\"twitter:label1\" content=\"Dur\u00e9e de lecture estim\u00e9e\" \/>\n\t<meta name=\"twitter:data1\" content=\"1 minute\" \/>\n<script type=\"application\/ld+json\" class=\"yoast-schema-graph\">{\"@context\":\"https:\/\/schema.org\",\"@graph\":[{\"@type\":\"WebPage\",\"@id\":\"https:\/\/staging.lucky-hunter.com\/fr\/product\/gant-banded-100-etanche-ideal-pour-la-chasse-au-canard-et-a-loie\/\",\"url\":\"https:\/\/staging.lucky-hunter.com\/fr\/product\/gant-banded-100-etanche-ideal-pour-la-chasse-au-canard-et-a-loie\/\",\"name\":\"Gant Banded 100% \u00e9tanche - Id\u00e9al pour la chasse au canard et \u00e0 l'oie\",\"isPartOf\":{\"@id\":\"https:\/\/staging.lucky-hunter.com\/#website\"},\"primaryImageOfPage\":{\"@id\":\"https:\/\/staging.lucky-hunter.com\/fr\/product\/gant-banded-100-etanche-ideal-pour-la-chasse-au-canard-et-a-loie\/#primaryimage\"},\"image\":{\"@id\":\"https:\/\/staging.lucky-hunter.com\/fr\/product\/gant-banded-100-etanche-ideal-pour-la-chasse-au-canard-et-a-loie\/#primaryimage\"},\"thumbnailUrl\":\"https:\/\/staging.lucky-hunter.com\/wp-content\/uploads\/2022\/09\/JB-0294.png\",\"datePublished\":\"2022-09-07T12:39:09+00:00\",\"dateModified\":\"2025-06-24T12:05:23+00:00\",\"description\":\"Le Gant \u00e0 Blette Banded Watertight Dexterity - THE DECOY GLOVE maintient sa souplesse jusqu'\u00e0 -30 degr\u00e9s. Doublure isolante sans couture.\",\"breadcrumb\":{\"@id\":\"https:\/\/staging.lucky-hunter.com\/fr\/product\/gant-banded-100-etanche-ideal-pour-la-chasse-au-canard-et-a-loie\/#breadcrumb\"},\"inLanguage\":\"fr-FR\",\"potentialAction\":[{\"@type\":\"ReadAction\",\"target\":[\"https:\/\/staging.lucky-hunter.com\/fr\/product\/gant-banded-100-etanche-ideal-pour-la-chasse-au-canard-et-a-loie\/\"]}]},{\"@type\":\"ImageObject\",\"inLanguage\":\"fr-FR\",\"@id\":\"https:\/\/staging.lucky-hunter.com\/fr\/product\/gant-banded-100-etanche-ideal-pour-la-chasse-au-canard-et-a-loie\/#primaryimage\",\"url\":\"https:\/\/staging.lucky-hunter.com\/wp-content\/uploads\/2022\/09\/JB-0294.png\",\"contentUrl\":\"https:\/\/staging.lucky-hunter.com\/wp-content\/uploads\/2022\/09\/JB-0294.png\",\"width\":1000,\"height\":1000},{\"@type\":\"BreadcrumbList\",\"@id\":\"https:\/\/staging.lucky-hunter.com\/fr\/product\/gant-banded-100-etanche-ideal-pour-la-chasse-au-canard-et-a-loie\/#breadcrumb\",\"itemListElement\":[{\"@type\":\"ListItem\",\"position\":1,\"name\":\"Home\",\"item\":\"https:\/\/staging.lucky-hunter.com\/fr\/\"},{\"@type\":\"ListItem\",\"position\":2,\"name\":\"Boutique\",\"item\":\"https:\/\/staging.lucky-hunter.com\/fr\/shop\/\"},{\"@type\":\"ListItem\",\"position\":3,\"name\":\"Gant Watertight Dexterity &#8211; Banded The Decoy Glove\"}]},{\"@type\":\"WebSite\",\"@id\":\"https:\/\/staging.lucky-hunter.com\/#website\",\"url\":\"https:\/\/staging.lucky-hunter.com\/\",\"name\":\"Lucky-Hunter\",\"description\":\"Gear Up or Give Up\",\"potentialAction\":[{\"@type\":\"SearchAction\",\"target\":{\"@type\":\"EntryPoint\",\"urlTemplate\":\"https:\/\/staging.lucky-hunter.com\/?s={search_term_string}\"},\"query-input\":{\"@type\":\"PropertyValueSpecification\",\"valueRequired\":true,\"valueName\":\"search_term_string\"}}],\"inLanguage\":\"fr-FR\"}]}<\/script>\n<!-- \/ Yoast SEO plugin. -->","yoast_head_json":{"title":"Gant Banded 100% \u00e9tanche - Id\u00e9al pour la chasse au canard et \u00e0 l'oie","description":"Le Gant \u00e0 Blette Banded Watertight Dexterity - THE DECOY GLOVE maintient sa souplesse jusqu'\u00e0 -30 degr\u00e9s. Doublure isolante sans couture.","robots":{"index":"noindex","follow":"follow","max-snippet":"max-snippet:-1","max-image-preview":"max-image-preview:large","max-video-preview":"max-video-preview:-1"},"og_locale":"fr_FR","og_type":"article","og_title":"Gant Banded 100% \u00e9tanche - Id\u00e9al pour la chasse au canard et \u00e0 l'oie","og_description":"Le Gant \u00e0 Blette Banded Watertight Dexterity - THE DECOY GLOVE maintient sa souplesse jusqu'\u00e0 -30 degr\u00e9s. Doublure isolante sans couture.","og_url":"https:\/\/staging.lucky-hunter.com\/fr\/product\/gant-banded-100-etanche-ideal-pour-la-chasse-au-canard-et-a-loie\/","og_site_name":"Lucky-Hunter","article_modified_time":"2025-06-24T12:05:23+00:00","og_image":[{"width":1000,"height":1000,"url":"https:\/\/staging.lucky-hunter.com\/wp-content\/uploads\/2022\/09\/JB-0294.png","type":"image\/png"}],"twitter_card":"summary_large_image","twitter_misc":{"Dur\u00e9e de lecture estim\u00e9e":"1 minute"},"schema":{"@context":"https:\/\/schema.org","@graph":[{"@type":"WebPage","@id":"https:\/\/staging.lucky-hunter.com\/fr\/product\/gant-banded-100-etanche-ideal-pour-la-chasse-au-canard-et-a-loie\/","url":"https:\/\/staging.lucky-hunter.com\/fr\/product\/gant-banded-100-etanche-ideal-pour-la-chasse-au-canard-et-a-loie\/","name":"Gant Banded 100% \u00e9tanche - Id\u00e9al pour la chasse au canard et \u00e0 l'oie","isPartOf":{"@id":"https:\/\/staging.lucky-hunter.com\/#website"},"primaryImageOfPage":{"@id":"https:\/\/staging.lucky-hunter.com\/fr\/product\/gant-banded-100-etanche-ideal-pour-la-chasse-au-canard-et-a-loie\/#primaryimage"},"image":{"@id":"https:\/\/staging.lucky-hunter.com\/fr\/product\/gant-banded-100-etanche-ideal-pour-la-chasse-au-canard-et-a-loie\/#primaryimage"},"thumbnailUrl":"https:\/\/staging.lucky-hunter.com\/wp-content\/uploads\/2022\/09\/JB-0294.png","datePublished":"2022-09-07T12:39:09+00:00","dateModified":"2025-06-24T12:05:23+00:00","description":"Le Gant \u00e0 Blette Banded Watertight Dexterity - THE DECOY GLOVE maintient sa souplesse jusqu'\u00e0 -30 degr\u00e9s. Doublure isolante sans couture.","breadcrumb":{"@id":"https:\/\/staging.lucky-hunter.com\/fr\/product\/gant-banded-100-etanche-ideal-pour-la-chasse-au-canard-et-a-loie\/#breadcrumb"},"inLanguage":"fr-FR","potentialAction":[{"@type":"ReadAction","target":["https:\/\/staging.lucky-hunter.com\/fr\/product\/gant-banded-100-etanche-ideal-pour-la-chasse-au-canard-et-a-loie\/"]}]},{"@type":"ImageObject","inLanguage":"fr-FR","@id":"https:\/\/staging.lucky-hunter.com\/fr\/product\/gant-banded-100-etanche-ideal-pour-la-chasse-au-canard-et-a-loie\/#primaryimage","url":"https:\/\/staging.lucky-hunter.com\/wp-content\/uploads\/2022\/09\/JB-0294.png","contentUrl":"https:\/\/staging.lucky-hunter.com\/wp-content\/uploads\/2022\/09\/JB-0294.png","width":1000,"height":1000},{"@type":"BreadcrumbList","@id":"https:\/\/staging.lucky-hunter.com\/fr\/product\/gant-banded-100-etanche-ideal-pour-la-chasse-au-canard-et-a-loie\/#breadcrumb","itemListElement":[{"@type":"ListItem","position":1,"name":"Home","item":"https:\/\/staging.lucky-hunter.com\/fr\/"},{"@type":"ListItem","position":2,"name":"Boutique","item":"https:\/\/staging.lucky-hunter.com\/fr\/shop\/"},{"@type":"ListItem","position":3,"name":"Gant Watertight Dexterity &#8211; Banded The Decoy Glove"}]},{"@type":"WebSite","@id":"https:\/\/staging.lucky-hunter.com\/#website","url":"https:\/\/staging.lucky-hunter.com\/","name":"Lucky-Hunter","description":"Gear Up or Give Up","potentialAction":[{"@type":"SearchAction","target":{"@type":"EntryPoint","urlTemplate":"https:\/\/staging.lucky-hunter.com\/?s={search_term_string}"},"query-input":{"@type":"PropertyValueSpecification","valueRequired":true,"valueName":"search_term_string"}}],"inLanguage":"fr-FR"}]}},"_links":{"self":[{"href":"https:\/\/staging.lucky-hunter.com\/fr\/wp-json\/wp\/v2\/product\/35502"}],"collection":[{"href":"https:\/\/staging.lucky-hunter.com\/fr\/wp-json\/wp\/v2\/product"}],"about":[{"href":"https:\/\/staging.lucky-hunter.com\/fr\/wp-json\/wp\/v2\/types\/product"}],"wp:featuredmedia":[{"embeddable":true,"href":"https:\/\/staging.lucky-hunter.com\/fr\/wp-json\/wp\/v2\/media\/54547"}],"wp:attachment":[{"href":"https:\/\/staging.lucky-hunter.com\/fr\/wp-json\/wp\/v2\/media?parent=35502"}],"wp:term":[{"taxonomy":"product_brand","embeddable":true,"href":"https:\/\/staging.lucky-hunter.com\/fr\/wp-json\/wp\/v2\/product_brand?post=35502"},{"taxonomy":"product_cat","embeddable":true,"href":"https:\/\/staging.lucky-hunter.com\/fr\/wp-json\/wp\/v2\/product_cat?post=35502"},{"taxonomy":"product_tag","embeddable":true,"href":"https:\/\/staging.lucky-hunter.com\/fr\/wp-json\/wp\/v2\/product_tag?post=35502"}],"curies":[{"name":"wp","href":"https:\/\/api.w.org\/{rel}","templated":true}]}}