{"id":35395,"date":"2022-05-12T11:59:15","date_gmt":"2022-05-12T09:59:15","guid":{"rendered":"https:\/\/staging.lucky-hunter.com\/product\/jumelles-de-poche-nikon-prostaff-7s-8x42\/"},"modified":"2022-10-28T12:00:46","modified_gmt":"2022-10-28T10:00:46","slug":"jumelles-de-poche-nikon-prostaff-7s-8x42","status":"publish","type":"product","link":"https:\/\/staging.lucky-hunter.com\/fr\/product\/jumelles-de-poche-nikon-prostaff-7s-8x42\/","title":{"rendered":"Jumelles de poche Nikon Prostaff 7s 8&#215;42"},"content":{"rendered":"<div>La Nikon Prostaff 7s 8&#215;42 est une paire de jumelles de poche compacte, qui combine durabilit\u00e9, faible poids et haute qualit\u00e9 optique.<\/div>\n<div><\/div>\n<div>Les jumelles sont tr\u00e8s l\u00e9g\u00e8res (seulement 650 grammes) et les lentilles multicouches donnent une image claire et lumineuse avec un contraste \u00e9lev\u00e9.<\/div>\n<div><\/div>\n<div>Toutes les lentilles et tous les prismes sont fabriqu\u00e9s en verre \u00e9cologique de Nikon, qui est exempt de plomb et d&#8217;arsenic.<\/div>\n<div><\/div>\n<div>La structure en polycarbonate renforc\u00e9e par fibre de verre est extr\u00eamement durable et les jumelles sont remplies d&#8217;azote, ce qui signifie qu&#8217;elles sont exemptes de bu\u00e9e et de condensation sur toutes leurs surfaces vitr\u00e9es int\u00e9rieures.<\/div>\n<div><\/div>\n<div>La doublure en caoutchouc am\u00e9liore la protection contre les chocs et soutient une prise ferme et confortable.<\/div>\n<div><\/div>\n<div>Les boules en caoutchouc coulissantes et rotatives avec r\u00e9glages multi-clics permettent de facilement r\u00e9gler les jumelles.<\/div>\n<div><\/div>\n<div>La longue distance entre les yeux permet de profiter facilement d&#8217;un champ de vision clair et complet, m\u00eame pour les utilisateurs portant des lunettes.<\/div>\n<p><strong>Sp\u00e9cifications techniques\u00a0:<\/strong><\/p>\n<ul>\n<li>Grossissement\u00a0: 8x<\/li>\n<li>Diam\u00e8tre de la lentille frontale\u00a0: 42 mm<\/li>\n<li>Champ de vision de 119 m\u00e8tres \u00e0 1000 m<\/li>\n<li>Champ de vision (degr\u00e9s)\u00a0: 6,8<\/li>\n<li>\u00c9tanche : jusqu&#8217;\u00e0 1 m pendant 10 min<\/li>\n<li>Distance entre les yeux : 56 &#8211; 72 mm<\/li>\n<li>Garantie 10 ans.<\/li>\n<\/ul>\n","protected":false},"excerpt":{"rendered":"<p>La Nikon Prostaff 7s 8&#215;42 est une paire de jumelles de poche compacte, qui combine durabilit\u00e9, faible poids et haute qualit\u00e9 optique.<\/p>\n","protected":false},"featured_media":30808,"template":"","meta":[],"product_brand":[8230],"product_cat":[8264],"product_tag":[],"yoast_head":"<!-- This site is optimized with the Yoast SEO plugin v24.3 - https:\/\/yoast.com\/wordpress\/plugins\/seo\/ -->\n<title>Jumelles de poche Nikon Prostaff 7s 8x42 - Lucky-Hunter.com<\/title>\n<meta name=\"description\" content=\"La Nikon Prostaff 7s 8x42 est une paire de jumelles de poche compacte, qui combine durabilit\u00e9, faible poids et haute qualit\u00e9 optique.\" \/>\n<meta name=\"robots\" content=\"noindex, follow, max-snippet:-1, max-image-preview:large, max-video-preview:-1\" \/>\n<meta property=\"og:locale\" content=\"fr_FR\" \/>\n<meta property=\"og:type\" content=\"article\" \/>\n<meta property=\"og:title\" content=\"Jumelles de poche Nikon Prostaff 7s 8x42 - Lucky-Hunter.com\" \/>\n<meta property=\"og:description\" content=\"La Nikon Prostaff 7s 8x42 est une paire de jumelles de poche compacte, qui combine durabilit\u00e9, faible poids et haute qualit\u00e9 optique.\" \/>\n<meta property=\"og:url\" content=\"https:\/\/staging.lucky-hunter.com\/product\/nikon-prostaff-p7-8x42-handheld-binoculars-copy\/\" \/>\n<meta property=\"og:site_name\" content=\"Lucky-Hunter\" \/>\n<meta property=\"article:modified_time\" content=\"2022-10-28T10:00:46+00:00\" \/>\n<meta property=\"og:image\" content=\"https:\/\/staging.lucky-hunter.com\/wp-content\/uploads\/2022\/05\/NV-605-1.png\" \/>\n\t<meta property=\"og:image:width\" content=\"700\" \/>\n\t<meta property=\"og:image:height\" content=\"595\" \/>\n\t<meta property=\"og:image:type\" content=\"image\/png\" \/>\n<meta name=\"twitter:card\" content=\"summary_large_image\" \/>\n<meta name=\"twitter:label1\" content=\"Dur\u00e9e de lecture estim\u00e9e\" \/>\n\t<meta name=\"twitter:data1\" content=\"1 minute\" \/>\n<script type=\"application\/ld+json\" class=\"yoast-schema-graph\">{\"@context\":\"https:\/\/schema.org\",\"@graph\":[{\"@type\":\"WebPage\",\"@id\":\"https:\/\/staging.lucky-hunter.com\/product\/nikon-prostaff-p7-8x42-handheld-binoculars-copy\/\",\"url\":\"https:\/\/staging.lucky-hunter.com\/product\/nikon-prostaff-p7-8x42-handheld-binoculars-copy\/\",\"name\":\"Jumelles de poche Nikon Prostaff 7s 8x42 - Lucky-Hunter.com\",\"isPartOf\":{\"@id\":\"https:\/\/staging.lucky-hunter.com\/#website\"},\"primaryImageOfPage\":{\"@id\":\"https:\/\/staging.lucky-hunter.com\/product\/nikon-prostaff-p7-8x42-handheld-binoculars-copy\/#primaryimage\"},\"image\":{\"@id\":\"https:\/\/staging.lucky-hunter.com\/product\/nikon-prostaff-p7-8x42-handheld-binoculars-copy\/#primaryimage\"},\"thumbnailUrl\":\"https:\/\/staging.lucky-hunter.com\/wp-content\/uploads\/2022\/05\/NV-605-1.png\",\"datePublished\":\"2022-05-12T09:59:15+00:00\",\"dateModified\":\"2022-10-28T10:00:46+00:00\",\"description\":\"La Nikon Prostaff 7s 8x42 est une paire de jumelles de poche compacte, qui combine durabilit\u00e9, faible poids et haute qualit\u00e9 optique.\",\"breadcrumb\":{\"@id\":\"https:\/\/staging.lucky-hunter.com\/product\/nikon-prostaff-p7-8x42-handheld-binoculars-copy\/#breadcrumb\"},\"inLanguage\":\"fr-FR\",\"potentialAction\":[{\"@type\":\"ReadAction\",\"target\":[\"https:\/\/staging.lucky-hunter.com\/product\/nikon-prostaff-p7-8x42-handheld-binoculars-copy\/\"]}]},{\"@type\":\"ImageObject\",\"inLanguage\":\"fr-FR\",\"@id\":\"https:\/\/staging.lucky-hunter.com\/product\/nikon-prostaff-p7-8x42-handheld-binoculars-copy\/#primaryimage\",\"url\":\"https:\/\/staging.lucky-hunter.com\/wp-content\/uploads\/2022\/05\/NV-605-1.png\",\"contentUrl\":\"https:\/\/staging.lucky-hunter.com\/wp-content\/uploads\/2022\/05\/NV-605-1.png\",\"width\":700,\"height\":595},{\"@type\":\"BreadcrumbList\",\"@id\":\"https:\/\/staging.lucky-hunter.com\/product\/nikon-prostaff-p7-8x42-handheld-binoculars-copy\/#breadcrumb\",\"itemListElement\":[{\"@type\":\"ListItem\",\"position\":1,\"name\":\"Home\",\"item\":\"https:\/\/staging.lucky-hunter.com\/fr\/\"},{\"@type\":\"ListItem\",\"position\":2,\"name\":\"Boutique\",\"item\":\"https:\/\/staging.lucky-hunter.com\/fr\/shop\/\"},{\"@type\":\"ListItem\",\"position\":3,\"name\":\"Jumelles de poche Nikon Prostaff 7s 8&#215;42\"}]},{\"@type\":\"WebSite\",\"@id\":\"https:\/\/staging.lucky-hunter.com\/#website\",\"url\":\"https:\/\/staging.lucky-hunter.com\/\",\"name\":\"Lucky-Hunter\",\"description\":\"Gear Up or Give Up\",\"potentialAction\":[{\"@type\":\"SearchAction\",\"target\":{\"@type\":\"EntryPoint\",\"urlTemplate\":\"https:\/\/staging.lucky-hunter.com\/?s={search_term_string}\"},\"query-input\":{\"@type\":\"PropertyValueSpecification\",\"valueRequired\":true,\"valueName\":\"search_term_string\"}}],\"inLanguage\":\"fr-FR\"}]}<\/script>\n<!-- \/ Yoast SEO plugin. -->","yoast_head_json":{"title":"Jumelles de poche Nikon Prostaff 7s 8x42 - Lucky-Hunter.com","description":"La Nikon Prostaff 7s 8x42 est une paire de jumelles de poche compacte, qui combine durabilit\u00e9, faible poids et haute qualit\u00e9 optique.","robots":{"index":"noindex","follow":"follow","max-snippet":"max-snippet:-1","max-image-preview":"max-image-preview:large","max-video-preview":"max-video-preview:-1"},"og_locale":"fr_FR","og_type":"article","og_title":"Jumelles de poche Nikon Prostaff 7s 8x42 - Lucky-Hunter.com","og_description":"La Nikon Prostaff 7s 8x42 est une paire de jumelles de poche compacte, qui combine durabilit\u00e9, faible poids et haute qualit\u00e9 optique.","og_url":"https:\/\/staging.lucky-hunter.com\/product\/nikon-prostaff-p7-8x42-handheld-binoculars-copy\/","og_site_name":"Lucky-Hunter","article_modified_time":"2022-10-28T10:00:46+00:00","og_image":[{"width":700,"height":595,"url":"https:\/\/staging.lucky-hunter.com\/wp-content\/uploads\/2022\/05\/NV-605-1.png","type":"image\/png"}],"twitter_card":"summary_large_image","twitter_misc":{"Dur\u00e9e de lecture estim\u00e9e":"1 minute"},"schema":{"@context":"https:\/\/schema.org","@graph":[{"@type":"WebPage","@id":"https:\/\/staging.lucky-hunter.com\/product\/nikon-prostaff-p7-8x42-handheld-binoculars-copy\/","url":"https:\/\/staging.lucky-hunter.com\/product\/nikon-prostaff-p7-8x42-handheld-binoculars-copy\/","name":"Jumelles de poche Nikon Prostaff 7s 8x42 - Lucky-Hunter.com","isPartOf":{"@id":"https:\/\/staging.lucky-hunter.com\/#website"},"primaryImageOfPage":{"@id":"https:\/\/staging.lucky-hunter.com\/product\/nikon-prostaff-p7-8x42-handheld-binoculars-copy\/#primaryimage"},"image":{"@id":"https:\/\/staging.lucky-hunter.com\/product\/nikon-prostaff-p7-8x42-handheld-binoculars-copy\/#primaryimage"},"thumbnailUrl":"https:\/\/staging.lucky-hunter.com\/wp-content\/uploads\/2022\/05\/NV-605-1.png","datePublished":"2022-05-12T09:59:15+00:00","dateModified":"2022-10-28T10:00:46+00:00","description":"La Nikon Prostaff 7s 8x42 est une paire de jumelles de poche compacte, qui combine durabilit\u00e9, faible poids et haute qualit\u00e9 optique.","breadcrumb":{"@id":"https:\/\/staging.lucky-hunter.com\/product\/nikon-prostaff-p7-8x42-handheld-binoculars-copy\/#breadcrumb"},"inLanguage":"fr-FR","potentialAction":[{"@type":"ReadAction","target":["https:\/\/staging.lucky-hunter.com\/product\/nikon-prostaff-p7-8x42-handheld-binoculars-copy\/"]}]},{"@type":"ImageObject","inLanguage":"fr-FR","@id":"https:\/\/staging.lucky-hunter.com\/product\/nikon-prostaff-p7-8x42-handheld-binoculars-copy\/#primaryimage","url":"https:\/\/staging.lucky-hunter.com\/wp-content\/uploads\/2022\/05\/NV-605-1.png","contentUrl":"https:\/\/staging.lucky-hunter.com\/wp-content\/uploads\/2022\/05\/NV-605-1.png","width":700,"height":595},{"@type":"BreadcrumbList","@id":"https:\/\/staging.lucky-hunter.com\/product\/nikon-prostaff-p7-8x42-handheld-binoculars-copy\/#breadcrumb","itemListElement":[{"@type":"ListItem","position":1,"name":"Home","item":"https:\/\/staging.lucky-hunter.com\/fr\/"},{"@type":"ListItem","position":2,"name":"Boutique","item":"https:\/\/staging.lucky-hunter.com\/fr\/shop\/"},{"@type":"ListItem","position":3,"name":"Jumelles de poche Nikon Prostaff 7s 8&#215;42"}]},{"@type":"WebSite","@id":"https:\/\/staging.lucky-hunter.com\/#website","url":"https:\/\/staging.lucky-hunter.com\/","name":"Lucky-Hunter","description":"Gear Up or Give Up","potentialAction":[{"@type":"SearchAction","target":{"@type":"EntryPoint","urlTemplate":"https:\/\/staging.lucky-hunter.com\/?s={search_term_string}"},"query-input":{"@type":"PropertyValueSpecification","valueRequired":true,"valueName":"search_term_string"}}],"inLanguage":"fr-FR"}]}},"_links":{"self":[{"href":"https:\/\/staging.lucky-hunter.com\/fr\/wp-json\/wp\/v2\/product\/35395"}],"collection":[{"href":"https:\/\/staging.lucky-hunter.com\/fr\/wp-json\/wp\/v2\/product"}],"about":[{"href":"https:\/\/staging.lucky-hunter.com\/fr\/wp-json\/wp\/v2\/types\/product"}],"wp:featuredmedia":[{"embeddable":true,"href":"https:\/\/staging.lucky-hunter.com\/fr\/wp-json\/wp\/v2\/media\/30808"}],"wp:attachment":[{"href":"https:\/\/staging.lucky-hunter.com\/fr\/wp-json\/wp\/v2\/media?parent=35395"}],"wp:term":[{"taxonomy":"product_brand","embeddable":true,"href":"https:\/\/staging.lucky-hunter.com\/fr\/wp-json\/wp\/v2\/product_brand?post=35395"},{"taxonomy":"product_cat","embeddable":true,"href":"https:\/\/staging.lucky-hunter.com\/fr\/wp-json\/wp\/v2\/product_cat?post=35395"},{"taxonomy":"product_tag","embeddable":true,"href":"https:\/\/staging.lucky-hunter.com\/fr\/wp-json\/wp\/v2\/product_tag?post=35395"}],"curies":[{"name":"wp","href":"https:\/\/api.w.org\/{rel}","templated":true}]}}