{"id":35390,"date":"2022-06-14T12:13:58","date_gmt":"2022-06-14T10:13:58","guid":{"rendered":"https:\/\/staging.lucky-hunter.com\/product\/protections-auditives-sportear-x-pro-stay-put\/"},"modified":"2023-03-14T15:41:37","modified_gmt":"2023-03-14T14:41:37","slug":"protections-auditives-sportear-x-pro-stay-put","status":"publish","type":"product","link":"https:\/\/staging.lucky-hunter.com\/fr\/product\/protections-auditives-sportear-x-pro-stay-put\/","title":{"rendered":"Protections Auditives SportEar X-Pro Stay Put"},"content":{"rendered":"<h2><strong>Les protections auditives les plus confortables<\/strong><\/h2>\n<div>Avec leur design brevet\u00e9, ces protections auditives SportEar X-Pro en silicone souple vous offriront un confort in\u00e9gal\u00e9.<\/div>\n<div><\/div>\n<div>Gr\u00e2ce \u00e0 l&#8217;anneau en silicone \u00ab\u00a0stay put\u00a0\u00bb, unique en son genre avec son design ergonomique con\u00e7u pour maintenir la position et le confort de l&#8217;oreille, Il est pratiquement impossible de perdre les protections Sportear X-Pro.<\/div>\n<div><\/div>\n<div>Votre audition est prot\u00e9g\u00e9e sans que cela n\u2019interf\u00e8re avec votre capacit\u00e9 \u00e0 entendre ce qui se passe autour de vous. Le secret r\u00e9side dans une valve sonore brevet\u00e9e qui laisse passer les sons de faible intensit\u00e9 tout en bloquant ceux dont le niveau sonore pourrait \u00eatre nocif.<\/div>\n<div><\/div>\n<div><strong>Caract\u00e9ristiques\u00a0:<\/strong><\/div>\n<ul>\n<li>2 bouchons d&#8217;oreilles en silicone (L et M) inclus avec une r\u00e9duction de bruit sur 22 et 12 dB en position ouverte et ferm\u00e9e<\/li>\n<li>2 bouchons d&#8217;oreilles en mousse (S et M) inclus avec une r\u00e9duction de bruit sur 29 et 12 dB en position ouverte et ferm\u00e9e<\/li>\n<li>Les bouchons d&#8217;oreilles sont lavables, r\u00e9utilisables et fabriqu\u00e9s \u00e0 partir de mat\u00e9riaux EVA ultra-doux de qualit\u00e9 m\u00e9dicale, hypoallerg\u00e9nique, et qui s\u2019adaptent parfaitement \u00e0 l\u2019oreille.<\/li>\n<\/ul>\n","protected":false},"excerpt":{"rendered":"<div>Avec leur design brevet\u00e9, ces protections auditives SportEar X-Pro en silicone souple vous offriront un confort in\u00e9gal\u00e9.<\/div>\n<div><\/div>\n","protected":false},"featured_media":56271,"template":"","meta":[],"product_brand":[],"product_cat":[9383],"product_tag":[],"yoast_head":"<!-- This site is optimized with the Yoast SEO plugin v24.3 - https:\/\/yoast.com\/wordpress\/plugins\/seo\/ -->\n<title>Protections Auditives SportEar X-Pro Stay Put - Conception ergonomique<\/title>\n<meta name=\"description\" content=\"Avec leur design brevet\u00e9, ces protections auditives SportEar X-Pro en silicone souple vous offriront un confort in\u00e9gal\u00e9.\" \/>\n<meta name=\"robots\" content=\"noindex, follow, max-snippet:-1, max-image-preview:large, max-video-preview:-1\" \/>\n<meta property=\"og:locale\" content=\"fr_FR\" \/>\n<meta property=\"og:type\" content=\"article\" \/>\n<meta property=\"og:title\" content=\"Protections Auditives SportEar X-Pro Stay Put - Conception ergonomique\" \/>\n<meta property=\"og:description\" content=\"Avec leur design brevet\u00e9, ces protections auditives SportEar X-Pro en silicone souple vous offriront un confort in\u00e9gal\u00e9.\" \/>\n<meta property=\"og:url\" content=\"https:\/\/staging.lucky-hunter.com\/fr\/product\/protections-auditives-sportear-x-pro-stay-put\/\" \/>\n<meta property=\"og:site_name\" content=\"Lucky-Hunter\" \/>\n<meta property=\"article:modified_time\" content=\"2023-03-14T14:41:37+00:00\" \/>\n<meta property=\"og:image\" content=\"https:\/\/staging.lucky-hunter.com\/wp-content\/uploads\/2022\/06\/PU-54.png\" \/>\n\t<meta property=\"og:image:width\" content=\"1000\" \/>\n\t<meta property=\"og:image:height\" content=\"1000\" \/>\n\t<meta property=\"og:image:type\" content=\"image\/png\" \/>\n<meta name=\"twitter:card\" content=\"summary_large_image\" \/>\n<meta name=\"twitter:label1\" content=\"Dur\u00e9e de lecture estim\u00e9e\" \/>\n\t<meta name=\"twitter:data1\" content=\"1 minute\" \/>\n<script type=\"application\/ld+json\" class=\"yoast-schema-graph\">{\"@context\":\"https:\/\/schema.org\",\"@graph\":[{\"@type\":\"WebPage\",\"@id\":\"https:\/\/staging.lucky-hunter.com\/fr\/product\/protections-auditives-sportear-x-pro-stay-put\/\",\"url\":\"https:\/\/staging.lucky-hunter.com\/fr\/product\/protections-auditives-sportear-x-pro-stay-put\/\",\"name\":\"Protections Auditives SportEar X-Pro Stay Put - Conception ergonomique\",\"isPartOf\":{\"@id\":\"https:\/\/staging.lucky-hunter.com\/#website\"},\"primaryImageOfPage\":{\"@id\":\"https:\/\/staging.lucky-hunter.com\/fr\/product\/protections-auditives-sportear-x-pro-stay-put\/#primaryimage\"},\"image\":{\"@id\":\"https:\/\/staging.lucky-hunter.com\/fr\/product\/protections-auditives-sportear-x-pro-stay-put\/#primaryimage\"},\"thumbnailUrl\":\"https:\/\/staging.lucky-hunter.com\/wp-content\/uploads\/2022\/06\/PU-54.png\",\"datePublished\":\"2022-06-14T10:13:58+00:00\",\"dateModified\":\"2023-03-14T14:41:37+00:00\",\"description\":\"Avec leur design brevet\u00e9, ces protections auditives SportEar X-Pro en silicone souple vous offriront un confort in\u00e9gal\u00e9.\",\"breadcrumb\":{\"@id\":\"https:\/\/staging.lucky-hunter.com\/fr\/product\/protections-auditives-sportear-x-pro-stay-put\/#breadcrumb\"},\"inLanguage\":\"fr-FR\",\"potentialAction\":[{\"@type\":\"ReadAction\",\"target\":[\"https:\/\/staging.lucky-hunter.com\/fr\/product\/protections-auditives-sportear-x-pro-stay-put\/\"]}]},{\"@type\":\"ImageObject\",\"inLanguage\":\"fr-FR\",\"@id\":\"https:\/\/staging.lucky-hunter.com\/fr\/product\/protections-auditives-sportear-x-pro-stay-put\/#primaryimage\",\"url\":\"https:\/\/staging.lucky-hunter.com\/wp-content\/uploads\/2022\/06\/PU-54.png\",\"contentUrl\":\"https:\/\/staging.lucky-hunter.com\/wp-content\/uploads\/2022\/06\/PU-54.png\",\"width\":1000,\"height\":1000,\"caption\":\"Earplugs\"},{\"@type\":\"BreadcrumbList\",\"@id\":\"https:\/\/staging.lucky-hunter.com\/fr\/product\/protections-auditives-sportear-x-pro-stay-put\/#breadcrumb\",\"itemListElement\":[{\"@type\":\"ListItem\",\"position\":1,\"name\":\"Home\",\"item\":\"https:\/\/staging.lucky-hunter.com\/fr\/\"},{\"@type\":\"ListItem\",\"position\":2,\"name\":\"Boutique\",\"item\":\"https:\/\/staging.lucky-hunter.com\/fr\/shop\/\"},{\"@type\":\"ListItem\",\"position\":3,\"name\":\"Protections Auditives SportEar X-Pro Stay Put\"}]},{\"@type\":\"WebSite\",\"@id\":\"https:\/\/staging.lucky-hunter.com\/#website\",\"url\":\"https:\/\/staging.lucky-hunter.com\/\",\"name\":\"Lucky-Hunter\",\"description\":\"Gear Up or Give Up\",\"potentialAction\":[{\"@type\":\"SearchAction\",\"target\":{\"@type\":\"EntryPoint\",\"urlTemplate\":\"https:\/\/staging.lucky-hunter.com\/?s={search_term_string}\"},\"query-input\":{\"@type\":\"PropertyValueSpecification\",\"valueRequired\":true,\"valueName\":\"search_term_string\"}}],\"inLanguage\":\"fr-FR\"}]}<\/script>\n<!-- \/ Yoast SEO plugin. -->","yoast_head_json":{"title":"Protections Auditives SportEar X-Pro Stay Put - Conception ergonomique","description":"Avec leur design brevet\u00e9, ces protections auditives SportEar X-Pro en silicone souple vous offriront un confort in\u00e9gal\u00e9.","robots":{"index":"noindex","follow":"follow","max-snippet":"max-snippet:-1","max-image-preview":"max-image-preview:large","max-video-preview":"max-video-preview:-1"},"og_locale":"fr_FR","og_type":"article","og_title":"Protections Auditives SportEar X-Pro Stay Put - Conception ergonomique","og_description":"Avec leur design brevet\u00e9, ces protections auditives SportEar X-Pro en silicone souple vous offriront un confort in\u00e9gal\u00e9.","og_url":"https:\/\/staging.lucky-hunter.com\/fr\/product\/protections-auditives-sportear-x-pro-stay-put\/","og_site_name":"Lucky-Hunter","article_modified_time":"2023-03-14T14:41:37+00:00","og_image":[{"width":1000,"height":1000,"url":"https:\/\/staging.lucky-hunter.com\/wp-content\/uploads\/2022\/06\/PU-54.png","type":"image\/png"}],"twitter_card":"summary_large_image","twitter_misc":{"Dur\u00e9e de lecture estim\u00e9e":"1 minute"},"schema":{"@context":"https:\/\/schema.org","@graph":[{"@type":"WebPage","@id":"https:\/\/staging.lucky-hunter.com\/fr\/product\/protections-auditives-sportear-x-pro-stay-put\/","url":"https:\/\/staging.lucky-hunter.com\/fr\/product\/protections-auditives-sportear-x-pro-stay-put\/","name":"Protections Auditives SportEar X-Pro Stay Put - Conception ergonomique","isPartOf":{"@id":"https:\/\/staging.lucky-hunter.com\/#website"},"primaryImageOfPage":{"@id":"https:\/\/staging.lucky-hunter.com\/fr\/product\/protections-auditives-sportear-x-pro-stay-put\/#primaryimage"},"image":{"@id":"https:\/\/staging.lucky-hunter.com\/fr\/product\/protections-auditives-sportear-x-pro-stay-put\/#primaryimage"},"thumbnailUrl":"https:\/\/staging.lucky-hunter.com\/wp-content\/uploads\/2022\/06\/PU-54.png","datePublished":"2022-06-14T10:13:58+00:00","dateModified":"2023-03-14T14:41:37+00:00","description":"Avec leur design brevet\u00e9, ces protections auditives SportEar X-Pro en silicone souple vous offriront un confort in\u00e9gal\u00e9.","breadcrumb":{"@id":"https:\/\/staging.lucky-hunter.com\/fr\/product\/protections-auditives-sportear-x-pro-stay-put\/#breadcrumb"},"inLanguage":"fr-FR","potentialAction":[{"@type":"ReadAction","target":["https:\/\/staging.lucky-hunter.com\/fr\/product\/protections-auditives-sportear-x-pro-stay-put\/"]}]},{"@type":"ImageObject","inLanguage":"fr-FR","@id":"https:\/\/staging.lucky-hunter.com\/fr\/product\/protections-auditives-sportear-x-pro-stay-put\/#primaryimage","url":"https:\/\/staging.lucky-hunter.com\/wp-content\/uploads\/2022\/06\/PU-54.png","contentUrl":"https:\/\/staging.lucky-hunter.com\/wp-content\/uploads\/2022\/06\/PU-54.png","width":1000,"height":1000,"caption":"Earplugs"},{"@type":"BreadcrumbList","@id":"https:\/\/staging.lucky-hunter.com\/fr\/product\/protections-auditives-sportear-x-pro-stay-put\/#breadcrumb","itemListElement":[{"@type":"ListItem","position":1,"name":"Home","item":"https:\/\/staging.lucky-hunter.com\/fr\/"},{"@type":"ListItem","position":2,"name":"Boutique","item":"https:\/\/staging.lucky-hunter.com\/fr\/shop\/"},{"@type":"ListItem","position":3,"name":"Protections Auditives SportEar X-Pro Stay Put"}]},{"@type":"WebSite","@id":"https:\/\/staging.lucky-hunter.com\/#website","url":"https:\/\/staging.lucky-hunter.com\/","name":"Lucky-Hunter","description":"Gear Up or Give Up","potentialAction":[{"@type":"SearchAction","target":{"@type":"EntryPoint","urlTemplate":"https:\/\/staging.lucky-hunter.com\/?s={search_term_string}"},"query-input":{"@type":"PropertyValueSpecification","valueRequired":true,"valueName":"search_term_string"}}],"inLanguage":"fr-FR"}]}},"_links":{"self":[{"href":"https:\/\/staging.lucky-hunter.com\/fr\/wp-json\/wp\/v2\/product\/35390"}],"collection":[{"href":"https:\/\/staging.lucky-hunter.com\/fr\/wp-json\/wp\/v2\/product"}],"about":[{"href":"https:\/\/staging.lucky-hunter.com\/fr\/wp-json\/wp\/v2\/types\/product"}],"wp:featuredmedia":[{"embeddable":true,"href":"https:\/\/staging.lucky-hunter.com\/fr\/wp-json\/wp\/v2\/media\/56271"}],"wp:attachment":[{"href":"https:\/\/staging.lucky-hunter.com\/fr\/wp-json\/wp\/v2\/media?parent=35390"}],"wp:term":[{"taxonomy":"product_brand","embeddable":true,"href":"https:\/\/staging.lucky-hunter.com\/fr\/wp-json\/wp\/v2\/product_brand?post=35390"},{"taxonomy":"product_cat","embeddable":true,"href":"https:\/\/staging.lucky-hunter.com\/fr\/wp-json\/wp\/v2\/product_cat?post=35390"},{"taxonomy":"product_tag","embeddable":true,"href":"https:\/\/staging.lucky-hunter.com\/fr\/wp-json\/wp\/v2\/product_tag?post=35390"}],"curies":[{"name":"wp","href":"https:\/\/api.w.org\/{rel}","templated":true}]}}