{"id":35387,"date":"2022-06-21T09:49:35","date_gmt":"2022-06-21T07:49:35","guid":{"rendered":"https:\/\/staging.lucky-hunter.com\/product\/spypoint-solar-dark\/"},"modified":"2022-11-15T14:43:17","modified_gmt":"2022-11-15T13:43:17","slug":"spypoint-solar-dark","status":"publish","type":"product","link":"https:\/\/staging.lucky-hunter.com\/fr\/product\/spypoint-solar-dark\/","title":{"rendered":"Spypoint Solar DARK"},"content":{"rendered":"<p><iframe title=\"Details about the SOLAR-DARK from SPYPOINT\" width=\"1020\" height=\"574\" src=\"https:\/\/www.youtube.com\/embed\/ga1zh_vjdc8?wmode=transparent&amp;rel=0&amp;feature=oembed&#038;enablejsapi=1&#038;origin=https:\/\/staging.lucky-hunter.com\" frameborder=\"0\" allow=\"accelerometer; autoplay; clipboard-write; encrypted-media; gyroscope; picture-in-picture\" allowfullscreen><\/iframe><\/p>\n<h2>Cam\u00e9ra de chasse Spypoint avec panneau solaire int\u00e9gr\u00e9 et batterie rechargeable<\/h2>\n<div>La nouvelle Spypoint SOLAR DARK est l&#8217;une des cam\u00e9ras de chasse les plus fiables et les plus compactes du march\u00e9.<\/div>\n<div><\/div>\n<div>SOLAR DARK dispose d&#8217;un panneau solaire int\u00e9gr\u00e9 et d&#8217;une batterie rechargeable, ce qui vous permet de r\u00e9duire consid\u00e9rablement le co\u00fbt des batteries. Une victoire pour l&#8217;environnement et votre portefeuille.<\/div>\n<div><\/div>\n<div>Le panneau solaire peut alimenter les cam\u00e9ras m\u00eame sans lumi\u00e8re directe du soleil. Id\u00e9al si votre cam\u00e9ra Spypoint doit \u00eatre plac\u00e9e sous un arbre et\/ou \u00e0 l&#8217;ombre.<\/div>\n<div><\/div>\n<div>Vitesse de d\u00e9clenchement ultra rapide en seulement 0,07 seconde.<\/div>\n<div><\/div>\n<div><\/div>\n<div>Caract\u00e9ristiques\u00a0:<\/div>\n<ul>\n<li>12 m\u00e9gapixels<\/li>\n<li>LED invisibles 42 pi\u00e8ces<\/li>\n<li>Port\u00e9e du flash 28 m\u00e8tres<\/li>\n<li>Prises de vue multiples jusqu&#8217;\u00e0 6 images<\/li>\n<li>Vid\u00e9o en Full HD 1080p<\/li>\n<li>Audio lors des enregistrements vid\u00e9o<\/li>\n<li>Photo d&#8217;abord puis vid\u00e9o en option<\/li>\n<li>Prend en charge les cartes SD jusqu&#8217;\u00e0 32 Go (carte SD de 16 Go incluse)<\/li>\n<li>8 piles AA de bonne qualit\u00e9 peuvent \u00eatre ins\u00e9r\u00e9es en cas de besoin<\/li>\n<li>D\u00e9tecteur de mouvement \u00e0 5 zones<\/li>\n<li>Dimensions 9,6 x 17,5 x 9,9 cm<\/li>\n<li>Un manuel en fran\u00e7ais est bien s\u00fbr inclus<\/li>\n<\/ul>\n<p>Contenu\u00a0:<\/p>\n<ul>\n<li>Cam\u00e9ra Spypoint SOLAR DARK<\/li>\n<li>Support de montage<\/li>\n<li>Sangle de montage<\/li>\n<li>Carte SD 16 Go<\/li>\n<li>Guide rapide d\u2019utilisation en anglais<\/li>\n<li>Lecteur de carte USB.<\/li>\n<\/ul>\n","protected":false},"excerpt":{"rendered":"<p>La Spypoint Solar Dark dispose d&#8217;un \u00e9cran de 2&#8243; avec fonction de zoom et de 42 LED invisibles. La cam\u00e9ra peut donc \u00eatre utilis\u00e9e pour un large \u00e9ventail d\u2019activit\u00e9s de surveillance dans le cadre de la chasse et de la protection contre le vol (propri\u00e9t\u00e9 priv\u00e9e, entreprise, chantier de construction, maison de vacances, etc.).<\/p>\n","protected":false},"featured_media":30925,"template":"","meta":[],"product_brand":[8209],"product_cat":[8241],"product_tag":[],"yoast_head":"<!-- This site is optimized with the Yoast SEO plugin v24.3 - https:\/\/yoast.com\/wordpress\/plugins\/seo\/ -->\n<title>Spypoint Solar DARK | Grand choix de cam\u00e9ras de chasse sur Lucky-Hunter.com<\/title>\n<meta name=\"description\" content=\"La Spypoint Solar Dark dispose d&#039;un \u00e9cran de 2&quot; avec fonction de zoom et de 42 LED invisibles. La cam\u00e9ra peut \u00eatre utilis\u00e9e pour une large gamme de surveillance\" \/>\n<meta name=\"robots\" content=\"noindex, follow, max-snippet:-1, max-image-preview:large, max-video-preview:-1\" \/>\n<meta property=\"og:locale\" content=\"fr_FR\" \/>\n<meta property=\"og:type\" content=\"article\" \/>\n<meta property=\"og:title\" content=\"Spypoint Solar DARK | Grand choix de cam\u00e9ras de chasse sur Lucky-Hunter.com\" \/>\n<meta property=\"og:description\" content=\"La Spypoint Solar Dark dispose d&#039;un \u00e9cran de 2&quot; avec fonction de zoom et de 42 LED invisibles. La cam\u00e9ra peut \u00eatre utilis\u00e9e pour une large gamme de surveillance\" \/>\n<meta property=\"og:url\" content=\"https:\/\/staging.lucky-hunter.com\/fr\/product\/spypoint-solar-dark\/\" \/>\n<meta property=\"og:site_name\" content=\"Lucky-Hunter\" \/>\n<meta property=\"article:modified_time\" content=\"2022-11-15T13:43:17+00:00\" \/>\n<meta property=\"og:image\" content=\"https:\/\/staging.lucky-hunter.com\/wp-content\/uploads\/2022\/06\/solar1__69388.1473800008.png\" \/>\n\t<meta property=\"og:image:width\" content=\"1000\" \/>\n\t<meta property=\"og:image:height\" content=\"1000\" \/>\n\t<meta property=\"og:image:type\" content=\"image\/png\" \/>\n<meta name=\"twitter:card\" content=\"summary_large_image\" \/>\n<meta name=\"twitter:label1\" content=\"Dur\u00e9e de lecture estim\u00e9e\" \/>\n\t<meta name=\"twitter:data1\" content=\"1 minute\" \/>\n<script type=\"application\/ld+json\" class=\"yoast-schema-graph\">{\"@context\":\"https:\/\/schema.org\",\"@graph\":[{\"@type\":\"WebPage\",\"@id\":\"https:\/\/staging.lucky-hunter.com\/fr\/product\/spypoint-solar-dark\/\",\"url\":\"https:\/\/staging.lucky-hunter.com\/fr\/product\/spypoint-solar-dark\/\",\"name\":\"Spypoint Solar DARK | Grand choix de cam\u00e9ras de chasse sur Lucky-Hunter.com\",\"isPartOf\":{\"@id\":\"https:\/\/staging.lucky-hunter.com\/#website\"},\"primaryImageOfPage\":{\"@id\":\"https:\/\/staging.lucky-hunter.com\/fr\/product\/spypoint-solar-dark\/#primaryimage\"},\"image\":{\"@id\":\"https:\/\/staging.lucky-hunter.com\/fr\/product\/spypoint-solar-dark\/#primaryimage\"},\"thumbnailUrl\":\"https:\/\/staging.lucky-hunter.com\/wp-content\/uploads\/2022\/06\/solar1__69388.1473800008.png\",\"datePublished\":\"2022-06-21T07:49:35+00:00\",\"dateModified\":\"2022-11-15T13:43:17+00:00\",\"description\":\"La Spypoint Solar Dark dispose d'un \u00e9cran de 2\\\" avec fonction de zoom et de 42 LED invisibles. La cam\u00e9ra peut \u00eatre utilis\u00e9e pour une large gamme de surveillance\",\"breadcrumb\":{\"@id\":\"https:\/\/staging.lucky-hunter.com\/fr\/product\/spypoint-solar-dark\/#breadcrumb\"},\"inLanguage\":\"fr-FR\",\"potentialAction\":[{\"@type\":\"ReadAction\",\"target\":[\"https:\/\/staging.lucky-hunter.com\/fr\/product\/spypoint-solar-dark\/\"]}]},{\"@type\":\"ImageObject\",\"inLanguage\":\"fr-FR\",\"@id\":\"https:\/\/staging.lucky-hunter.com\/fr\/product\/spypoint-solar-dark\/#primaryimage\",\"url\":\"https:\/\/staging.lucky-hunter.com\/wp-content\/uploads\/2022\/06\/solar1__69388.1473800008.png\",\"contentUrl\":\"https:\/\/staging.lucky-hunter.com\/wp-content\/uploads\/2022\/06\/solar1__69388.1473800008.png\",\"width\":1000,\"height\":1000},{\"@type\":\"BreadcrumbList\",\"@id\":\"https:\/\/staging.lucky-hunter.com\/fr\/product\/spypoint-solar-dark\/#breadcrumb\",\"itemListElement\":[{\"@type\":\"ListItem\",\"position\":1,\"name\":\"Home\",\"item\":\"https:\/\/staging.lucky-hunter.com\/fr\/\"},{\"@type\":\"ListItem\",\"position\":2,\"name\":\"Boutique\",\"item\":\"https:\/\/staging.lucky-hunter.com\/fr\/shop\/\"},{\"@type\":\"ListItem\",\"position\":3,\"name\":\"Spypoint Solar DARK\"}]},{\"@type\":\"WebSite\",\"@id\":\"https:\/\/staging.lucky-hunter.com\/#website\",\"url\":\"https:\/\/staging.lucky-hunter.com\/\",\"name\":\"Lucky-Hunter\",\"description\":\"Gear Up or Give Up\",\"potentialAction\":[{\"@type\":\"SearchAction\",\"target\":{\"@type\":\"EntryPoint\",\"urlTemplate\":\"https:\/\/staging.lucky-hunter.com\/?s={search_term_string}\"},\"query-input\":{\"@type\":\"PropertyValueSpecification\",\"valueRequired\":true,\"valueName\":\"search_term_string\"}}],\"inLanguage\":\"fr-FR\"}]}<\/script>\n<!-- \/ Yoast SEO plugin. -->","yoast_head_json":{"title":"Spypoint Solar DARK | Grand choix de cam\u00e9ras de chasse sur Lucky-Hunter.com","description":"La Spypoint Solar Dark dispose d'un \u00e9cran de 2\" avec fonction de zoom et de 42 LED invisibles. La cam\u00e9ra peut \u00eatre utilis\u00e9e pour une large gamme de surveillance","robots":{"index":"noindex","follow":"follow","max-snippet":"max-snippet:-1","max-image-preview":"max-image-preview:large","max-video-preview":"max-video-preview:-1"},"og_locale":"fr_FR","og_type":"article","og_title":"Spypoint Solar DARK | Grand choix de cam\u00e9ras de chasse sur Lucky-Hunter.com","og_description":"La Spypoint Solar Dark dispose d'un \u00e9cran de 2\" avec fonction de zoom et de 42 LED invisibles. La cam\u00e9ra peut \u00eatre utilis\u00e9e pour une large gamme de surveillance","og_url":"https:\/\/staging.lucky-hunter.com\/fr\/product\/spypoint-solar-dark\/","og_site_name":"Lucky-Hunter","article_modified_time":"2022-11-15T13:43:17+00:00","og_image":[{"width":1000,"height":1000,"url":"https:\/\/staging.lucky-hunter.com\/wp-content\/uploads\/2022\/06\/solar1__69388.1473800008.png","type":"image\/png"}],"twitter_card":"summary_large_image","twitter_misc":{"Dur\u00e9e de lecture estim\u00e9e":"1 minute"},"schema":{"@context":"https:\/\/schema.org","@graph":[{"@type":"WebPage","@id":"https:\/\/staging.lucky-hunter.com\/fr\/product\/spypoint-solar-dark\/","url":"https:\/\/staging.lucky-hunter.com\/fr\/product\/spypoint-solar-dark\/","name":"Spypoint Solar DARK | Grand choix de cam\u00e9ras de chasse sur Lucky-Hunter.com","isPartOf":{"@id":"https:\/\/staging.lucky-hunter.com\/#website"},"primaryImageOfPage":{"@id":"https:\/\/staging.lucky-hunter.com\/fr\/product\/spypoint-solar-dark\/#primaryimage"},"image":{"@id":"https:\/\/staging.lucky-hunter.com\/fr\/product\/spypoint-solar-dark\/#primaryimage"},"thumbnailUrl":"https:\/\/staging.lucky-hunter.com\/wp-content\/uploads\/2022\/06\/solar1__69388.1473800008.png","datePublished":"2022-06-21T07:49:35+00:00","dateModified":"2022-11-15T13:43:17+00:00","description":"La Spypoint Solar Dark dispose d'un \u00e9cran de 2\" avec fonction de zoom et de 42 LED invisibles. La cam\u00e9ra peut \u00eatre utilis\u00e9e pour une large gamme de surveillance","breadcrumb":{"@id":"https:\/\/staging.lucky-hunter.com\/fr\/product\/spypoint-solar-dark\/#breadcrumb"},"inLanguage":"fr-FR","potentialAction":[{"@type":"ReadAction","target":["https:\/\/staging.lucky-hunter.com\/fr\/product\/spypoint-solar-dark\/"]}]},{"@type":"ImageObject","inLanguage":"fr-FR","@id":"https:\/\/staging.lucky-hunter.com\/fr\/product\/spypoint-solar-dark\/#primaryimage","url":"https:\/\/staging.lucky-hunter.com\/wp-content\/uploads\/2022\/06\/solar1__69388.1473800008.png","contentUrl":"https:\/\/staging.lucky-hunter.com\/wp-content\/uploads\/2022\/06\/solar1__69388.1473800008.png","width":1000,"height":1000},{"@type":"BreadcrumbList","@id":"https:\/\/staging.lucky-hunter.com\/fr\/product\/spypoint-solar-dark\/#breadcrumb","itemListElement":[{"@type":"ListItem","position":1,"name":"Home","item":"https:\/\/staging.lucky-hunter.com\/fr\/"},{"@type":"ListItem","position":2,"name":"Boutique","item":"https:\/\/staging.lucky-hunter.com\/fr\/shop\/"},{"@type":"ListItem","position":3,"name":"Spypoint Solar DARK"}]},{"@type":"WebSite","@id":"https:\/\/staging.lucky-hunter.com\/#website","url":"https:\/\/staging.lucky-hunter.com\/","name":"Lucky-Hunter","description":"Gear Up or Give Up","potentialAction":[{"@type":"SearchAction","target":{"@type":"EntryPoint","urlTemplate":"https:\/\/staging.lucky-hunter.com\/?s={search_term_string}"},"query-input":{"@type":"PropertyValueSpecification","valueRequired":true,"valueName":"search_term_string"}}],"inLanguage":"fr-FR"}]}},"_links":{"self":[{"href":"https:\/\/staging.lucky-hunter.com\/fr\/wp-json\/wp\/v2\/product\/35387"}],"collection":[{"href":"https:\/\/staging.lucky-hunter.com\/fr\/wp-json\/wp\/v2\/product"}],"about":[{"href":"https:\/\/staging.lucky-hunter.com\/fr\/wp-json\/wp\/v2\/types\/product"}],"wp:featuredmedia":[{"embeddable":true,"href":"https:\/\/staging.lucky-hunter.com\/fr\/wp-json\/wp\/v2\/media\/30925"}],"wp:attachment":[{"href":"https:\/\/staging.lucky-hunter.com\/fr\/wp-json\/wp\/v2\/media?parent=35387"}],"wp:term":[{"taxonomy":"product_brand","embeddable":true,"href":"https:\/\/staging.lucky-hunter.com\/fr\/wp-json\/wp\/v2\/product_brand?post=35387"},{"taxonomy":"product_cat","embeddable":true,"href":"https:\/\/staging.lucky-hunter.com\/fr\/wp-json\/wp\/v2\/product_cat?post=35387"},{"taxonomy":"product_tag","embeddable":true,"href":"https:\/\/staging.lucky-hunter.com\/fr\/wp-json\/wp\/v2\/product_tag?post=35387"}],"curies":[{"name":"wp","href":"https:\/\/api.w.org\/{rel}","templated":true}]}}