{"id":35386,"date":"2016-11-07T16:10:47","date_gmt":"2016-11-07T15:10:47","guid":{"rendered":"https:\/\/staging.lucky-hunter.com\/product\/appeau-dan-thompson-pc5-baby-cottontail\/"},"modified":"2022-11-25T11:06:31","modified_gmt":"2022-11-25T10:06:31","slug":"appeau-dan-thompson-pc5-baby-cottontail","status":"publish","type":"product","link":"https:\/\/staging.lucky-hunter.com\/fr\/product\/appeau-dan-thompson-pc5-baby-cottontail\/","title":{"rendered":"Appeau Dan Thompson PC5 Baby Cottontail"},"content":{"rendered":"<h2><strong>Appeau Dan Thompson PC5 Baby Cottontail &#8211; la chasse aux pr\u00e9dateurs \u00e0 courte distance<\/strong><\/h2>\n<p>Le PC5 de Dan Thompson est id\u00e9al pour la chasse aux renards et aux chiens viverrins. Le PC5 peut \u00e9galement \u00eatre utilis\u00e9 pour la chasse aux corbeaux.<\/p>\n<p>L\u2019appeau est tr\u00e8s facile d\u2019utilisation et est souvent employ\u00e9 pour chasser des b\u00e9b\u00e9s chiens viverrins ou des renardeaux.<\/p>\n<p>Le PC5 de Dan Thompson est parfait pour la chasse dans des zones de taille restreinte (for\u00eats hautes et clairi\u00e8res) abritant des chiens viverrins et des renards \u00e0 moins de 200 m\u00e8tres.<\/p>\n<p>Placez-vous en bordure de la zone pour avoir une bonne vue d&#8217;ensemble et commencez \u00e0 appeler \u00e0 un volume relativement faible, puis augmentez progressivement.<\/p>\n<p>Sifflez pendant 1 minute puis faites une pause de 2 \u00e0 3 minutes. Sifflez 3 s\u00e9quences courtes et aigu\u00ebs suivies d&#8217;un son de plainte plus long qui imite un li\u00e8vre bless\u00e9.<\/p>\n<p>Un animal bless\u00e9 crie, vous devez donc y mettre de l\u2019\u00e9nergie. Veillez \u00e0 varier le son afin qu&#8217;il ne devienne pas monotone.<\/p>\n<p>Les appeaux Dan Thompson sont fabriqu\u00e9s en bois de noyer am\u00e9ricain de haute qualit\u00e9 et accord\u00e9s \u00e0 la main jusqu\u2019\u00e0 la perfection.<\/p>\n","protected":false},"excerpt":{"rendered":"<p>Cet appeau \u00e0 renard Dan Thompson de 6,2 cm a une sonorit\u00e9 semblable \u00e0 celle du PC4, mais le PC5 vous permettra d\u2019atteindre des tons plus aigus.\u00a0Cet appeau \u00e0 renard imite un b\u00e9b\u00e9 li\u00e8vre\/lapin en d\u00e9tresse, ce que les renards assimileront \u00e0 un repas facile.<\/p>\n","protected":false},"featured_media":29983,"template":"","meta":[],"product_brand":[8211],"product_cat":[8234],"product_tag":[9445],"yoast_head":"<!-- This site is optimized with the Yoast SEO plugin v24.3 - https:\/\/yoast.com\/wordpress\/plugins\/seo\/ -->\n<title>Appeau pour renard Dan Thompson PC5 Baby Cottontail - R\u00e9gl\u00e9 \u00e0 la main, \u00e0 chaque fois | Lucky Hunter<\/title>\n<meta name=\"description\" content=\"Appeau Dan Thompson PC5 Baby Cottontail Appelez la proie \u00e0 chaque fois. Avec un appel Dan Thompson \u00e0 vos c\u00f4t\u00e9s, vous pouvez facilement attirer les pr\u00e9dateurs.\" \/>\n<meta name=\"robots\" content=\"noindex, follow, max-snippet:-1, max-image-preview:large, max-video-preview:-1\" \/>\n<meta property=\"og:locale\" content=\"fr_FR\" \/>\n<meta property=\"og:type\" content=\"article\" \/>\n<meta property=\"og:title\" content=\"Appeau pour renard Dan Thompson PC5 Baby Cottontail - R\u00e9gl\u00e9 \u00e0 la main, \u00e0 chaque fois | Lucky Hunter\" \/>\n<meta property=\"og:description\" content=\"Appeau Dan Thompson PC5 Baby Cottontail Appelez la proie \u00e0 chaque fois. Avec un appel Dan Thompson \u00e0 vos c\u00f4t\u00e9s, vous pouvez facilement attirer les pr\u00e9dateurs.\" \/>\n<meta property=\"og:url\" content=\"https:\/\/staging.lucky-hunter.com\/product\/dan-thompson-pc5-fox-call\/\" \/>\n<meta property=\"og:site_name\" content=\"Lucky-Hunter\" \/>\n<meta property=\"article:modified_time\" content=\"2022-11-25T10:06:31+00:00\" \/>\n<meta property=\"og:image\" content=\"https:\/\/staging.lucky-hunter.com\/wp-content\/uploads\/2016\/11\/LK-165-2.png\" \/>\n\t<meta property=\"og:image:width\" content=\"1000\" \/>\n\t<meta property=\"og:image:height\" content=\"1000\" \/>\n\t<meta property=\"og:image:type\" content=\"image\/png\" \/>\n<meta name=\"twitter:card\" content=\"summary_large_image\" \/>\n<meta name=\"twitter:title\" content=\"Appeau pour renard Dan Thompson PC5 Baby Cottontail - R\u00e9gl\u00e9 \u00e0 la main, \u00e0 chaque fois | Lucky Hunter\" \/>\n<meta name=\"twitter:description\" content=\"Appeau Dan Thompson PC5 Baby Cottontail Appelez la proie \u00e0 chaque fois. Avec un appel Dan Thompson \u00e0 vos c\u00f4t\u00e9s, vous pouvez facilement attirer les pr\u00e9dateurs.\" \/>\n<meta name=\"twitter:label1\" content=\"Dur\u00e9e de lecture estim\u00e9e\" \/>\n\t<meta name=\"twitter:data1\" content=\"1 minute\" \/>\n<script type=\"application\/ld+json\" class=\"yoast-schema-graph\">{\"@context\":\"https:\/\/schema.org\",\"@graph\":[{\"@type\":\"WebPage\",\"@id\":\"https:\/\/staging.lucky-hunter.com\/product\/dan-thompson-pc5-fox-call\/\",\"url\":\"https:\/\/staging.lucky-hunter.com\/product\/dan-thompson-pc5-fox-call\/\",\"name\":\"Appeau pour renard Dan Thompson PC5 Baby Cottontail - R\u00e9gl\u00e9 \u00e0 la main, \u00e0 chaque fois | Lucky Hunter\",\"isPartOf\":{\"@id\":\"https:\/\/staging.lucky-hunter.com\/#website\"},\"primaryImageOfPage\":{\"@id\":\"https:\/\/staging.lucky-hunter.com\/product\/dan-thompson-pc5-fox-call\/#primaryimage\"},\"image\":{\"@id\":\"https:\/\/staging.lucky-hunter.com\/product\/dan-thompson-pc5-fox-call\/#primaryimage\"},\"thumbnailUrl\":\"https:\/\/staging.lucky-hunter.com\/wp-content\/uploads\/2016\/11\/LK-165-2.png\",\"datePublished\":\"2016-11-07T15:10:47+00:00\",\"dateModified\":\"2022-11-25T10:06:31+00:00\",\"description\":\"Appeau Dan Thompson PC5 Baby Cottontail Appelez la proie \u00e0 chaque fois. Avec un appel Dan Thompson \u00e0 vos c\u00f4t\u00e9s, vous pouvez facilement attirer les pr\u00e9dateurs.\",\"breadcrumb\":{\"@id\":\"https:\/\/staging.lucky-hunter.com\/product\/dan-thompson-pc5-fox-call\/#breadcrumb\"},\"inLanguage\":\"fr-FR\",\"potentialAction\":[{\"@type\":\"ReadAction\",\"target\":[\"https:\/\/staging.lucky-hunter.com\/product\/dan-thompson-pc5-fox-call\/\"]}]},{\"@type\":\"ImageObject\",\"inLanguage\":\"fr-FR\",\"@id\":\"https:\/\/staging.lucky-hunter.com\/product\/dan-thompson-pc5-fox-call\/#primaryimage\",\"url\":\"https:\/\/staging.lucky-hunter.com\/wp-content\/uploads\/2016\/11\/LK-165-2.png\",\"contentUrl\":\"https:\/\/staging.lucky-hunter.com\/wp-content\/uploads\/2016\/11\/LK-165-2.png\",\"width\":1000,\"height\":1000,\"caption\":\"Dan Thompson PC5 Baby Cottontail Call\"},{\"@type\":\"BreadcrumbList\",\"@id\":\"https:\/\/staging.lucky-hunter.com\/product\/dan-thompson-pc5-fox-call\/#breadcrumb\",\"itemListElement\":[{\"@type\":\"ListItem\",\"position\":1,\"name\":\"Home\",\"item\":\"https:\/\/staging.lucky-hunter.com\/fr\/\"},{\"@type\":\"ListItem\",\"position\":2,\"name\":\"Boutique\",\"item\":\"https:\/\/staging.lucky-hunter.com\/fr\/shop\/\"},{\"@type\":\"ListItem\",\"position\":3,\"name\":\"Appeau Dan Thompson PC5 Baby Cottontail\"}]},{\"@type\":\"WebSite\",\"@id\":\"https:\/\/staging.lucky-hunter.com\/#website\",\"url\":\"https:\/\/staging.lucky-hunter.com\/\",\"name\":\"Lucky-Hunter\",\"description\":\"Gear Up or Give Up\",\"potentialAction\":[{\"@type\":\"SearchAction\",\"target\":{\"@type\":\"EntryPoint\",\"urlTemplate\":\"https:\/\/staging.lucky-hunter.com\/?s={search_term_string}\"},\"query-input\":{\"@type\":\"PropertyValueSpecification\",\"valueRequired\":true,\"valueName\":\"search_term_string\"}}],\"inLanguage\":\"fr-FR\"}]}<\/script>\n<!-- \/ Yoast SEO plugin. -->","yoast_head_json":{"title":"Appeau pour renard Dan Thompson PC5 Baby Cottontail - R\u00e9gl\u00e9 \u00e0 la main, \u00e0 chaque fois | Lucky Hunter","description":"Appeau Dan Thompson PC5 Baby Cottontail Appelez la proie \u00e0 chaque fois. Avec un appel Dan Thompson \u00e0 vos c\u00f4t\u00e9s, vous pouvez facilement attirer les pr\u00e9dateurs.","robots":{"index":"noindex","follow":"follow","max-snippet":"max-snippet:-1","max-image-preview":"max-image-preview:large","max-video-preview":"max-video-preview:-1"},"og_locale":"fr_FR","og_type":"article","og_title":"Appeau pour renard Dan Thompson PC5 Baby Cottontail - R\u00e9gl\u00e9 \u00e0 la main, \u00e0 chaque fois | Lucky Hunter","og_description":"Appeau Dan Thompson PC5 Baby Cottontail Appelez la proie \u00e0 chaque fois. Avec un appel Dan Thompson \u00e0 vos c\u00f4t\u00e9s, vous pouvez facilement attirer les pr\u00e9dateurs.","og_url":"https:\/\/staging.lucky-hunter.com\/product\/dan-thompson-pc5-fox-call\/","og_site_name":"Lucky-Hunter","article_modified_time":"2022-11-25T10:06:31+00:00","og_image":[{"width":1000,"height":1000,"url":"https:\/\/staging.lucky-hunter.com\/wp-content\/uploads\/2016\/11\/LK-165-2.png","type":"image\/png"}],"twitter_card":"summary_large_image","twitter_title":"Appeau pour renard Dan Thompson PC5 Baby Cottontail - R\u00e9gl\u00e9 \u00e0 la main, \u00e0 chaque fois | Lucky Hunter","twitter_description":"Appeau Dan Thompson PC5 Baby Cottontail Appelez la proie \u00e0 chaque fois. Avec un appel Dan Thompson \u00e0 vos c\u00f4t\u00e9s, vous pouvez facilement attirer les pr\u00e9dateurs.","twitter_misc":{"Dur\u00e9e de lecture estim\u00e9e":"1 minute"},"schema":{"@context":"https:\/\/schema.org","@graph":[{"@type":"WebPage","@id":"https:\/\/staging.lucky-hunter.com\/product\/dan-thompson-pc5-fox-call\/","url":"https:\/\/staging.lucky-hunter.com\/product\/dan-thompson-pc5-fox-call\/","name":"Appeau pour renard Dan Thompson PC5 Baby Cottontail - R\u00e9gl\u00e9 \u00e0 la main, \u00e0 chaque fois | Lucky Hunter","isPartOf":{"@id":"https:\/\/staging.lucky-hunter.com\/#website"},"primaryImageOfPage":{"@id":"https:\/\/staging.lucky-hunter.com\/product\/dan-thompson-pc5-fox-call\/#primaryimage"},"image":{"@id":"https:\/\/staging.lucky-hunter.com\/product\/dan-thompson-pc5-fox-call\/#primaryimage"},"thumbnailUrl":"https:\/\/staging.lucky-hunter.com\/wp-content\/uploads\/2016\/11\/LK-165-2.png","datePublished":"2016-11-07T15:10:47+00:00","dateModified":"2022-11-25T10:06:31+00:00","description":"Appeau Dan Thompson PC5 Baby Cottontail Appelez la proie \u00e0 chaque fois. Avec un appel Dan Thompson \u00e0 vos c\u00f4t\u00e9s, vous pouvez facilement attirer les pr\u00e9dateurs.","breadcrumb":{"@id":"https:\/\/staging.lucky-hunter.com\/product\/dan-thompson-pc5-fox-call\/#breadcrumb"},"inLanguage":"fr-FR","potentialAction":[{"@type":"ReadAction","target":["https:\/\/staging.lucky-hunter.com\/product\/dan-thompson-pc5-fox-call\/"]}]},{"@type":"ImageObject","inLanguage":"fr-FR","@id":"https:\/\/staging.lucky-hunter.com\/product\/dan-thompson-pc5-fox-call\/#primaryimage","url":"https:\/\/staging.lucky-hunter.com\/wp-content\/uploads\/2016\/11\/LK-165-2.png","contentUrl":"https:\/\/staging.lucky-hunter.com\/wp-content\/uploads\/2016\/11\/LK-165-2.png","width":1000,"height":1000,"caption":"Dan Thompson PC5 Baby Cottontail Call"},{"@type":"BreadcrumbList","@id":"https:\/\/staging.lucky-hunter.com\/product\/dan-thompson-pc5-fox-call\/#breadcrumb","itemListElement":[{"@type":"ListItem","position":1,"name":"Home","item":"https:\/\/staging.lucky-hunter.com\/fr\/"},{"@type":"ListItem","position":2,"name":"Boutique","item":"https:\/\/staging.lucky-hunter.com\/fr\/shop\/"},{"@type":"ListItem","position":3,"name":"Appeau Dan Thompson PC5 Baby Cottontail"}]},{"@type":"WebSite","@id":"https:\/\/staging.lucky-hunter.com\/#website","url":"https:\/\/staging.lucky-hunter.com\/","name":"Lucky-Hunter","description":"Gear Up or Give Up","potentialAction":[{"@type":"SearchAction","target":{"@type":"EntryPoint","urlTemplate":"https:\/\/staging.lucky-hunter.com\/?s={search_term_string}"},"query-input":{"@type":"PropertyValueSpecification","valueRequired":true,"valueName":"search_term_string"}}],"inLanguage":"fr-FR"}]}},"_links":{"self":[{"href":"https:\/\/staging.lucky-hunter.com\/fr\/wp-json\/wp\/v2\/product\/35386"}],"collection":[{"href":"https:\/\/staging.lucky-hunter.com\/fr\/wp-json\/wp\/v2\/product"}],"about":[{"href":"https:\/\/staging.lucky-hunter.com\/fr\/wp-json\/wp\/v2\/types\/product"}],"wp:featuredmedia":[{"embeddable":true,"href":"https:\/\/staging.lucky-hunter.com\/fr\/wp-json\/wp\/v2\/media\/29983"}],"wp:attachment":[{"href":"https:\/\/staging.lucky-hunter.com\/fr\/wp-json\/wp\/v2\/media?parent=35386"}],"wp:term":[{"taxonomy":"product_brand","embeddable":true,"href":"https:\/\/staging.lucky-hunter.com\/fr\/wp-json\/wp\/v2\/product_brand?post=35386"},{"taxonomy":"product_cat","embeddable":true,"href":"https:\/\/staging.lucky-hunter.com\/fr\/wp-json\/wp\/v2\/product_cat?post=35386"},{"taxonomy":"product_tag","embeddable":true,"href":"https:\/\/staging.lucky-hunter.com\/fr\/wp-json\/wp\/v2\/product_tag?post=35386"}],"curies":[{"name":"wp","href":"https:\/\/api.w.org\/{rel}","templated":true}]}}