{"id":35385,"date":"2016-11-07T16:18:12","date_gmt":"2016-11-07T15:18:12","guid":{"rendered":"https:\/\/staging.lucky-hunter.com\/product\/leurre-de-chouette-aux-ailes-battantes\/"},"modified":"2025-07-01T16:00:18","modified_gmt":"2025-07-01T14:00:18","slug":"forme-de-chouette-aux-ailes-battantes","status":"publish","type":"product","link":"https:\/\/staging.lucky-hunter.com\/fr\/product\/forme-de-chouette-aux-ailes-battantes\/","title":{"rendered":"Forme de chouette aux ailes battantes"},"content":{"rendered":"<h2><strong>Forme pour une chasse aux corbeaux efficace et r\u00e9ussie\u00a0<\/strong><\/h2>\n<p>Cette chouette d&#8217;apparence tr\u00e8s agressive est visible de loin par les corbeaux migrateurs.<\/p>\n<p>Les ailes peuvent \u00eatre repli\u00e9es dans le corps du forme pour un transport plus facile.<\/p>\n<p>Lorsque les ailes sont d\u00e9ploy\u00e9es, elles se d\u00e9placent dans le vent et donnent \u00e0 la chouette une apparence tr\u00e8s r\u00e9aliste.<\/p>\n<p>Placez-la dans un arbre ou sur un b\u00e2ton afin qu&#8217;elle soit visible et assurez-vous que les pales peuvent bouger librement.<\/p>\n<p>Vous pouvez \u00e9galement la poser au sol, \u00e0 c\u00f4t\u00e9 d&#8217;un corbeau que vous avez abattu. Enlevez quelques plumes du corbeau et \u00e9talez-les devant la chouette. S&#8217;il y a de la neige, vous pouvez m\u00eame r\u00e9pandre du ketchup. Cela rend les corbeaux tr\u00e8s agressifs envers la chouette.<\/p>\n<p><strong>CONSEIL<\/strong> &#8211; Vous pouvez \u00e9galement utiliser la chouette dans les zones o\u00f9 vous \u00eates d\u00e9rang\u00e9 par les pigeons et les mouettes. Montez la chouette et d\u00e9pliez les ailes pour qu&#8217;elles puissent bouger dans le vent. Changez l&#8217;emplacement de la chouette de temps en temps et retirez-la pendant une courte p\u00e9riode pour augmenter l&#8217;effet de frayeur.<\/p>\n<p>Le b\u00e2ton de montage n&#8217;est pas inclus.<\/p>\n","protected":false},"excerpt":{"rendered":"<p>Cette chouette d&#8217;apparence tr\u00e8s agressive est visible de loin par les corbeaux migrateurs. Les ailes peuvent \u00eatre repli\u00e9es.<\/p>\n","protected":false},"featured_media":29460,"template":"","meta":[],"product_brand":[],"product_cat":[8243],"product_tag":[9443],"yoast_head":"<!-- This site is optimized with the Yoast SEO plugin v24.3 - https:\/\/yoast.com\/wordpress\/plugins\/seo\/ -->\n<title>Forme de chouette aux ailes battantes<\/title>\n<meta name=\"description\" content=\"Cette chouette d&#039;apparence tr\u00e8s agressive est visible de loin par les corbeaux migrateurs. Les ailes peuvent \u00eatre repli\u00e9es.\" \/>\n<meta name=\"robots\" content=\"noindex, follow, max-snippet:-1, max-image-preview:large, max-video-preview:-1\" \/>\n<meta property=\"og:locale\" content=\"fr_FR\" \/>\n<meta property=\"og:type\" content=\"article\" \/>\n<meta property=\"og:title\" content=\"Forme de chouette aux ailes battantes\" \/>\n<meta property=\"og:description\" content=\"Cette chouette d&#039;apparence tr\u00e8s agressive est visible de loin par les corbeaux migrateurs. Les ailes peuvent \u00eatre repli\u00e9es.\" \/>\n<meta property=\"og:url\" content=\"https:\/\/staging.lucky-hunter.com\/fr\/product\/forme-de-chouette-aux-ailes-battantes\/\" \/>\n<meta property=\"og:site_name\" content=\"Lucky-Hunter\" \/>\n<meta property=\"article:modified_time\" content=\"2025-07-01T14:00:18+00:00\" \/>\n<meta property=\"og:image\" content=\"https:\/\/staging.lucky-hunter.com\/wp-content\/uploads\/2016\/11\/LF-190.png\" \/>\n\t<meta property=\"og:image:width\" content=\"1000\" \/>\n\t<meta property=\"og:image:height\" content=\"1000\" \/>\n\t<meta property=\"og:image:type\" content=\"image\/png\" \/>\n<meta name=\"twitter:card\" content=\"summary_large_image\" \/>\n<meta name=\"twitter:label1\" content=\"Dur\u00e9e de lecture estim\u00e9e\" \/>\n\t<meta name=\"twitter:data1\" content=\"2 minutes\" \/>\n<script type=\"application\/ld+json\" class=\"yoast-schema-graph\">{\"@context\":\"https:\/\/schema.org\",\"@graph\":[{\"@type\":\"WebPage\",\"@id\":\"https:\/\/staging.lucky-hunter.com\/fr\/product\/forme-de-chouette-aux-ailes-battantes\/\",\"url\":\"https:\/\/staging.lucky-hunter.com\/fr\/product\/forme-de-chouette-aux-ailes-battantes\/\",\"name\":\"Forme de chouette aux ailes battantes\",\"isPartOf\":{\"@id\":\"https:\/\/staging.lucky-hunter.com\/#website\"},\"primaryImageOfPage\":{\"@id\":\"https:\/\/staging.lucky-hunter.com\/fr\/product\/forme-de-chouette-aux-ailes-battantes\/#primaryimage\"},\"image\":{\"@id\":\"https:\/\/staging.lucky-hunter.com\/fr\/product\/forme-de-chouette-aux-ailes-battantes\/#primaryimage\"},\"thumbnailUrl\":\"https:\/\/staging.lucky-hunter.com\/wp-content\/uploads\/2016\/11\/LF-190.png\",\"datePublished\":\"2016-11-07T15:18:12+00:00\",\"dateModified\":\"2025-07-01T14:00:18+00:00\",\"description\":\"Cette chouette d'apparence tr\u00e8s agressive est visible de loin par les corbeaux migrateurs. Les ailes peuvent \u00eatre repli\u00e9es.\",\"breadcrumb\":{\"@id\":\"https:\/\/staging.lucky-hunter.com\/fr\/product\/forme-de-chouette-aux-ailes-battantes\/#breadcrumb\"},\"inLanguage\":\"fr-FR\",\"potentialAction\":[{\"@type\":\"ReadAction\",\"target\":[\"https:\/\/staging.lucky-hunter.com\/fr\/product\/forme-de-chouette-aux-ailes-battantes\/\"]}]},{\"@type\":\"ImageObject\",\"inLanguage\":\"fr-FR\",\"@id\":\"https:\/\/staging.lucky-hunter.com\/fr\/product\/forme-de-chouette-aux-ailes-battantes\/#primaryimage\",\"url\":\"https:\/\/staging.lucky-hunter.com\/wp-content\/uploads\/2016\/11\/LF-190.png\",\"contentUrl\":\"https:\/\/staging.lucky-hunter.com\/wp-content\/uploads\/2016\/11\/LF-190.png\",\"width\":1000,\"height\":1000},{\"@type\":\"BreadcrumbList\",\"@id\":\"https:\/\/staging.lucky-hunter.com\/fr\/product\/forme-de-chouette-aux-ailes-battantes\/#breadcrumb\",\"itemListElement\":[{\"@type\":\"ListItem\",\"position\":1,\"name\":\"Home\",\"item\":\"https:\/\/staging.lucky-hunter.com\/fr\/\"},{\"@type\":\"ListItem\",\"position\":2,\"name\":\"Boutique\",\"item\":\"https:\/\/staging.lucky-hunter.com\/fr\/shop\/\"},{\"@type\":\"ListItem\",\"position\":3,\"name\":\"Forme de chouette aux ailes battantes\"}]},{\"@type\":\"WebSite\",\"@id\":\"https:\/\/staging.lucky-hunter.com\/#website\",\"url\":\"https:\/\/staging.lucky-hunter.com\/\",\"name\":\"Lucky-Hunter\",\"description\":\"Gear Up or Give Up\",\"potentialAction\":[{\"@type\":\"SearchAction\",\"target\":{\"@type\":\"EntryPoint\",\"urlTemplate\":\"https:\/\/staging.lucky-hunter.com\/?s={search_term_string}\"},\"query-input\":{\"@type\":\"PropertyValueSpecification\",\"valueRequired\":true,\"valueName\":\"search_term_string\"}}],\"inLanguage\":\"fr-FR\"}]}<\/script>\n<!-- \/ Yoast SEO plugin. -->","yoast_head_json":{"title":"Forme de chouette aux ailes battantes","description":"Cette chouette d'apparence tr\u00e8s agressive est visible de loin par les corbeaux migrateurs. Les ailes peuvent \u00eatre repli\u00e9es.","robots":{"index":"noindex","follow":"follow","max-snippet":"max-snippet:-1","max-image-preview":"max-image-preview:large","max-video-preview":"max-video-preview:-1"},"og_locale":"fr_FR","og_type":"article","og_title":"Forme de chouette aux ailes battantes","og_description":"Cette chouette d'apparence tr\u00e8s agressive est visible de loin par les corbeaux migrateurs. Les ailes peuvent \u00eatre repli\u00e9es.","og_url":"https:\/\/staging.lucky-hunter.com\/fr\/product\/forme-de-chouette-aux-ailes-battantes\/","og_site_name":"Lucky-Hunter","article_modified_time":"2025-07-01T14:00:18+00:00","og_image":[{"width":1000,"height":1000,"url":"https:\/\/staging.lucky-hunter.com\/wp-content\/uploads\/2016\/11\/LF-190.png","type":"image\/png"}],"twitter_card":"summary_large_image","twitter_misc":{"Dur\u00e9e de lecture estim\u00e9e":"2 minutes"},"schema":{"@context":"https:\/\/schema.org","@graph":[{"@type":"WebPage","@id":"https:\/\/staging.lucky-hunter.com\/fr\/product\/forme-de-chouette-aux-ailes-battantes\/","url":"https:\/\/staging.lucky-hunter.com\/fr\/product\/forme-de-chouette-aux-ailes-battantes\/","name":"Forme de chouette aux ailes battantes","isPartOf":{"@id":"https:\/\/staging.lucky-hunter.com\/#website"},"primaryImageOfPage":{"@id":"https:\/\/staging.lucky-hunter.com\/fr\/product\/forme-de-chouette-aux-ailes-battantes\/#primaryimage"},"image":{"@id":"https:\/\/staging.lucky-hunter.com\/fr\/product\/forme-de-chouette-aux-ailes-battantes\/#primaryimage"},"thumbnailUrl":"https:\/\/staging.lucky-hunter.com\/wp-content\/uploads\/2016\/11\/LF-190.png","datePublished":"2016-11-07T15:18:12+00:00","dateModified":"2025-07-01T14:00:18+00:00","description":"Cette chouette d'apparence tr\u00e8s agressive est visible de loin par les corbeaux migrateurs. Les ailes peuvent \u00eatre repli\u00e9es.","breadcrumb":{"@id":"https:\/\/staging.lucky-hunter.com\/fr\/product\/forme-de-chouette-aux-ailes-battantes\/#breadcrumb"},"inLanguage":"fr-FR","potentialAction":[{"@type":"ReadAction","target":["https:\/\/staging.lucky-hunter.com\/fr\/product\/forme-de-chouette-aux-ailes-battantes\/"]}]},{"@type":"ImageObject","inLanguage":"fr-FR","@id":"https:\/\/staging.lucky-hunter.com\/fr\/product\/forme-de-chouette-aux-ailes-battantes\/#primaryimage","url":"https:\/\/staging.lucky-hunter.com\/wp-content\/uploads\/2016\/11\/LF-190.png","contentUrl":"https:\/\/staging.lucky-hunter.com\/wp-content\/uploads\/2016\/11\/LF-190.png","width":1000,"height":1000},{"@type":"BreadcrumbList","@id":"https:\/\/staging.lucky-hunter.com\/fr\/product\/forme-de-chouette-aux-ailes-battantes\/#breadcrumb","itemListElement":[{"@type":"ListItem","position":1,"name":"Home","item":"https:\/\/staging.lucky-hunter.com\/fr\/"},{"@type":"ListItem","position":2,"name":"Boutique","item":"https:\/\/staging.lucky-hunter.com\/fr\/shop\/"},{"@type":"ListItem","position":3,"name":"Forme de chouette aux ailes battantes"}]},{"@type":"WebSite","@id":"https:\/\/staging.lucky-hunter.com\/#website","url":"https:\/\/staging.lucky-hunter.com\/","name":"Lucky-Hunter","description":"Gear Up or Give Up","potentialAction":[{"@type":"SearchAction","target":{"@type":"EntryPoint","urlTemplate":"https:\/\/staging.lucky-hunter.com\/?s={search_term_string}"},"query-input":{"@type":"PropertyValueSpecification","valueRequired":true,"valueName":"search_term_string"}}],"inLanguage":"fr-FR"}]}},"_links":{"self":[{"href":"https:\/\/staging.lucky-hunter.com\/fr\/wp-json\/wp\/v2\/product\/35385"}],"collection":[{"href":"https:\/\/staging.lucky-hunter.com\/fr\/wp-json\/wp\/v2\/product"}],"about":[{"href":"https:\/\/staging.lucky-hunter.com\/fr\/wp-json\/wp\/v2\/types\/product"}],"wp:featuredmedia":[{"embeddable":true,"href":"https:\/\/staging.lucky-hunter.com\/fr\/wp-json\/wp\/v2\/media\/29460"}],"wp:attachment":[{"href":"https:\/\/staging.lucky-hunter.com\/fr\/wp-json\/wp\/v2\/media?parent=35385"}],"wp:term":[{"taxonomy":"product_brand","embeddable":true,"href":"https:\/\/staging.lucky-hunter.com\/fr\/wp-json\/wp\/v2\/product_brand?post=35385"},{"taxonomy":"product_cat","embeddable":true,"href":"https:\/\/staging.lucky-hunter.com\/fr\/wp-json\/wp\/v2\/product_cat?post=35385"},{"taxonomy":"product_tag","embeddable":true,"href":"https:\/\/staging.lucky-hunter.com\/fr\/wp-json\/wp\/v2\/product_tag?post=35385"}],"curies":[{"name":"wp","href":"https:\/\/api.w.org\/{rel}","templated":true}]}}