{"id":35384,"date":"2016-11-07T16:18:13","date_gmt":"2016-11-07T15:18:13","guid":{"rendered":"https:\/\/staging.lucky-hunter.com\/product\/housses-pour-leurres-pigeon-x10\/"},"modified":"2025-07-02T15:05:55","modified_gmt":"2025-07-02T13:05:55","slug":"housse-pour-leurres-pigeon","status":"publish","type":"product","link":"https:\/\/staging.lucky-hunter.com\/fr\/product\/housse-pour-leurres-pigeon\/","title":{"rendered":"Housse pour formes pigeon &#8211; 1 pi\u00e8ce"},"content":{"rendered":"<h2><strong>Housse pour forme pigeon : pour une chasse aux pigeons r\u00e9ussie<\/strong><\/h2>\n<p>Parfois, le flocage de vos formes peut commencer \u00e0 dispara\u00eetre \u00e0 cause de l\u2019usure. Le flocage peut \u00eatre l\u2019un des \u00e9l\u00e9ments qui attire les oiseaux. Par cons\u00e9quent, c\u2019est une bonne id\u00e9e de r\u00e9parer vos formes et de vous assurer que le flocage est pr\u00e9sent aux bons endroits.<\/p>\n<p>Ce produit fonctionne s\u2019il manque du flocage sur vos formes pigeons ou s\u2019il commence \u00e0 se d\u00e9tacher. Fixez simplement ces housses sur vos formes pigeon Sillosocks existants et regardez les oiseaux venir \u00e0 vous. Du fait de leur flocage, ces housses sont antireflets.<\/p>\n<p>Vendu en pi\u00e8ces.<\/p>\n<p>Formes non inclus &#8211; ce ne sont que leurs housses.<\/p>\n","protected":false},"excerpt":{"rendered":"<p>Si vos formes pigeons ont perdu leur flocage ou qu\u2019il commence \u00e0 se d\u00e9tacher, vous pouvez restaurer l&#8217;effet de formes gr\u00e2ce \u00e0 ces housses antireflet originales et intelligentes de Sillosocks.<\/p>\n","protected":false},"featured_media":29448,"template":"","meta":[],"product_brand":[8126],"product_cat":[8163],"product_tag":[9250],"yoast_head":"<!-- This site is optimized with the Yoast SEO plugin v24.3 - https:\/\/yoast.com\/wordpress\/plugins\/seo\/ -->\n<title>Housse pour formes pigeon | Lucky Hunter<\/title>\n<meta name=\"description\" content=\"Formes de pigeon, comme neufs. Rafra\u00eechissez vos formes de pigeon avec les couvertures d&#039;appelants de pigeon.\" \/>\n<meta name=\"robots\" content=\"noindex, follow, max-snippet:-1, max-image-preview:large, max-video-preview:-1\" \/>\n<meta property=\"og:locale\" content=\"fr_FR\" \/>\n<meta property=\"og:type\" content=\"article\" \/>\n<meta property=\"og:title\" content=\"Housse pour formes pigeon | Lucky Hunter\" \/>\n<meta property=\"og:description\" content=\"Formes de pigeon, comme neufs. Rafra\u00eechissez vos formes de pigeon avec les couvertures d&#039;appelants de pigeon. Ceux-ci aident \u00e0 ajouter du troupeau et \u00e0 redonner \u00e0 vos pigeons leur gloire d&#039;antan.\" \/>\n<meta property=\"og:url\" content=\"https:\/\/staging.lucky-hunter.com\/product\/pigeon-decoy-cover\/\" \/>\n<meta property=\"og:site_name\" content=\"Lucky-Hunter\" \/>\n<meta property=\"article:modified_time\" content=\"2025-07-02T13:05:55+00:00\" \/>\n<meta property=\"og:image\" content=\"https:\/\/staging.lucky-hunter.com\/wp-content\/uploads\/2016\/11\/LF-134.png\" \/>\n\t<meta property=\"og:image:width\" content=\"1000\" \/>\n\t<meta property=\"og:image:height\" content=\"1000\" \/>\n\t<meta property=\"og:image:type\" content=\"image\/png\" \/>\n<meta name=\"twitter:card\" content=\"summary_large_image\" \/>\n<meta name=\"twitter:title\" content=\"Couvertures d&#039;app\u00e2ts de pigeon - Rafra\u00eechissez votre troupeau d&#039;app\u00e2ts | Lucky Hunter\" \/>\n<meta name=\"twitter:description\" content=\"Formes de pigeon, comme neufs. Rafra\u00eechissez vos formes de pigeon avec les couvertures d&#039;appelants de pigeon. Ceux-ci aident \u00e0 ajouter du troupeau et \u00e0 redonner \u00e0 vos pigeons leur gloire d&#039;antan.\" \/>\n<meta name=\"twitter:label1\" content=\"Dur\u00e9e de lecture estim\u00e9e\" \/>\n\t<meta name=\"twitter:data1\" content=\"1 minute\" \/>\n<script type=\"application\/ld+json\" class=\"yoast-schema-graph\">{\"@context\":\"https:\/\/schema.org\",\"@graph\":[{\"@type\":\"WebPage\",\"@id\":\"https:\/\/staging.lucky-hunter.com\/product\/pigeon-decoy-cover\/\",\"url\":\"https:\/\/staging.lucky-hunter.com\/product\/pigeon-decoy-cover\/\",\"name\":\"Housse pour formes pigeon | Lucky Hunter\",\"isPartOf\":{\"@id\":\"https:\/\/staging.lucky-hunter.com\/#website\"},\"primaryImageOfPage\":{\"@id\":\"https:\/\/staging.lucky-hunter.com\/product\/pigeon-decoy-cover\/#primaryimage\"},\"image\":{\"@id\":\"https:\/\/staging.lucky-hunter.com\/product\/pigeon-decoy-cover\/#primaryimage\"},\"thumbnailUrl\":\"https:\/\/staging.lucky-hunter.com\/wp-content\/uploads\/2016\/11\/LF-134.png\",\"datePublished\":\"2016-11-07T15:18:13+00:00\",\"dateModified\":\"2025-07-02T13:05:55+00:00\",\"description\":\"Formes de pigeon, comme neufs. Rafra\u00eechissez vos formes de pigeon avec les couvertures d'appelants de pigeon.\",\"breadcrumb\":{\"@id\":\"https:\/\/staging.lucky-hunter.com\/product\/pigeon-decoy-cover\/#breadcrumb\"},\"inLanguage\":\"fr-FR\",\"potentialAction\":[{\"@type\":\"ReadAction\",\"target\":[\"https:\/\/staging.lucky-hunter.com\/product\/pigeon-decoy-cover\/\"]}]},{\"@type\":\"ImageObject\",\"inLanguage\":\"fr-FR\",\"@id\":\"https:\/\/staging.lucky-hunter.com\/product\/pigeon-decoy-cover\/#primaryimage\",\"url\":\"https:\/\/staging.lucky-hunter.com\/wp-content\/uploads\/2016\/11\/LF-134.png\",\"contentUrl\":\"https:\/\/staging.lucky-hunter.com\/wp-content\/uploads\/2016\/11\/LF-134.png\",\"width\":1000,\"height\":1000},{\"@type\":\"BreadcrumbList\",\"@id\":\"https:\/\/staging.lucky-hunter.com\/product\/pigeon-decoy-cover\/#breadcrumb\",\"itemListElement\":[{\"@type\":\"ListItem\",\"position\":1,\"name\":\"Home\",\"item\":\"https:\/\/staging.lucky-hunter.com\/fr\/\"},{\"@type\":\"ListItem\",\"position\":2,\"name\":\"Boutique\",\"item\":\"https:\/\/staging.lucky-hunter.com\/fr\/shop\/\"},{\"@type\":\"ListItem\",\"position\":3,\"name\":\"Housse pour formes pigeon &#8211; 1 pi\u00e8ce\"}]},{\"@type\":\"WebSite\",\"@id\":\"https:\/\/staging.lucky-hunter.com\/#website\",\"url\":\"https:\/\/staging.lucky-hunter.com\/\",\"name\":\"Lucky-Hunter\",\"description\":\"Gear Up or Give Up\",\"potentialAction\":[{\"@type\":\"SearchAction\",\"target\":{\"@type\":\"EntryPoint\",\"urlTemplate\":\"https:\/\/staging.lucky-hunter.com\/?s={search_term_string}\"},\"query-input\":{\"@type\":\"PropertyValueSpecification\",\"valueRequired\":true,\"valueName\":\"search_term_string\"}}],\"inLanguage\":\"fr-FR\"}]}<\/script>\n<!-- \/ Yoast SEO plugin. -->","yoast_head_json":{"title":"Housse pour formes pigeon | Lucky Hunter","description":"Formes de pigeon, comme neufs. Rafra\u00eechissez vos formes de pigeon avec les couvertures d'appelants de pigeon.","robots":{"index":"noindex","follow":"follow","max-snippet":"max-snippet:-1","max-image-preview":"max-image-preview:large","max-video-preview":"max-video-preview:-1"},"og_locale":"fr_FR","og_type":"article","og_title":"Housse pour formes pigeon | Lucky Hunter","og_description":"Formes de pigeon, comme neufs. Rafra\u00eechissez vos formes de pigeon avec les couvertures d'appelants de pigeon. Ceux-ci aident \u00e0 ajouter du troupeau et \u00e0 redonner \u00e0 vos pigeons leur gloire d'antan.","og_url":"https:\/\/staging.lucky-hunter.com\/product\/pigeon-decoy-cover\/","og_site_name":"Lucky-Hunter","article_modified_time":"2025-07-02T13:05:55+00:00","og_image":[{"width":1000,"height":1000,"url":"https:\/\/staging.lucky-hunter.com\/wp-content\/uploads\/2016\/11\/LF-134.png","type":"image\/png"}],"twitter_card":"summary_large_image","twitter_title":"Couvertures d'app\u00e2ts de pigeon - Rafra\u00eechissez votre troupeau d'app\u00e2ts | Lucky Hunter","twitter_description":"Formes de pigeon, comme neufs. Rafra\u00eechissez vos formes de pigeon avec les couvertures d'appelants de pigeon. Ceux-ci aident \u00e0 ajouter du troupeau et \u00e0 redonner \u00e0 vos pigeons leur gloire d'antan.","twitter_misc":{"Dur\u00e9e de lecture estim\u00e9e":"1 minute"},"schema":{"@context":"https:\/\/schema.org","@graph":[{"@type":"WebPage","@id":"https:\/\/staging.lucky-hunter.com\/product\/pigeon-decoy-cover\/","url":"https:\/\/staging.lucky-hunter.com\/product\/pigeon-decoy-cover\/","name":"Housse pour formes pigeon | Lucky Hunter","isPartOf":{"@id":"https:\/\/staging.lucky-hunter.com\/#website"},"primaryImageOfPage":{"@id":"https:\/\/staging.lucky-hunter.com\/product\/pigeon-decoy-cover\/#primaryimage"},"image":{"@id":"https:\/\/staging.lucky-hunter.com\/product\/pigeon-decoy-cover\/#primaryimage"},"thumbnailUrl":"https:\/\/staging.lucky-hunter.com\/wp-content\/uploads\/2016\/11\/LF-134.png","datePublished":"2016-11-07T15:18:13+00:00","dateModified":"2025-07-02T13:05:55+00:00","description":"Formes de pigeon, comme neufs. Rafra\u00eechissez vos formes de pigeon avec les couvertures d'appelants de pigeon.","breadcrumb":{"@id":"https:\/\/staging.lucky-hunter.com\/product\/pigeon-decoy-cover\/#breadcrumb"},"inLanguage":"fr-FR","potentialAction":[{"@type":"ReadAction","target":["https:\/\/staging.lucky-hunter.com\/product\/pigeon-decoy-cover\/"]}]},{"@type":"ImageObject","inLanguage":"fr-FR","@id":"https:\/\/staging.lucky-hunter.com\/product\/pigeon-decoy-cover\/#primaryimage","url":"https:\/\/staging.lucky-hunter.com\/wp-content\/uploads\/2016\/11\/LF-134.png","contentUrl":"https:\/\/staging.lucky-hunter.com\/wp-content\/uploads\/2016\/11\/LF-134.png","width":1000,"height":1000},{"@type":"BreadcrumbList","@id":"https:\/\/staging.lucky-hunter.com\/product\/pigeon-decoy-cover\/#breadcrumb","itemListElement":[{"@type":"ListItem","position":1,"name":"Home","item":"https:\/\/staging.lucky-hunter.com\/fr\/"},{"@type":"ListItem","position":2,"name":"Boutique","item":"https:\/\/staging.lucky-hunter.com\/fr\/shop\/"},{"@type":"ListItem","position":3,"name":"Housse pour formes pigeon &#8211; 1 pi\u00e8ce"}]},{"@type":"WebSite","@id":"https:\/\/staging.lucky-hunter.com\/#website","url":"https:\/\/staging.lucky-hunter.com\/","name":"Lucky-Hunter","description":"Gear Up or Give Up","potentialAction":[{"@type":"SearchAction","target":{"@type":"EntryPoint","urlTemplate":"https:\/\/staging.lucky-hunter.com\/?s={search_term_string}"},"query-input":{"@type":"PropertyValueSpecification","valueRequired":true,"valueName":"search_term_string"}}],"inLanguage":"fr-FR"}]}},"_links":{"self":[{"href":"https:\/\/staging.lucky-hunter.com\/fr\/wp-json\/wp\/v2\/product\/35384"}],"collection":[{"href":"https:\/\/staging.lucky-hunter.com\/fr\/wp-json\/wp\/v2\/product"}],"about":[{"href":"https:\/\/staging.lucky-hunter.com\/fr\/wp-json\/wp\/v2\/types\/product"}],"wp:featuredmedia":[{"embeddable":true,"href":"https:\/\/staging.lucky-hunter.com\/fr\/wp-json\/wp\/v2\/media\/29448"}],"wp:attachment":[{"href":"https:\/\/staging.lucky-hunter.com\/fr\/wp-json\/wp\/v2\/media?parent=35384"}],"wp:term":[{"taxonomy":"product_brand","embeddable":true,"href":"https:\/\/staging.lucky-hunter.com\/fr\/wp-json\/wp\/v2\/product_brand?post=35384"},{"taxonomy":"product_cat","embeddable":true,"href":"https:\/\/staging.lucky-hunter.com\/fr\/wp-json\/wp\/v2\/product_cat?post=35384"},{"taxonomy":"product_tag","embeddable":true,"href":"https:\/\/staging.lucky-hunter.com\/fr\/wp-json\/wp\/v2\/product_tag?post=35384"}],"curies":[{"name":"wp","href":"https:\/\/api.w.org\/{rel}","templated":true}]}}