{"id":35382,"date":"2016-11-07T16:18:50","date_gmt":"2016-11-07T15:18:50","guid":{"rendered":"https:\/\/staging.lucky-hunter.com\/product\/antenne-2g-et-3g-pour-camera-de-chasse-bolyguard-scoutguard\/"},"modified":"2025-07-01T15:40:37","modified_gmt":"2025-07-01T13:40:37","slug":"lantenn-2g-et-3g-pour-bolyguard-scoutguard-camera-modeles","status":"publish","type":"product","link":"https:\/\/staging.lucky-hunter.com\/fr\/product\/lantenn-2g-et-3g-pour-bolyguard-scoutguard-camera-modeles\/","title":{"rendered":"Antenne 2G et 3G pour cam\u00e9ra de chasse Bolyguard \/ Scoutguard"},"content":{"rendered":"<h2><strong>Accessoire d&#8217;origine pour cam\u00e9ra de chasse Bolyguard \/ Scoutguard<\/strong><\/h2>\n<p>Si l&#8217;antenne de votre cam\u00e9ra de chasse Bolyguard est perdue ou endommag\u00e9e, vous pouvez en acheter une nouvelle ici.<\/p>\n<p>Il s&#8217;agit d&#8217;une puissante antenne foresti\u00e8re 2G ou 3D, con\u00e7ue pour capter le signal m\u00eame dans les zones les plus d\u00e9sol\u00e9es.<\/p>\n<p>Convient aux mod\u00e8les de cam\u00e9ra SG880, SG883, MG982 et MG983.<\/p>\n","protected":false},"excerpt":{"rendered":"<p>L&#8217;antenn 2G et 3G pour Bolyguard \/ Scoutguard camera mod\u00e8les SG880, SG883, MG982 et MG983.<\/p>\n","protected":false},"featured_media":28389,"template":"","meta":[],"product_brand":[8207],"product_cat":[8232],"product_tag":[],"yoast_head":"<!-- This site is optimized with the Yoast SEO plugin v24.3 - https:\/\/yoast.com\/wordpress\/plugins\/seo\/ -->\n<title>L&#039;antenn 2G et 3G pour Bolyguard \/ Scoutguard camera mod\u00e8les<\/title>\n<meta name=\"description\" content=\"L&#039;antenn pour Bolyguard \/ Scoutguard mod\u00e8les de cam\u00e9ra SG880, SG883, MG982 et MG983\" \/>\n<meta name=\"robots\" content=\"noindex, follow, max-snippet:-1, max-image-preview:large, max-video-preview:-1\" \/>\n<meta property=\"og:locale\" content=\"fr_FR\" \/>\n<meta property=\"og:type\" content=\"article\" \/>\n<meta property=\"og:title\" content=\"L&#039;antenn 2G et 3G pour Bolyguard \/ Scoutguard camera mod\u00e8les\" \/>\n<meta property=\"og:description\" content=\"L&#039;antenn pour Bolyguard \/ Scoutguard mod\u00e8les de cam\u00e9ra SG880, SG883, MG982 et MG983\" \/>\n<meta property=\"og:url\" content=\"https:\/\/staging.lucky-hunter.com\/fr\/product\/lantenn-2g-et-3g-pour-bolyguard-scoutguard-camera-modeles\/\" \/>\n<meta property=\"og:site_name\" content=\"Lucky-Hunter\" \/>\n<meta property=\"article:modified_time\" content=\"2025-07-01T13:40:37+00:00\" \/>\n<meta property=\"og:image\" content=\"https:\/\/staging.lucky-hunter.com\/wp-content\/uploads\/2016\/11\/Antenne.png\" \/>\n\t<meta property=\"og:image:width\" content=\"1000\" \/>\n\t<meta property=\"og:image:height\" content=\"1000\" \/>\n\t<meta property=\"og:image:type\" content=\"image\/png\" \/>\n<meta name=\"twitter:card\" content=\"summary_large_image\" \/>\n<meta name=\"twitter:label1\" content=\"Dur\u00e9e de lecture estim\u00e9e\" \/>\n\t<meta name=\"twitter:data1\" content=\"1 minute\" \/>\n<script type=\"application\/ld+json\" class=\"yoast-schema-graph\">{\"@context\":\"https:\/\/schema.org\",\"@graph\":[{\"@type\":\"WebPage\",\"@id\":\"https:\/\/staging.lucky-hunter.com\/fr\/product\/lantenn-2g-et-3g-pour-bolyguard-scoutguard-camera-modeles\/\",\"url\":\"https:\/\/staging.lucky-hunter.com\/fr\/product\/lantenn-2g-et-3g-pour-bolyguard-scoutguard-camera-modeles\/\",\"name\":\"L'antenn 2G et 3G pour Bolyguard \/ Scoutguard camera mod\u00e8les\",\"isPartOf\":{\"@id\":\"https:\/\/staging.lucky-hunter.com\/#website\"},\"primaryImageOfPage\":{\"@id\":\"https:\/\/staging.lucky-hunter.com\/fr\/product\/lantenn-2g-et-3g-pour-bolyguard-scoutguard-camera-modeles\/#primaryimage\"},\"image\":{\"@id\":\"https:\/\/staging.lucky-hunter.com\/fr\/product\/lantenn-2g-et-3g-pour-bolyguard-scoutguard-camera-modeles\/#primaryimage\"},\"thumbnailUrl\":\"https:\/\/staging.lucky-hunter.com\/wp-content\/uploads\/2016\/11\/Antenne.png\",\"datePublished\":\"2016-11-07T15:18:50+00:00\",\"dateModified\":\"2025-07-01T13:40:37+00:00\",\"description\":\"L'antenn pour Bolyguard \/ Scoutguard mod\u00e8les de cam\u00e9ra SG880, SG883, MG982 et MG983\",\"breadcrumb\":{\"@id\":\"https:\/\/staging.lucky-hunter.com\/fr\/product\/lantenn-2g-et-3g-pour-bolyguard-scoutguard-camera-modeles\/#breadcrumb\"},\"inLanguage\":\"fr-FR\",\"potentialAction\":[{\"@type\":\"ReadAction\",\"target\":[\"https:\/\/staging.lucky-hunter.com\/fr\/product\/lantenn-2g-et-3g-pour-bolyguard-scoutguard-camera-modeles\/\"]}]},{\"@type\":\"ImageObject\",\"inLanguage\":\"fr-FR\",\"@id\":\"https:\/\/staging.lucky-hunter.com\/fr\/product\/lantenn-2g-et-3g-pour-bolyguard-scoutguard-camera-modeles\/#primaryimage\",\"url\":\"https:\/\/staging.lucky-hunter.com\/wp-content\/uploads\/2016\/11\/Antenne.png\",\"contentUrl\":\"https:\/\/staging.lucky-hunter.com\/wp-content\/uploads\/2016\/11\/Antenne.png\",\"width\":1000,\"height\":1000},{\"@type\":\"BreadcrumbList\",\"@id\":\"https:\/\/staging.lucky-hunter.com\/fr\/product\/lantenn-2g-et-3g-pour-bolyguard-scoutguard-camera-modeles\/#breadcrumb\",\"itemListElement\":[{\"@type\":\"ListItem\",\"position\":1,\"name\":\"Home\",\"item\":\"https:\/\/staging.lucky-hunter.com\/fr\/\"},{\"@type\":\"ListItem\",\"position\":2,\"name\":\"Boutique\",\"item\":\"https:\/\/staging.lucky-hunter.com\/fr\/shop\/\"},{\"@type\":\"ListItem\",\"position\":3,\"name\":\"Antenne 2G et 3G pour cam\u00e9ra de chasse Bolyguard \/ Scoutguard\"}]},{\"@type\":\"WebSite\",\"@id\":\"https:\/\/staging.lucky-hunter.com\/#website\",\"url\":\"https:\/\/staging.lucky-hunter.com\/\",\"name\":\"Lucky-Hunter\",\"description\":\"Gear Up or Give Up\",\"potentialAction\":[{\"@type\":\"SearchAction\",\"target\":{\"@type\":\"EntryPoint\",\"urlTemplate\":\"https:\/\/staging.lucky-hunter.com\/?s={search_term_string}\"},\"query-input\":{\"@type\":\"PropertyValueSpecification\",\"valueRequired\":true,\"valueName\":\"search_term_string\"}}],\"inLanguage\":\"fr-FR\"}]}<\/script>\n<!-- \/ Yoast SEO plugin. -->","yoast_head_json":{"title":"L'antenn 2G et 3G pour Bolyguard \/ Scoutguard camera mod\u00e8les","description":"L'antenn pour Bolyguard \/ Scoutguard mod\u00e8les de cam\u00e9ra SG880, SG883, MG982 et MG983","robots":{"index":"noindex","follow":"follow","max-snippet":"max-snippet:-1","max-image-preview":"max-image-preview:large","max-video-preview":"max-video-preview:-1"},"og_locale":"fr_FR","og_type":"article","og_title":"L'antenn 2G et 3G pour Bolyguard \/ Scoutguard camera mod\u00e8les","og_description":"L'antenn pour Bolyguard \/ Scoutguard mod\u00e8les de cam\u00e9ra SG880, SG883, MG982 et MG983","og_url":"https:\/\/staging.lucky-hunter.com\/fr\/product\/lantenn-2g-et-3g-pour-bolyguard-scoutguard-camera-modeles\/","og_site_name":"Lucky-Hunter","article_modified_time":"2025-07-01T13:40:37+00:00","og_image":[{"width":1000,"height":1000,"url":"https:\/\/staging.lucky-hunter.com\/wp-content\/uploads\/2016\/11\/Antenne.png","type":"image\/png"}],"twitter_card":"summary_large_image","twitter_misc":{"Dur\u00e9e de lecture estim\u00e9e":"1 minute"},"schema":{"@context":"https:\/\/schema.org","@graph":[{"@type":"WebPage","@id":"https:\/\/staging.lucky-hunter.com\/fr\/product\/lantenn-2g-et-3g-pour-bolyguard-scoutguard-camera-modeles\/","url":"https:\/\/staging.lucky-hunter.com\/fr\/product\/lantenn-2g-et-3g-pour-bolyguard-scoutguard-camera-modeles\/","name":"L'antenn 2G et 3G pour Bolyguard \/ Scoutguard camera mod\u00e8les","isPartOf":{"@id":"https:\/\/staging.lucky-hunter.com\/#website"},"primaryImageOfPage":{"@id":"https:\/\/staging.lucky-hunter.com\/fr\/product\/lantenn-2g-et-3g-pour-bolyguard-scoutguard-camera-modeles\/#primaryimage"},"image":{"@id":"https:\/\/staging.lucky-hunter.com\/fr\/product\/lantenn-2g-et-3g-pour-bolyguard-scoutguard-camera-modeles\/#primaryimage"},"thumbnailUrl":"https:\/\/staging.lucky-hunter.com\/wp-content\/uploads\/2016\/11\/Antenne.png","datePublished":"2016-11-07T15:18:50+00:00","dateModified":"2025-07-01T13:40:37+00:00","description":"L'antenn pour Bolyguard \/ Scoutguard mod\u00e8les de cam\u00e9ra SG880, SG883, MG982 et MG983","breadcrumb":{"@id":"https:\/\/staging.lucky-hunter.com\/fr\/product\/lantenn-2g-et-3g-pour-bolyguard-scoutguard-camera-modeles\/#breadcrumb"},"inLanguage":"fr-FR","potentialAction":[{"@type":"ReadAction","target":["https:\/\/staging.lucky-hunter.com\/fr\/product\/lantenn-2g-et-3g-pour-bolyguard-scoutguard-camera-modeles\/"]}]},{"@type":"ImageObject","inLanguage":"fr-FR","@id":"https:\/\/staging.lucky-hunter.com\/fr\/product\/lantenn-2g-et-3g-pour-bolyguard-scoutguard-camera-modeles\/#primaryimage","url":"https:\/\/staging.lucky-hunter.com\/wp-content\/uploads\/2016\/11\/Antenne.png","contentUrl":"https:\/\/staging.lucky-hunter.com\/wp-content\/uploads\/2016\/11\/Antenne.png","width":1000,"height":1000},{"@type":"BreadcrumbList","@id":"https:\/\/staging.lucky-hunter.com\/fr\/product\/lantenn-2g-et-3g-pour-bolyguard-scoutguard-camera-modeles\/#breadcrumb","itemListElement":[{"@type":"ListItem","position":1,"name":"Home","item":"https:\/\/staging.lucky-hunter.com\/fr\/"},{"@type":"ListItem","position":2,"name":"Boutique","item":"https:\/\/staging.lucky-hunter.com\/fr\/shop\/"},{"@type":"ListItem","position":3,"name":"Antenne 2G et 3G pour cam\u00e9ra de chasse Bolyguard \/ Scoutguard"}]},{"@type":"WebSite","@id":"https:\/\/staging.lucky-hunter.com\/#website","url":"https:\/\/staging.lucky-hunter.com\/","name":"Lucky-Hunter","description":"Gear Up or Give Up","potentialAction":[{"@type":"SearchAction","target":{"@type":"EntryPoint","urlTemplate":"https:\/\/staging.lucky-hunter.com\/?s={search_term_string}"},"query-input":{"@type":"PropertyValueSpecification","valueRequired":true,"valueName":"search_term_string"}}],"inLanguage":"fr-FR"}]}},"_links":{"self":[{"href":"https:\/\/staging.lucky-hunter.com\/fr\/wp-json\/wp\/v2\/product\/35382"}],"collection":[{"href":"https:\/\/staging.lucky-hunter.com\/fr\/wp-json\/wp\/v2\/product"}],"about":[{"href":"https:\/\/staging.lucky-hunter.com\/fr\/wp-json\/wp\/v2\/types\/product"}],"wp:featuredmedia":[{"embeddable":true,"href":"https:\/\/staging.lucky-hunter.com\/fr\/wp-json\/wp\/v2\/media\/28389"}],"wp:attachment":[{"href":"https:\/\/staging.lucky-hunter.com\/fr\/wp-json\/wp\/v2\/media?parent=35382"}],"wp:term":[{"taxonomy":"product_brand","embeddable":true,"href":"https:\/\/staging.lucky-hunter.com\/fr\/wp-json\/wp\/v2\/product_brand?post=35382"},{"taxonomy":"product_cat","embeddable":true,"href":"https:\/\/staging.lucky-hunter.com\/fr\/wp-json\/wp\/v2\/product_cat?post=35382"},{"taxonomy":"product_tag","embeddable":true,"href":"https:\/\/staging.lucky-hunter.com\/fr\/wp-json\/wp\/v2\/product_tag?post=35382"}],"curies":[{"name":"wp","href":"https:\/\/api.w.org\/{rel}","templated":true}]}}